{"id":37500,"date":"2026-04-17T03:02:57","date_gmt":"2026-04-17T01:02:57","guid":{"rendered":"https:\/\/premino.pl\/?product=expert-concealer-brush-pedzel-do-korektora-rt210"},"modified":"2026-04-17T03:02:57","modified_gmt":"2026-04-17T01:02:57","slug":"expert-concealer-brush-pedzel-do-korektora-rt210","status":"publish","type":"product","link":"https:\/\/premino.pl\/?product=expert-concealer-brush-pedzel-do-korektora-rt210","title":{"rendered":"Expert Concealer Brush p\u0119dzel do korektora RT210"},"content":{"rendered":"<p>Uzyskaj perfekcyjne wyko\u0144czenie makija\u017cu dzi\u0119ki p\u0119dzlowi do korektora Real Techniques Expert Concealer Brush. Wyposa\u017cony w ultrami\u0119kkie, syntetyczne w\u0142osie taklon, zapewnia precyzyjn\u0105 i r\u00f3wnomiern\u0105 aplikacj\u0119 produktu, bez smug i zaciek\u00f3w. Ergonomiczna r\u0105czka gwarantuje wygod\u0119 u\u017cytkowania i pe\u0142n\u0105 kontrol\u0119 podczas nak\u0142adania kosmetyk\u00f3w.<\/p>\n<p>P\u0119dzel doskonale sprawdza si\u0119 przy maskowaniu niedoskona\u0142o\u015bci oraz rozprowadzaniu korektora w delikatnych okolicach pod oczami, zapewniaj\u0105c naturalny efekt i idealne krycie. To niezast\u0105pione narz\u0119dzie dla ka\u017cdego, kto ceni sobie profesjonalny wygl\u0105d makija\u017cu \u2013 niezale\u017cnie od warunk\u00f3w o\u015bwietleniowych.<\/p>\n<p><strong>Gramatura:<\/strong> sztuka<br \/>\n<strong>Pojemno\u015b\u0107:<\/strong> 1<br \/>\n<strong>P\u0142e\u0107:<\/strong> damski<br \/>\n<strong>S\u0142o\u0144ce:<\/strong> nie<\/p>\n<p><strong>Uwagi:<\/strong><\/p>\n<p>W przypadku wyst\u0105pienia podra\u017cnienia nale\u017cy przerwa\u0107 stosowanie.<\/p>\n<p><strong>Sk\u0142adniki:<\/strong><\/p>\n<p>w\u0142osie syntetyczne<\/p>\n","protected":false},"excerpt":{"rendered":"<p> <strong>Gramatura:<\/strong> sztuka<br \/>  <strong>Pojemno\u015b\u0107:<\/strong> 1<br \/>  <strong>P\u0142e\u0107:<\/strong> damski<br \/>  <strong>S\u0142o\u0144ce:<\/strong> nie <\/p>\n","protected":false},"featured_media":37501,"comment_status":"open","ping_status":"closed","template":"","meta":{"_acf_changed":false},"kategoria-hurtowni":[83,84,85],"product_brand":[86],"product_cat":[76],"product_tag":[],"class_list":{"0":"post-37500","1":"product","2":"type-product","3":"status-publish","4":"has-post-thumbnail","6":"kategoria-hurtowni-makijaz","7":"kategoria-hurtowni-makijaz-akcesoria","8":"kategoria-hurtowni-pedzle","9":"product_brand-real-techniques","10":"product_cat-primavera","12":"first","13":"outofstock","14":"taxable","15":"shipping-taxable","16":"product-type-simple"},"acf":[],"_links":{"self":[{"href":"https:\/\/premino.pl\/index.php?rest_route=\/wp\/v2\/product\/37500","targetHints":{"allow":["GET"]}}],"collection":[{"href":"https:\/\/premino.pl\/index.php?rest_route=\/wp\/v2\/product"}],"about":[{"href":"https:\/\/premino.pl\/index.php?rest_route=\/wp\/v2\/types\/product"}],"replies":[{"embeddable":true,"href":"https:\/\/premino.pl\/index.php?rest_route=%2Fwp%2Fv2%2Fcomments&post=37500"}],"wp:featuredmedia":[{"embeddable":true,"href":"https:\/\/premino.pl\/index.php?rest_route=\/wp\/v2\/media\/37501"}],"wp:attachment":[{"href":"https:\/\/premino.pl\/index.php?rest_route=%2Fwp%2Fv2%2Fmedia&parent=37500"}],"wp:term":[{"taxonomy":"kategoria-hurtowni","embeddable":true,"href":"https:\/\/premino.pl\/index.php?rest_route=%2Fwp%2Fv2%2Fkategoria-hurtowni&post=37500"},{"taxonomy":"product_brand","embeddable":true,"href":"https:\/\/premino.pl\/index.php?rest_route=%2Fwp%2Fv2%2Fproduct_brand&post=37500"},{"taxonomy":"product_cat","embeddable":true,"href":"https:\/\/premino.pl\/index.php?rest_route=%2Fwp%2Fv2%2Fproduct_cat&post=37500"},{"taxonomy":"product_tag","embeddable":true,"href":"https:\/\/premino.pl\/index.php?rest_route=%2Fwp%2Fv2%2Fproduct_tag&post=37500"}],"curies":[{"name":"wp","href":"https:\/\/api.w.org\/{rel}","templated":true}]}}