{"id":37502,"date":"2026-04-17T03:02:57","date_gmt":"2026-04-17T01:02:57","guid":{"rendered":"https:\/\/premino.pl\/?product=i-want-choo-woda-perfumowana-miniatura-4-5ml"},"modified":"2026-04-17T03:02:58","modified_gmt":"2026-04-17T01:02:58","slug":"i-want-choo-woda-perfumowana-miniatura-4-5ml","status":"publish","type":"product","link":"https:\/\/premino.pl\/?product=i-want-choo-woda-perfumowana-miniatura-4-5ml","title":{"rendered":"I Want Choo woda perfumowana miniatura 4.5ml"},"content":{"rendered":"<p>Woda perfumowana I Want Choo\u00a0to\u00a0wyrazisty, kwiatowo-orientalny zapach b\u0119d\u0105cy eksplozj\u0105 czystej rado\u015bci \u017cycia i zara\u017aliwie dobrego nastroju.\u00a0Zapach stanowi uciele\u015bnienie kobiety Jimmy Choo &#8211;\u00a0czaruj\u0105cej,\u00a0pewnej siebie,\u00a0figlarnej\u00a0i pe\u0142nej rado\u015bci \u017cycia. Perfumy idealne na niezapomniane wieczory.<\/p>\n<p><\/p>\n<p><b>Nuty zapachowe:<br \/><\/b><br \/><b>Nuta g\u0142owy: <\/b>mandarynka, brzoskwinia<br \/><b>Nuta serca: <\/b>ja\u015bmin, czerwona lilia<br \/><b>Nuta bazy: <\/b>wanilia<\/p>\n<p><strong>Gramatura:<\/strong> ml<br \/>\n<strong>Linia k\u0105pielowa:<\/strong> nie<br \/>\n<strong>Miniatura:<\/strong> tak<br \/>\n<strong>Nuta bazy:<\/strong> wanilia<br \/>\n<strong>Nuta g\u0142owy:<\/strong> brzoskwinia, mandarynka<br \/>\n<strong>Nuta g\u0142\u00f3wna:<\/strong> kwiatowe, waniliowe<br \/>\n<strong>Nuta serca:<\/strong> czerwona lilia, ja\u015bmin<br \/>\n<strong>Pojemno\u015b\u0107:<\/strong> 4.5<br \/>\n<strong>Produkt rzadki:<\/strong> nie<br \/>\n<strong>Pr\u00f3bka:<\/strong> nie<br \/>\n<strong>P\u0142e\u0107:<\/strong> damski<br \/>\n<strong>Rodzaj:<\/strong> woda perfumowana<br \/>\n<strong>Tester:<\/strong> nie<br \/>\n<strong>Zapach alternatywny:<\/strong> nie<br \/>\n<strong>Zestaw:<\/strong> nie<\/p>\n<p><strong>Uwagi:<\/strong><\/p>\n<p>Produkt przechowywa\u0107 z dala od ognia i \u017ar\u00f3de\u0142 ciep\u0142a. Trzyma\u0107 w miejscu niedost\u0119pnym dla dzieci. Nie stosowa\u0107 na podra\u017cnion\u0105 lub uszkodzon\u0105 sk\u00f3r\u0119. Unika\u0107 kontaktu z oczami.<\/p>\n<p><strong>Sk\u0142adniki:<\/strong><\/p>\n<p>alcohol denat. (sd alcohol 39-c) \u00b7 parfum (fragrance) \u00b7 ethylhexyl methoxycinnamate \u00b7 aqua (water) \u00b7 ethylhexyl salicylate \u00b7 butyl methoxydibenzoylmethane \u00b7 diethylamino hydroxybenzoyl hexyl benzoate \u00b7 bht \u00b7 ci 14700 (red 4) \u00b7 ci 19140 (yellow 5) \u00b7 benzyl salicylate \u00b7 linalool \u00b7 hydroxycitronellal \u00b7 limonene \u00b7 coumarin \u00b7 citronellol \u00b7 citral \u00b7 farnesol \u00b7 benzyl alcohol \u00b7 geraniol \u00b7 benzyl benzoate.<\/p>\n","protected":false},"excerpt":{"rendered":"<p> <strong>Gramatura:<\/strong> ml<br \/>  <strong>Linia k\u0105pielowa:<\/strong> nie<br \/>  <strong>Miniatura:<\/strong> tak<br \/>  <strong>Nuta bazy:<\/strong> wanilia<br \/>  <strong>Nuta g\u0142owy:<\/strong> brzoskwinia, mandarynka<br \/>  <strong>Nuta g\u0142\u00f3wna:<\/strong> kwiatowe, waniliowe<br \/>  <strong>Nuta serca:<\/strong> czerwona lilia, ja\u015bmin<br \/>  <strong>Pojemno\u015b\u0107:<\/strong> 4.5<br \/>  <strong>Produkt rzadki:<\/strong> nie<br \/>  <strong>Pr\u00f3bka:<\/strong> nie<br \/>  <strong>P\u0142e\u0107:<\/strong> damski<br \/>  <strong>Rodzaj:<\/strong> woda perfumowana<br \/>  <strong>Tester:<\/strong> nie<br \/>  <strong>Zapach alternatywny:<\/strong> nie<br \/>  <strong>Zestaw:<\/strong> nie <\/p>\n","protected":false},"featured_media":37503,"comment_status":"open","ping_status":"closed","template":"","meta":{"_acf_changed":false},"kategoria-hurtowni":[87,88],"product_brand":[89],"product_cat":[76],"product_tag":[],"class_list":{"0":"post-37502","1":"product","2":"type-product","3":"status-publish","4":"has-post-thumbnail","6":"kategoria-hurtowni-perfumy","7":"kategoria-hurtowni-zapachy","8":"product_brand-jimmy-choo","9":"product_cat-primavera","11":"first","12":"outofstock","13":"taxable","14":"shipping-taxable","15":"product-type-simple"},"acf":[],"_links":{"self":[{"href":"https:\/\/premino.pl\/index.php?rest_route=\/wp\/v2\/product\/37502","targetHints":{"allow":["GET"]}}],"collection":[{"href":"https:\/\/premino.pl\/index.php?rest_route=\/wp\/v2\/product"}],"about":[{"href":"https:\/\/premino.pl\/index.php?rest_route=\/wp\/v2\/types\/product"}],"replies":[{"embeddable":true,"href":"https:\/\/premino.pl\/index.php?rest_route=%2Fwp%2Fv2%2Fcomments&post=37502"}],"wp:featuredmedia":[{"embeddable":true,"href":"https:\/\/premino.pl\/index.php?rest_route=\/wp\/v2\/media\/37503"}],"wp:attachment":[{"href":"https:\/\/premino.pl\/index.php?rest_route=%2Fwp%2Fv2%2Fmedia&parent=37502"}],"wp:term":[{"taxonomy":"kategoria-hurtowni","embeddable":true,"href":"https:\/\/premino.pl\/index.php?rest_route=%2Fwp%2Fv2%2Fkategoria-hurtowni&post=37502"},{"taxonomy":"product_brand","embeddable":true,"href":"https:\/\/premino.pl\/index.php?rest_route=%2Fwp%2Fv2%2Fproduct_brand&post=37502"},{"taxonomy":"product_cat","embeddable":true,"href":"https:\/\/premino.pl\/index.php?rest_route=%2Fwp%2Fv2%2Fproduct_cat&post=37502"},{"taxonomy":"product_tag","embeddable":true,"href":"https:\/\/premino.pl\/index.php?rest_route=%2Fwp%2Fv2%2Fproduct_tag&post=37502"}],"curies":[{"name":"wp","href":"https:\/\/api.w.org\/{rel}","templated":true}]}}