{"id":37504,"date":"2026-04-17T03:02:57","date_gmt":"2026-04-17T01:02:57","guid":{"rendered":"https:\/\/premino.pl\/?product=repair-care-regenerujacy-krem-do-rak-75ml"},"modified":"2026-04-17T03:02:58","modified_gmt":"2026-04-17T01:02:58","slug":"repair-care-regenerujacy-krem-do-rak-75ml","status":"publish","type":"product","link":"https:\/\/premino.pl\/?product=repair-care-regenerujacy-krem-do-rak-75ml","title":{"rendered":"Repair &amp; Care regeneruj\u0105cy krem do r\u0105k 75ml"},"content":{"rendered":"<p>Regeneruj\u0105cy krem do r\u0105k\u00a0Repair\u00a0&#038;\u00a0Care\u00a0od\u00a0NIVEA\u00a0to intensywnie piel\u0119gnuj\u0105ca formu\u0142a z 20% gliceryny i prowitamin\u0105 B5, idealna dla ukojenia nawet ekstremalnie suchej, p\u0119kaj\u0105cej sk\u00f3ry r\u0105k. Krem przynosi natychmiastow\u0105 ulg\u0119 suchej sk\u00f3rze. G\u0142\u0119boko regeneruje sk\u00f3r\u0119 i natychmiast \u0142agodzi uczucie sucho\u015bci i \u015bci\u0105gni\u0119cia. Szybko si\u0119 wch\u0142ania oraz zapewnia 72h nawil\u017cenia i d\u0142ugotrwa\u0142\u0105 ochron\u0119 Twoich d\u0142oni. <\/p>\n<p>Si\u0119gnij po nawil\u017caj\u0105cy krem do r\u0105k kiedy tylko Twoje d\u0142onie tego potrzebuj\u0105! Regularne stosowanie kremu do r\u0105k\u00a0NIVEA\u00a0sprawia, \u017ce d\u0142onie s\u0105 zadbane, a ich sk\u00f3ra staje si\u0119 pi\u0119kna i zdrowa. Lekka konsystencja regeneruj\u0105cego kremu do suchych d\u0142oni nie pozostawia uczucia lepko\u015bci na sk\u00f3rze. Tolerancja dla sk\u00f3ry zosta\u0142a potwierdzona dermatologicznie.\u00a0<\/p>\n<p>NIVEA\u00ae &#8211; ponad 100 lat do\u015bwiadczenia w piel\u0119gnacji sk\u00f3ry oraz starannie wyselekcjonowane sk\u0142adniki z zachowaniem najwy\u017cszych standard\u00f3w jako\u015bci.<\/p>\n<p><b>Spos\u00f3b u\u017cycia:\u00a0<\/b>Rozprowad\u017a r\u00f3wnomiernie na powierzchni sk\u00f3ry d\u0142oni.<\/p>\n<p><strong>Dzia\u0142anie:<\/strong> chroni, nawil\u017caj\u0105ce, regeneruje<br \/>\n<strong>Gramatura:<\/strong> ml<br \/>\n<strong>Konsystencja:<\/strong> krem<br \/>\n<strong>Linie elitarne:<\/strong> nie<br \/>\n<strong>Lokalizacja:<\/strong> d\u0142onie<br \/>\n<strong>Piel\u0119gnacja cia\u0142a:<\/strong> tak<br \/>\n<strong>Pojemno\u015b\u0107:<\/strong> 75<br \/>\n<strong>P\u0142e\u0107:<\/strong> damski<br \/>\n<strong>S\u0142o\u0144ce:<\/strong> nie<\/p>\n<p><strong>Uwagi:<\/strong><\/p>\n<p>Unikaj kontaktu z oczami<\/p>\n<p><strong>Sk\u0142adniki:<\/strong><\/p>\n<p>Aqua, Glycerin, Cetyl Alcohol, Isopropyl Palmitate, Myristyl Alcohol, Sodium Cetearyl Sulfate, Caprylic\/Capric Triglyceride, Panthenol, Butyrospermum Parkii\u00a0Butter, Pantolactone, Stearic Acid, Palmitic Acid, Myristic Acid, Arachidic Acid, Oleic Acid, Lauric Acid, Citric Acid, Phenoxyethanol, Ethylhexylglycerin, Parfum<\/p>\n","protected":false},"excerpt":{"rendered":"<p> <strong>Dzia\u0142anie:<\/strong> chroni, nawil\u017caj\u0105ce, regeneruje<br \/>  <strong>Gramatura:<\/strong> ml<br \/>  <strong>Konsystencja:<\/strong> krem<br \/>  <strong>Linie elitarne:<\/strong> nie<br \/>  <strong>Lokalizacja:<\/strong> d\u0142onie<br \/>  <strong>Piel\u0119gnacja cia\u0142a:<\/strong> tak<br \/>  <strong>Pojemno\u015b\u0107:<\/strong> 75<br \/>  <strong>P\u0142e\u0107:<\/strong> damski<br \/>  <strong>S\u0142o\u0144ce:<\/strong> nie <\/p>\n","protected":false},"featured_media":37505,"comment_status":"open","ping_status":"closed","template":"","meta":{"_acf_changed":false},"kategoria-hurtowni":[90,91],"product_brand":[92],"product_cat":[76],"product_tag":[],"class_list":{"0":"post-37504","1":"product","2":"type-product","3":"status-publish","4":"has-post-thumbnail","6":"kategoria-hurtowni-pielegnacja","7":"kategoria-hurtowni-pielegnacja-ciala","8":"product_brand-nivea","9":"product_cat-primavera","11":"first","12":"outofstock","13":"taxable","14":"shipping-taxable","15":"product-type-simple"},"acf":[],"_links":{"self":[{"href":"https:\/\/premino.pl\/index.php?rest_route=\/wp\/v2\/product\/37504","targetHints":{"allow":["GET"]}}],"collection":[{"href":"https:\/\/premino.pl\/index.php?rest_route=\/wp\/v2\/product"}],"about":[{"href":"https:\/\/premino.pl\/index.php?rest_route=\/wp\/v2\/types\/product"}],"replies":[{"embeddable":true,"href":"https:\/\/premino.pl\/index.php?rest_route=%2Fwp%2Fv2%2Fcomments&post=37504"}],"wp:featuredmedia":[{"embeddable":true,"href":"https:\/\/premino.pl\/index.php?rest_route=\/wp\/v2\/media\/37505"}],"wp:attachment":[{"href":"https:\/\/premino.pl\/index.php?rest_route=%2Fwp%2Fv2%2Fmedia&parent=37504"}],"wp:term":[{"taxonomy":"kategoria-hurtowni","embeddable":true,"href":"https:\/\/premino.pl\/index.php?rest_route=%2Fwp%2Fv2%2Fkategoria-hurtowni&post=37504"},{"taxonomy":"product_brand","embeddable":true,"href":"https:\/\/premino.pl\/index.php?rest_route=%2Fwp%2Fv2%2Fproduct_brand&post=37504"},{"taxonomy":"product_cat","embeddable":true,"href":"https:\/\/premino.pl\/index.php?rest_route=%2Fwp%2Fv2%2Fproduct_cat&post=37504"},{"taxonomy":"product_tag","embeddable":true,"href":"https:\/\/premino.pl\/index.php?rest_route=%2Fwp%2Fv2%2Fproduct_tag&post=37504"}],"curies":[{"name":"wp","href":"https:\/\/api.w.org\/{rel}","templated":true}]}}