{"id":37508,"date":"2026-04-17T03:02:57","date_gmt":"2026-04-17T01:02:57","guid":{"rendered":"https:\/\/premino.pl\/?product=crystal-emerald-woda-perfumowana-spray-90ml"},"modified":"2026-04-17T03:02:59","modified_gmt":"2026-04-17T01:02:59","slug":"crystal-emerald-woda-perfumowana-spray-90ml","status":"publish","type":"product","link":"https:\/\/premino.pl\/?product=crystal-emerald-woda-perfumowana-spray-90ml","title":{"rendered":"Crystal Emerald woda perfumowana spray 90ml"},"content":{"rendered":"<p>Crystal Emerald to kompozycja zapachowa, kt\u00f3ra podkre\u015bla uwodzicielsk\u0105 kobieco\u015b\u0107, odzwierciedlaj\u0105c jednocze\u015bnie bezkompromisow\u0105 postaw\u0119 charakterystyczn\u0105 dla Versace.<\/p>\n<p><b>Nuty zapachowe:<br \/><\/b><br \/><b>Nuta g\u0142owy: <\/b>r\u00f3\u017cowy pieprz, brzoskwinia, bergamotka<br \/><b>Nuta serca: <\/b>p\u0105czek r\u00f3\u017cany, sorbet, ja\u015bmin, malina<br \/><b>Nuta bazy: <\/b>bia\u0142e pi\u017cmo, fasolka tonka, kadzid\u0142o<br style=\"box-sizing: border-box; color: rgb(0, 0, 0); font-family: \"Helvetica Neue\", Helvetica, Arial, sans-serif; font-size: 14px; font-style: normal; font-variant-ligatures: normal; font-variant-caps: normal; font-weight: 400; letter-spacing: normal; orphans: 2; text-align: start; text-indent: 0px; text-transform: none; widows: 2; word-spacing: 0px; -webkit-text-stroke-width: 0px; white-space: normal; text-decoration-thickness: initial; text-decoration-style: initial; text-decoration-color: initial;\"><\/p>\n<p><strong>Gramatura:<\/strong> ml<br \/>\n<strong>Linia k\u0105pielowa:<\/strong> nie<br \/>\n<strong>Miniatura:<\/strong> nie<br \/>\n<strong>Nuta bazy:<\/strong> bia\u0142e pi\u017cmo, fasolka tonka, kadzid\u0142o<br \/>\n<strong>Nuta g\u0142owy:<\/strong> bergamotka, brzoskwinia, r\u00f3\u017cowy pieprz<br \/>\n<strong>Nuta g\u0142\u00f3wna:<\/strong> kwiatowe, owocowe<br \/>\n<strong>Nuta serca:<\/strong> ja\u015bmin, malina, p\u0105czek r\u00f3\u017cany, sorbet<br \/>\n<strong>Pojemno\u015b\u0107:<\/strong> 90<br \/>\n<strong>Produkt rzadki:<\/strong> nie<br \/>\n<strong>Pr\u00f3bka:<\/strong> nie<br \/>\n<strong>P\u0142e\u0107:<\/strong> damski<br \/>\n<strong>Rodzaj:<\/strong> woda perfumowana<br \/>\n<strong>Tester:<\/strong> nie<br \/>\n<strong>Zapach alternatywny:<\/strong> nie<br \/>\n<strong>Zestaw:<\/strong> nie<\/p>\n<p><strong>Uwagi:<\/strong><\/p>\n<p>Przechowywa\u0107 z dala od ognia i \u017ar\u00f3de\u0142 ciep\u0142a. Trzyma\u0107 w miejscu niedost\u0119pnym dla dzieci. Nie stosowa\u0107 na podra\u017cnion\u0105 lub uszkodzon\u0105 sk\u00f3r\u0119. Unika\u0107 kontaktu z oczami. W przypadku kontaktu z oczami nale\u017cy dok\u0142adnie przep\u0142uka\u0107 je du\u017c\u0105 ilo\u015bci\u0105 wody.<\/p>\n<p><strong>Sk\u0142adniki:<\/strong><\/p>\n<p>ALCOHOL DENAT. (SD Alcohol 39-C), PARFUM (FRAGRANCE), AQUA (WATER), TETRAMETHYL, ACETYLOCTAHYDRONAPHTHALENES, LIMONENE, BENZYL SALICYLATE, ETHYLHEXYL SALICYLATE, CITRONELLOL, ALPHA-ISOMETHYL IONONE, CITRUS AURANTIUM PEEL OIL, LINALYL, ACETATE, COUMARIN, BUTYL, METHOXYDIBENZOYLMETHANE, JUNIPERUS VIRGINIANA OIL, CITRUS AURANTIUM BERGAMIA PEEL OIL, PINENE, GERANYL ACETATE, LINALOOL, ROSE KETONES, GERANIOL, TERPINOLENE, BETA-CARYOPHYLLENE, ALCOHOL, EUGENOL, TERPINEOL, ALPHA-TERPINENE, JASMINE OIL\/EXTRACT, ROSE FLOWER OIL\/EXTRACT, TRIS (TETRAMETHYLHYDROXYPIPERIDINOL), CITRATE, CITRAL.<\/p>\n","protected":false},"excerpt":{"rendered":"<p> <strong>Gramatura:<\/strong> ml<br \/>  <strong>Linia k\u0105pielowa:<\/strong> nie<br \/>  <strong>Miniatura:<\/strong> nie<br \/>  <strong>Nuta bazy:<\/strong> bia\u0142e pi\u017cmo, fasolka tonka, kadzid\u0142o<br \/>  <strong>Nuta g\u0142owy:<\/strong> bergamotka, brzoskwinia, r\u00f3\u017cowy pieprz<br \/>  <strong>Nuta g\u0142\u00f3wna:<\/strong> kwiatowe, owocowe<br \/>  <strong>Nuta serca:<\/strong> ja\u015bmin, malina, p\u0105czek r\u00f3\u017cany, sorbet<br \/>  <strong>Pojemno\u015b\u0107:<\/strong> 90<br \/>  <strong>Produkt rzadki:<\/strong> nie<br \/>  <strong>Pr\u00f3bka:<\/strong> nie<br \/>  <strong>P\u0142e\u0107:<\/strong> damski<br \/>  <strong>Rodzaj:<\/strong> woda perfumowana<br \/>  <strong>Tester:<\/strong> nie<br \/>  <strong>Zapach alternatywny:<\/strong> nie<br \/>  <strong>Zestaw:<\/strong> nie <\/p>\n","protected":false},"featured_media":37509,"comment_status":"open","ping_status":"closed","template":"","meta":{"_acf_changed":false},"kategoria-hurtowni":[87,88],"product_brand":[93],"product_cat":[76],"product_tag":[],"class_list":{"0":"post-37508","1":"product","2":"type-product","3":"status-publish","4":"has-post-thumbnail","6":"kategoria-hurtowni-perfumy","7":"kategoria-hurtowni-zapachy","8":"product_brand-versace","9":"product_cat-primavera","11":"first","12":"outofstock","13":"taxable","14":"shipping-taxable","15":"product-type-simple"},"acf":[],"_links":{"self":[{"href":"https:\/\/premino.pl\/index.php?rest_route=\/wp\/v2\/product\/37508","targetHints":{"allow":["GET"]}}],"collection":[{"href":"https:\/\/premino.pl\/index.php?rest_route=\/wp\/v2\/product"}],"about":[{"href":"https:\/\/premino.pl\/index.php?rest_route=\/wp\/v2\/types\/product"}],"replies":[{"embeddable":true,"href":"https:\/\/premino.pl\/index.php?rest_route=%2Fwp%2Fv2%2Fcomments&post=37508"}],"wp:featuredmedia":[{"embeddable":true,"href":"https:\/\/premino.pl\/index.php?rest_route=\/wp\/v2\/media\/37509"}],"wp:attachment":[{"href":"https:\/\/premino.pl\/index.php?rest_route=%2Fwp%2Fv2%2Fmedia&parent=37508"}],"wp:term":[{"taxonomy":"kategoria-hurtowni","embeddable":true,"href":"https:\/\/premino.pl\/index.php?rest_route=%2Fwp%2Fv2%2Fkategoria-hurtowni&post=37508"},{"taxonomy":"product_brand","embeddable":true,"href":"https:\/\/premino.pl\/index.php?rest_route=%2Fwp%2Fv2%2Fproduct_brand&post=37508"},{"taxonomy":"product_cat","embeddable":true,"href":"https:\/\/premino.pl\/index.php?rest_route=%2Fwp%2Fv2%2Fproduct_cat&post=37508"},{"taxonomy":"product_tag","embeddable":true,"href":"https:\/\/premino.pl\/index.php?rest_route=%2Fwp%2Fv2%2Fproduct_tag&post=37508"}],"curies":[{"name":"wp","href":"https:\/\/api.w.org\/{rel}","templated":true}]}}