{"id":37514,"date":"2026-04-17T03:02:57","date_gmt":"2026-04-17T01:02:57","guid":{"rendered":"https:\/\/premino.pl\/?product=man-wood-essence-woda-perfumowana-refillable-spray-150ml"},"modified":"2026-04-17T03:03:01","modified_gmt":"2026-04-17T01:03:01","slug":"man-wood-essence-woda-perfumowana-refillable-spray-150ml","status":"publish","type":"product","link":"https:\/\/premino.pl\/?product=man-wood-essence-woda-perfumowana-refillable-spray-150ml","title":{"rendered":"Man Wood Essence woda perfumowana refillable spray 150ml"},"content":{"rendered":"<p>Woda perfumowana Man Wood Essence od marki Bvlgari. Drzewna kompozycja zapachowa wydana w 2018 roku. Orze\u017awiaj\u0105cy zapach dla nowoczesnego gentlemana.<\/p>\n<p><\/p>\n<p><b>Nuty zapachowe:<br \/><\/b><br \/><b>Nuta g\u0142owy: <\/b>cytrusy z cukrem, sk\u00f3rka cytryny, li\u015b\u0107 kolendry<br \/><b>Nuta serca: <\/b>wetyweria, cyprys, cedr<br \/><b>Nuta bazy: <\/b>benzoes<\/p>\n<p><strong>Gramatura:<\/strong> ml<br \/>\n<strong>Linia k\u0105pielowa:<\/strong> nie<br \/>\n<strong>Miniatura:<\/strong> nie<br \/>\n<strong>Nuta bazy:<\/strong> benzoes<br \/>\n<strong>Nuta g\u0142owy:<\/strong> cytrusy z cukrem, li\u015b\u0107 kolendry, sk\u00f3rka cytryny<br \/>\n<strong>Nuta g\u0142\u00f3wna:<\/strong> aromatyczne, drzewne<br \/>\n<strong>Nuta serca:<\/strong> cedr, cyprys, wetyweria<br \/>\n<strong>Pojemno\u015b\u0107:<\/strong> 150<br \/>\n<strong>Produkt rzadki:<\/strong> nie<br \/>\n<strong>Pr\u00f3bka:<\/strong> nie<br \/>\n<strong>P\u0142e\u0107:<\/strong> m\u0119ski<br \/>\n<strong>Rodzaj:<\/strong> woda perfumowana<br \/>\n<strong>Tester:<\/strong> nie<br \/>\n<strong>Zapach alternatywny:<\/strong> nie<br \/>\n<strong>Zestaw:<\/strong> nie<\/p>\n<p><strong>Uwagi:<\/strong><\/p>\n<p>Produkt przechowywa\u0107 z dala od ognia i \u017ar\u00f3de\u0142 ciep\u0142a. Trzyma\u0107 w miejscu niedost\u0119pnym dla dzieci. Nie stosowa\u0107 na podra\u017cnion\u0105 lub uszkodzon\u0105 sk\u00f3r\u0119. Unika\u0107 kontaktu z oczami.<\/p>\n<p><strong>Sk\u0142adniki:<\/strong><\/p>\n<p>ALCOHOL DENAT. (SD ALCOHOL 39-C) ; PARFUM (FRAGRANCE) ; AQUA (WATER) ; BENZYL SALICYLATE ; COUMARIN ; ETHYLHEXYL METHOXYCINNAMATE ; BENZYL ALCOHOL ; LIMONENE ; LINALOOL ; ALPHA-ISOMETHYL IONONE ; BUTYL METHOXYDIBENZOYLMETHANE ; ETHYLHEXYL SALICYLATE ; CITRONELLOL ; GERANIOL ; EUGENOL ; CITRAL ; BENZYL BENZOATE ; CI 19140 (YELLOW 5) ; BHT ; CI 42090 (BLUE 1) ; CI 60730 (EXT. VIOLET 2)<\/p>\n","protected":false},"excerpt":{"rendered":"<p> <strong>Gramatura:<\/strong> ml<br \/>  <strong>Linia k\u0105pielowa:<\/strong> nie<br \/>  <strong>Miniatura:<\/strong> nie<br \/>  <strong>Nuta bazy:<\/strong> benzoes<br \/>  <strong>Nuta g\u0142owy:<\/strong> cytrusy z cukrem, li\u015b\u0107 kolendry, sk\u00f3rka cytryny<br \/>  <strong>Nuta g\u0142\u00f3wna:<\/strong> aromatyczne, drzewne<br \/>  <strong>Nuta serca:<\/strong> cedr, cyprys, wetyweria<br \/>  <strong>Pojemno\u015b\u0107:<\/strong> 150<br \/>  <strong>Produkt rzadki:<\/strong> nie<br \/>  <strong>Pr\u00f3bka:<\/strong> nie<br \/>  <strong>P\u0142e\u0107:<\/strong> m\u0119ski<br \/>  <strong>Rodzaj:<\/strong> woda perfumowana<br \/>  <strong>Tester:<\/strong> nie<br \/>  <strong>Zapach alternatywny:<\/strong> nie<br \/>  <strong>Zestaw:<\/strong> nie <\/p>\n","protected":false},"featured_media":37515,"comment_status":"open","ping_status":"closed","template":"","meta":{"_acf_changed":false},"kategoria-hurtowni":[87,88],"product_brand":[96],"product_cat":[76],"product_tag":[],"class_list":{"0":"post-37514","1":"product","2":"type-product","3":"status-publish","4":"has-post-thumbnail","6":"kategoria-hurtowni-perfumy","7":"kategoria-hurtowni-zapachy","8":"product_brand-bvlgari","9":"product_cat-primavera","11":"first","12":"outofstock","13":"taxable","14":"shipping-taxable","15":"product-type-simple"},"acf":[],"_links":{"self":[{"href":"https:\/\/premino.pl\/index.php?rest_route=\/wp\/v2\/product\/37514","targetHints":{"allow":["GET"]}}],"collection":[{"href":"https:\/\/premino.pl\/index.php?rest_route=\/wp\/v2\/product"}],"about":[{"href":"https:\/\/premino.pl\/index.php?rest_route=\/wp\/v2\/types\/product"}],"replies":[{"embeddable":true,"href":"https:\/\/premino.pl\/index.php?rest_route=%2Fwp%2Fv2%2Fcomments&post=37514"}],"wp:featuredmedia":[{"embeddable":true,"href":"https:\/\/premino.pl\/index.php?rest_route=\/wp\/v2\/media\/37515"}],"wp:attachment":[{"href":"https:\/\/premino.pl\/index.php?rest_route=%2Fwp%2Fv2%2Fmedia&parent=37514"}],"wp:term":[{"taxonomy":"kategoria-hurtowni","embeddable":true,"href":"https:\/\/premino.pl\/index.php?rest_route=%2Fwp%2Fv2%2Fkategoria-hurtowni&post=37514"},{"taxonomy":"product_brand","embeddable":true,"href":"https:\/\/premino.pl\/index.php?rest_route=%2Fwp%2Fv2%2Fproduct_brand&post=37514"},{"taxonomy":"product_cat","embeddable":true,"href":"https:\/\/premino.pl\/index.php?rest_route=%2Fwp%2Fv2%2Fproduct_cat&post=37514"},{"taxonomy":"product_tag","embeddable":true,"href":"https:\/\/premino.pl\/index.php?rest_route=%2Fwp%2Fv2%2Fproduct_tag&post=37514"}],"curies":[{"name":"wp","href":"https:\/\/api.w.org\/{rel}","templated":true}]}}