{"id":37524,"date":"2026-04-17T03:02:57","date_gmt":"2026-04-17T01:02:57","guid":{"rendered":"https:\/\/premino.pl\/produkt\/flora-gorgeous-gardenia-intense-woda-perfumowana-spray-50ml\/"},"modified":"2026-04-17T03:03:08","modified_gmt":"2026-04-17T01:03:08","slug":"flora-gorgeous-gardenia-intense-woda-perfumowana-spray-50ml","status":"publish","type":"product","link":"https:\/\/premino.pl\/?product=flora-gorgeous-gardenia-intense-woda-perfumowana-spray-50ml","title":{"rendered":"Flora Gorgeous Gardenia Intense woda perfumowana spray 50ml"},"content":{"rendered":"<p>Poznaj wyj\u0105tkow\u0105 przyjemno\u015b\u0107, jak\u0105 oferuje Gucci Flora Gorgeous Gardenia Intense. To zapach \u0142\u0105cz\u0105cy subteln\u0105 elegancj\u0119 z odwa\u017cnym charakterem, kt\u00f3ry zachwyca swoj\u0105 g\u0142\u0119bi\u0105 i wyrafinowan\u0105 kompozycj\u0105. Promieniuj\u0105c rado\u015bci\u0105 i lekko\u015bci\u0105, podkre\u015bla kwiatow\u0105 \u015bwie\u017co\u015b\u0107 gardenii, wzbogacon\u0105 ciep\u0142ymi, drzewnymi akcentami. Jego zmys\u0142owa aura inspiruje do pod\u0105\u017cania za w\u0142asnymi pragnieniami i celebrowania ka\u017cdej chwili.<\/p>\n<p><\/p>\n<p><b>Nuty zapachowe:<br \/><\/b><br \/><b>Nuta g\u0142owy: <\/b>mandarynka<br \/><b>Nuta serca: <\/b>gardenia, hedione<br \/><b>Nuta bazy: <\/b>drzewo sanda\u0142owe<\/p>\n<p><strong>Gramatura:<\/strong> ml<br \/>\n<strong>Linia k\u0105pielowa:<\/strong> nie<br \/>\n<strong>Miniatura:<\/strong> nie<br \/>\n<strong>Nuta bazy:<\/strong> drzewo sanda\u0142owe<br \/>\n<strong>Nuta g\u0142owy:<\/strong> mandarynka<br \/>\n<strong>Nuta g\u0142\u00f3wna:<\/strong> drzewne, kwiatowe, pi\u017cmowe<br \/>\n<strong>Nuta serca:<\/strong> gardenia, hedione<br \/>\n<strong>Pojemno\u015b\u0107:<\/strong> 50<br \/>\n<strong>Produkt rzadki:<\/strong> nie<br \/>\n<strong>Pr\u00f3bka:<\/strong> nie<br \/>\n<strong>P\u0142e\u0107:<\/strong> damski<br \/>\n<strong>Rodzaj:<\/strong> woda perfumowana<br \/>\n<strong>Tester:<\/strong> nie<br \/>\n<strong>Zapach alternatywny:<\/strong> nie<br \/>\n<strong>Zestaw:<\/strong> nie<\/p>\n<p><strong>Uwagi:<\/strong><\/p>\n<p>Produkt przechowywa\u0107 z dala od ognia i \u017ar\u00f3de\u0142 ciep\u0142a. Trzyma\u0107 w miejscu niedost\u0119pnym dla dzieci. Nie stosowa\u0107 na podra\u017cnion\u0105 lub uszkodzon\u0105 sk\u00f3r\u0119. Unika\u0107 kontaktu z oczami.<\/p>\n<p><strong>Sk\u0142adniki:<\/strong><\/p>\n<p>Alcohol Denat., Parfum\/Fragrance, Aqua\/Water\/Eau, Hexamethylindanopyran, Benzyl Salicylate, Tetramethyl Acetyloctahydronaphthalenes, Hydroxycitronellal, Pogostemon Cablin Oil, Geranyl Acetate, Limonene, Pinene, Coumarin, Beta-Caryophyllene, Santalol, Linalool, Rose Ketones, Farnesol, Jasmine Oil\/Extract, Hexadecanolactone, Benzyl Alcohol, Terpinolene, Vanillin, Alpha-Terpinene, Benzyl Benzoate, Terpineol, Eugenol, Geraniol, Citral.<\/p>\n","protected":false},"excerpt":{"rendered":"<p> <strong>Gramatura:<\/strong> ml<br \/>  <strong>Linia k\u0105pielowa:<\/strong> nie<br \/>  <strong>Miniatura:<\/strong> nie<br \/>  <strong>Nuta bazy:<\/strong> drzewo sanda\u0142owe<br \/>  <strong>Nuta g\u0142owy:<\/strong> mandarynka<br \/>  <strong>Nuta g\u0142\u00f3wna:<\/strong> drzewne, kwiatowe, pi\u017cmowe<br \/>  <strong>Nuta serca:<\/strong> gardenia, hedione<br \/>  <strong>Pojemno\u015b\u0107:<\/strong> 50<br \/>  <strong>Produkt rzadki:<\/strong> nie<br \/>  <strong>Pr\u00f3bka:<\/strong> nie<br \/>  <strong>P\u0142e\u0107:<\/strong> damski<br \/>  <strong>Rodzaj:<\/strong> woda perfumowana<br \/>  <strong>Tester:<\/strong> nie<br \/>  <strong>Zapach alternatywny:<\/strong> nie<br \/>  <strong>Zestaw:<\/strong> nie <\/p>\n","protected":false},"featured_media":37525,"comment_status":"open","ping_status":"closed","template":"","meta":{"_acf_changed":false},"kategoria-hurtowni":[87,88],"product_brand":[104],"product_cat":[76],"product_tag":[],"class_list":{"0":"post-37524","1":"product","2":"type-product","3":"status-publish","4":"has-post-thumbnail","6":"kategoria-hurtowni-perfumy","7":"kategoria-hurtowni-zapachy","8":"product_brand-gucci","9":"product_cat-primavera","11":"first","12":"outofstock","13":"taxable","14":"shipping-taxable","15":"product-type-simple"},"acf":[],"_links":{"self":[{"href":"https:\/\/premino.pl\/index.php?rest_route=\/wp\/v2\/product\/37524","targetHints":{"allow":["GET"]}}],"collection":[{"href":"https:\/\/premino.pl\/index.php?rest_route=\/wp\/v2\/product"}],"about":[{"href":"https:\/\/premino.pl\/index.php?rest_route=\/wp\/v2\/types\/product"}],"replies":[{"embeddable":true,"href":"https:\/\/premino.pl\/index.php?rest_route=%2Fwp%2Fv2%2Fcomments&post=37524"}],"wp:featuredmedia":[{"embeddable":true,"href":"https:\/\/premino.pl\/index.php?rest_route=\/wp\/v2\/media\/37525"}],"wp:attachment":[{"href":"https:\/\/premino.pl\/index.php?rest_route=%2Fwp%2Fv2%2Fmedia&parent=37524"}],"wp:term":[{"taxonomy":"kategoria-hurtowni","embeddable":true,"href":"https:\/\/premino.pl\/index.php?rest_route=%2Fwp%2Fv2%2Fkategoria-hurtowni&post=37524"},{"taxonomy":"product_brand","embeddable":true,"href":"https:\/\/premino.pl\/index.php?rest_route=%2Fwp%2Fv2%2Fproduct_brand&post=37524"},{"taxonomy":"product_cat","embeddable":true,"href":"https:\/\/premino.pl\/index.php?rest_route=%2Fwp%2Fv2%2Fproduct_cat&post=37524"},{"taxonomy":"product_tag","embeddable":true,"href":"https:\/\/premino.pl\/index.php?rest_route=%2Fwp%2Fv2%2Fproduct_tag&post=37524"}],"curies":[{"name":"wp","href":"https:\/\/api.w.org\/{rel}","templated":true}]}}