{"id":37532,"date":"2026-04-17T03:02:57","date_gmt":"2026-04-17T01:02:57","guid":{"rendered":"https:\/\/premino.pl\/produkt\/lifter-liner-konturowka-do-ust-011-upstate-1-2g\/"},"modified":"2026-04-17T03:03:12","modified_gmt":"2026-04-17T01:03:12","slug":"lifter-liner-konturowka-do-ust-011-upstate-1-2g","status":"publish","type":"product","link":"https:\/\/premino.pl\/?product=lifter-liner-konturowka-do-ust-011-upstate-1-2g","title":{"rendered":"Lifter Liner kontur\u00f3wka do ust 011 Upstate 1.2g"},"content":{"rendered":"<p>Kontur\u00f3wka Lifter Liner od Maybelline New York przeniesie Tw\u00f3j makija\u017c ust na inny level. Kremowa wega\u0144ska formu\u0142a z kwasem hialuronowym oraz olejkiem jojoba zapewni uczucie nawil\u017cenia, i d\u0142ugotrwa\u0142y intensywny kolor. Temperowana kontur\u00f3wka precyzyjnie podkre\u015bli kontur ust, a jej formu\u0142a zapobiega rozmazywaniu si\u0119, a tak\u017ce przed\u0142u\u017cy trwa\u0142o\u015b\u0107 makija\u017cu ust. Lifter Liner dost\u0119pny jest w odcieniach, kt\u00f3re b\u0119d\u0105 tworzy\u0107 idealne combo z Twoim ulubionym b\u0142yszczykiem Lifter Gloss.<\/p>\n<p><strong>Gramatura:<\/strong> g<br \/>\n<strong>Kolor:<\/strong> 011 Upstate<br \/>\n<strong>Pojemno\u015b\u0107:<\/strong> 1.2<br \/>\n<strong>P\u0142e\u0107:<\/strong> damski<br \/>\n<strong>S\u0142o\u0144ce:<\/strong> nie<\/p>\n<p><strong>Uwagi:<\/strong><\/p>\n<p>Nie s\u0105 wymagane \u017cadne specjalne \u015brodki ostro\u017cno\u015bci przy u\u017cywaniu tego produktu w normalnych lub racjonalnie przewidywalnych warunkach u\u017cytkowania.<\/p>\n<p><strong>Sk\u0142adniki:<\/strong><\/p>\n<p>ISODODECANE &#8211; SYNTHETIC WAX &#8211; POLYBUTENE &#8211; TRIMETHYLSILOXYSILICATE &#8211; SUCROSE TETRASTEARATE TRIACETATE &#8211; ISOAMYL LAURATE &#8211; SILICA &#8211; HYDROGENATED JOJOBA OIL &#8211; CETEARYL BEHENATE &#8211; SYNTHETIC FLUORPHLOGOPITE &#8211; PENTAERYTHRITYL TETRA-DI-T-BUTYL HYDROXYHYDROCINNAMATE &#8211; ETHYLHEXYL PALMITATE &#8211; KAOLIN &#8211; TRIHYDROXYSTEARIN &#8211; SODIUM HYALURONATE &#8211; COLOPHONIUM \/ ROSIN \/ COLOPHANE \u25cf +\/- MAY CONTAIN: CI 77491, CI 77492, CI 77499 \/ IRON OXIDES &#8211; CI 77891 \/ TITANIUM DIOXIDE &#8211; MICA &#8211; CI 77742 \/ MANGANESE VIOLET &#8211; CI 19140 \/ YELLOW 5 LAKE &#8211; CI 15850 \/ RED 7 &#8211; CI 15850 \/ RED 6 &#8211; CI 42090 \/ BLUE 1 LAKE &#8211; CI 15985 \/ YELLOW 6 LAKE &#8211; CI 45410 \/ RED 28 LAKE &#8211; CI 77163 \/ BISMUTH OXYCHLORIDE &#8211; CI 15850 \/ RED 7 LAKE. (F.I.L. T70044331\/1).<\/p>\n","protected":false},"excerpt":{"rendered":"<p> <strong>Gramatura:<\/strong> g<br \/>  <strong>Kolor:<\/strong> 011 Upstate<br \/>  <strong>Pojemno\u015b\u0107:<\/strong> 1.2<br \/>  <strong>P\u0142e\u0107:<\/strong> damski<br \/>  <strong>S\u0142o\u0144ce:<\/strong> nie <\/p>\n","protected":false},"featured_media":37533,"comment_status":"open","ping_status":"closed","template":"","meta":{"_acf_changed":false},"kategoria-hurtowni":[108,83,105],"product_brand":[107],"product_cat":[76],"product_tag":[],"class_list":{"0":"post-37532","1":"product","2":"type-product","3":"status-publish","4":"has-post-thumbnail","6":"kategoria-hurtowni-konturowki-do-ust","7":"kategoria-hurtowni-makijaz","8":"kategoria-hurtowni-makijaz-usta","9":"product_brand-maybelline","10":"product_cat-primavera","12":"first","13":"outofstock","14":"taxable","15":"shipping-taxable","16":"product-type-simple"},"acf":[],"_links":{"self":[{"href":"https:\/\/premino.pl\/index.php?rest_route=\/wp\/v2\/product\/37532","targetHints":{"allow":["GET"]}}],"collection":[{"href":"https:\/\/premino.pl\/index.php?rest_route=\/wp\/v2\/product"}],"about":[{"href":"https:\/\/premino.pl\/index.php?rest_route=\/wp\/v2\/types\/product"}],"replies":[{"embeddable":true,"href":"https:\/\/premino.pl\/index.php?rest_route=%2Fwp%2Fv2%2Fcomments&post=37532"}],"wp:featuredmedia":[{"embeddable":true,"href":"https:\/\/premino.pl\/index.php?rest_route=\/wp\/v2\/media\/37533"}],"wp:attachment":[{"href":"https:\/\/premino.pl\/index.php?rest_route=%2Fwp%2Fv2%2Fmedia&parent=37532"}],"wp:term":[{"taxonomy":"kategoria-hurtowni","embeddable":true,"href":"https:\/\/premino.pl\/index.php?rest_route=%2Fwp%2Fv2%2Fkategoria-hurtowni&post=37532"},{"taxonomy":"product_brand","embeddable":true,"href":"https:\/\/premino.pl\/index.php?rest_route=%2Fwp%2Fv2%2Fproduct_brand&post=37532"},{"taxonomy":"product_cat","embeddable":true,"href":"https:\/\/premino.pl\/index.php?rest_route=%2Fwp%2Fv2%2Fproduct_cat&post=37532"},{"taxonomy":"product_tag","embeddable":true,"href":"https:\/\/premino.pl\/index.php?rest_route=%2Fwp%2Fv2%2Fproduct_tag&post=37532"}],"curies":[{"name":"wp","href":"https:\/\/api.w.org\/{rel}","templated":true}]}}