{"id":37536,"date":"2026-04-17T03:02:57","date_gmt":"2026-04-17T01:02:57","guid":{"rendered":"https:\/\/premino.pl\/produkt\/collagen-repulpeur-soin-anti-rides-krem-przeciwzmarszczkowy-do-twarzy-50ml\/"},"modified":"2026-04-17T03:03:15","modified_gmt":"2026-04-17T01:03:15","slug":"collagen-repulpeur-soin-anti-rides-krem-przeciwzmarszczkowy-do-twarzy-50ml","status":"publish","type":"product","link":"https:\/\/premino.pl\/?product=collagen-repulpeur-soin-anti-rides-krem-przeciwzmarszczkowy-do-twarzy-50ml","title":{"rendered":"Collagen Repulpeur Soin Anti-Rides krem przeciwzmarszczkowy do twarzy 50ml"},"content":{"rendered":"<p>Zabieg przeciwzmarszczkowy z biosferami kolagenu. Uj\u0119drnia i wyg\u0142adza. Natychmiast: Sk\u00f3ra jest nawil\u017cona przez 48 godzin. Po 2 tygodniach: Sk\u00f3ra jest bardziej elastyczna. Skuteczno\u015b\u0107 zaobserwowana u 74% badanych kobiet. Po 3 tygodniach: Zmarszczki zredukowane o 28%.<\/p>\n<p><strong>Dzia\u0142anie:<\/strong> nawil\u017caj\u0105ce, redukuje zmarszczki, uelastycznia, uj\u0119drnia<br \/>\n<strong>Gramatura:<\/strong> ml<br \/>\n<strong>Konsystencja:<\/strong> krem<br \/>\n<strong>Linie elitarne:<\/strong> nie<br \/>\n<strong>Piel\u0119gnacja specyficzna:<\/strong> nie<br \/>\n<strong>Pojemno\u015b\u0107:<\/strong> 50<br \/>\n<strong>Pora stosowania:<\/strong> dowolnie<br \/>\n<strong>P\u0142e\u0107:<\/strong> damski<br \/>\n<strong>Rodzaj sk\u00f3ry:<\/strong> dojrza\u0142a<br \/>\n<strong>S\u0142o\u0144ce:<\/strong> nie<br \/>\n<strong>Typ sk\u00f3ry:<\/strong> mieszana\/t\u0142usta, normalna, sucha<\/p>\n<p><strong>Uwagi:<\/strong><\/p>\n<p>W przypadku dostania si\u0119 preparatu do oczu natychmiast obficie je przep\u0142uka\u0107.<\/p>\n<p><strong>Sk\u0142adniki:<\/strong><\/p>\n<p>AQUA \/ WATER &#8211; DIMETHICONE &#8211; GLYCERIN &#8211; PARAFFINUM LIQUIDUM \/ MINERAL OIL &#8211; NYLON-66 &#8211; MYRISTYL MYRISTATE &#8211; DIPROPYLENE GLYCOL &#8211; STEARIC ACID &#8211; PALMITIC ACID &#8211; PEG-100 STEARATE &#8211; GLYCERYL STEARATE &#8211; LITHIUM MAGNESIUM SODIUM SILICATE [NANO] \/ LITHIUM MAGNESIUM SODIUM SILICATE &#8211; BOSWELLIA SERRATA GUM &#8211; VACCINIUM MYRTILLUS FRUIT EXTRACT &#8211; ATELOCOLLAGEN &#8211; MANGANESE GLUCONATE &#8211; PENTAERYTHRITYL TETRAISOSTEARATE &#8211; SODIUM CHONDROITIN SULFATE &#8211; TRIETHANOLAMINE &#8211; TOCOPHERYL ACETATE &#8211; CETYL ALCOHOL &#8211; STEARYL ALCOHOL &#8211; AMMONIUM POLYACRYLOYLDIMETHYL TAURATE &#8211; BUTYLENE GLYCOL &#8211; CAPRYLYL GLYCOL &#8211; CI 77891 \/ TITANIUM DIOXIDE &#8211; MYRISTIC ACID &#8211; PEG-20 STEARATE &#8211; PROPYLENE GLYCOL &#8211; SILICA DIMETHYL SILYLATE [NANO] \/ SILICA DIMETHYL SILYLATE &#8211; SOLUBLE COLLAGEN &#8211; SORBITOL &#8211; TRISODIUM EDTA &#8211; ALPHA-ISOMETHYL IONONE &#8211; BENZYL ALCOHOL &#8211; BENZYL SALICYLATE &#8211; CITRONELLOL &#8211; HEXYL CINNAMAL &#8211; LINALOOL &#8211; HEXYLENE GLYCOL &#8211; PHENOXYETHANOL &#8211; POTASSIUM SORBATE &#8211; PARFUM \/ FRAGRANCE (F.I.L. B235060\/2).<\/p>\n","protected":false},"excerpt":{"rendered":"<p> <strong>Dzia\u0142anie:<\/strong> nawil\u017caj\u0105ce, redukuje zmarszczki, uelastycznia, uj\u0119drnia<br \/>  <strong>Gramatura:<\/strong> ml<br \/>  <strong>Konsystencja:<\/strong> krem<br \/>  <strong>Linie elitarne:<\/strong> nie<br \/>  <strong>Piel\u0119gnacja specyficzna:<\/strong> nie<br \/>  <strong>Pojemno\u015b\u0107:<\/strong> 50<br \/>  <strong>Pora stosowania:<\/strong> dowolnie<br \/>  <strong>P\u0142e\u0107:<\/strong> damski<br \/>  <strong>Rodzaj sk\u00f3ry:<\/strong> dojrza\u0142a<br \/>  <strong>S\u0142o\u0144ce:<\/strong> nie<br \/>  <strong>Typ sk\u00f3ry:<\/strong> mieszana\/t\u0142usta, normalna, sucha <\/p>\n","protected":false},"featured_media":37537,"comment_status":"open","ping_status":"closed","template":"","meta":{"_acf_changed":false},"kategoria-hurtowni":[90,109,110],"product_brand":[111],"product_cat":[76],"product_tag":[],"class_list":{"0":"post-37536","1":"product","2":"type-product","3":"status-publish","4":"has-post-thumbnail","6":"kategoria-hurtowni-pielegnacja","7":"kategoria-hurtowni-pielegnacja-twarzy-pielegnacja","8":"kategoria-hurtowni-twarz-pielegnacja-twarzy-pielegnacja","9":"product_brand-loreal-paris","10":"product_cat-primavera","12":"first","13":"outofstock","14":"taxable","15":"shipping-taxable","16":"product-type-simple"},"acf":[],"_links":{"self":[{"href":"https:\/\/premino.pl\/index.php?rest_route=\/wp\/v2\/product\/37536","targetHints":{"allow":["GET"]}}],"collection":[{"href":"https:\/\/premino.pl\/index.php?rest_route=\/wp\/v2\/product"}],"about":[{"href":"https:\/\/premino.pl\/index.php?rest_route=\/wp\/v2\/types\/product"}],"replies":[{"embeddable":true,"href":"https:\/\/premino.pl\/index.php?rest_route=%2Fwp%2Fv2%2Fcomments&post=37536"}],"wp:featuredmedia":[{"embeddable":true,"href":"https:\/\/premino.pl\/index.php?rest_route=\/wp\/v2\/media\/37537"}],"wp:attachment":[{"href":"https:\/\/premino.pl\/index.php?rest_route=%2Fwp%2Fv2%2Fmedia&parent=37536"}],"wp:term":[{"taxonomy":"kategoria-hurtowni","embeddable":true,"href":"https:\/\/premino.pl\/index.php?rest_route=%2Fwp%2Fv2%2Fkategoria-hurtowni&post=37536"},{"taxonomy":"product_brand","embeddable":true,"href":"https:\/\/premino.pl\/index.php?rest_route=%2Fwp%2Fv2%2Fproduct_brand&post=37536"},{"taxonomy":"product_cat","embeddable":true,"href":"https:\/\/premino.pl\/index.php?rest_route=%2Fwp%2Fv2%2Fproduct_cat&post=37536"},{"taxonomy":"product_tag","embeddable":true,"href":"https:\/\/premino.pl\/index.php?rest_route=%2Fwp%2Fv2%2Fproduct_tag&post=37536"}],"curies":[{"name":"wp","href":"https:\/\/api.w.org\/{rel}","templated":true}]}}