{"id":37542,"date":"2026-04-17T10:50:34","date_gmt":"2026-04-17T08:50:34","guid":{"rendered":"https:\/\/premino.pl\/produkt\/nappa-zel-odprezenie-na-zmeczone-nogi-150ml\/"},"modified":"2026-04-17T10:50:37","modified_gmt":"2026-04-17T08:50:37","slug":"nappa-zel-odprezenie-na-zmeczone-nogi-150ml","status":"publish","type":"product","link":"https:\/\/premino.pl\/?product=nappa-zel-odprezenie-na-zmeczone-nogi-150ml","title":{"rendered":"Nappa \u017cel odpr\u0119\u017cenie na zm\u0119czone nogi 150ml"},"content":{"rendered":"<p>\u017bel ODPR\u0118\u017bENIE na zm\u0119czone nogi\u00a0to koj\u0105cy i ch\u0142odz\u0105cy \u017cel zapewniaj\u0105cy im ulg\u0119. Unikalna formu\u0142a szybko si\u0119 wch\u0142ania i jest wega\u0144ska. Produkt zapewnia\u00a0natychmiastowe ukojenie i intensywne nawil\u017cenie. \u017bel przywraca sk\u00f3rze mi\u0119kko\u015b\u0107 i aksamitn\u0105 g\u0142adko\u015b\u0107, poprawia kr\u0105\u017cenie krwi i zapobiega obrz\u0119kom. Ponadto \u017cel wspomaga regeneracj\u0119 oraz od\u015bwie\u017ca sk\u00f3r\u0119 n\u00f3g i st\u00f3p. Kompleksowe dzia\u0142anie kosmetyku\u00a0\u0142agodzi uczucie ci\u0119\u017cko\u015bci n\u00f3g.<\/p>\n<p><b>Sk\u0142adniki aktywne:<\/b><br \/>\u2022\u00a0ekstrakt zio\u0142owy z babki lancetowatej, \u017cywokostu lekarskiego i drzewa sanda\u0142owego\u00a0\u2013 ma dzia\u0142anie regeneruj\u0105ce i przeciwzapalne, \u0142agodzi podra\u017cnienia oraz od\u015bwie\u017ca sk\u00f3r\u0119,<br \/>\u2022\u00a0Legactif\u00a0\u2013 kompleks ro\u015blinny, kt\u00f3ry poprawia kr\u0105\u017cenie krwi oraz zapobiega powstaniu obrz\u0119k\u00f3w, daje stopom uczucie lekko\u015bci,<br \/>\u2022\u00a0Gin Toniq\u00a0\u2013 postbiotyk, innowacyjny sk\u0142adnik pochodzenia naturalnego, powsta\u0142y na skutek proces\u00f3w fermentacyjnych \u2013 chroni mikrobiom sk\u00f3ry, dzia\u0142a nawil\u017caj\u0105co i koj\u0105co,<br \/>\u2022\u00a0bisabolol\u00a0\u2013 naturalny sk\u0142adnik olejku eterycznego z rumianku, kt\u00f3ry dzia\u0142a przeciwzapalnie, regeneruje, \u0142agodzi podra\u017cnienia, nawil\u017ca i wyg\u0142adza sk\u00f3r\u0119.<br \/>\u2022\u00a0woda lodowcowa\u00a0\u2013 bogata w minera\u0142y, nawil\u017ca i uelastycznia sk\u00f3r\u0119, sprawdzi si\u0119 przy piel\u0119gnacji sk\u00f3ry wra\u017cliwej i alergicznej,<br \/>\u2022\u00a0mentol\u00a0\u2013 ch\u0142odzi i od\u015bwie\u017ca sk\u00f3r\u0119, dzia\u0142a antyseptycznie.<\/p>\n<p><b>Stosowanie:<br \/><\/b>Delikatnie wmasuj \u017cel w czyst\u0105 i such\u0105 sk\u00f3r\u0119 st\u00f3p lub \u0142ydek, skupiaj\u0105c si\u0119 na zm\u0119czonych i suchych obszarach. Stosuj regularnie. Dla lepszych efekt\u00f3w, u\u017cywaj innych produkt\u00f3w z serii Nappa!<\/p>\n<p><strong>Dzia\u0142anie:<\/strong> ch\u0142odz\u0105ce, nawil\u017caj\u0105ce, od\u015bwie\u017ca, regeneruje<br \/>\n<strong>Gramatura:<\/strong> ml<br \/>\n<strong>Konsystencja:<\/strong> \u017cel<br \/>\n<strong>Linie elitarne:<\/strong> nie<br \/>\n<strong>Lokalizacja:<\/strong> nogi<br \/>\n<strong>Piel\u0119gnacja cia\u0142a:<\/strong> tak<br \/>\n<strong>Pojemno\u015b\u0107:<\/strong> 150<br \/>\n<strong>P\u0142e\u0107:<\/strong> unisex<br \/>\n<strong>S\u0142o\u0144ce:<\/strong> nie<\/p>\n<p><strong>Uwagi:<\/strong><\/p>\n<p>Trzyma\u0107 poza zasi\u0119giem dzieci. Wy\u0142\u0105cznie do u\u017cytku zewn\u0119trznego.<\/p>\n<p><strong>Sk\u0142adniki:<\/strong><\/p>\n<p>Aqua, Glycerin, Glyceryl Stearate, Butyrospermum Parkii (Shea) Butter, Propylene Glycol, Ceteareth-20, Sodium Acrylates Copolymer , Lecithin, Caprylic\/Capric Triglyceride, Prunus Amygdalus Dulcis Oil, Olus Oil, Phenoxyethanol, Menthol, Ruscus Aculeatus Root Extract, Citrus Limon Peel Extract, Solidago Virgaurea Extract, Parfum, Pterocarpus Santalinus Wood Extract, Symphytum Officinale Root Extract, Plantago Lanceolata Leaf Extract, Saccharomyces\/Barley Seed Ferment Filtrate, Bisabolol, Tetrasodium EDTA, Sodium Benzoate, Potassium Sorbate, Linalyl Acetate, Terpineol.<\/p>\n","protected":false},"excerpt":{"rendered":"<p> <strong>Dzia\u0142anie:<\/strong> ch\u0142odz\u0105ce, nawil\u017caj\u0105ce, od\u015bwie\u017ca, regeneruje<br \/>  <strong>Gramatura:<\/strong> ml<br \/>  <strong>Konsystencja:<\/strong> \u017cel<br \/>  <strong>Linie elitarne:<\/strong> nie<br \/>  <strong>Lokalizacja:<\/strong> nogi<br \/>  <strong>Piel\u0119gnacja cia\u0142a:<\/strong> tak<br \/>  <strong>Pojemno\u015b\u0107:<\/strong> 150<br \/>  <strong>P\u0142e\u0107:<\/strong> unisex<br \/>  <strong>S\u0142o\u0144ce:<\/strong> nie <\/p>\n","protected":false},"featured_media":37543,"comment_status":"open","ping_status":"closed","template":"","meta":{"_acf_changed":false},"kategoria-hurtowni":[90,91],"product_brand":[115],"product_cat":[76],"product_tag":[],"class_list":{"0":"post-37542","1":"product","2":"type-product","3":"status-publish","4":"has-post-thumbnail","6":"kategoria-hurtowni-pielegnacja","7":"kategoria-hurtowni-pielegnacja-ciala","8":"product_brand-silcare","9":"product_cat-primavera","11":"first","12":"outofstock","13":"taxable","14":"shipping-taxable","15":"product-type-simple"},"acf":[],"_links":{"self":[{"href":"https:\/\/premino.pl\/index.php?rest_route=\/wp\/v2\/product\/37542","targetHints":{"allow":["GET"]}}],"collection":[{"href":"https:\/\/premino.pl\/index.php?rest_route=\/wp\/v2\/product"}],"about":[{"href":"https:\/\/premino.pl\/index.php?rest_route=\/wp\/v2\/types\/product"}],"replies":[{"embeddable":true,"href":"https:\/\/premino.pl\/index.php?rest_route=%2Fwp%2Fv2%2Fcomments&post=37542"}],"wp:featuredmedia":[{"embeddable":true,"href":"https:\/\/premino.pl\/index.php?rest_route=\/wp\/v2\/media\/37543"}],"wp:attachment":[{"href":"https:\/\/premino.pl\/index.php?rest_route=%2Fwp%2Fv2%2Fmedia&parent=37542"}],"wp:term":[{"taxonomy":"kategoria-hurtowni","embeddable":true,"href":"https:\/\/premino.pl\/index.php?rest_route=%2Fwp%2Fv2%2Fkategoria-hurtowni&post=37542"},{"taxonomy":"product_brand","embeddable":true,"href":"https:\/\/premino.pl\/index.php?rest_route=%2Fwp%2Fv2%2Fproduct_brand&post=37542"},{"taxonomy":"product_cat","embeddable":true,"href":"https:\/\/premino.pl\/index.php?rest_route=%2Fwp%2Fv2%2Fproduct_cat&post=37542"},{"taxonomy":"product_tag","embeddable":true,"href":"https:\/\/premino.pl\/index.php?rest_route=%2Fwp%2Fv2%2Fproduct_tag&post=37542"}],"curies":[{"name":"wp","href":"https:\/\/api.w.org\/{rel}","templated":true}]}}