{"id":37544,"date":"2026-04-17T10:50:34","date_gmt":"2026-04-17T08:50:34","guid":{"rendered":"https:\/\/premino.pl\/produkt\/nappa-krem-nawilzenie-na-suche-stopy-mocznik-5-150ml\/"},"modified":"2026-04-17T10:50:38","modified_gmt":"2026-04-17T08:50:38","slug":"nappa-krem-nawilzenie-na-suche-stopy-mocznik-5-150ml","status":"publish","type":"product","link":"https:\/\/premino.pl\/?product=nappa-krem-nawilzenie-na-suche-stopy-mocznik-5-150ml","title":{"rendered":"Nappa krem nawil\u017cenie na suche stopy Mocznik 5% 150ml"},"content":{"rendered":"<p>NAPPA Krem NAWIL\u017bENIE do codziennej piel\u0119gnacji z\u00a0mocznikiem w st\u0119\u017ceniu 5%\u00a0to krem zapewniaj\u0105cy sk\u00f3rze st\u00f3p\u00a0optymalne nawil\u017cenie ka\u017cdego dnia. Krem zapewnia intensywne nawil\u017cenie, chroni\u0105c sk\u00f3r\u0119 przed p\u0119kni\u0119ciami i zrogowaceniami, szczeg\u00f3lnie na pi\u0119tach. Dzi\u0119ki swojej formule krem szybko si\u0119 wch\u0142ania i nie pozostawia t\u0142ustej warstwy.<\/p>\n<p>Sk\u0142adniki aktywne kremu zawieraj\u0105\u00a0postbiotyki i kompleks zio\u0142owy, dzi\u0119ki czemu chroni\u0105 mikrobiom sk\u00f3ry przed dzia\u0142aniem patogen\u00f3w oraz wspomagaj\u0105 regeneracj\u0119, \u0142agodz\u0105 podra\u017cnienia i od\u015bwie\u017caj\u0105 sk\u00f3r\u0119 st\u00f3p. Krem posiada przyjemny, delikatny zapach, kt\u00f3ry sprawia, \u017ce codzienna rutyna piel\u0119gnacyjna staje si\u0119 przyjemno\u015bci\u0105. Regularne stosowanie pomaga utrzyma\u0107 odpowiednie nawil\u017cenie sk\u00f3ry st\u00f3p zapewniaj\u0105c im mi\u0119kko\u015b\u0107 i g\u0142adko\u015b\u0107.<\/p>\n<p><b>Sk\u0142adniki aktywne:<\/b><br \/>\u2022\u00a0ekstrakt zio\u0142owy z babki lancetowatej, \u017cywokostu lekarskiego i drzewa sanda\u0142owego\u00a0\u2013 ma dzia\u0142anie regeneruj\u0105ce i przeciwzapalne, \u0142agodzi podra\u017cnienia oraz od\u015bwie\u017ca sk\u00f3r\u0119,<br \/>\u2022\u00a0mocznik 5%\u00a0\u2013 zapewnia \u0142agodne nawil\u017cenie, wspomagaj\u0105c zachowanie naturalnej bariery ochronnej sk\u00f3ry,<br \/>\u2022\u00a0Gin Toniq\u00a0\u2013 postbiotyk, innowacyjny sk\u0142adnik pochodzenia naturalnego, powsta\u0142y na skutek proces\u00f3w fermentacyjnych \u2013 chroni mikrobiom sk\u00f3ry, dzia\u0142a nawil\u017caj\u0105co i koj\u0105co,<br \/>\u2022\u00a0bisabolol\u00a0\u2013 naturalny sk\u0142adnik olejku eterycznego z rumianku, kt\u00f3ry dzia\u0142a przeciwzapalnie, regeneruje, \u0142agodzi podra\u017cnienia, nawil\u017ca i wyg\u0142adza sk\u00f3r\u0119,<br \/>\u2022\u00a0woda lodowcowa\u00a0\u2013 bogata w minera\u0142y, nawil\u017ca i uelastycznia sk\u00f3r\u0119, sprawdzi si\u0119 przy piel\u0119gnacji sk\u00f3ry wra\u017cliwej i alergicznej.<\/p>\n<p><b>Stosowanie:<br \/><\/b>Na\u0142\u00f3\u017c na oczyszczon\u0105, such\u0105 sk\u00f3r\u0119 st\u00f3p w miejscach problematycznych. Stosuj raz dziennie wieczorem, nie d\u0142u\u017cej ni\u017c 14 dni. Po ust\u0105pieniu objaw\u00f3w stosuj ma\u015b\u0107 profilaktycznie 1-2 razy w tygodniu. Dla przed\u0142u\u017cenia efektu u\u017cyj innych kosmetyk\u00f3w z serii Nappa!<\/p>\n<p><strong>Dzia\u0142anie:<\/strong> chroni, nawil\u017caj\u0105ce, od\u015bwie\u017ca, regeneruje<br \/>\n<strong>Gramatura:<\/strong> ml<br \/>\n<strong>Konsystencja:<\/strong> krem<br \/>\n<strong>Linie elitarne:<\/strong> nie<br \/>\n<strong>Lokalizacja:<\/strong> stopy<br \/>\n<strong>Piel\u0119gnacja cia\u0142a:<\/strong> tak<br \/>\n<strong>Pojemno\u015b\u0107:<\/strong> 150<br \/>\n<strong>P\u0142e\u0107:<\/strong> unisex<br \/>\n<strong>S\u0142o\u0144ce:<\/strong> nie<\/p>\n<p><strong>Uwagi:<\/strong><\/p>\n<p>Trzyma\u0107 poza zasi\u0119giem dzieci. Wy\u0142\u0105cznie do u\u017cytku zewn\u0119trznego.<\/p>\n<p><strong>Sk\u0142adniki:<\/strong><\/p>\n<p>Aqua, Cetearyl Alcohol, Urea, Butyrospermum Parkii (Shea) Butter, Glycerin, Caprylic\/Capric Trigliceride, Ceteareth-20, Glyceryl Stearate, Olus Oil, Prunus Amygdalus Dulcis Oil, Parfum, Phenoxyethanol, Bisabolol, Sodium Benzoate, Potassium Sorbate, Tetrasodium EDTA, Pterocarpus Santalinus Wood Extract, Symphytum Officinale Root Extract, Plantago Lanceolata Leaf Extract, Saccharomyces\/Barley Seed Ferment Filtrate, Citric Acid, CI19140, CI42051, Citrus Aurantium Peel Oil, Limonene, Linalool, Cinnamal, Citral.<\/p>\n","protected":false},"excerpt":{"rendered":"<p> <strong>Dzia\u0142anie:<\/strong> chroni, nawil\u017caj\u0105ce, od\u015bwie\u017ca, regeneruje<br \/>  <strong>Gramatura:<\/strong> ml<br \/>  <strong>Konsystencja:<\/strong> krem<br \/>  <strong>Linie elitarne:<\/strong> nie<br \/>  <strong>Lokalizacja:<\/strong> stopy<br \/>  <strong>Piel\u0119gnacja cia\u0142a:<\/strong> tak<br \/>  <strong>Pojemno\u015b\u0107:<\/strong> 150<br \/>  <strong>P\u0142e\u0107:<\/strong> unisex<br \/>  <strong>S\u0142o\u0144ce:<\/strong> nie <\/p>\n","protected":false},"featured_media":37545,"comment_status":"open","ping_status":"closed","template":"","meta":{"_acf_changed":false},"kategoria-hurtowni":[90,91],"product_brand":[115],"product_cat":[76],"product_tag":[],"class_list":{"0":"post-37544","1":"product","2":"type-product","3":"status-publish","4":"has-post-thumbnail","6":"kategoria-hurtowni-pielegnacja","7":"kategoria-hurtowni-pielegnacja-ciala","8":"product_brand-silcare","9":"product_cat-primavera","11":"first","12":"outofstock","13":"taxable","14":"shipping-taxable","15":"product-type-simple"},"acf":[],"_links":{"self":[{"href":"https:\/\/premino.pl\/index.php?rest_route=\/wp\/v2\/product\/37544","targetHints":{"allow":["GET"]}}],"collection":[{"href":"https:\/\/premino.pl\/index.php?rest_route=\/wp\/v2\/product"}],"about":[{"href":"https:\/\/premino.pl\/index.php?rest_route=\/wp\/v2\/types\/product"}],"replies":[{"embeddable":true,"href":"https:\/\/premino.pl\/index.php?rest_route=%2Fwp%2Fv2%2Fcomments&post=37544"}],"wp:featuredmedia":[{"embeddable":true,"href":"https:\/\/premino.pl\/index.php?rest_route=\/wp\/v2\/media\/37545"}],"wp:attachment":[{"href":"https:\/\/premino.pl\/index.php?rest_route=%2Fwp%2Fv2%2Fmedia&parent=37544"}],"wp:term":[{"taxonomy":"kategoria-hurtowni","embeddable":true,"href":"https:\/\/premino.pl\/index.php?rest_route=%2Fwp%2Fv2%2Fkategoria-hurtowni&post=37544"},{"taxonomy":"product_brand","embeddable":true,"href":"https:\/\/premino.pl\/index.php?rest_route=%2Fwp%2Fv2%2Fproduct_brand&post=37544"},{"taxonomy":"product_cat","embeddable":true,"href":"https:\/\/premino.pl\/index.php?rest_route=%2Fwp%2Fv2%2Fproduct_cat&post=37544"},{"taxonomy":"product_tag","embeddable":true,"href":"https:\/\/premino.pl\/index.php?rest_route=%2Fwp%2Fv2%2Fproduct_tag&post=37544"}],"curies":[{"name":"wp","href":"https:\/\/api.w.org\/{rel}","templated":true}]}}