{"id":37546,"date":"2026-04-17T10:50:34","date_gmt":"2026-04-17T08:50:34","guid":{"rendered":"https:\/\/premino.pl\/produkt\/nappa-krem-zmiekczenie-na-szorstka-skore-stop-mocznik-15-150ml\/"},"modified":"2026-04-17T10:50:40","modified_gmt":"2026-04-17T08:50:40","slug":"nappa-krem-zmiekczenie-na-szorstka-skore-stop-mocznik-15-150ml","status":"publish","type":"product","link":"https:\/\/premino.pl\/?product=nappa-krem-zmiekczenie-na-szorstka-skore-stop-mocznik-15-150ml","title":{"rendered":"Nappa krem zmi\u0119kczenie na szorstk\u0105 sk\u00f3r\u0119 st\u00f3p Mocznik 15% 150ml"},"content":{"rendered":"<p>NAPPA Krem ZMI\u0118KCZENIE to innowacyjny produkt dla os\u00f3b z problemem szorstkiej sk\u00f3ry na stopach z mocznikiem o st\u0119\u017ceniu 15%. Innowacyjna formu\u0142a zawiera przyjazne dla sk\u00f3ry postbiotyki. Krem ZMI\u0118KCZENIE\u00a0delikatnie z\u0142uszcza i intensywnie nawil\u017ca sk\u00f3r\u0119 st\u00f3p, a tak\u017ce chroni mikrobiom sk\u00f3ry przed dzia\u0142aniem patogen\u00f3w. Kompleks zio\u0142owy zawarty w kosmetyku dodatkowo wspomaga regeneracj\u0119, \u0142agodzi i od\u015bwie\u017ca sk\u00f3r\u0119 st\u00f3p.<\/p>\n<p>Krem szybko si\u0119 wch\u0142ania i jest przyjazny weganom. Przyjemny zapach produktu umila jego ka\u017cdorazowe stosowanie. Regularne stosowanie kremu eliminuje such\u0105, zrogowacia\u0142\u0105 sk\u00f3r\u0119 i p\u0119kaj\u0105ce pi\u0119ty, przywracaj\u0105c mi\u0119kko\u015b\u0107 i g\u0142adko\u015b\u0107.<\/p>\n<p><b>Sk\u0142adniki aktywne:<\/b><br \/>\u2022\u00a0ekstrakt zio\u0142owy z babki lancetowatej, \u017cywokostu lekarskiego i drzewa sanda\u0142owego\u00a0\u2013 ma dzia\u0142anie regeneruj\u0105ce i przeciwzapalne, \u0142agodzi podra\u017cnienia oraz od\u015bwie\u017ca sk\u00f3r\u0119,<br \/>\u2022\u00a0mocznik 15%\u00a0\u2013 intensywnie nawil\u017ca i z\u0142uszcza, przyczyniaj\u0105c si\u0119 do odnowy nask\u00f3rka,<br \/>\u2022\u00a0Gin Toniq\u00a0\u2013 postbiotyk, innowacyjny sk\u0142adnik pochodzenia naturalnego, powsta\u0142y na skutek proces\u00f3w fermentacyjnych \u2013 chroni mikrobiom sk\u00f3ry, dzia\u0142a nawil\u017caj\u0105co i koj\u0105co,<br \/>\u2022\u00a0bisabolol\u00a0\u2013 naturalny sk\u0142adnik olejku eterycznego z rumianku, kt\u00f3ry dzia\u0142a przeciwzapalnie, regeneruje, \u0142agodzi podra\u017cnienia, nawil\u017ca i wyg\u0142adza sk\u00f3r\u0119,<br \/>\u2022\u00a0woda lodowcowa\u00a0\u2013 bogata w minera\u0142y, nawil\u017ca i uelastycznia sk\u00f3r\u0119, sprawdzi si\u0119 przy piel\u0119gnacji sk\u00f3ry wra\u017cliwej i alergicznej.<\/p>\n<p><b>Stosowanie:<br \/><\/b>Na\u0142\u00f3\u017c na oczyszczon\u0105, such\u0105 sk\u00f3r\u0119 st\u00f3p i wmasuj do wch\u0142oni\u0119cia. Stosuj regularnie \u2013 raz dziennie w ramach profilaktyki, a w przypadku intensywnej kuracji 2 razy dziennie. Dla przed\u0142u\u017cenia efektu u\u017cyj innych kosmetyk\u00f3w z serii Nappa!<\/p>\n<p><strong>Dzia\u0142anie:<\/strong> chroni, nawil\u017caj\u0105ce, p\u0119kaj\u0105ca sk\u00f3ra st\u00f3p, regeneruje, zmi\u0119kcza, z\u0142uszcza martwy nask\u00f3rek<br \/>\n<strong>Gramatura:<\/strong> ml<br \/>\n<strong>Konsystencja:<\/strong> krem<br \/>\n<strong>Linie elitarne:<\/strong> nie<br \/>\n<strong>Lokalizacja:<\/strong> stopy<br \/>\n<strong>Piel\u0119gnacja cia\u0142a:<\/strong> tak<br \/>\n<strong>Pojemno\u015b\u0107:<\/strong> 150<br \/>\n<strong>P\u0142e\u0107:<\/strong> unisex<br \/>\n<strong>S\u0142o\u0144ce:<\/strong> nie<\/p>\n<p><strong>Uwagi:<\/strong><\/p>\n<p>Trzyma\u0107 poza zasi\u0119giem dzieci. Wy\u0142\u0105cznie do u\u017cytku zewn\u0119trznego.<\/p>\n<p><strong>Sk\u0142adniki:<\/strong><\/p>\n<p>Aqua, Urea, Cetearyl Alcohol, Butyrospermum Parkii (Shea) Butter, Glycerin, Caprylic\/Capric Trigliceride, Ceteareth-20, Glyceryl Stearate, Olus Oil, Prunus Amygdalus Dulcis Oil, Parfum, Phenoxyethanol, Bisabolol, Sodium Benzoate, Potassium Sorbate, Tetrasodium EDTA, Pterocarpus Santalinus Wood Extract, Symphytum Officinale Root Extract, Plantago Lanceolata Leaf Extract, Saccharomyces\/Barley Seed Ferment Filtrate, Citric Acid, CI19140, CI42051, Citrus Aurantium Peel Oil, Limonene, Linalool, Cinnamal, Citral.<\/p>\n","protected":false},"excerpt":{"rendered":"<p> <strong>Dzia\u0142anie:<\/strong> chroni, nawil\u017caj\u0105ce, p\u0119kaj\u0105ca sk\u00f3ra st\u00f3p, regeneruje, zmi\u0119kcza, z\u0142uszcza martwy nask\u00f3rek<br \/>  <strong>Gramatura:<\/strong> ml<br \/>  <strong>Konsystencja:<\/strong> krem<br \/>  <strong>Linie elitarne:<\/strong> nie<br \/>  <strong>Lokalizacja:<\/strong> stopy<br \/>  <strong>Piel\u0119gnacja cia\u0142a:<\/strong> tak<br \/>  <strong>Pojemno\u015b\u0107:<\/strong> 150<br \/>  <strong>P\u0142e\u0107:<\/strong> unisex<br \/>  <strong>S\u0142o\u0144ce:<\/strong> nie <\/p>\n","protected":false},"featured_media":37547,"comment_status":"open","ping_status":"closed","template":"","meta":{"_acf_changed":false},"kategoria-hurtowni":[90,91],"product_brand":[115],"product_cat":[76],"product_tag":[],"class_list":{"0":"post-37546","1":"product","2":"type-product","3":"status-publish","4":"has-post-thumbnail","6":"kategoria-hurtowni-pielegnacja","7":"kategoria-hurtowni-pielegnacja-ciala","8":"product_brand-silcare","9":"product_cat-primavera","11":"first","12":"outofstock","13":"taxable","14":"shipping-taxable","15":"product-type-simple"},"acf":[],"_links":{"self":[{"href":"https:\/\/premino.pl\/index.php?rest_route=\/wp\/v2\/product\/37546","targetHints":{"allow":["GET"]}}],"collection":[{"href":"https:\/\/premino.pl\/index.php?rest_route=\/wp\/v2\/product"}],"about":[{"href":"https:\/\/premino.pl\/index.php?rest_route=\/wp\/v2\/types\/product"}],"replies":[{"embeddable":true,"href":"https:\/\/premino.pl\/index.php?rest_route=%2Fwp%2Fv2%2Fcomments&post=37546"}],"wp:featuredmedia":[{"embeddable":true,"href":"https:\/\/premino.pl\/index.php?rest_route=\/wp\/v2\/media\/37547"}],"wp:attachment":[{"href":"https:\/\/premino.pl\/index.php?rest_route=%2Fwp%2Fv2%2Fmedia&parent=37546"}],"wp:term":[{"taxonomy":"kategoria-hurtowni","embeddable":true,"href":"https:\/\/premino.pl\/index.php?rest_route=%2Fwp%2Fv2%2Fkategoria-hurtowni&post=37546"},{"taxonomy":"product_brand","embeddable":true,"href":"https:\/\/premino.pl\/index.php?rest_route=%2Fwp%2Fv2%2Fproduct_brand&post=37546"},{"taxonomy":"product_cat","embeddable":true,"href":"https:\/\/premino.pl\/index.php?rest_route=%2Fwp%2Fv2%2Fproduct_cat&post=37546"},{"taxonomy":"product_tag","embeddable":true,"href":"https:\/\/premino.pl\/index.php?rest_route=%2Fwp%2Fv2%2Fproduct_tag&post=37546"}],"curies":[{"name":"wp","href":"https:\/\/api.w.org\/{rel}","templated":true}]}}