{"id":37559,"date":"2026-04-17T10:50:34","date_gmt":"2026-04-17T08:50:34","guid":{"rendered":"https:\/\/premino.pl\/produkt\/ice-dive-dezodorant-w-sprayu-150ml\/"},"modified":"2026-04-17T10:50:47","modified_gmt":"2026-04-17T08:50:47","slug":"ice-dive-dezodorant-w-sprayu-150ml","status":"publish","type":"product","link":"https:\/\/premino.pl\/?product=ice-dive-dezodorant-w-sprayu-150ml","title":{"rendered":"Ice Dive dezodorant w sprayu 150ml"},"content":{"rendered":"<p>Dezodorant w sprayu adidas Ice Dive o zapachu, kt\u00f3ry utrzymuje si\u0119 przez 48 godzin, jest idealny dla m\u0119\u017cczyzn, kt\u00f3rzy maj\u0105 ducha przygody i \u017cyj\u0105 na pe\u0142nych obrotach. Nie pozostawia \u015blad\u00f3w na ubraniach.<\/p>\n<p><b>Nuty zapachowe:<br \/><\/b><br \/><b>Nuta g\u0142owy: <\/b>pomara\u0144cza, mi\u0119ta pieprzowa, grejpfrut, bergamotka<br \/><b>Nuta serca: <\/b>tymianek, lawenda, geranium<br \/><b>Nuta bazy: <\/b>drewno sanda\u0142owe, paczula<\/p>\n<p><strong>Gramatura:<\/strong> ml<br \/>\n<strong>Linia k\u0105pielowa:<\/strong> dezodorant spray<br \/>\n<strong>Nuta bazy:<\/strong> drewno sanda\u0142owe, paczula<br \/>\n<strong>Nuta g\u0142owy:<\/strong> bergamotka, grejpfrut, mi\u0119ta pieprzowa, pomara\u0144cza<br \/>\n<strong>Nuta g\u0142\u00f3wna:<\/strong> aromatyczne<br \/>\n<strong>Nuta serca:<\/strong> geranium, lawenda, tymianek<br \/>\n<strong>Pojemno\u015b\u0107:<\/strong> 150<br \/>\n<strong>P\u0142e\u0107:<\/strong> m\u0119ski<\/p>\n<p><strong>Uwagi:<\/strong><\/p>\n<p>Przechowywa\u0107 z dala od \u017ar\u00f3de\u0142 ciep\u0142a, gor\u0105cych powierzchni, \u017ar\u00f3de\u0142 iskrzenia, otwartego ognia i innych \u017ar\u00f3de\u0142 zap\u0142onu. Skrajnie \u0142atwopalny aerozol. Pojemnik pod ci\u015bnieniem: Ogrzanie grozi wybuchem. Nie pali\u0107. Nie rozpyla\u0107 nad otwartym ogniem lub innym \u017ar\u00f3d\u0142em zap\u0142onu. Nie przek\u0142uwa\u0107 ani nie spala\u0107, nawet po zu\u017cyciu. Chroni\u0107 przed \u015bwiat\u0142em s\u0142onecznym. Chroni\u0107 przed wp\u0142ywem temperatury przekraczaj\u0105cej 50 \u00b0C\/122 \u00b0F. Chroni\u0107 przed dzie\u0107mi. Unika\u0107 wdychania oraz kontaktu z oczami.<\/p>\n<p><strong>Sk\u0142adniki:<\/strong><\/p>\n<p>BUTANE-ISOBUTANE-PROPANE, ALCOHOL DENAT., PARFUM\/FRAGRANCE, PROPYLENE GLYCOL, TETRAMETHYL ACETYLOCTAHYDRONAPHTHALENES, LIMONENE, LINALOOL, LINALYL ACETATE, CITRONELLOL, LAVANDULA OIL\/EXTRACT, PINENE, POGOSTEMON CABLIN OIL, MENTHOL, CITRUS AURANTIUM PEEL OIL, TRIMETHYLBENZENEPROPANOL, HEXYL CINNAMAL, COUMARIN, ANETHOLE, CITRUS AURANTIUM BERGAMIA (BERGAMOT) PEEL OIL, AMYL SALICYLATE, GERANYL ACETATE, MENTHA PIPERITA (PEPPERMINT) OIL, PELARGONIUM GRAVEOLENS FLOWER OIL, CITRAL, CAMPHOR, GERANIOL, BETA-CARYOPHYLLENE, TERPINEOL, ROSE KETONES, MENTHYL PCA, ETHYL MENTHANE CARBOXAMIDE, MENTHYL LACTATE, VANILLYL BUTYL ETHER.<\/p>\n","protected":false},"excerpt":{"rendered":"<p> <strong>Gramatura:<\/strong> ml<br \/>  <strong>Linia k\u0105pielowa:<\/strong> dezodorant spray<br \/>  <strong>Nuta bazy:<\/strong> drewno sanda\u0142owe, paczula<br \/>  <strong>Nuta g\u0142owy:<\/strong> bergamotka, grejpfrut, mi\u0119ta pieprzowa, pomara\u0144cza<br \/>  <strong>Nuta g\u0142\u00f3wna:<\/strong> aromatyczne<br \/>  <strong>Nuta serca:<\/strong> geranium, lawenda, tymianek<br \/>  <strong>Pojemno\u015b\u0107:<\/strong> 150<br \/>  <strong>P\u0142e\u0107:<\/strong> m\u0119ski <\/p>\n","protected":false},"featured_media":37560,"comment_status":"open","ping_status":"closed","template":"","meta":{"_acf_changed":false},"kategoria-hurtowni":[120,87],"product_brand":[121],"product_cat":[76],"product_tag":[],"class_list":{"0":"post-37559","1":"product","2":"type-product","3":"status-publish","4":"has-post-thumbnail","6":"kategoria-hurtowni-linia-kapielowa","7":"kategoria-hurtowni-perfumy","8":"product_brand-adidas","9":"product_cat-primavera","11":"first","12":"outofstock","13":"taxable","14":"shipping-taxable","15":"product-type-simple"},"acf":[],"_links":{"self":[{"href":"https:\/\/premino.pl\/index.php?rest_route=\/wp\/v2\/product\/37559","targetHints":{"allow":["GET"]}}],"collection":[{"href":"https:\/\/premino.pl\/index.php?rest_route=\/wp\/v2\/product"}],"about":[{"href":"https:\/\/premino.pl\/index.php?rest_route=\/wp\/v2\/types\/product"}],"replies":[{"embeddable":true,"href":"https:\/\/premino.pl\/index.php?rest_route=%2Fwp%2Fv2%2Fcomments&post=37559"}],"wp:featuredmedia":[{"embeddable":true,"href":"https:\/\/premino.pl\/index.php?rest_route=\/wp\/v2\/media\/37560"}],"wp:attachment":[{"href":"https:\/\/premino.pl\/index.php?rest_route=%2Fwp%2Fv2%2Fmedia&parent=37559"}],"wp:term":[{"taxonomy":"kategoria-hurtowni","embeddable":true,"href":"https:\/\/premino.pl\/index.php?rest_route=%2Fwp%2Fv2%2Fkategoria-hurtowni&post=37559"},{"taxonomy":"product_brand","embeddable":true,"href":"https:\/\/premino.pl\/index.php?rest_route=%2Fwp%2Fv2%2Fproduct_brand&post=37559"},{"taxonomy":"product_cat","embeddable":true,"href":"https:\/\/premino.pl\/index.php?rest_route=%2Fwp%2Fv2%2Fproduct_cat&post=37559"},{"taxonomy":"product_tag","embeddable":true,"href":"https:\/\/premino.pl\/index.php?rest_route=%2Fwp%2Fv2%2Fproduct_tag&post=37559"}],"curies":[{"name":"wp","href":"https:\/\/api.w.org\/{rel}","templated":true}]}}