{"id":37561,"date":"2026-04-17T10:50:51","date_gmt":"2026-04-17T08:50:51","guid":{"rendered":"https:\/\/premino.pl\/produkt\/squeaky-clean-witaminowa-wcierka-wzmacniajaca-do-wlosow-120ml\/"},"modified":"2026-04-17T10:50:52","modified_gmt":"2026-04-17T08:50:52","slug":"squeaky-clean-witaminowa-wcierka-wzmacniajaca-do-wlosow-120ml","status":"publish","type":"product","link":"https:\/\/premino.pl\/?product=squeaky-clean-witaminowa-wcierka-wzmacniajaca-do-wlosow-120ml","title":{"rendered":"Squeaky Clean witaminowa wcierka wzmacniaj\u0105ca do w\u0142os\u00f3w 120ml"},"content":{"rendered":"<p>Wcierka\u00a0SQUEAKY CLEAN\u00a0to bomba witaminowa dla Twoich w\u0142os\u00f3w! Koktajl witamin C, B, E z ekstraktem z tarczycy bajkalskiej i aceroli widocznie stymuluje wzrost w\u0142os\u00f3w*. Wcierka idealnie wpisuje si\u0119 w trend minimalistycznej, ale skutecznej piel\u0119gnacji sk\u00f3ry g\u0142owy. Wykorzystano w niej po\u0142\u0105czenie kultowego surowca BAICAPIL\u2122 z kompleksem witamin i ca\u0142\u0105 gam\u0105 aktywnych ekstrakt\u00f3w owocowych.<\/p>\n<p>BAICAPIL\u2122\u00a0to ekstrakt z kie\u0142k\u00f3w soi, pszenicy i tarczycy bajkalskiej zawieraj\u0105cy bajkalin\u0119. Bajkalina pobudza kom\u00f3rki macierzyste mieszka w\u0142osowego, przyspiesza i wyd\u0142u\u017ca faz\u0119 anagenu, czyli wzrostu w\u0142osa.<\/p>\n<p>Wcierka jest bezalkoholowa, na bazie wody. Pachnie cytrusowo, energetyzuj\u0105co, przewodnie nuty zapachowe to acerola i pomara\u0144cza.<b><\/b><\/p>\n<p><b>100% badanych* potwierdzi\u0142o, \u017ce wcierka Squeaky Clean:<br \/><\/b>\u2022 sprawia, \u017ce w\u0142osy zauwa\u017calnie szybciej rosn\u0105;<br \/>\u2022 widocznie zmniejsza wypadanie w\u0142os\u00f3w;<br \/>\u2022 widocznie zag\u0119szcza w\u0142osy;<br \/>\u2022 widocznie poprawia stan sk\u00f3ry g\u0142owy;<br \/>\u2022 nie obci\u0105\u017ca w\u0142os\u00f3w.<\/p>\n<p>*badania przeprowadzone na 20 probantach w niezale\u017cnym akredytowanym laboratorium.<b><\/b><\/p>\n<p><b>Spos\u00f3b u\u017cycia:<\/b>\u00a0<br \/>Wstrz\u0105\u015bnij, nanie\u015b niewielk\u0105 porcj\u0119 produktu na wilgotn\u0105 sk\u00f3r\u0119 g\u0142owy po myciu. Delikatnie wmasuj, nie sp\u0142ukuj. Stosuj po ka\u017cdym myciu.<\/p>\n<p><strong>Cz\u0119stotliwo\u015b\u0107 stosowania:<\/strong> dowolnie<br \/>\n<strong>Dzia\u0142anie:<\/strong> dodaj\u0105ce blasku, nawil\u017caj\u0105ce, wzmacnia, zmniejsza wypadanie w\u0142os\u00f3w<br \/>\n<strong>Gramatura:<\/strong> ml<br \/>\n<strong>Henna:<\/strong> nie<br \/>\n<strong>Konsystencja:<\/strong> emulsja<br \/>\n<strong>Linie elitarne:<\/strong> nie<br \/>\n<strong>Pojemno\u015b\u0107:<\/strong> 120<br \/>\n<strong>P\u0142e\u0107:<\/strong> damski<br \/>\n<strong>Rodzaj w\u0142os\u00f3w:<\/strong> do wszystkich rodzaj\u00f3w, wypadaj\u0105ce<br \/>\n<strong>S\u0142o\u0144ce:<\/strong> nie<\/p>\n<p><strong>Uwagi:<\/strong><\/p>\n<p>Osad na dnie jest zjawiskiem naturalnym. Rozpyla\u0107 z daleka od oczu. Przechowywa\u0107 w temperaturze pokojowej.<\/p>\n<p><strong>Sk\u0142adniki:<\/strong><\/p>\n<p>Aqua, Polysorbate 20, Scutellaria Baicalensis Root Extract, Malpighia Glabra Fruit Juice, Niacinamide, Calcium Pantothenate, Sodium Ascorbyl Phosphate, Tocopheryl Acetate, Glycine Soja Germ Extract, Triticum Vulgare Germ Extract, Glycolic Acid, Vitis Vinifera Leaf Extract, Pyridoxine HCl, Tartaric Acid, Propanediol, Arginine, Lactic Acid, Gluconolactone, Malic Acid, Vaccinium Myrtillus Leaf Extract, Pyrus Malus Fruit Extract, Citrus Limon Fruit Extract, Calcium Gluconate, Saccharum Officinarum Extract, Trisodium Ethylenediamine Disuccinate, Citric Acid, Maltodextrin, Panthenol, Sodium Starch Octenylsuccinate, Glycerin, Silica, Sodium Benzoate, Potassium Sorbate, Sodium Levulinate, Parfum, Limonene, Linalool, Citrus Aurantium Peel Oil.<\/p>\n","protected":false},"excerpt":{"rendered":"<p> <strong>Cz\u0119stotliwo\u015b\u0107 stosowania:<\/strong> dowolnie<br \/>  <strong>Dzia\u0142anie:<\/strong> dodaj\u0105ce blasku, nawil\u017caj\u0105ce, wzmacnia, zmniejsza wypadanie w\u0142os\u00f3w<br \/>  <strong>Gramatura:<\/strong> ml<br \/>  <strong>Henna:<\/strong> nie<br \/>  <strong>Konsystencja:<\/strong> emulsja<br \/>  <strong>Linie elitarne:<\/strong> nie<br \/>  <strong>Pojemno\u015b\u0107:<\/strong> 120<br \/>  <strong>P\u0142e\u0107:<\/strong> damski<br \/>  <strong>Rodzaj w\u0142os\u00f3w:<\/strong> do wszystkich rodzaj\u00f3w, wypadaj\u0105ce<br \/>  <strong>S\u0142o\u0144ce:<\/strong> nie <\/p>\n","protected":false},"featured_media":37562,"comment_status":"open","ping_status":"closed","template":"","meta":{"_acf_changed":false},"kategoria-hurtowni":[90,122,112],"product_brand":[123],"product_cat":[76],"product_tag":[],"class_list":{"0":"post-37561","1":"product","2":"type-product","3":"status-publish","4":"has-post-thumbnail","6":"kategoria-hurtowni-pielegnacja","7":"kategoria-hurtowni-pielegnacja-wlosow","8":"kategoria-hurtowni-wlosy","9":"product_brand-hairy-tale","10":"product_cat-primavera","12":"first","13":"outofstock","14":"taxable","15":"shipping-taxable","16":"product-type-simple"},"acf":[],"_links":{"self":[{"href":"https:\/\/premino.pl\/index.php?rest_route=\/wp\/v2\/product\/37561","targetHints":{"allow":["GET"]}}],"collection":[{"href":"https:\/\/premino.pl\/index.php?rest_route=\/wp\/v2\/product"}],"about":[{"href":"https:\/\/premino.pl\/index.php?rest_route=\/wp\/v2\/types\/product"}],"replies":[{"embeddable":true,"href":"https:\/\/premino.pl\/index.php?rest_route=%2Fwp%2Fv2%2Fcomments&post=37561"}],"wp:featuredmedia":[{"embeddable":true,"href":"https:\/\/premino.pl\/index.php?rest_route=\/wp\/v2\/media\/37562"}],"wp:attachment":[{"href":"https:\/\/premino.pl\/index.php?rest_route=%2Fwp%2Fv2%2Fmedia&parent=37561"}],"wp:term":[{"taxonomy":"kategoria-hurtowni","embeddable":true,"href":"https:\/\/premino.pl\/index.php?rest_route=%2Fwp%2Fv2%2Fkategoria-hurtowni&post=37561"},{"taxonomy":"product_brand","embeddable":true,"href":"https:\/\/premino.pl\/index.php?rest_route=%2Fwp%2Fv2%2Fproduct_brand&post=37561"},{"taxonomy":"product_cat","embeddable":true,"href":"https:\/\/premino.pl\/index.php?rest_route=%2Fwp%2Fv2%2Fproduct_cat&post=37561"},{"taxonomy":"product_tag","embeddable":true,"href":"https:\/\/premino.pl\/index.php?rest_route=%2Fwp%2Fv2%2Fproduct_tag&post=37561"}],"curies":[{"name":"wp","href":"https:\/\/api.w.org\/{rel}","templated":true}]}}