{"id":37583,"date":"2026-04-17T10:51:06","date_gmt":"2026-04-17T08:51:06","guid":{"rendered":"https:\/\/premino.pl\/produkt\/vibration-coconut-zel-intymny-15ml\/"},"modified":"2026-04-17T10:51:07","modified_gmt":"2026-04-17T08:51:07","slug":"vibration-coconut-zel-intymny-15ml","status":"publish","type":"product","link":"https:\/\/premino.pl\/?product=vibration-coconut-zel-intymny-15ml","title":{"rendered":"Vibration! Coconut \u017cel intymny 15ml"},"content":{"rendered":"<p>Stworzony z ro\u015blin amazo\u0144skich las\u00f3w, produkt ma wspania\u0142y aromat kokosa oraz niezwyk\u0142e \u0142askocz\u0105ce, pulsuj\u0105ce i rozgrzewaj\u0105ce dzia\u0142anie. Wzmocnij sw\u00f3j orgazm jak nigdy przedtem. Produkt dla niej i dla niego.<\/p>\n<p><b>Instrukcja u\u017cycia: <\/b>Zastosowa\u0107 2 dawki sprayu na \u0142echtaczk\u0119 lub 1 na ca\u0142ego penisa i odczeka\u0107 kilka sekund, aby zacz\u0105\u0107 odczuwa\u0107 wszystkie doznania.<\/p>\n<p><strong>Gramatura:<\/strong> ml<br \/>\n<strong>Pojemno\u015b\u0107:<\/strong> 15<br \/>\n<strong>P\u0142e\u0107:<\/strong> unisex<\/p>\n<p><strong>Uwagi:<\/strong><\/p>\n<p>W przypadku podra\u017cnienia lub dyskomfortu, przerwa\u0107 stosowanie. Przechowywa\u0107 poza zasi\u0119giem dzieci. Unika\u0107 kontaktu z oczami, a w przypadku kontaktu przemy\u0107 du\u017c\u0105 ilo\u015bci\u0105 wody. Nie stosowa\u0107 na podra\u017cnion\u0105 sk\u00f3r\u0119. Przechowywa\u0107 w ch\u0142odnym, wentylowanym miejscu. Nie u\u017cywa\u0107 ponownie opakowania.<\/p>\n<p><strong>Sk\u0142adniki:<\/strong><\/p>\n<p>Aqua, Glycerin, Hydroxyethlycelulose, Acmella Oleacera Extract, Sodium Saccharin, Sodium Benzoate, Aroma, BHT<\/p>\n","protected":false},"excerpt":{"rendered":"<p> <strong>Gramatura:<\/strong> ml<br \/>  <strong>Pojemno\u015b\u0107:<\/strong> 15<br \/>  <strong>P\u0142e\u0107:<\/strong> unisex <\/p>\n","protected":false},"featured_media":37584,"comment_status":"open","ping_status":"closed","template":"","meta":{"_acf_changed":false},"kategoria-hurtowni":[134,135],"product_brand":[136],"product_cat":[76],"product_tag":[],"class_list":{"0":"post-37583","1":"product","2":"type-product","3":"status-publish","4":"has-post-thumbnail","6":"kategoria-hurtowni-intymne","7":"kategoria-hurtowni-zele-intymne","8":"product_brand-intt","9":"product_cat-primavera","11":"first","12":"outofstock","13":"taxable","14":"shipping-taxable","15":"product-type-simple"},"acf":[],"_links":{"self":[{"href":"https:\/\/premino.pl\/index.php?rest_route=\/wp\/v2\/product\/37583","targetHints":{"allow":["GET"]}}],"collection":[{"href":"https:\/\/premino.pl\/index.php?rest_route=\/wp\/v2\/product"}],"about":[{"href":"https:\/\/premino.pl\/index.php?rest_route=\/wp\/v2\/types\/product"}],"replies":[{"embeddable":true,"href":"https:\/\/premino.pl\/index.php?rest_route=%2Fwp%2Fv2%2Fcomments&post=37583"}],"wp:featuredmedia":[{"embeddable":true,"href":"https:\/\/premino.pl\/index.php?rest_route=\/wp\/v2\/media\/37584"}],"wp:attachment":[{"href":"https:\/\/premino.pl\/index.php?rest_route=%2Fwp%2Fv2%2Fmedia&parent=37583"}],"wp:term":[{"taxonomy":"kategoria-hurtowni","embeddable":true,"href":"https:\/\/premino.pl\/index.php?rest_route=%2Fwp%2Fv2%2Fkategoria-hurtowni&post=37583"},{"taxonomy":"product_brand","embeddable":true,"href":"https:\/\/premino.pl\/index.php?rest_route=%2Fwp%2Fv2%2Fproduct_brand&post=37583"},{"taxonomy":"product_cat","embeddable":true,"href":"https:\/\/premino.pl\/index.php?rest_route=%2Fwp%2Fv2%2Fproduct_cat&post=37583"},{"taxonomy":"product_tag","embeddable":true,"href":"https:\/\/premino.pl\/index.php?rest_route=%2Fwp%2Fv2%2Fproduct_tag&post=37583"}],"curies":[{"name":"wp","href":"https:\/\/api.w.org\/{rel}","templated":true}]}}