{"id":37595,"date":"2026-04-17T10:51:06","date_gmt":"2026-04-17T08:51:06","guid":{"rendered":"https:\/\/premino.pl\/produkt\/hotcold-lubrykant-na-bazie-wody-100ml\/"},"modified":"2026-04-17T10:51:14","modified_gmt":"2026-04-17T08:51:14","slug":"hotcold-lubrykant-na-bazie-wody-100ml","status":"publish","type":"product","link":"https:\/\/premino.pl\/?product=hotcold-lubrykant-na-bazie-wody-100ml","title":{"rendered":"Hot&amp;Cold lubrykant na bazie wody 100ml"},"content":{"rendered":"<p>Lubrykant na bazie wody o smaku mi\u0119towym. Wywo\u0142uje natychmiastowy efekt ch\u0142odu, po kt\u00f3rym nast\u0119puje uczucie ciep\u0142a podczas ruch\u00f3w masuj\u0105cych. Naturalny sk\u0142ad, kompatybilny z prezerwatywami i zabawkami erotycznymi.<\/p>\n<p><b>Zalecane u\u017cycie:<\/b> Na\u0142\u00f3\u017c niewielk\u0105 ilo\u015b\u0107 na cia\u0142o i odczekaj kilka minut.<\/p>\n<p><strong>Gramatura:<\/strong> ml<br \/>\n<strong>Pojemno\u015b\u0107:<\/strong> 100<br \/>\n<strong>P\u0142e\u0107:<\/strong> unisex<\/p>\n<p><strong>Uwagi:<\/strong><\/p>\n<p>W przypadku podra\u017cnienia lub dyskomfortu, przerwa\u0107 stosowanie. Przechowywa\u0107 poza zasi\u0119giem dzieci. Unika\u0107 kontaktu z oczami, a w przypadku kontaktu przemy\u0107 du\u017c\u0105 ilo\u015bci\u0105 wody. Nie stosowa\u0107 na podra\u017cnion\u0105 sk\u00f3r\u0119. Przechowywa\u0107 w ch\u0142odnym, wentylowanym miejscu. Nie u\u017cywa\u0107 ponownie opakowania.<\/p>\n<p><strong>Sk\u0142adniki:<\/strong><\/p>\n<p>Gliceryna ro\u015blinna, woda, mleczan sodu, guma ksantanowa, kwas lewulinowy, lewulinian sodu, kwas mlekowy, alkohol<\/p>\n","protected":false},"excerpt":{"rendered":"<p> <strong>Gramatura:<\/strong> ml<br \/>  <strong>Pojemno\u015b\u0107:<\/strong> 100<br \/>  <strong>P\u0142e\u0107:<\/strong> unisex <\/p>\n","protected":false},"featured_media":37596,"comment_status":"open","ping_status":"closed","template":"","meta":{"_acf_changed":false},"kategoria-hurtowni":[134,135],"product_brand":[136],"product_cat":[76],"product_tag":[],"class_list":{"0":"post-37595","1":"product","2":"type-product","3":"status-publish","4":"has-post-thumbnail","6":"kategoria-hurtowni-intymne","7":"kategoria-hurtowni-zele-intymne","8":"product_brand-intt","9":"product_cat-primavera","11":"first","12":"outofstock","13":"taxable","14":"shipping-taxable","15":"product-type-simple"},"acf":[],"_links":{"self":[{"href":"https:\/\/premino.pl\/index.php?rest_route=\/wp\/v2\/product\/37595","targetHints":{"allow":["GET"]}}],"collection":[{"href":"https:\/\/premino.pl\/index.php?rest_route=\/wp\/v2\/product"}],"about":[{"href":"https:\/\/premino.pl\/index.php?rest_route=\/wp\/v2\/types\/product"}],"replies":[{"embeddable":true,"href":"https:\/\/premino.pl\/index.php?rest_route=%2Fwp%2Fv2%2Fcomments&post=37595"}],"wp:featuredmedia":[{"embeddable":true,"href":"https:\/\/premino.pl\/index.php?rest_route=\/wp\/v2\/media\/37596"}],"wp:attachment":[{"href":"https:\/\/premino.pl\/index.php?rest_route=%2Fwp%2Fv2%2Fmedia&parent=37595"}],"wp:term":[{"taxonomy":"kategoria-hurtowni","embeddable":true,"href":"https:\/\/premino.pl\/index.php?rest_route=%2Fwp%2Fv2%2Fkategoria-hurtowni&post=37595"},{"taxonomy":"product_brand","embeddable":true,"href":"https:\/\/premino.pl\/index.php?rest_route=%2Fwp%2Fv2%2Fproduct_brand&post=37595"},{"taxonomy":"product_cat","embeddable":true,"href":"https:\/\/premino.pl\/index.php?rest_route=%2Fwp%2Fv2%2Fproduct_cat&post=37595"},{"taxonomy":"product_tag","embeddable":true,"href":"https:\/\/premino.pl\/index.php?rest_route=%2Fwp%2Fv2%2Fproduct_tag&post=37595"}],"curies":[{"name":"wp","href":"https:\/\/api.w.org\/{rel}","templated":true}]}}