{"id":38157,"date":"2026-04-17T10:57:54","date_gmt":"2026-04-17T08:57:54","guid":{"rendered":"https:\/\/premino.pl\/produkt\/developer-activador-utleniacz-do-wlosow-15vol-4-5-500ml\/"},"modified":"2026-04-17T10:58:09","modified_gmt":"2026-04-17T08:58:09","slug":"developer-activador-utleniacz-do-wlosow-15vol-4-5-500ml","status":"publish","type":"product","link":"https:\/\/premino.pl\/?product=developer-activador-utleniacz-do-wlosow-15vol-4-5-500ml","title":{"rendered":"Developer Activador utleniacz do w\u0142os\u00f3w 15vol 4.5% 500ml"},"content":{"rendered":"<p>Kremowy aktywator na bazie nadtlenku wodoru, przeznaczony do stosowania w procesach koloryzacji w\u0142os\u00f3w. Odpowiada za aktywacj\u0119 farby lub rozja\u015bniacza, umo\u017cliwiaj\u0105c uzyskanie trwa\u0142ego i r\u00f3wnomiernego efektu.<\/p>\n<p>St\u0119\u017cenie 4,5% (15 vol) zapewnia delikatne rozja\u015bnienie oraz skuteczne utrwalenie koloru, dzi\u0119ki czemu produkt idealnie sprawdza si\u0119 przy subtelnym rozja\u015bnianiu oraz tonowaniu w\u0142os\u00f3w.<\/p>\n<p>Formu\u0142a pomaga otworzy\u0107 \u0142uski w\u0142osa, co umo\u017cliwia wnikanie pigment\u00f3w w jego struktur\u0119, zwi\u0119kszaj\u0105c efektywno\u015b\u0107 koloryzacji i trwa\u0142o\u015b\u0107 uzyskanego efektu.<\/p>\n<p>Aktywator zosta\u0142 opracowany specjalnie do stosowania z produktami koloryzuj\u0105cymi American Crew, co gwarantuje profesjonalne rezultaty.<\/p>\n<p><b>Spos\u00f3b u\u017cycia:<br \/><\/b>Najlepsze efekty uzyskasz, stosuj\u0105c produkt na \u015bwie\u017co umytych w\u0142osach. Po umyciu na\u0142\u00f3\u017c farb\u0119 American Crew Precision Blend w odcieniu dopasowanym do Twojego naturalnego koloru. W miseczce wymieszaj farb\u0119 z utleniaczem 4,5% w proporcji 1:1. Przy w\u0142osach o d\u0142ugo\u015bci oko\u0142o 2,5 cm wystarczy oko\u0142o 20 ml mieszanki. Na\u0142\u00f3\u017c r\u00f3wnomiernie na w\u0142osy (u\u017cywaj\u0105c r\u0119kawiczek i zabezpieczaj\u0105c ubranie). Staraj si\u0119, aby aplikacja nie trwa\u0142a d\u0142u\u017cej ni\u017c 4 minuty. Nast\u0119pnie pozostaw produkt na kolejne 5 minut, aby kolor m\u00f3g\u0142 si\u0119 rozwin\u0105\u0107. Po tym czasie dok\u0142adnie sp\u0142ucz i zastosuj od\u017cywk\u0119.<\/p>\n<p><strong>Gramatura:<\/strong> ml<br \/>\n<strong>Henna:<\/strong> nie<br \/>\n<strong>Kolor:<\/strong> 4.5%<br \/>\n<strong>Konsystencja:<\/strong> emulsja<br \/>\n<strong>Linie elitarne:<\/strong> nie<br \/>\n<strong>Pojemno\u015b\u0107:<\/strong> 500<br \/>\n<strong>P\u0142e\u0107:<\/strong> m\u0119ski<br \/>\n<strong>S\u0142o\u0144ce:<\/strong> nie<\/p>\n<p><strong>Uwagi:<\/strong><\/p>\n<p>Produkty do koloryzacji w\u0142os\u00f3w, takie jak farby p\u00f3\u0142trwa\u0142e, farby trwa\u0142e, tonery, nadtlenki i rozja\u015bniacze, mog\u0105 powodowa\u0107 reakcje alergiczne, kt\u00f3re w rzadkich przypadkach mog\u0105 by\u0107 powa\u017cne. Przed ka\u017cdym u\u017cyciem nale\u017cy wykona\u0107 test nadwra\u017cliwo\u015bci i test p\u0142atkowy na alergi\u0119 48 godzin przed u\u017cyciem. Nale\u017cy uwa\u017cnie przeczyta\u0107 instrukcj\u0119 i post\u0119powa\u0107 zgodnie z ni\u0105. Produkt\u00f3w tych nie nale\u017cy stosowa\u0107 na rz\u0119sy ani brwi. Mo\u017ce to spowodowa\u0107 utrat\u0119 wzroku. Nale\u017cy nosi\u0107 odpowiednie r\u0119kawice. Przechowywa\u0107 poza zasi\u0119giem dzieci.<\/p>\n<p><strong>Sk\u0142adniki:<\/strong><\/p>\n<p>Water (Aqua), Hydrogen Peroxide, Cetearyl Alcohol, Steareth-21, Steareth-2, Cetyl Alcohol, Propylene Glycol, Glyceryl Stearate SE, Sodium Stannate, Sodium Laureth Sulfate, Sodium Metabisulfite, Fragrance (Parfum), Phenoxyethanol, Ethylhexylglycerin.<\/p>\n","protected":false},"excerpt":{"rendered":"<p> <strong>Gramatura:<\/strong> ml<br \/>  <strong>Henna:<\/strong> nie<br \/>  <strong>Kolor:<\/strong> 4.5%<br \/>  <strong>Konsystencja:<\/strong> emulsja<br \/>  <strong>Linie elitarne:<\/strong> nie<br \/>  <strong>Pojemno\u015b\u0107:<\/strong> 500<br \/>  <strong>P\u0142e\u0107:<\/strong> m\u0119ski<br \/>  <strong>S\u0142o\u0144ce:<\/strong> nie <\/p>\n","protected":false},"featured_media":38158,"comment_status":"open","ping_status":"closed","template":"","meta":{"_acf_changed":false},"kategoria-hurtowni":[147,90,195,112],"product_brand":[208],"product_cat":[76],"product_tag":[],"class_list":{"0":"post-38157","1":"product","2":"type-product","3":"status-publish","4":"has-post-thumbnail","6":"kategoria-hurtowni-koloryzacja","7":"kategoria-hurtowni-pielegnacja","8":"kategoria-hurtowni-utleniacz","9":"kategoria-hurtowni-wlosy","10":"product_brand-american-crew","11":"product_cat-primavera","13":"first","14":"outofstock","15":"taxable","16":"shipping-taxable","17":"product-type-simple"},"acf":[],"_links":{"self":[{"href":"https:\/\/premino.pl\/index.php?rest_route=\/wp\/v2\/product\/38157","targetHints":{"allow":["GET"]}}],"collection":[{"href":"https:\/\/premino.pl\/index.php?rest_route=\/wp\/v2\/product"}],"about":[{"href":"https:\/\/premino.pl\/index.php?rest_route=\/wp\/v2\/types\/product"}],"replies":[{"embeddable":true,"href":"https:\/\/premino.pl\/index.php?rest_route=%2Fwp%2Fv2%2Fcomments&post=38157"}],"wp:featuredmedia":[{"embeddable":true,"href":"https:\/\/premino.pl\/index.php?rest_route=\/wp\/v2\/media\/38158"}],"wp:attachment":[{"href":"https:\/\/premino.pl\/index.php?rest_route=%2Fwp%2Fv2%2Fmedia&parent=38157"}],"wp:term":[{"taxonomy":"kategoria-hurtowni","embeddable":true,"href":"https:\/\/premino.pl\/index.php?rest_route=%2Fwp%2Fv2%2Fkategoria-hurtowni&post=38157"},{"taxonomy":"product_brand","embeddable":true,"href":"https:\/\/premino.pl\/index.php?rest_route=%2Fwp%2Fv2%2Fproduct_brand&post=38157"},{"taxonomy":"product_cat","embeddable":true,"href":"https:\/\/premino.pl\/index.php?rest_route=%2Fwp%2Fv2%2Fproduct_cat&post=38157"},{"taxonomy":"product_tag","embeddable":true,"href":"https:\/\/premino.pl\/index.php?rest_route=%2Fwp%2Fv2%2Fproduct_tag&post=38157"}],"curies":[{"name":"wp","href":"https:\/\/api.w.org\/{rel}","templated":true}]}}