{"id":38159,"date":"2026-04-17T10:57:54","date_gmt":"2026-04-17T08:57:54","guid":{"rendered":"https:\/\/premino.pl\/produkt\/summanus-perfumy-spray-100ml\/"},"modified":"2026-04-17T10:58:12","modified_gmt":"2026-04-17T08:58:12","slug":"summanus-perfumy-spray-100ml","status":"publish","type":"product","link":"https:\/\/premino.pl\/?product=summanus-perfumy-spray-100ml","title":{"rendered":"Summanus perfumy spray 100ml"},"content":{"rendered":"<p>Summanus by\u0142 rzymskim bogiem nocnych grzmot\u00f3w i tajemniczym w\u0142adc\u0105 ciemno\u015bci. Ten zapach stanowi ho\u0142d dla cz\u0119sto zapomnianego, mrocznego odpowiednika Jowisza \u2013 urzeka elektryzuj\u0105cym akordem przypraw i g\u0142\u0119bok\u0105, nastrojow\u0105 baz\u0105.<\/p>\n<p><b>Nuty zapachowe:<br \/><\/b><br \/><b>Nuta g\u0142owy: <\/b>kardamon, czarny pieprz, pomara\u0144cza, elemi, sosna, imbir, bergamotka<br \/><b>Nuta serca: <\/b>r\u00f3\u017ca bu\u0142garska, bursztyn, koniak, ja\u015bmin, amyris<br \/><b>Nuta bazy: <\/b>drzewo sanda\u0142owe, cypriol, fasolka tonka, cedr<\/p>\n<p><strong>Gramatura:<\/strong> ml<br \/>\n<strong>Linia k\u0105pielowa:<\/strong> nie<br \/>\n<strong>Miniatura:<\/strong> nie<br \/>\n<strong>Nuta bazy:<\/strong> cedr, cypriol, drzewo sanda\u0142owe, fasolka tonka<br \/>\n<strong>Nuta g\u0142owy:<\/strong> bergamotka, czarny pieprz, elemi, imbir, kardamon, pomara\u0144cza, sosna<br \/>\n<strong>Nuta g\u0142\u00f3wna:<\/strong> ciep\u0142a korzenna , drzewne<br \/>\n<strong>Nuta serca:<\/strong> amyris, bursztyn, ja\u015bmin, koniak, r\u00f3\u017ca bu\u0142garska<br \/>\n<strong>Pojemno\u015b\u0107:<\/strong> 100<br \/>\n<strong>Produkt rzadki:<\/strong> tak<br \/>\n<strong>Pr\u00f3bka:<\/strong> nie<br \/>\n<strong>P\u0142e\u0107:<\/strong> unisex<br \/>\n<strong>Rodzaj:<\/strong> perfumy<br \/>\n<strong>Tester:<\/strong> nie<br \/>\n<strong>Zapach alternatywny:<\/strong> nie<br \/>\n<strong>Zestaw:<\/strong> nie<\/p>\n<p><strong>Uwagi:<\/strong><\/p>\n<p>PRODUKT \u0141ATWOPALNY. TYLKO DO U\u017bYTKU ZEWN\u0118TRZNEGO. UNIKA\u0106 KONTAKTU Z OCZAMI. PRZECHOWYWA\u0106 Z DALA OD \u0179R\u00d3DE\u0141 CIEP\u0141A I OGNIA.\u00a0TRZYMA\u0106 POZA ZASI\u0118GIEM DZIECI.<\/p>\n<p><strong>Sk\u0142adniki:<\/strong><\/p>\n<p>Alcohol Denat. Parfum [Fragrance]. Citronellol, Linalool, Limonene, Geraniol, IsoMethyl Ionone, Benzyl Alcohol, Hexyl Cinnamal, Eugenol, Evernia Prunastri (oakmoss) Extract, HydroxyCitronellal, Citral, Benzyl Benzoate, Courmarin, Benzyl Salicylate, Cinnamyl Alcohol.<\/p>\n","protected":false},"excerpt":{"rendered":"<p> <strong>Gramatura:<\/strong> ml<br \/>  <strong>Linia k\u0105pielowa:<\/strong> nie<br \/>  <strong>Miniatura:<\/strong> nie<br \/>  <strong>Nuta bazy:<\/strong> cedr, cypriol, drzewo sanda\u0142owe, fasolka tonka<br \/>  <strong>Nuta g\u0142owy:<\/strong> bergamotka, czarny pieprz, elemi, imbir, kardamon, pomara\u0144cza, sosna<br \/>  <strong>Nuta g\u0142\u00f3wna:<\/strong> ciep\u0142a korzenna , drzewne<br \/>  <strong>Nuta serca:<\/strong> amyris, bursztyn, ja\u015bmin, koniak, r\u00f3\u017ca bu\u0142garska<br \/>  <strong>Pojemno\u015b\u0107:<\/strong> 100<br \/>  <strong>Produkt rzadki:<\/strong> tak<br \/>  <strong>Pr\u00f3bka:<\/strong> nie<br \/>  <strong>P\u0142e\u0107:<\/strong> unisex<br \/>  <strong>Rodzaj:<\/strong> perfumy<br \/>  <strong>Tester:<\/strong> nie<br \/>  <strong>Zapach alternatywny:<\/strong> nie<br \/>  <strong>Zestaw:<\/strong> nie <\/p>\n","protected":false},"featured_media":38160,"comment_status":"open","ping_status":"closed","template":"","meta":{"_acf_changed":false},"kategoria-hurtowni":[87,88],"product_brand":[209],"product_cat":[76],"product_tag":[],"class_list":{"0":"post-38159","1":"product","2":"type-product","3":"status-publish","4":"has-post-thumbnail","6":"kategoria-hurtowni-perfumy","7":"kategoria-hurtowni-zapachy","8":"product_brand-electimuss","9":"product_cat-primavera","11":"first","12":"outofstock","13":"taxable","14":"shipping-taxable","15":"product-type-simple"},"acf":[],"_links":{"self":[{"href":"https:\/\/premino.pl\/index.php?rest_route=\/wp\/v2\/product\/38159","targetHints":{"allow":["GET"]}}],"collection":[{"href":"https:\/\/premino.pl\/index.php?rest_route=\/wp\/v2\/product"}],"about":[{"href":"https:\/\/premino.pl\/index.php?rest_route=\/wp\/v2\/types\/product"}],"replies":[{"embeddable":true,"href":"https:\/\/premino.pl\/index.php?rest_route=%2Fwp%2Fv2%2Fcomments&post=38159"}],"wp:featuredmedia":[{"embeddable":true,"href":"https:\/\/premino.pl\/index.php?rest_route=\/wp\/v2\/media\/38160"}],"wp:attachment":[{"href":"https:\/\/premino.pl\/index.php?rest_route=%2Fwp%2Fv2%2Fmedia&parent=38159"}],"wp:term":[{"taxonomy":"kategoria-hurtowni","embeddable":true,"href":"https:\/\/premino.pl\/index.php?rest_route=%2Fwp%2Fv2%2Fkategoria-hurtowni&post=38159"},{"taxonomy":"product_brand","embeddable":true,"href":"https:\/\/premino.pl\/index.php?rest_route=%2Fwp%2Fv2%2Fproduct_brand&post=38159"},{"taxonomy":"product_cat","embeddable":true,"href":"https:\/\/premino.pl\/index.php?rest_route=%2Fwp%2Fv2%2Fproduct_cat&post=38159"},{"taxonomy":"product_tag","embeddable":true,"href":"https:\/\/premino.pl\/index.php?rest_route=%2Fwp%2Fv2%2Fproduct_tag&post=38159"}],"curies":[{"name":"wp","href":"https:\/\/api.w.org\/{rel}","templated":true}]}}