{"id":38161,"date":"2026-04-17T10:57:54","date_gmt":"2026-04-17T08:57:54","guid":{"rendered":"https:\/\/premino.pl\/produkt\/capua-perfumy-spray-100ml\/"},"modified":"2026-04-17T10:58:13","modified_gmt":"2026-04-17T08:58:13","slug":"capua-perfumy-spray-100ml","status":"publish","type":"product","link":"https:\/\/premino.pl\/?product=capua-perfumy-spray-100ml","title":{"rendered":"Capua perfumy spray 100ml"},"content":{"rendered":"<p>Staro\u017cytne rzemios\u0142o perfumiarstwa osi\u0105gn\u0119\u0142o sw\u00f3j rozkwit w czasach rzymskich, a Kapua sta\u0142a si\u0119 jego prawdziwym centrum. To w\u0142a\u015bnie to miasto zainspirowa\u0142o powstanie niezwykle zmys\u0142owego i intryguj\u0105cego zapachu, kt\u00f3ry przyci\u0105ga uwag\u0119 i pozostawia niezapomniane wra\u017cenie.<\/p>\n<p><b>Nuty zapachowe:<br \/><\/b><br \/><b>Nuta g\u0142owy: <\/b>elemi, bergamotka, cyprys, aksamitka<br \/><b>Nuta serca: <\/b>cedr, kadzid\u0142o, kmin<br \/><b>Nuta bazy: <\/b>wetyweria, cedr, drzewo kaszmirowe, bursztyn<\/p>\n<p><strong>Gramatura:<\/strong> ml<br \/>\n<strong>Linia k\u0105pielowa:<\/strong> nie<br \/>\n<strong>Miniatura:<\/strong> nie<br \/>\n<strong>Nuta bazy:<\/strong> bursztyn, cedr, drzewo kaszmirowe, wetyweria<br \/>\n<strong>Nuta g\u0142owy:<\/strong> aksamitka, bergamotka, cyprys, elemi<br \/>\n<strong>Nuta g\u0142\u00f3wna:<\/strong> aromatyczne, drzewne<br \/>\n<strong>Nuta serca:<\/strong> cedr, kadzid\u0142o, kmin<br \/>\n<strong>Pojemno\u015b\u0107:<\/strong> 100<br \/>\n<strong>Produkt rzadki:<\/strong> tak<br \/>\n<strong>Pr\u00f3bka:<\/strong> nie<br \/>\n<strong>P\u0142e\u0107:<\/strong> unisex<br \/>\n<strong>Rodzaj:<\/strong> perfumy<br \/>\n<strong>Tester:<\/strong> nie<br \/>\n<strong>Zapach alternatywny:<\/strong> nie<br \/>\n<strong>Zestaw:<\/strong> nie<\/p>\n<p><strong>Uwagi:<\/strong><\/p>\n<p>PRODUKT \u0141ATWOPALNY. TYLKO DO U\u017bYTKU ZEWN\u0118TRZNEGO. UNIKA\u0106 KONTAKTU Z OCZAMI. PRZECHOWYWA\u0106 Z DALA OD \u0179R\u00d3DE\u0141 CIEP\u0141A I OGNIA.\u00a0TRZYMA\u0106 POZA ZASI\u0118GIEM DZIECI.<\/p>\n<p><strong>Sk\u0142adniki:<\/strong><\/p>\n<p>Alcohol Denat. Parfum [Fragrance]. BHT, Limonene, Benzyl Alcohol, Alpha-IsoMethyl Ionone, Cinnamal, Linalool, IsoEugenol.<\/p>\n","protected":false},"excerpt":{"rendered":"<p> <strong>Gramatura:<\/strong> ml<br \/>  <strong>Linia k\u0105pielowa:<\/strong> nie<br \/>  <strong>Miniatura:<\/strong> nie<br \/>  <strong>Nuta bazy:<\/strong> bursztyn, cedr, drzewo kaszmirowe, wetyweria<br \/>  <strong>Nuta g\u0142owy:<\/strong> aksamitka, bergamotka, cyprys, elemi<br \/>  <strong>Nuta g\u0142\u00f3wna:<\/strong> aromatyczne, drzewne<br \/>  <strong>Nuta serca:<\/strong> cedr, kadzid\u0142o, kmin<br \/>  <strong>Pojemno\u015b\u0107:<\/strong> 100<br \/>  <strong>Produkt rzadki:<\/strong> tak<br \/>  <strong>Pr\u00f3bka:<\/strong> nie<br \/>  <strong>P\u0142e\u0107:<\/strong> unisex<br \/>  <strong>Rodzaj:<\/strong> perfumy<br \/>  <strong>Tester:<\/strong> nie<br \/>  <strong>Zapach alternatywny:<\/strong> nie<br \/>  <strong>Zestaw:<\/strong> nie <\/p>\n","protected":false},"featured_media":38162,"comment_status":"open","ping_status":"closed","template":"","meta":{"_acf_changed":false},"kategoria-hurtowni":[87,88],"product_brand":[209],"product_cat":[76],"product_tag":[],"class_list":{"0":"post-38161","1":"product","2":"type-product","3":"status-publish","4":"has-post-thumbnail","6":"kategoria-hurtowni-perfumy","7":"kategoria-hurtowni-zapachy","8":"product_brand-electimuss","9":"product_cat-primavera","11":"first","12":"outofstock","13":"taxable","14":"shipping-taxable","15":"product-type-simple"},"acf":[],"_links":{"self":[{"href":"https:\/\/premino.pl\/index.php?rest_route=\/wp\/v2\/product\/38161","targetHints":{"allow":["GET"]}}],"collection":[{"href":"https:\/\/premino.pl\/index.php?rest_route=\/wp\/v2\/product"}],"about":[{"href":"https:\/\/premino.pl\/index.php?rest_route=\/wp\/v2\/types\/product"}],"replies":[{"embeddable":true,"href":"https:\/\/premino.pl\/index.php?rest_route=%2Fwp%2Fv2%2Fcomments&post=38161"}],"wp:featuredmedia":[{"embeddable":true,"href":"https:\/\/premino.pl\/index.php?rest_route=\/wp\/v2\/media\/38162"}],"wp:attachment":[{"href":"https:\/\/premino.pl\/index.php?rest_route=%2Fwp%2Fv2%2Fmedia&parent=38161"}],"wp:term":[{"taxonomy":"kategoria-hurtowni","embeddable":true,"href":"https:\/\/premino.pl\/index.php?rest_route=%2Fwp%2Fv2%2Fkategoria-hurtowni&post=38161"},{"taxonomy":"product_brand","embeddable":true,"href":"https:\/\/premino.pl\/index.php?rest_route=%2Fwp%2Fv2%2Fproduct_brand&post=38161"},{"taxonomy":"product_cat","embeddable":true,"href":"https:\/\/premino.pl\/index.php?rest_route=%2Fwp%2Fv2%2Fproduct_cat&post=38161"},{"taxonomy":"product_tag","embeddable":true,"href":"https:\/\/premino.pl\/index.php?rest_route=%2Fwp%2Fv2%2Fproduct_tag&post=38161"}],"curies":[{"name":"wp","href":"https:\/\/api.w.org\/{rel}","templated":true}]}}