{"id":38725,"date":"2026-04-17T11:05:10","date_gmt":"2026-04-17T09:05:10","guid":{"rendered":"https:\/\/premino.pl\/produkt\/uomo-born-in-roma-purple-melancholia-woda-toaletowa-spray-50ml\/"},"modified":"2026-04-17T11:05:12","modified_gmt":"2026-04-17T09:05:12","slug":"uomo-born-in-roma-purple-melancholia-woda-toaletowa-spray-50ml","status":"publish","type":"product","link":"https:\/\/premino.pl\/?product=uomo-born-in-roma-purple-melancholia-woda-toaletowa-spray-50ml","title":{"rendered":"Uomo Born in Roma Purple Melancholia woda toaletowa spray 50ml"},"content":{"rendered":"<p>Uomo Born in Roma Purple Melancholia to zapach, kt\u00f3ry budzi nostalgi\u0119, otulaj\u0105c wspomnienia przyjemnym ciep\u0142em przy ka\u017cdym u\u017cyciu. Stworzony nie tylko po to, by go nosi\u0107, lecz by na d\u0142ugo pozosta\u0142 w pami\u0119ci.<\/p>\n<p><b>Nuty zapachowe:<br \/><\/b><br \/><b>Nuta g\u0142owy: <\/b>kardamon<br \/><b>Nuta serca: <\/b>kokos, lawenda<br \/><b>Nuta bazy: <\/b>drzewo bursztynowe<\/p>\n<p><strong>Gramatura:<\/strong> ml<br \/>\n<strong>Linia k\u0105pielowa:<\/strong> nie<br \/>\n<strong>Miniatura:<\/strong> nie<br \/>\n<strong>Nuta bazy:<\/strong> drzewo bursztynowe<br \/>\n<strong>Nuta g\u0142owy:<\/strong> kardamon<br \/>\n<strong>Nuta g\u0142\u00f3wna:<\/strong> aromatyczne, drzewne<br \/>\n<strong>Nuta serca:<\/strong> kokos, lawenda<br \/>\n<strong>Pojemno\u015b\u0107:<\/strong> 50<br \/>\n<strong>Produkt rzadki:<\/strong> nie<br \/>\n<strong>Pr\u00f3bka:<\/strong> nie<br \/>\n<strong>P\u0142e\u0107:<\/strong> m\u0119ski<br \/>\n<strong>Rodzaj:<\/strong> woda toaletowa<br \/>\n<strong>Tester:<\/strong> nie<br \/>\n<strong>Zapach alternatywny:<\/strong> nie<br \/>\n<strong>Zestaw:<\/strong> nie<\/p>\n<p><strong>Uwagi:<\/strong><\/p>\n<p>Ostrze\u017cenie: Produkt \u0142atwopalny a\u017c do wyschni\u0119cia. Przechowuj z dala od \u017ar\u00f3de\u0142 ciep\u0142a i zap\u0142onu. Unika\u0107 rozpylania w kierunku oczu.<\/p>\n<p><strong>Sk\u0142adniki:<\/strong><\/p>\n<p>ALCOHOL DENAT. \u2022 PARFUM \/ FRAGRANCE \u2022 AQUA \/ WATER \/ EAU \u2022 TETRAMETHYL ACETYLOCTAHYDRONAPHTHALENES \u2022 COUMARIN \u2022 JUNIPERUS VIRGINIANA OIL \u2022 CARVONE \u2022 LIMONENE \u2022 LINALYL ACETATE \u2022 CITRUS AURANTIUM BERGAMIA PEEL OIL \u2022 LINALOOL \u2022 BUTYL METHOXYDIBENZOYLMETHANE \u2022 LAVANDULA OIL\/EXTRACT \u2022 PINENE \u2022 VANILLIN \u2022 TERPINEOL \u2022 CITRUS AURANTIUM PEEL OIL \u2022 BETA-CARYOPHYLLENE \u2022 CAMPHOR \u2022 TERPINOLENE \u2022 GERANYL ACETATE \u2022 CITRAL \u2022 GERANIOL \u2022 ALPHA-TERPINENE \u2022 ROSE KETONES \u2022 CINNAMOMUM CASSIA LEAF OIL \u2022 CINNAMAL \u2022 CI 60730 \/ EXT. VIOLET 2 \u2022 CI 14700 \/ RED 4 (F.I.L. N70070360\/1).<\/p>\n","protected":false},"excerpt":{"rendered":"<p> <strong>Gramatura:<\/strong> ml<br \/>  <strong>Linia k\u0105pielowa:<\/strong> nie<br \/>  <strong>Miniatura:<\/strong> nie<br \/>  <strong>Nuta bazy:<\/strong> drzewo bursztynowe<br \/>  <strong>Nuta g\u0142owy:<\/strong> kardamon<br \/>  <strong>Nuta g\u0142\u00f3wna:<\/strong> aromatyczne, drzewne<br \/>  <strong>Nuta serca:<\/strong> kokos, lawenda<br \/>  <strong>Pojemno\u015b\u0107:<\/strong> 50<br \/>  <strong>Produkt rzadki:<\/strong> nie<br \/>  <strong>Pr\u00f3bka:<\/strong> nie<br \/>  <strong>P\u0142e\u0107:<\/strong> m\u0119ski<br \/>  <strong>Rodzaj:<\/strong> woda toaletowa<br \/>  <strong>Tester:<\/strong> nie<br \/>  <strong>Zapach alternatywny:<\/strong> nie<br \/>  <strong>Zestaw:<\/strong> nie <\/p>\n","protected":false},"featured_media":38726,"comment_status":"open","ping_status":"closed","template":"","meta":{"_acf_changed":false},"kategoria-hurtowni":[87,88],"product_brand":[99],"product_cat":[76],"product_tag":[],"class_list":{"0":"post-38725","1":"product","2":"type-product","3":"status-publish","4":"has-post-thumbnail","6":"kategoria-hurtowni-perfumy","7":"kategoria-hurtowni-zapachy","8":"product_brand-valentino","9":"product_cat-primavera","11":"first","12":"outofstock","13":"taxable","14":"shipping-taxable","15":"product-type-simple"},"acf":[],"_links":{"self":[{"href":"https:\/\/premino.pl\/index.php?rest_route=\/wp\/v2\/product\/38725","targetHints":{"allow":["GET"]}}],"collection":[{"href":"https:\/\/premino.pl\/index.php?rest_route=\/wp\/v2\/product"}],"about":[{"href":"https:\/\/premino.pl\/index.php?rest_route=\/wp\/v2\/types\/product"}],"replies":[{"embeddable":true,"href":"https:\/\/premino.pl\/index.php?rest_route=%2Fwp%2Fv2%2Fcomments&post=38725"}],"wp:featuredmedia":[{"embeddable":true,"href":"https:\/\/premino.pl\/index.php?rest_route=\/wp\/v2\/media\/38726"}],"wp:attachment":[{"href":"https:\/\/premino.pl\/index.php?rest_route=%2Fwp%2Fv2%2Fmedia&parent=38725"}],"wp:term":[{"taxonomy":"kategoria-hurtowni","embeddable":true,"href":"https:\/\/premino.pl\/index.php?rest_route=%2Fwp%2Fv2%2Fkategoria-hurtowni&post=38725"},{"taxonomy":"product_brand","embeddable":true,"href":"https:\/\/premino.pl\/index.php?rest_route=%2Fwp%2Fv2%2Fproduct_brand&post=38725"},{"taxonomy":"product_cat","embeddable":true,"href":"https:\/\/premino.pl\/index.php?rest_route=%2Fwp%2Fv2%2Fproduct_cat&post=38725"},{"taxonomy":"product_tag","embeddable":true,"href":"https:\/\/premino.pl\/index.php?rest_route=%2Fwp%2Fv2%2Fproduct_tag&post=38725"}],"curies":[{"name":"wp","href":"https:\/\/api.w.org\/{rel}","templated":true}]}}