{"id":38953,"date":"2026-04-17T11:08:01","date_gmt":"2026-04-17T09:08:01","guid":{"rendered":"https:\/\/premino.pl\/produkt\/brow-glue-zel-do-brwi-6ml\/"},"modified":"2026-04-17T11:08:22","modified_gmt":"2026-04-17T09:08:22","slug":"brow-glue-zel-do-brwi-6ml","status":"publish","type":"product","link":"https:\/\/premino.pl\/?product=brow-glue-zel-do-brwi-6ml","title":{"rendered":"Brow Glue \u017cel do brwi 6ml"},"content":{"rendered":"<p>Brow Glue to transparentny \u017cel do stylizacji brwi, kt\u00f3ry natychmiast ujarzmia w\u0142oski i zapewnia ich d\u0142ugotrwa\u0142e utrwalenie nawet do 24 godzin. Lekka, niewyczuwalna formu\u0142a nadaje brwiom po\u017c\u0105dany kszta\u0142t, podkre\u015bla ich naturaln\u0105 obj\u0119to\u015b\u0107 i pozwala uzyska\u0107 efekt pe\u0142niejszych, perfekcyjnie wyczesanych \u0142uk\u00f3w. To idealny produkt do codziennej stylizacji brwi &#8211; zar\u00f3wno naturalnej, jak i bardziej wyrazistej.<\/p>\n<p>\u017bel skutecznie nadaje brwiom struktur\u0119 i kierunek, utrzymuj\u0105c w\u0142oski dok\u0142adnie w takim u\u0142o\u017ceniu, jakie nadasz im podczas aplikacji. Transparentna formu\u0142a subtelnie otula ka\u017cdy w\u0142osek, optycznie zag\u0119szczaj\u0105c brwi i zapewniaj\u0105c efekt laminacji bez sztywno\u015bci czy obci\u0105\u017cenia. Stylizacja pozostaje trwa\u0142a, a jednocze\u015bnie naturalna i elastyczna przez ca\u0142y dzie\u0144.<\/p>\n<p>Precyzyjna szczoteczka zosta\u0142a zaprojektowana tak, aby r\u00f3wnomiernie rozprowadza\u0107 idealn\u0105 ilo\u015b\u0107 produktu oraz dok\u0142adnie chwyta\u0107 nawet kr\u00f3tkie i cienkie w\u0142oski. Dzi\u0119ki temu modelowanie brwi jest szybkie, wygodne i intuicyjne, tak\u017ce dla os\u00f3b pocz\u0105tkuj\u0105cych. Produkt pozwala uzyska\u0107 modny efekt fluffy brows lub elegancko uporz\u0105dkowane, zdyscyplinowane brwi dopasowane do ka\u017cdego makija\u017cu.<\/p>\n<p>Zawarte w formule polimery utrwalaj\u0105ce odpowiadaj\u0105 za wysok\u0105 trwa\u0142o\u015b\u0107 stylizacji oraz odporno\u015b\u0107 na rozmazywanie i wilgo\u0107. \u017bel nie pozostawia bia\u0142ych \u015blad\u00f3w, nie skleja w\u0142osk\u00f3w i nie tworzy grudek, dzi\u0119ki czemu brwi wygl\u0105daj\u0105 naturalnie i estetycznie przez wiele godzin. The Brow Glue to doskona\u0142e rozwi\u0105zanie dla os\u00f3b, kt\u00f3re chc\u0105 osi\u0105gn\u0105\u0107 efekt brwi jak po laminacji bez konieczno\u015bci wykonywania zabieg\u00f3w kosmetycznych.<\/p>\n<p>Produkt sprawdzi si\u0119 zar\u00f3wno jako samodzielny kosmetyk stylizuj\u0105cy, jak i wyko\u0144czenie makija\u017cu brwi kredk\u0105 lub cieniem, zapewniaj\u0105c d\u0142ugotrwa\u0142y, dopracowany efekt ka\u017cdego dnia.<\/p>\n<p><b>Stosowanie:\u00a0<\/b>Nanie\u015b niewielk\u0105 ilo\u015b\u0107 \u017celu na brwi i wyczesz w\u0142oski w wybranym kierunku. Stosuj samodzielnie lub jako ostatni krok makija\u017cu brwi, aby utrwali\u0107 stylizacj\u0119.<\/p>\n<p><strong>Forma podania:<\/strong> \u017cele<br \/>\n<strong>Gramatura:<\/strong> ml<br \/>\n<strong>Kolor:<\/strong> Transparent<br \/>\n<strong>Pojemno\u015b\u0107:<\/strong> 6<br \/>\n<strong>P\u0142e\u0107:<\/strong> damski<br \/>\n<strong>S\u0142o\u0144ce:<\/strong> nie<\/p>\n<p><strong>Uwagi:<\/strong><\/p>\n<p>Tylko do u\u017cytku zewn\u0119trznego.<\/p>\n<p><strong>Sk\u0142adniki:<\/strong><\/p>\n<p>Aqua, Beheneth-30, VP\/VA Copolymer, Alcohol Denat, Pentylene Glycol, Glycerin, Butylene Glycol, Dipropylene Glycol, Sodium Hyaluronate, Panthenol, Xanthan Gum, Citric Acid, Disodium EDTA, Phenoxyethanol, Ethylhexylglycerin.<\/p>\n","protected":false},"excerpt":{"rendered":"<p> <strong>Forma podania:<\/strong> \u017cele<br \/>  <strong>Gramatura:<\/strong> ml<br \/>  <strong>Kolor:<\/strong> Transparent<br \/>  <strong>Pojemno\u015b\u0107:<\/strong> 6<br \/>  <strong>P\u0142e\u0107:<\/strong> damski<br \/>  <strong>S\u0142o\u0144ce:<\/strong> nie <\/p>\n","protected":false},"featured_media":38954,"comment_status":"open","ping_status":"closed","template":"","meta":{"_acf_changed":false},"kategoria-hurtowni":[83,126,142],"product_brand":[276],"product_cat":[76],"product_tag":[],"class_list":{"0":"post-38953","1":"product","2":"type-product","3":"status-publish","4":"has-post-thumbnail","6":"kategoria-hurtowni-makijaz","7":"kategoria-hurtowni-makijaz-oczy","8":"kategoria-hurtowni-makijaz-brwi","9":"product_brand-eveline-cosmetics","10":"product_cat-primavera","12":"first","13":"outofstock","14":"taxable","15":"shipping-taxable","16":"product-type-simple"},"acf":[],"_links":{"self":[{"href":"https:\/\/premino.pl\/index.php?rest_route=\/wp\/v2\/product\/38953","targetHints":{"allow":["GET"]}}],"collection":[{"href":"https:\/\/premino.pl\/index.php?rest_route=\/wp\/v2\/product"}],"about":[{"href":"https:\/\/premino.pl\/index.php?rest_route=\/wp\/v2\/types\/product"}],"replies":[{"embeddable":true,"href":"https:\/\/premino.pl\/index.php?rest_route=%2Fwp%2Fv2%2Fcomments&post=38953"}],"wp:featuredmedia":[{"embeddable":true,"href":"https:\/\/premino.pl\/index.php?rest_route=\/wp\/v2\/media\/38954"}],"wp:attachment":[{"href":"https:\/\/premino.pl\/index.php?rest_route=%2Fwp%2Fv2%2Fmedia&parent=38953"}],"wp:term":[{"taxonomy":"kategoria-hurtowni","embeddable":true,"href":"https:\/\/premino.pl\/index.php?rest_route=%2Fwp%2Fv2%2Fkategoria-hurtowni&post=38953"},{"taxonomy":"product_brand","embeddable":true,"href":"https:\/\/premino.pl\/index.php?rest_route=%2Fwp%2Fv2%2Fproduct_brand&post=38953"},{"taxonomy":"product_cat","embeddable":true,"href":"https:\/\/premino.pl\/index.php?rest_route=%2Fwp%2Fv2%2Fproduct_cat&post=38953"},{"taxonomy":"product_tag","embeddable":true,"href":"https:\/\/premino.pl\/index.php?rest_route=%2Fwp%2Fv2%2Fproduct_tag&post=38953"}],"curies":[{"name":"wp","href":"https:\/\/api.w.org\/{rel}","templated":true}]}}