{"id":39061,"date":"2026-04-17T11:09:28","date_gmt":"2026-04-17T09:09:28","guid":{"rendered":"https:\/\/premino.pl\/produkt\/men-hydro-care-zel-pod-prysznic-500ml\/"},"modified":"2026-04-17T11:09:40","modified_gmt":"2026-04-17T09:09:40","slug":"men-hydro-care-zel-pod-prysznic-500ml","status":"publish","type":"product","link":"https:\/\/premino.pl\/?product=men-hydro-care-zel-pod-prysznic-500ml","title":{"rendered":"Men Hydro Care \u017cel pod prysznic 500ml"},"content":{"rendered":"<p>Wielofunkcyjny \u017cel pod prysznic dla m\u0119\u017cczyzn NIVEA MEN Hydro Care zapewnia skuteczne oczyszczenie i kompleksow\u0105 piel\u0119gnacj\u0119 w jednym produkcie.<\/p>\n<p>Formu\u0142a wzbogacona naturalnym aloesem delikatnie myje cia\u0142o, twarz i w\u0142osy, chroni\u0105c sk\u00f3r\u0119 przed przesuszeniem. \u017bel pozostawia uczucie natychmiastowej \u015bwie\u017co\u015bci i nawil\u017cenia, jednocze\u015bnie wspieraj\u0105c zdrowy wygl\u0105d sk\u00f3ry. Przyjemny, m\u0119ski zapach utrzymuje si\u0119 przez d\u0142ugi czas.<\/p>\n<p>Produkt nie zawiera mikroplastik\u00f3w, a jego formu\u0142a jest w 99% biodegradowalna, dzi\u0119ki czemu jest przyjazny zar\u00f3wno dla sk\u00f3ry, jak i dla \u015brodowiska.<\/p>\n<p>Tolerancja dla sk\u00f3ry zosta\u0142a potwierdzona dermatologicznie. To idealne rozwi\u0105zanie dla m\u0119\u017cczyzn, kt\u00f3rzy oczekuj\u0105 wygody i skutecznej piel\u0119gnacji ka\u017cdego dnia.<\/p>\n<p><strong>Dzia\u0142anie:<\/strong> oczyszczaj\u0105ce, od\u015bwie\u017ca<br \/>\n<strong>Gramatura:<\/strong> ml<br \/>\n<strong>Konsystencja:<\/strong> \u017cel<br \/>\n<strong>Linie elitarne:<\/strong> nie<br \/>\n<strong>Lokalizacja:<\/strong> ca\u0142e cia\u0142o<br \/>\n<strong>Piel\u0119gnacja cia\u0142a:<\/strong> tak<br \/>\n<strong>Pojemno\u015b\u0107:<\/strong> 500<br \/>\n<strong>P\u0142e\u0107:<\/strong> m\u0119ski<br \/>\n<strong>S\u0142o\u0144ce:<\/strong> nie<\/p>\n<p><strong>Uwagi:<\/strong><\/p>\n<p>Unika\u0107 kontaktu z oczami.<\/p>\n<p><strong>Sk\u0142adniki:<\/strong><\/p>\n<p>Aqua, Sodium Laureth Sulfate, Cocamidopropyl Betaine, Coco-Glucoside, Aloe Barbadensis Leaf Juice Powder, Glycerin, Sodium Chloride, Citric Acid, Glycol Distearate, Hydrogenated Castor Oil, Sodium Benzoate, Benzoic Acid, Limonene, Linalool, Parfum<\/p>\n","protected":false},"excerpt":{"rendered":"<p> <strong>Dzia\u0142anie:<\/strong> oczyszczaj\u0105ce, od\u015bwie\u017ca<br \/>  <strong>Gramatura:<\/strong> ml<br \/>  <strong>Konsystencja:<\/strong> \u017cel<br \/>  <strong>Linie elitarne:<\/strong> nie<br \/>  <strong>Lokalizacja:<\/strong> ca\u0142e cia\u0142o<br \/>  <strong>Piel\u0119gnacja cia\u0142a:<\/strong> tak<br \/>  <strong>Pojemno\u015b\u0107:<\/strong> 500<br \/>  <strong>P\u0142e\u0107:<\/strong> m\u0119ski<br \/>  <strong>S\u0142o\u0144ce:<\/strong> nie <\/p>\n","protected":false},"featured_media":39062,"comment_status":"open","ping_status":"closed","template":"","meta":{"_acf_changed":false},"kategoria-hurtowni":[90,91],"product_brand":[92],"product_cat":[76],"product_tag":[],"class_list":{"0":"post-39061","1":"product","2":"type-product","3":"status-publish","4":"has-post-thumbnail","6":"kategoria-hurtowni-pielegnacja","7":"kategoria-hurtowni-pielegnacja-ciala","8":"product_brand-nivea","9":"product_cat-primavera","11":"first","12":"outofstock","13":"taxable","14":"shipping-taxable","15":"product-type-simple"},"acf":[],"_links":{"self":[{"href":"https:\/\/premino.pl\/index.php?rest_route=\/wp\/v2\/product\/39061","targetHints":{"allow":["GET"]}}],"collection":[{"href":"https:\/\/premino.pl\/index.php?rest_route=\/wp\/v2\/product"}],"about":[{"href":"https:\/\/premino.pl\/index.php?rest_route=\/wp\/v2\/types\/product"}],"replies":[{"embeddable":true,"href":"https:\/\/premino.pl\/index.php?rest_route=%2Fwp%2Fv2%2Fcomments&post=39061"}],"wp:featuredmedia":[{"embeddable":true,"href":"https:\/\/premino.pl\/index.php?rest_route=\/wp\/v2\/media\/39062"}],"wp:attachment":[{"href":"https:\/\/premino.pl\/index.php?rest_route=%2Fwp%2Fv2%2Fmedia&parent=39061"}],"wp:term":[{"taxonomy":"kategoria-hurtowni","embeddable":true,"href":"https:\/\/premino.pl\/index.php?rest_route=%2Fwp%2Fv2%2Fkategoria-hurtowni&post=39061"},{"taxonomy":"product_brand","embeddable":true,"href":"https:\/\/premino.pl\/index.php?rest_route=%2Fwp%2Fv2%2Fproduct_brand&post=39061"},{"taxonomy":"product_cat","embeddable":true,"href":"https:\/\/premino.pl\/index.php?rest_route=%2Fwp%2Fv2%2Fproduct_cat&post=39061"},{"taxonomy":"product_tag","embeddable":true,"href":"https:\/\/premino.pl\/index.php?rest_route=%2Fwp%2Fv2%2Fproduct_tag&post=39061"}],"curies":[{"name":"wp","href":"https:\/\/api.w.org\/{rel}","templated":true}]}}