{"id":39093,"date":"2026-04-17T11:09:55","date_gmt":"2026-04-17T09:09:55","guid":{"rendered":"https:\/\/premino.pl\/produkt\/voulez-vous-coucher-avec-moi-woda-perfumowana-refill-100ml\/"},"modified":"2026-04-17T11:10:01","modified_gmt":"2026-04-17T09:10:01","slug":"voulez-vous-coucher-avec-moi-woda-perfumowana-refill-100ml","status":"publish","type":"product","link":"https:\/\/premino.pl\/?product=voulez-vous-coucher-avec-moi-woda-perfumowana-refill-100ml","title":{"rendered":"Voulez-Vous Coucher Avec Moi woda perfumowana refill 100ml"},"content":{"rendered":"<p>Woda perfumowana Voulez-Vous Coucher Avec Moi to nieuchwytny i elegancki zapach, kt\u00f3ry doskonale podkre\u015bli charakter pewnych siebie os\u00f3b.\u00a0<\/p>\n<p><b>Nuty zapachowe:<br \/><\/b><br \/><b>Nuta g\u0142owy: <\/b>ylang-ylang, tuberoza, gardenia<br \/><b>Nuta serca: <\/b>r\u00f3\u017ca bu\u0142garska, neroli, mandarynka, kwiat pomara\u0144czy<br \/><b>Nuta bazy: <\/b>wanilia, drzewo sanda\u0142owe, cedr<\/p>\n<p><strong>Gramatura:<\/strong> ml<br \/>\n<strong>Linia k\u0105pielowa:<\/strong> nie<br \/>\n<strong>Miniatura:<\/strong> nie<br \/>\n<strong>Nuta bazy:<\/strong> cedr, drzewo sanda\u0142owe, wanilia<br \/>\n<strong>Nuta g\u0142owy:<\/strong> gardenia, tuberoza, ylang-ylang<br \/>\n<strong>Nuta g\u0142\u00f3wna:<\/strong> kwiatowe, orientalne<br \/>\n<strong>Nuta serca:<\/strong> kwiat pomara\u0144czy, mandarynka, neroli, r\u00f3\u017ca bu\u0142garska<br \/>\n<strong>Pojemno\u015b\u0107:<\/strong> 100<br \/>\n<strong>Produkt rzadki:<\/strong> tak<br \/>\n<strong>Pr\u00f3bka:<\/strong> nie<br \/>\n<strong>P\u0142e\u0107:<\/strong> unisex<br \/>\n<strong>Rodzaj:<\/strong> woda perfumowana<br \/>\n<strong>Tester:<\/strong> nie<br \/>\n<strong>Zapach alternatywny:<\/strong> nie<br \/>\n<strong>Zestaw:<\/strong> nie<\/p>\n<p><strong>Uwagi:<\/strong><\/p>\n<p>Produkt przechowywa\u0107 z dala od ognia i \u017ar\u00f3de\u0142 ciep\u0142a. Trzyma\u0107 w miejscu niedost\u0119pnym dla dzieci. Nie stosowa\u0107 na podra\u017cnion\u0105 lub uszkodzon\u0105 sk\u00f3r\u0119. Unika\u0107 kontaktu z oczami.<\/p>\n<p><strong>Sk\u0142adniki:<\/strong><\/p>\n<p>ALCOHOL DENAT., FRAGRANCE (PARFUM), WATER\/AQUA\/EAU, BENZYL SALICYLATE, GERANIOL, LIMONENE, LINALOOL, CITRONELLOL, FARNESOL, COUMARIN, CITRAL, BENZYL BENZOATE, HYDROXYCITRONELLAL, EUGENOL, BENZYL ALCOHOL, ISOEUGENOL, BHT<\/p>\n","protected":false},"excerpt":{"rendered":"<p> <strong>Gramatura:<\/strong> ml<br \/>  <strong>Linia k\u0105pielowa:<\/strong> nie<br \/>  <strong>Miniatura:<\/strong> nie<br \/>  <strong>Nuta bazy:<\/strong> cedr, drzewo sanda\u0142owe, wanilia<br \/>  <strong>Nuta g\u0142owy:<\/strong> gardenia, tuberoza, ylang-ylang<br \/>  <strong>Nuta g\u0142\u00f3wna:<\/strong> kwiatowe, orientalne<br \/>  <strong>Nuta serca:<\/strong> kwiat pomara\u0144czy, mandarynka, neroli, r\u00f3\u017ca bu\u0142garska<br \/>  <strong>Pojemno\u015b\u0107:<\/strong> 100<br \/>  <strong>Produkt rzadki:<\/strong> tak<br \/>  <strong>Pr\u00f3bka:<\/strong> nie<br \/>  <strong>P\u0142e\u0107:<\/strong> unisex<br \/>  <strong>Rodzaj:<\/strong> woda perfumowana<br \/>  <strong>Tester:<\/strong> nie<br \/>  <strong>Zapach alternatywny:<\/strong> nie<br \/>  <strong>Zestaw:<\/strong> nie <\/p>\n","protected":false},"featured_media":39094,"comment_status":"open","ping_status":"closed","template":"","meta":{"_acf_changed":false},"kategoria-hurtowni":[87,88],"product_brand":[285],"product_cat":[76],"product_tag":[],"class_list":{"0":"post-39093","1":"product","2":"type-product","3":"status-publish","4":"has-post-thumbnail","6":"kategoria-hurtowni-perfumy","7":"kategoria-hurtowni-zapachy","8":"product_brand-by-kilian","9":"product_cat-primavera","11":"first","12":"outofstock","13":"taxable","14":"shipping-taxable","15":"product-type-simple"},"acf":[],"_links":{"self":[{"href":"https:\/\/premino.pl\/index.php?rest_route=\/wp\/v2\/product\/39093","targetHints":{"allow":["GET"]}}],"collection":[{"href":"https:\/\/premino.pl\/index.php?rest_route=\/wp\/v2\/product"}],"about":[{"href":"https:\/\/premino.pl\/index.php?rest_route=\/wp\/v2\/types\/product"}],"replies":[{"embeddable":true,"href":"https:\/\/premino.pl\/index.php?rest_route=%2Fwp%2Fv2%2Fcomments&post=39093"}],"wp:featuredmedia":[{"embeddable":true,"href":"https:\/\/premino.pl\/index.php?rest_route=\/wp\/v2\/media\/39094"}],"wp:attachment":[{"href":"https:\/\/premino.pl\/index.php?rest_route=%2Fwp%2Fv2%2Fmedia&parent=39093"}],"wp:term":[{"taxonomy":"kategoria-hurtowni","embeddable":true,"href":"https:\/\/premino.pl\/index.php?rest_route=%2Fwp%2Fv2%2Fkategoria-hurtowni&post=39093"},{"taxonomy":"product_brand","embeddable":true,"href":"https:\/\/premino.pl\/index.php?rest_route=%2Fwp%2Fv2%2Fproduct_brand&post=39093"},{"taxonomy":"product_cat","embeddable":true,"href":"https:\/\/premino.pl\/index.php?rest_route=%2Fwp%2Fv2%2Fproduct_cat&post=39093"},{"taxonomy":"product_tag","embeddable":true,"href":"https:\/\/premino.pl\/index.php?rest_route=%2Fwp%2Fv2%2Fproduct_tag&post=39093"}],"curies":[{"name":"wp","href":"https:\/\/api.w.org\/{rel}","templated":true}]}}