{"id":39101,"date":"2026-04-17T11:09:55","date_gmt":"2026-04-17T09:09:55","guid":{"rendered":"https:\/\/premino.pl\/produkt\/good-girl-gone-bad-zel-pod-prysznic-refill-250ml\/"},"modified":"2026-04-17T11:10:07","modified_gmt":"2026-04-17T09:10:07","slug":"good-girl-gone-bad-zel-pod-prysznic-refill-250ml","status":"publish","type":"product","link":"https:\/\/premino.pl\/?product=good-girl-gone-bad-zel-pod-prysznic-refill-250ml","title":{"rendered":"Good Girl Gone Bad \u017cel pod prysznic refill 250ml"},"content":{"rendered":"<p>\u017bel pod prysznic Good Girl Gone Bad w opakowaniu uzupe\u0142niaj\u0105cym przemienia codzienn\u0105 piel\u0119gnacj\u0119 w prawdziwy rytua\u0142 luksusu. Jego aksamitna, \u017celowa konsystencja \u0142atwo si\u0119 pieni, delikatnie oczyszczaj\u0105c, nawil\u017caj\u0105c i od\u017cywiaj\u0105c sk\u00f3r\u0119, jednocze\u015bnie pozostawiaj\u0105c na niej intensywny, d\u0142ugotrwa\u0142y zapach. Kompozycja zapachowa otwiera si\u0119 \u015bwie\u017cymi nutami osmantusa i ja\u015bminu, tworz\u0105c zmys\u0142ow\u0105 i wielowymiarow\u0105 przyjemno\u015b\u0107, kt\u00f3ra towarzyszy Ci przez ca\u0142y dzie\u0144.<\/p>\n<p><b>Nuty zapachowe:<br \/><\/b><br \/><b>Nuta g\u0142owy: <\/b>r\u00f3\u017ca majowa, osmantus, ja\u015bmin<br \/><b>Nuta serca: <\/b>narcyz, indyjska tuberoza<br \/><b>Nuta bazy: <\/b>bursztyn, cedr<\/p>\n<p><strong>Gramatura:<\/strong> ml<br \/>\n<strong>Linia k\u0105pielowa:<\/strong> \u017cel pod prysznic<br \/>\n<strong>Nuta bazy:<\/strong> bursztyn, cedr<br \/>\n<strong>Nuta g\u0142owy:<\/strong> ja\u015bmin, osmantus, r\u00f3\u017ca majowa<br \/>\n<strong>Nuta g\u0142\u00f3wna:<\/strong> kwiatowe, owocowe<br \/>\n<strong>Nuta serca:<\/strong> indyjska tuberoza, narcyz<br \/>\n<strong>Pojemno\u015b\u0107:<\/strong> 250<br \/>\n<strong>P\u0142e\u0107:<\/strong> damski<\/p>\n<p><strong>Uwagi:<\/strong><\/p>\n<p>Unika\u0107 kontaktu z oczami.<\/p>\n<p><strong>Sk\u0142adniki:<\/strong><\/p>\n<p>Water (Aqua\/Eau), Sodium Laureth Sulfate, Ceteth-20, Fragrance (Parfum), Acrylates Copolymer, Sodium Coco-Sulfate, Lauramidopropyl Betaine, Hexylene Glycol, Myristamidopropyl Betaine, Glycerin, Sodium Coco PG-Dimonium Chloride Phosphate, Ethylhexylglycerin, Diethylhexyl Syringylidenemalonate, Caprylic\/Capric Triglyceride, Sucrose, Panthenol, Sodium Methyl Cocoyl Taurate, Polyquaternium-7, Potassium Hydroxide, Tetramethyl Acetyloctahydronaphthalenes, Dimethyl Phenethyl Acetate, Citronellol, Benzyl Salicylate, Geraniol, Pogostemon Cablin (Patchouli) Oil, Tocopheryl Acetate, Disodium EDTA, Ethylhexyl Salicylate, Phenoxyethanol, Sodium Benzoate, Potassium Sorbate.<\/p>\n","protected":false},"excerpt":{"rendered":"<p> <strong>Gramatura:<\/strong> ml<br \/>  <strong>Linia k\u0105pielowa:<\/strong> \u017cel pod prysznic<br \/>  <strong>Nuta bazy:<\/strong> bursztyn, cedr<br \/>  <strong>Nuta g\u0142owy:<\/strong> ja\u015bmin, osmantus, r\u00f3\u017ca majowa<br \/>  <strong>Nuta g\u0142\u00f3wna:<\/strong> kwiatowe, owocowe<br \/>  <strong>Nuta serca:<\/strong> indyjska tuberoza, narcyz<br \/>  <strong>Pojemno\u015b\u0107:<\/strong> 250<br \/>  <strong>P\u0142e\u0107:<\/strong> damski <\/p>\n","protected":false},"featured_media":39102,"comment_status":"open","ping_status":"closed","template":"","meta":{"_acf_changed":false},"kategoria-hurtowni":[120,87],"product_brand":[285],"product_cat":[76],"product_tag":[],"class_list":{"0":"post-39101","1":"product","2":"type-product","3":"status-publish","4":"has-post-thumbnail","6":"kategoria-hurtowni-linia-kapielowa","7":"kategoria-hurtowni-perfumy","8":"product_brand-by-kilian","9":"product_cat-primavera","11":"first","12":"outofstock","13":"taxable","14":"shipping-taxable","15":"product-type-simple"},"acf":[],"_links":{"self":[{"href":"https:\/\/premino.pl\/index.php?rest_route=\/wp\/v2\/product\/39101","targetHints":{"allow":["GET"]}}],"collection":[{"href":"https:\/\/premino.pl\/index.php?rest_route=\/wp\/v2\/product"}],"about":[{"href":"https:\/\/premino.pl\/index.php?rest_route=\/wp\/v2\/types\/product"}],"replies":[{"embeddable":true,"href":"https:\/\/premino.pl\/index.php?rest_route=%2Fwp%2Fv2%2Fcomments&post=39101"}],"wp:featuredmedia":[{"embeddable":true,"href":"https:\/\/premino.pl\/index.php?rest_route=\/wp\/v2\/media\/39102"}],"wp:attachment":[{"href":"https:\/\/premino.pl\/index.php?rest_route=%2Fwp%2Fv2%2Fmedia&parent=39101"}],"wp:term":[{"taxonomy":"kategoria-hurtowni","embeddable":true,"href":"https:\/\/premino.pl\/index.php?rest_route=%2Fwp%2Fv2%2Fkategoria-hurtowni&post=39101"},{"taxonomy":"product_brand","embeddable":true,"href":"https:\/\/premino.pl\/index.php?rest_route=%2Fwp%2Fv2%2Fproduct_brand&post=39101"},{"taxonomy":"product_cat","embeddable":true,"href":"https:\/\/premino.pl\/index.php?rest_route=%2Fwp%2Fv2%2Fproduct_cat&post=39101"},{"taxonomy":"product_tag","embeddable":true,"href":"https:\/\/premino.pl\/index.php?rest_route=%2Fwp%2Fv2%2Fproduct_tag&post=39101"}],"curies":[{"name":"wp","href":"https:\/\/api.w.org\/{rel}","templated":true}]}}