{"id":39149,"date":"2026-04-17T11:10:22","date_gmt":"2026-04-17T09:10:22","guid":{"rendered":"https:\/\/premino.pl\/produkt\/angels-share-on-the-rocks-woda-perfumowana-spray-50ml\/"},"modified":"2026-04-17T11:10:38","modified_gmt":"2026-04-17T09:10:38","slug":"angels-share-on-the-rocks-woda-perfumowana-spray-50ml","status":"publish","type":"product","link":"https:\/\/premino.pl\/?product=angels-share-on-the-rocks-woda-perfumowana-spray-50ml","title":{"rendered":"Angel&#8217;s Share On The Rocks woda perfumowana spray 50ml"},"content":{"rendered":"<p>Idealnie sch\u0142odzony, Angel&#8217;s Share On The Rocks pozwala odkry\u0107 pe\u0142ni\u0119 smaku koniaku w ulubionej ods\u0142onie Kiliana \u2013 podany na lodzie.<\/p>\n<p><b>Nuty zapachowe:<br \/><\/b><br \/><b>Nuta g\u0142owy: <\/b>grejpfrut, w\u0142oska cytryna, bergamotka, mandarynka, l\u00f3d, gorzka pomara\u0144cza, aldehydy<br \/><b>Nuta serca: <\/b>koniak, cynamon, karmel<br \/><b>Nuta bazy: <\/b>fasolka tonka, d\u0105b, drzewo sanda\u0142owe, drzewo kaszmirowe, mirra<\/p>\n<p><strong>Gramatura:<\/strong> ml<br \/>\n<strong>Linia k\u0105pielowa:<\/strong> nie<br \/>\n<strong>Miniatura:<\/strong> nie<br \/>\n<strong>Nuta bazy:<\/strong> drzewo kaszmirowe, drzewo sanda\u0142owe, d\u0105b, fasolka tonka, mirra<br \/>\n<strong>Nuta g\u0142owy:<\/strong> aldehydy, bergamotka, gorzka pomara\u0144cza, grejpfrut, l\u00f3d, mandarynka, w\u0142oska cytryna<br \/>\n<strong>Nuta g\u0142\u00f3wna:<\/strong> drzewne, orientalne<br \/>\n<strong>Nuta serca:<\/strong> cynamon, karmel, koniak<br \/>\n<strong>Pojemno\u015b\u0107:<\/strong> 50<br \/>\n<strong>Produkt rzadki:<\/strong> tak<br \/>\n<strong>Pr\u00f3bka:<\/strong> nie<br \/>\n<strong>P\u0142e\u0107:<\/strong> unisex<br \/>\n<strong>Rodzaj:<\/strong> woda perfumowana<br \/>\n<strong>Tester:<\/strong> nie<br \/>\n<strong>Zapach alternatywny:<\/strong> nie<br \/>\n<strong>Zestaw:<\/strong> nie<\/p>\n<p><strong>Uwagi:<\/strong><\/p>\n<p>PRODUKT \u0141ATWOPALNY. UNIKA\u0106 ROZPYLANIA W OCZY LUB NA PODRA\u017bNION\u0104 SK\u00d3R\u0118. PRZECHOWYWA\u0106 W MIEJSCU NIEDOST\u0118PNYM DLA DZIECI. TYLKO DO STOSOWANIA ZEWN\u0118TRZNEGO.<\/p>\n<p><strong>Sk\u0142adniki:<\/strong><\/p>\n<p>ALCOHOL DENAT. , WATERAQUAEAU , FRAGRANCE (PARFUM) , LIMONENE , CITRUS LIMON (LEMON) PEEL OIL , TETRAMETHYL ACETYLOCTAHYDRONAPHTHALENES , LINALYL ACETATE , CITRUS AURANTIUM PEEL OIL , COUMARIN , CITRUS AURANTIUM BERGAMIA (BERGAMOT) PEEL OIL , PINENE , VANILLIN , LINALOOL , CINNAMYL ALCOHOL , CITRAL , SANTALUM ALBUM (SANDALWOOD) OIL , CINNAMAL , SANTALOL , GERANYL ACETATE , ROSE KETONES , BETA-CARYOPHYLLENE , TERPINOLENE , ALPHA TERPINENE , TERPINEOL<\/p>\n","protected":false},"excerpt":{"rendered":"<p> <strong>Gramatura:<\/strong> ml<br \/>  <strong>Linia k\u0105pielowa:<\/strong> nie<br \/>  <strong>Miniatura:<\/strong> nie<br \/>  <strong>Nuta bazy:<\/strong> drzewo kaszmirowe, drzewo sanda\u0142owe, d\u0105b, fasolka tonka, mirra<br \/>  <strong>Nuta g\u0142owy:<\/strong> aldehydy, bergamotka, gorzka pomara\u0144cza, grejpfrut, l\u00f3d, mandarynka, w\u0142oska cytryna<br \/>  <strong>Nuta g\u0142\u00f3wna:<\/strong> drzewne, orientalne<br \/>  <strong>Nuta serca:<\/strong> cynamon, karmel, koniak<br \/>  <strong>Pojemno\u015b\u0107:<\/strong> 50<br \/>  <strong>Produkt rzadki:<\/strong> tak<br \/>  <strong>Pr\u00f3bka:<\/strong> nie<br \/>  <strong>P\u0142e\u0107:<\/strong> unisex<br \/>  <strong>Rodzaj:<\/strong> woda perfumowana<br \/>  <strong>Tester:<\/strong> nie<br \/>  <strong>Zapach alternatywny:<\/strong> nie<br \/>  <strong>Zestaw:<\/strong> nie <\/p>\n","protected":false},"featured_media":39150,"comment_status":"open","ping_status":"closed","template":"","meta":{"_acf_changed":false},"kategoria-hurtowni":[87,88],"product_brand":[285],"product_cat":[76],"product_tag":[],"class_list":{"0":"post-39149","1":"product","2":"type-product","3":"status-publish","4":"has-post-thumbnail","6":"kategoria-hurtowni-perfumy","7":"kategoria-hurtowni-zapachy","8":"product_brand-by-kilian","9":"product_cat-primavera","11":"first","12":"outofstock","13":"taxable","14":"shipping-taxable","15":"product-type-simple"},"acf":[],"_links":{"self":[{"href":"https:\/\/premino.pl\/index.php?rest_route=\/wp\/v2\/product\/39149","targetHints":{"allow":["GET"]}}],"collection":[{"href":"https:\/\/premino.pl\/index.php?rest_route=\/wp\/v2\/product"}],"about":[{"href":"https:\/\/premino.pl\/index.php?rest_route=\/wp\/v2\/types\/product"}],"replies":[{"embeddable":true,"href":"https:\/\/premino.pl\/index.php?rest_route=%2Fwp%2Fv2%2Fcomments&post=39149"}],"wp:featuredmedia":[{"embeddable":true,"href":"https:\/\/premino.pl\/index.php?rest_route=\/wp\/v2\/media\/39150"}],"wp:attachment":[{"href":"https:\/\/premino.pl\/index.php?rest_route=%2Fwp%2Fv2%2Fmedia&parent=39149"}],"wp:term":[{"taxonomy":"kategoria-hurtowni","embeddable":true,"href":"https:\/\/premino.pl\/index.php?rest_route=%2Fwp%2Fv2%2Fkategoria-hurtowni&post=39149"},{"taxonomy":"product_brand","embeddable":true,"href":"https:\/\/premino.pl\/index.php?rest_route=%2Fwp%2Fv2%2Fproduct_brand&post=39149"},{"taxonomy":"product_cat","embeddable":true,"href":"https:\/\/premino.pl\/index.php?rest_route=%2Fwp%2Fv2%2Fproduct_cat&post=39149"},{"taxonomy":"product_tag","embeddable":true,"href":"https:\/\/premino.pl\/index.php?rest_route=%2Fwp%2Fv2%2Fproduct_tag&post=39149"}],"curies":[{"name":"wp","href":"https:\/\/api.w.org\/{rel}","templated":true}]}}