{"id":39161,"date":"2026-04-17T11:10:22","date_gmt":"2026-04-17T09:10:22","guid":{"rendered":"https:\/\/premino.pl\/produkt\/neroli-portofino-nawilzajacy-balsam-do-rak-i-ciala-250ml\/"},"modified":"2026-04-17T11:10:46","modified_gmt":"2026-04-17T09:10:46","slug":"neroli-portofino-nawilzajacy-balsam-do-rak-i-ciala-250ml","status":"publish","type":"product","link":"https:\/\/premino.pl\/?product=neroli-portofino-nawilzajacy-balsam-do-rak-i-ciala-250ml","title":{"rendered":"Neroli Portofino nawil\u017caj\u0105cy balsam do r\u0105k i cia\u0142a 250ml"},"content":{"rendered":"<p>Lekka, szybko wch\u0142aniaj\u0105ca si\u0119 formu\u0142a zmi\u0119kczaj\u0105ca sk\u00f3r\u0119 zapewnia natychmiastowe nawil\u017cenie przez ca\u0142y dzie\u0144, pozostawiaj\u0105c d\u0142onie i cia\u0142o jedwabi\u015bcie mi\u0119kkie, g\u0142adkie i otulone \u015bwie\u017cym, cytrusowo-kwiatowym aromatem Neroli Portofino. Produkt zosta\u0142 wyposa\u017cony w wygodny dozownik z pompk\u0105, kt\u00f3ry u\u0142atwia aplikacj\u0119 i dodaje codziennej piel\u0119gnacji odrobin\u0119 luksusu.<\/p>\n<p><\/p>\n<p><b>Nuty zapachowe:<br \/><\/b><br \/><b>Nuta g\u0142owy: <\/b>rozmaryn, mirt, mandarynka, lawenda, gorzka pomara\u0144cza, cytryna, bergamotka<br \/><b>Nuta serca: <\/b>pittosporum, neroli, kwiat afryka\u0144skiej pomara\u0144czy, ja\u015bmin<br \/><b>Nuta bazy: <\/b>ambrette (pi\u017cmian w\u0142a\u015bciwy), bursztyn, dzi\u0119giel<\/p>\n<p><strong>Gramatura:<\/strong> ml<br \/>\n<strong>Linia k\u0105pielowa:<\/strong> balsam do cia\u0142a<br \/>\n<strong>Nuta bazy:<\/strong> ambrette (pi\u017cmian w\u0142a\u015bciwy), bursztyn, dzi\u0119giel<br \/>\n<strong>Nuta g\u0142owy:<\/strong> bergamotka, cytryna, gorzka pomara\u0144cza, lawenda, mandarynka, mirt, rozmaryn<br \/>\n<strong>Nuta g\u0142\u00f3wna:<\/strong> aromatyczne, cytrusowe<br \/>\n<strong>Nuta serca:<\/strong> ja\u015bmin, kwiat afryka\u0144skiej pomara\u0144czy, neroli, pittosporum<br \/>\n<strong>Pojemno\u015b\u0107:<\/strong> 250<br \/>\n<strong>P\u0142e\u0107:<\/strong> unisex<\/p>\n<p><strong>Uwagi:<\/strong><\/p>\n<p>Przechowywa\u0107 w miejscu niedost\u0119pnym dla dzieci. Tylko do u\u017cytku zewn\u0119trznego. Unikaj kontaktu z oczami.<\/p>\n<p><strong>Sk\u0142adniki:<\/strong><\/p>\n<p>WaterAquaEau, Cetyl Ethylhexanoate, Dimethicone, Helianthus Annuus (Sunflower) Seed Oil, Aloe Barbadensis Leaf Juice, Glyceryl Stearate, Glycerin, Fragrance (Parfum), Butylene Glycol, Peg-100 Stearate, Cetyl Alcohol, Squalane, Sodium Hyaluronate, Chondrus Crispus, Limnanthes Alba (Meadowfoam) Seed Oil, Vitis Vinifera (Grape) Seed Oil, Olea Europaea (Olive) Fruit Oil, Hydrogenated Vegetable Oil, Phenyl Trimethicone, Caprylyl Glycol, Glyceryl Acrylate\/Acrylic Acid Copolymer, Polysorbate 60, Palmitic Acid, Sorbitan Palmitate, Stearic Acid, Hexylene Glycol, Xanthan Gum, Carbomer, Potassium Hydroxide, Limonene, Linalool, Geraniol, Citral, Farnesol, Hydroxycitronellal, Citronellol, Tocopheryl Acetate, Bht, Disodium Edta, Phenoxyethanol<\/p>\n","protected":false},"excerpt":{"rendered":"<p> <strong>Gramatura:<\/strong> ml<br \/>  <strong>Linia k\u0105pielowa:<\/strong> balsam do cia\u0142a<br \/>  <strong>Nuta bazy:<\/strong> ambrette (pi\u017cmian w\u0142a\u015bciwy), bursztyn, dzi\u0119giel<br \/>  <strong>Nuta g\u0142owy:<\/strong> bergamotka, cytryna, gorzka pomara\u0144cza, lawenda, mandarynka, mirt, rozmaryn<br \/>  <strong>Nuta g\u0142\u00f3wna:<\/strong> aromatyczne, cytrusowe<br \/>  <strong>Nuta serca:<\/strong> ja\u015bmin, kwiat afryka\u0144skiej pomara\u0144czy, neroli, pittosporum<br \/>  <strong>Pojemno\u015b\u0107:<\/strong> 250<br \/>  <strong>P\u0142e\u0107:<\/strong> unisex <\/p>\n","protected":false},"featured_media":39162,"comment_status":"open","ping_status":"closed","template":"","meta":{"_acf_changed":false},"kategoria-hurtowni":[120,87],"product_brand":[286],"product_cat":[76],"product_tag":[],"class_list":{"0":"post-39161","1":"product","2":"type-product","3":"status-publish","4":"has-post-thumbnail","6":"kategoria-hurtowni-linia-kapielowa","7":"kategoria-hurtowni-perfumy","8":"product_brand-tom-ford","9":"product_cat-primavera","11":"first","12":"outofstock","13":"taxable","14":"shipping-taxable","15":"product-type-simple"},"acf":[],"_links":{"self":[{"href":"https:\/\/premino.pl\/index.php?rest_route=\/wp\/v2\/product\/39161","targetHints":{"allow":["GET"]}}],"collection":[{"href":"https:\/\/premino.pl\/index.php?rest_route=\/wp\/v2\/product"}],"about":[{"href":"https:\/\/premino.pl\/index.php?rest_route=\/wp\/v2\/types\/product"}],"replies":[{"embeddable":true,"href":"https:\/\/premino.pl\/index.php?rest_route=%2Fwp%2Fv2%2Fcomments&post=39161"}],"wp:featuredmedia":[{"embeddable":true,"href":"https:\/\/premino.pl\/index.php?rest_route=\/wp\/v2\/media\/39162"}],"wp:attachment":[{"href":"https:\/\/premino.pl\/index.php?rest_route=%2Fwp%2Fv2%2Fmedia&parent=39161"}],"wp:term":[{"taxonomy":"kategoria-hurtowni","embeddable":true,"href":"https:\/\/premino.pl\/index.php?rest_route=%2Fwp%2Fv2%2Fkategoria-hurtowni&post=39161"},{"taxonomy":"product_brand","embeddable":true,"href":"https:\/\/premino.pl\/index.php?rest_route=%2Fwp%2Fv2%2Fproduct_brand&post=39161"},{"taxonomy":"product_cat","embeddable":true,"href":"https:\/\/premino.pl\/index.php?rest_route=%2Fwp%2Fv2%2Fproduct_cat&post=39161"},{"taxonomy":"product_tag","embeddable":true,"href":"https:\/\/premino.pl\/index.php?rest_route=%2Fwp%2Fv2%2Fproduct_tag&post=39161"}],"curies":[{"name":"wp","href":"https:\/\/api.w.org\/{rel}","templated":true}]}}