{"id":39233,"date":"2026-04-17T11:11:21","date_gmt":"2026-04-17T09:11:21","guid":{"rendered":"https:\/\/premino.pl\/produkt\/glam-in-gold-nail-oil-olejek-do-paznokci-8ml\/"},"modified":"2026-04-17T11:11:43","modified_gmt":"2026-04-17T09:11:43","slug":"glam-in-gold-nail-oil-olejek-do-paznokci-8ml","status":"publish","type":"product","link":"https:\/\/premino.pl\/?product=glam-in-gold-nail-oil-olejek-do-paznokci-8ml","title":{"rendered":"Glam In Gold Nail Oil olejek do paznokci 8ml"},"content":{"rendered":"<p>Podaruj  swoim paznokciom i sk\u00f3rkom odrobin\u0119 luksusu z olejkiem do paznokci Catrice  Glam In Gold. Ta transparentna formu\u0142a wzbogacona z\u0142otymi drobinkami tworzy  natychmiastowy efekt wow, jednocze\u015bnie zapewniaj\u0105c bogat\u0105 piel\u0119gnacj\u0119. Olejek  zosta\u0142 wzbogacony od\u017cywczymi sk\u0142adnikami, w tym olejkiem ze s\u0142odkich migda\u0142\u00f3w  i witamin\u0105 E, aby paznokcie i sk\u00f3rki by\u0142y mi\u0119kkie, g\u0142adkie i pi\u0119knie  wypiel\u0119gnowane. \u015awie\u017cy zapach z delikatn\u0105 nut\u0105 kwiatow\u0105 dodaje zmys\u0142owego  charakteru, sprawiaj\u0105c, \u017ce ka\u017cda aplikacja staje si\u0119 ma\u0142\u0105 chwil\u0105  przyjemno\u015bci. Idealny dla ka\u017cdego, kto pragnie mocnych paznokci z efektownym  po\u0142yskiem.<\/p>\n<p>\u2022 Zapewnia  natychmiastow\u0105 piel\u0119gnacj\u0119 dzi\u0119ki lekkiej, olejkowej formule<br \/>\u2022 Wzbogacony  olejkiem ze s\u0142odkich migda\u0142\u00f3w i witamin\u0105 E<br \/>\u2022 Wyg\u0142adza  i piel\u0119gnuje paznokcie i sk\u00f3rki, nadaj\u0105c im zadbany wygl\u0105d<\/p>\n<p><b>Spos\u00f3b u\u017cycia:<\/b>\u00a0Po  umyciu r\u0105k i delikatnym odsuni\u0119ciu sk\u00f3rek, na\u0142\u00f3\u017c kilka kropel olejku na ka\u017cdy  paznokie\u0107. Wmasuj dobrze i pozostaw na noc, aby uzyska\u0107 najlepsze rezultaty.<\/p>\n<p><strong>Gramatura:<\/strong> ml<br \/>\n<strong>Pojemno\u015b\u0107:<\/strong> 8<br \/>\n<strong>P\u0142e\u0107:<\/strong> damski<br \/>\n<strong>S\u0142o\u0144ce:<\/strong> nie<\/p>\n<p><strong>Uwagi:<\/strong><\/p>\n<p>Przechowywa\u0107 w miejscu niedost\u0119pnym dla dzieci.<\/p>\n<p><strong>Sk\u0142adniki:<\/strong><\/p>\n<p>INGREDIENTS:  PRUNUS AMYGDALUS DULCIS (SWEET ALMOND) OIL, CAPRYLIC\/CAPRIC TRIGLYCERIDE,  SILICA DIMETHYL SILYLATE, HELIANTHUS ANNUUS (SUNFLOWER) SEED OIL, TOCOPHERYL  ACETATE, TOCOPHEROL, MACADAMIA INTEGRIFOLIA SEED OIL, SYNTHETIC  FLUORPHLOGOPITE, PEG-8, ASCORBYL PALMITATE, ASCORBIC ACID, BENZOTRIAZOLYL  DODECYL P-CRESOL, CITRIC ACID, PARFUM (FRAGRANCE), CITRAL, CITRONELLOL,  LIMONENE, PINENE, ROSE KETONES, TERPINEOL, TETRAMETHYL  ACETYLOCTAHYDRONAPHTHALENES, CI 77491 (IRON OXIDES), CI 77891 (TITANIUM  DIOXIDE).<\/p>\n","protected":false},"excerpt":{"rendered":"<p> <strong>Gramatura:<\/strong> ml<br \/>  <strong>Pojemno\u015b\u0107:<\/strong> 8<br \/>  <strong>P\u0142e\u0107:<\/strong> damski<br \/>  <strong>S\u0142o\u0144ce:<\/strong> nie <\/p>\n","protected":false},"featured_media":39234,"comment_status":"open","ping_status":"closed","template":"","meta":{"_acf_changed":false},"kategoria-hurtowni":[83,174,187],"product_brand":[292],"product_cat":[76],"product_tag":[],"class_list":{"0":"post-39233","1":"product","2":"type-product","3":"status-publish","4":"has-post-thumbnail","6":"kategoria-hurtowni-makijaz","7":"kategoria-hurtowni-makijaz-paznokcie","8":"kategoria-hurtowni-odzywki-do-paznokci","9":"product_brand-catrice","10":"product_cat-primavera","12":"first","13":"outofstock","14":"taxable","15":"shipping-taxable","16":"product-type-simple"},"acf":[],"_links":{"self":[{"href":"https:\/\/premino.pl\/index.php?rest_route=\/wp\/v2\/product\/39233","targetHints":{"allow":["GET"]}}],"collection":[{"href":"https:\/\/premino.pl\/index.php?rest_route=\/wp\/v2\/product"}],"about":[{"href":"https:\/\/premino.pl\/index.php?rest_route=\/wp\/v2\/types\/product"}],"replies":[{"embeddable":true,"href":"https:\/\/premino.pl\/index.php?rest_route=%2Fwp%2Fv2%2Fcomments&post=39233"}],"wp:featuredmedia":[{"embeddable":true,"href":"https:\/\/premino.pl\/index.php?rest_route=\/wp\/v2\/media\/39234"}],"wp:attachment":[{"href":"https:\/\/premino.pl\/index.php?rest_route=%2Fwp%2Fv2%2Fmedia&parent=39233"}],"wp:term":[{"taxonomy":"kategoria-hurtowni","embeddable":true,"href":"https:\/\/premino.pl\/index.php?rest_route=%2Fwp%2Fv2%2Fkategoria-hurtowni&post=39233"},{"taxonomy":"product_brand","embeddable":true,"href":"https:\/\/premino.pl\/index.php?rest_route=%2Fwp%2Fv2%2Fproduct_brand&post=39233"},{"taxonomy":"product_cat","embeddable":true,"href":"https:\/\/premino.pl\/index.php?rest_route=%2Fwp%2Fv2%2Fproduct_cat&post=39233"},{"taxonomy":"product_tag","embeddable":true,"href":"https:\/\/premino.pl\/index.php?rest_route=%2Fwp%2Fv2%2Fproduct_tag&post=39233"}],"curies":[{"name":"wp","href":"https:\/\/api.w.org\/{rel}","templated":true}]}}