{"id":39257,"date":"2026-04-17T11:11:55","date_gmt":"2026-04-17T09:11:55","guid":{"rendered":"https:\/\/premino.pl\/produkt\/gel-affair-lakier-do-paznokci-048-frosted-crush-10-5ml\/"},"modified":"2026-04-17T11:12:07","modified_gmt":"2026-04-17T09:12:07","slug":"gel-affair-lakier-do-paznokci-048-frosted-crush-10-5ml","status":"publish","type":"product","link":"https:\/\/premino.pl\/?product=gel-affair-lakier-do-paznokci-048-frosted-crush-10-5ml","title":{"rendered":"Gel Affair lakier do paznokci 048 Frosted Crush 10.5ml"},"content":{"rendered":"<p>Zafunduj  sobie perfekcyjne paznokcie z lakierem Catrice GEL AFFAIR \u2013 to Tw\u00f3j spos\u00f3b na d\u0142ugotrwa\u0142y, l\u015bni\u0105cy manicure z  \u017celowym wyko\u0144czeniem jak z salonu o 7-dniowej trwa\u0142o\u015bci\u0105 bez u\u017cycia bazy lub  topu. Ciesz si\u0119 intensywnymi kolorami o l\u015bni\u0105cym po\u0142ysku i \u017celowym  wyko\u0144czeniu \u2013 bez u\u017cycia lampy UV ani wizyty w salonie manicure! Odmie\u0144 sw\u00f3j  manicure dzi\u0119ki lakierowi GEL AFFAIR \u2013 tutaj wysoki po\u0142ysk spotyka si\u0119 z  najwy\u017csz\u0105 jako\u015bci\u0105! Gama lakier\u00f3w do paznokci GEL AFFAIR obejmuje wyb\u00f3r  \u017cywych i modnych odcieni, kt\u00f3re pasuj\u0105 do ka\u017cdego nastroju, okazji i stylu.  Do biura i na wieczorne wyj\u015bcie \u2013 wszystko, czego potrzebujesz.<\/p>\n<p>\u2022 Trwa\u0142o\u015b\u0107  do 7 dni bez u\u017cycia bazy lub topu do paznokci<br \/>\u2022 \u017belowe  wyko\u0144czenie bez u\u017cycia lampy UV<br \/>\u2022 Intensywny  kolor i krycie<\/p>\n<p><b>Spos\u00f3b u\u017cycia:<\/b>\u00a0Ciesz si\u0119  \u0142atw\u0105 i precyzyjn\u0105 aplikacj\u0105 za ka\u017cdym razem dzi\u0119ki naszemu szerokiemu,  precyzyjnemu p\u0119dzelkowi, kt\u00f3ry idealnie dopasowuje si\u0119 do kszta\u0142tu p\u0142ytki  paznokcia. Aby uzyska\u0107 najlepsze rezultaty i maksymaln\u0105 trwa\u0142o\u015b\u0107, na\u0142\u00f3\u017c dwie  warstwy lakieru do paznokci. Zmieniaj swoje stylizacje i wyra\u017caj siebie  dzi\u0119ki naszemu zmywaczowi do paznokci bez acetonu.<\/p>\n<p><strong>Gramatura:<\/strong> ml<br \/>\n<strong>Kolor:<\/strong> 048 Frosted Crush<br \/>\n<strong>Pojemno\u015b\u0107:<\/strong> 10.5<br \/>\n<strong>P\u0142e\u0107:<\/strong> damski<br \/>\n<strong>S\u0142o\u0144ce:<\/strong> nie<\/p>\n<p><strong>Uwagi:<\/strong><\/p>\n<p>Wy\u0142\u0105cznie do u\u017cytku zewn\u0119trznego. Unika\u0107 kontaktu z oczami i b\u0142onami \u015bluzowymi. W przypadku dostania si\u0119 do oczu \u2013 dok\u0142adnie przep\u0142uka\u0107 wod\u0105. U\u017cywa\u0107 w dobrze wentylowanym pomieszczeniu. \u0141atwopalne: zawiera rozpuszczalniki (Ethyl Acetate, Butyl Acetate, Isopropyl Alcohol). Trzyma\u0107 z dala od ognia, iskier, \u017ar\u00f3de\u0142 ciep\u0142a i podczas aplikacji nie pali\u0107. Przechowywa\u0107 z dala od dzieci. Dobrze zamyka\u0107 opakowanie po u\u017cyciu, aby zapobiec g\u0119stnieniu produktu. Przechowywa\u0107 w ch\u0142odnym i suchym miejscu, z dala od bezpo\u015bredniego \u015bwiat\u0142a s\u0142onecznego.<\/p>\n<p><strong>Sk\u0142adniki:<\/strong><\/p>\n<p>INGREDIENTS:  ETHYL ACETATE, BUTYL ACETATE, NITROCELLULOSE, POLYESTER-23, ACETYL TRIBUTYL  CITRATE, ISOPROPYL ALCOHOL, STEARALKONIUM BENTONITE, EUTERPE OLERACEA FRUIT  OIL, STYRENE\/ACRYLATES COPOLYMER, ADIPIC ACID\/NEOPENTYL GLYCOL\/TRIMELLITIC  ANHYDRIDE COPOLYMER, DIACETONE ALCOHOL, DIPROPYLENE GLYCOL DIBENZOATE,  SUCROSE ACETATE ISOBUTYRATE, ACRYLATES COPOLYMER, SILICA, MALTOL,  PENTAERYTHRITYL TETRAISOSTEARATE, TRIETHOXYCAPRYLYLSILANE, PHOSPHORIC ACID,  ALUMINUM HYDROXIDE, BARIUM SULFATE, CI 15850 (RED 6), CI 77499 (IRON OXIDES),  CI 77510 (FERRIC AMMONIUM FERROCYANIDE), CI 77891 (TITANIUM DIOXIDE).<\/p>\n","protected":false},"excerpt":{"rendered":"<p> <strong>Gramatura:<\/strong> ml<br \/>  <strong>Kolor:<\/strong> 048 Frosted Crush<br \/>  <strong>Pojemno\u015b\u0107:<\/strong> 10.5<br \/>  <strong>P\u0142e\u0107:<\/strong> damski<br \/>  <strong>S\u0142o\u0144ce:<\/strong> nie <\/p>\n","protected":false},"featured_media":39258,"comment_status":"open","ping_status":"closed","template":"","meta":{"_acf_changed":false},"kategoria-hurtowni":[278,83,174],"product_brand":[292],"product_cat":[76],"product_tag":[],"class_list":{"0":"post-39257","1":"product","2":"type-product","3":"status-publish","4":"has-post-thumbnail","6":"kategoria-hurtowni-lakiery","7":"kategoria-hurtowni-makijaz","8":"kategoria-hurtowni-makijaz-paznokcie","9":"product_brand-catrice","10":"product_cat-primavera","12":"first","13":"outofstock","14":"taxable","15":"shipping-taxable","16":"product-type-simple"},"acf":[],"_links":{"self":[{"href":"https:\/\/premino.pl\/index.php?rest_route=\/wp\/v2\/product\/39257","targetHints":{"allow":["GET"]}}],"collection":[{"href":"https:\/\/premino.pl\/index.php?rest_route=\/wp\/v2\/product"}],"about":[{"href":"https:\/\/premino.pl\/index.php?rest_route=\/wp\/v2\/types\/product"}],"replies":[{"embeddable":true,"href":"https:\/\/premino.pl\/index.php?rest_route=%2Fwp%2Fv2%2Fcomments&post=39257"}],"wp:featuredmedia":[{"embeddable":true,"href":"https:\/\/premino.pl\/index.php?rest_route=\/wp\/v2\/media\/39258"}],"wp:attachment":[{"href":"https:\/\/premino.pl\/index.php?rest_route=%2Fwp%2Fv2%2Fmedia&parent=39257"}],"wp:term":[{"taxonomy":"kategoria-hurtowni","embeddable":true,"href":"https:\/\/premino.pl\/index.php?rest_route=%2Fwp%2Fv2%2Fkategoria-hurtowni&post=39257"},{"taxonomy":"product_brand","embeddable":true,"href":"https:\/\/premino.pl\/index.php?rest_route=%2Fwp%2Fv2%2Fproduct_brand&post=39257"},{"taxonomy":"product_cat","embeddable":true,"href":"https:\/\/premino.pl\/index.php?rest_route=%2Fwp%2Fv2%2Fproduct_cat&post=39257"},{"taxonomy":"product_tag","embeddable":true,"href":"https:\/\/premino.pl\/index.php?rest_route=%2Fwp%2Fv2%2Fproduct_tag&post=39257"}],"curies":[{"name":"wp","href":"https:\/\/api.w.org\/{rel}","templated":true}]}}