{"id":39627,"date":"2026-04-17T16:23:02","date_gmt":"2026-04-17T14:23:02","guid":{"rendered":"https:\/\/premino.pl\/produkt\/love-addict-woda-perfumowana-spray-100ml\/"},"modified":"2026-04-17T16:23:11","modified_gmt":"2026-04-17T14:23:11","slug":"love-addict-woda-perfumowana-spray-100ml","status":"publish","type":"product","link":"https:\/\/premino.pl\/?product=love-addict-woda-perfumowana-spray-100ml","title":{"rendered":"Love Addict woda perfumowana spray 100ml"},"content":{"rendered":"<p>Rozkoszuj si\u0119 wyj\u0105tkowym aromatem Love Addict od Ajmal. To harmonijne po\u0142\u0105czenie s\u0142odkich nut owocowych i subtelnych akord\u00f3w kwiatowych, kt\u00f3re tworz\u0105 ciep\u0142\u0105, zmys\u0142ow\u0105 aur\u0119. Kompozycja dla kobiety pe\u0142nej pasji, kt\u00f3ra swoj\u0105 obecno\u015bci\u0105 pozostawia trwa\u0142e i niezapomniane wra\u017cenie.<\/p>\n<p><b>Nuty zapachowe:<br \/><\/b><br \/><b>Nuta g\u0142owy: <\/b>bergamotka, cytryna, gruszka, jab\u0142ko, arbuz<br \/><b>Nuta serca: <\/b>frezja, lawenda, konwalia, go\u017adzik<br \/><b>Nuta bazy: <\/b>wanilia, bursztyn, pi\u017cmo<\/p>\n<p><strong>Gramatura:<\/strong> ml<br \/>\n<strong>Linia k\u0105pielowa:<\/strong> nie<br \/>\n<strong>Miniatura:<\/strong> nie<br \/>\n<strong>Nuta bazy:<\/strong> bursztyn, pi\u017cmo, wanilia<br \/>\n<strong>Nuta g\u0142owy:<\/strong> arbuz, bergamotka, cytryna, gruszka, jab\u0142ko<br \/>\n<strong>Nuta g\u0142\u00f3wna:<\/strong> kwiatowe, owocowe, s\u0142odka<br \/>\n<strong>Nuta serca:<\/strong> frezja, go\u017adzik, konwalia, lawenda<br \/>\n<strong>Pojemno\u015b\u0107:<\/strong> 100<br \/>\n<strong>Produkt rzadki:<\/strong> nie<br \/>\n<strong>Pr\u00f3bka:<\/strong> nie<br \/>\n<strong>P\u0142e\u0107:<\/strong> damski<br \/>\n<strong>Rodzaj:<\/strong> woda perfumowana<br \/>\n<strong>Tester:<\/strong> nie<br \/>\n<strong>Zapach alternatywny:<\/strong> nie<br \/>\n<strong>Zestaw:<\/strong> nie<\/p>\n<p><strong>Uwagi:<\/strong><\/p>\n<p>PRODUKT \u0141ATWOPALNY. UNIKA\u0106 ROZPYLANIA W OCZY LUB NA PODRA\u017bNION\u0104 SK\u00d3R\u0118. PRZECHOWYWA\u0106 W MIEJSCU NIEDOST\u0118PNYM DLA DZIECI. TYLKO DO STOSOWANIA ZEWN\u0118TRZNEGO.<\/p>\n<p><strong>Sk\u0142adniki:<\/strong><\/p>\n<p>Alcohol Denat., Fragrance (Parfum), Water (Aqua), Hydroxycitronellal, Linalool, Limonene, Citrus Aurantium Bergamia Peel Oil, Citrus Limon Peel Oil, Linalyl Acetate, Geraniol, Pinene, Citrus Aurantium Peel Oil, Citronellol, Vanillin, Rose Ketones, Geranyl Acetate, Isoeugenyl Acetate, Beta-Caryophyllene, Terpineol, Anethole, Hexadecanolactone, Terpineol, Benzyl Alcohol, Alpha-Terpinene<\/p>\n","protected":false},"excerpt":{"rendered":"<p> <strong>Gramatura:<\/strong> ml<br \/>  <strong>Linia k\u0105pielowa:<\/strong> nie<br \/>  <strong>Miniatura:<\/strong> nie<br \/>  <strong>Nuta bazy:<\/strong> bursztyn, pi\u017cmo, wanilia<br \/>  <strong>Nuta g\u0142owy:<\/strong> arbuz, bergamotka, cytryna, gruszka, jab\u0142ko<br \/>  <strong>Nuta g\u0142\u00f3wna:<\/strong> kwiatowe, owocowe, s\u0142odka<br \/>  <strong>Nuta serca:<\/strong> frezja, go\u017adzik, konwalia, lawenda<br \/>  <strong>Pojemno\u015b\u0107:<\/strong> 100<br \/>  <strong>Produkt rzadki:<\/strong> nie<br \/>  <strong>Pr\u00f3bka:<\/strong> nie<br \/>  <strong>P\u0142e\u0107:<\/strong> damski<br \/>  <strong>Rodzaj:<\/strong> woda perfumowana<br \/>  <strong>Tester:<\/strong> nie<br \/>  <strong>Zapach alternatywny:<\/strong> nie<br \/>  <strong>Zestaw:<\/strong> nie <\/p>\n","protected":false},"featured_media":39628,"comment_status":"open","ping_status":"closed","template":"","meta":{"_acf_changed":false},"kategoria-hurtowni":[87,88],"product_brand":[300],"product_cat":[76],"product_tag":[],"class_list":{"0":"post-39627","1":"product","2":"type-product","3":"status-publish","4":"has-post-thumbnail","6":"kategoria-hurtowni-perfumy","7":"kategoria-hurtowni-zapachy","8":"product_brand-ajmal","9":"product_cat-primavera","11":"first","12":"outofstock","13":"taxable","14":"shipping-taxable","15":"product-type-simple"},"acf":[],"_links":{"self":[{"href":"https:\/\/premino.pl\/index.php?rest_route=\/wp\/v2\/product\/39627","targetHints":{"allow":["GET"]}}],"collection":[{"href":"https:\/\/premino.pl\/index.php?rest_route=\/wp\/v2\/product"}],"about":[{"href":"https:\/\/premino.pl\/index.php?rest_route=\/wp\/v2\/types\/product"}],"replies":[{"embeddable":true,"href":"https:\/\/premino.pl\/index.php?rest_route=%2Fwp%2Fv2%2Fcomments&post=39627"}],"wp:featuredmedia":[{"embeddable":true,"href":"https:\/\/premino.pl\/index.php?rest_route=\/wp\/v2\/media\/39628"}],"wp:attachment":[{"href":"https:\/\/premino.pl\/index.php?rest_route=%2Fwp%2Fv2%2Fmedia&parent=39627"}],"wp:term":[{"taxonomy":"kategoria-hurtowni","embeddable":true,"href":"https:\/\/premino.pl\/index.php?rest_route=%2Fwp%2Fv2%2Fkategoria-hurtowni&post=39627"},{"taxonomy":"product_brand","embeddable":true,"href":"https:\/\/premino.pl\/index.php?rest_route=%2Fwp%2Fv2%2Fproduct_brand&post=39627"},{"taxonomy":"product_cat","embeddable":true,"href":"https:\/\/premino.pl\/index.php?rest_route=%2Fwp%2Fv2%2Fproduct_cat&post=39627"},{"taxonomy":"product_tag","embeddable":true,"href":"https:\/\/premino.pl\/index.php?rest_route=%2Fwp%2Fv2%2Fproduct_tag&post=39627"}],"curies":[{"name":"wp","href":"https:\/\/api.w.org\/{rel}","templated":true}]}}