{"id":39631,"date":"2026-04-17T16:23:02","date_gmt":"2026-04-17T14:23:02","guid":{"rendered":"https:\/\/premino.pl\/produkt\/majestic-melange-woda-perfumowana-spray-100ml\/"},"modified":"2026-04-17T16:23:13","modified_gmt":"2026-04-17T14:23:13","slug":"majestic-melange-woda-perfumowana-spray-100ml","status":"publish","type":"product","link":"https:\/\/premino.pl\/?product=majestic-melange-woda-perfumowana-spray-100ml","title":{"rendered":"Majestic Melange woda perfumowana spray 100ml"},"content":{"rendered":"<p>Majestic Melange to zapach, kt\u00f3ry emanuje elegancj\u0105, \u0142\u0105cz\u0105c ponadczasowy styl z wielowymiarow\u0105 finezj\u0105.<\/p>\n<p><b>Nuty zapachowe:<br \/><\/b><br \/><b>Nuta g\u0142owy: <\/b>bergamotka, czarna porzeczka<br \/><b>Nuta serca: <\/b>kwiat lotosu, ylang-ylang<br \/><b>Nuta bazy: <\/b>oud, pi\u017cmo, wanilia<\/p>\n<p><strong>Gramatura:<\/strong> ml<br \/>\n<strong>Linia k\u0105pielowa:<\/strong> nie<br \/>\n<strong>Miniatura:<\/strong> nie<br \/>\n<strong>Nuta bazy:<\/strong> oud, pi\u017cmo, wanilia<br \/>\n<strong>Nuta g\u0142owy:<\/strong> bergamotka, czarna porzeczka<br \/>\n<strong>Nuta g\u0142\u00f3wna:<\/strong> orientalne<br \/>\n<strong>Nuta serca:<\/strong> kwiat lotosu, ylang-ylang<br \/>\n<strong>Pojemno\u015b\u0107:<\/strong> 100<br \/>\n<strong>Produkt rzadki:<\/strong> nie<br \/>\n<strong>Pr\u00f3bka:<\/strong> nie<br \/>\n<strong>P\u0142e\u0107:<\/strong> unisex<br \/>\n<strong>Rodzaj:<\/strong> woda perfumowana<br \/>\n<strong>Tester:<\/strong> nie<br \/>\n<strong>Zapach alternatywny:<\/strong> nie<br \/>\n<strong>Zestaw:<\/strong> nie<\/p>\n<p><strong>Uwagi:<\/strong><\/p>\n<p>PRODUKT \u0141ATWOPALNY. UNIKA\u0106 ROZPYLANIA W OCZY LUB NA PODRA\u017bNION\u0104 SK\u00d3R\u0118. PRZECHOWYWA\u0106 W MIEJSCU NIEDOST\u0118PNYM DLA DZIECI. TYLKO DO STOSOWANIA ZEWN\u0118TRZNEGO.<\/p>\n<p><strong>Sk\u0142adniki:<\/strong><\/p>\n<p>Alcohol Denat., Fragrance, Aqua, Benzyl Salicylate, Linalool, Benzyl Alcohol, Benzyl Benzoate, Coumarin, Limonene, Geraniol, Alpha-Isomethyl Ionone, Hydroxycitronellal, Citronellol, Citral<\/p>\n","protected":false},"excerpt":{"rendered":"<p> <strong>Gramatura:<\/strong> ml<br \/>  <strong>Linia k\u0105pielowa:<\/strong> nie<br \/>  <strong>Miniatura:<\/strong> nie<br \/>  <strong>Nuta bazy:<\/strong> oud, pi\u017cmo, wanilia<br \/>  <strong>Nuta g\u0142owy:<\/strong> bergamotka, czarna porzeczka<br \/>  <strong>Nuta g\u0142\u00f3wna:<\/strong> orientalne<br \/>  <strong>Nuta serca:<\/strong> kwiat lotosu, ylang-ylang<br \/>  <strong>Pojemno\u015b\u0107:<\/strong> 100<br \/>  <strong>Produkt rzadki:<\/strong> nie<br \/>  <strong>Pr\u00f3bka:<\/strong> nie<br \/>  <strong>P\u0142e\u0107:<\/strong> unisex<br \/>  <strong>Rodzaj:<\/strong> woda perfumowana<br \/>  <strong>Tester:<\/strong> nie<br \/>  <strong>Zapach alternatywny:<\/strong> nie<br \/>  <strong>Zestaw:<\/strong> nie <\/p>\n","protected":false},"featured_media":39632,"comment_status":"open","ping_status":"closed","template":"","meta":{"_acf_changed":false},"kategoria-hurtowni":[87,88],"product_brand":[300],"product_cat":[76],"product_tag":[],"class_list":{"0":"post-39631","1":"product","2":"type-product","3":"status-publish","4":"has-post-thumbnail","6":"kategoria-hurtowni-perfumy","7":"kategoria-hurtowni-zapachy","8":"product_brand-ajmal","9":"product_cat-primavera","11":"first","12":"outofstock","13":"taxable","14":"shipping-taxable","15":"product-type-simple"},"acf":[],"_links":{"self":[{"href":"https:\/\/premino.pl\/index.php?rest_route=\/wp\/v2\/product\/39631","targetHints":{"allow":["GET"]}}],"collection":[{"href":"https:\/\/premino.pl\/index.php?rest_route=\/wp\/v2\/product"}],"about":[{"href":"https:\/\/premino.pl\/index.php?rest_route=\/wp\/v2\/types\/product"}],"replies":[{"embeddable":true,"href":"https:\/\/premino.pl\/index.php?rest_route=%2Fwp%2Fv2%2Fcomments&post=39631"}],"wp:featuredmedia":[{"embeddable":true,"href":"https:\/\/premino.pl\/index.php?rest_route=\/wp\/v2\/media\/39632"}],"wp:attachment":[{"href":"https:\/\/premino.pl\/index.php?rest_route=%2Fwp%2Fv2%2Fmedia&parent=39631"}],"wp:term":[{"taxonomy":"kategoria-hurtowni","embeddable":true,"href":"https:\/\/premino.pl\/index.php?rest_route=%2Fwp%2Fv2%2Fkategoria-hurtowni&post=39631"},{"taxonomy":"product_brand","embeddable":true,"href":"https:\/\/premino.pl\/index.php?rest_route=%2Fwp%2Fv2%2Fproduct_brand&post=39631"},{"taxonomy":"product_cat","embeddable":true,"href":"https:\/\/premino.pl\/index.php?rest_route=%2Fwp%2Fv2%2Fproduct_cat&post=39631"},{"taxonomy":"product_tag","embeddable":true,"href":"https:\/\/premino.pl\/index.php?rest_route=%2Fwp%2Fv2%2Fproduct_tag&post=39631"}],"curies":[{"name":"wp","href":"https:\/\/api.w.org\/{rel}","templated":true}]}}