{"id":39633,"date":"2026-04-17T16:23:02","date_gmt":"2026-04-17T14:23:02","guid":{"rendered":"https:\/\/premino.pl\/produkt\/nafaeis-al-shaghaf-pour-femme-woda-perfumowana-spray-100ml\/"},"modified":"2026-04-17T16:23:14","modified_gmt":"2026-04-17T14:23:14","slug":"nafaeis-al-shaghaf-pour-femme-woda-perfumowana-spray-100ml","status":"publish","type":"product","link":"https:\/\/premino.pl\/?product=nafaeis-al-shaghaf-pour-femme-woda-perfumowana-spray-100ml","title":{"rendered":"Nafaeis Al Shaghaf Pour Femme woda perfumowana spray 100ml"},"content":{"rendered":"<p>Nafaeis Al Shaghaf emanuje subteln\u0105, wyrafinowan\u0105 gracj\u0105. Jedno psikni\u0119cie wystarczy, by pozostawi\u0107 niezapomniane wra\u017cenie. Elegancja nut tego zapachu podkre\u015bla dojrza\u0142o\u015b\u0107 i szyk, b\u0119d\u0105c wyrazem modowego wyczucia. Ka\u017cdy element jest wyj\u0105tkowy. Symbolika, rytua\u0142y i tradycje zwi\u0105zane z tym zapachem maj\u0105 g\u0142\u0119bokie znaczenie, kt\u00f3re mo\u017ce r\u00f3\u017cnie odczytywa\u0107 si\u0119 w r\u00f3\u017cnych kulturach.<\/p>\n<p><b>Nuty zapachowe:<br \/><\/b><br \/><b>Nuta g\u0142owy: <\/b>migda\u0142 , kawa<br \/><b>Nuta serca: <\/b>ja\u015bmin sambac, tuberoza, irys<br \/><b>Nuta bazy: <\/b>fasolka tonka, kakao, drzewo sanda\u0142owe, wanilia<\/p>\n<p><strong>Gramatura:<\/strong> ml<br \/>\n<strong>Linia k\u0105pielowa:<\/strong> nie<br \/>\n<strong>Miniatura:<\/strong> nie<br \/>\n<strong>Nuta bazy:<\/strong> drzewo sanda\u0142owe, fasolka tonka, kakao, wanilia<br \/>\n<strong>Nuta g\u0142owy:<\/strong> kawa, migda\u0142<br \/>\n<strong>Nuta g\u0142\u00f3wna:<\/strong> orientalne<br \/>\n<strong>Nuta serca:<\/strong> irys, ja\u015bmin sambac, tuberoza<br \/>\n<strong>Pojemno\u015b\u0107:<\/strong> 100<br \/>\n<strong>Produkt rzadki:<\/strong> nie<br \/>\n<strong>Pr\u00f3bka:<\/strong> nie<br \/>\n<strong>P\u0142e\u0107:<\/strong> damski<br \/>\n<strong>Rodzaj:<\/strong> woda perfumowana<br \/>\n<strong>Tester:<\/strong> nie<br \/>\n<strong>Zapach alternatywny:<\/strong> nie<br \/>\n<strong>Zestaw:<\/strong> nie<\/p>\n<p><strong>Uwagi:<\/strong><\/p>\n<p>Produkt przechowywa\u0107 z dala od ognia i \u017ar\u00f3de\u0142 ciep\u0142a. Trzyma\u0107 w miejscu niedost\u0119pnym dla dzieci. Nie stosowa\u0107 na podra\u017cnion\u0105 lub uszkodzon\u0105 sk\u00f3r\u0119. Unika\u0107 kontaktu z oczami.<\/p>\n<p><strong>Sk\u0142adniki:<\/strong><\/p>\n<p>ALCOHOL DENAT, PARFUM(FRAGRANCE), DISTTILLED AQUA, LINALOOL, XYDROCITRONELLAL, BENZYL SALICYLATE, COUMARIN, GERANIOL, LIMONENE, HEXYL CINNAMAL, ISOEUGENOL,BENZYL ALCOHOL, CITRONELLOL, CITRAL, BENZYL BENZOATE, ETHYL HEXYL METHOXY CINNAMATE, BUTYL METHOXY DIBENZOYL METHANE, ETHYL HEXYL SALICYLATE, CI 12010.<\/p>\n","protected":false},"excerpt":{"rendered":"<p> <strong>Gramatura:<\/strong> ml<br \/>  <strong>Linia k\u0105pielowa:<\/strong> nie<br \/>  <strong>Miniatura:<\/strong> nie<br \/>  <strong>Nuta bazy:<\/strong> drzewo sanda\u0142owe, fasolka tonka, kakao, wanilia<br \/>  <strong>Nuta g\u0142owy:<\/strong> kawa, migda\u0142<br \/>  <strong>Nuta g\u0142\u00f3wna:<\/strong> orientalne<br \/>  <strong>Nuta serca:<\/strong> irys, ja\u015bmin sambac, tuberoza<br \/>  <strong>Pojemno\u015b\u0107:<\/strong> 100<br \/>  <strong>Produkt rzadki:<\/strong> nie<br \/>  <strong>Pr\u00f3bka:<\/strong> nie<br \/>  <strong>P\u0142e\u0107:<\/strong> damski<br \/>  <strong>Rodzaj:<\/strong> woda perfumowana<br \/>  <strong>Tester:<\/strong> nie<br \/>  <strong>Zapach alternatywny:<\/strong> nie<br \/>  <strong>Zestaw:<\/strong> nie <\/p>\n","protected":false},"featured_media":39634,"comment_status":"open","ping_status":"closed","template":"","meta":{"_acf_changed":false},"kategoria-hurtowni":[87,88],"product_brand":[301],"product_cat":[76],"product_tag":[],"class_list":{"0":"post-39633","1":"product","2":"type-product","3":"status-publish","4":"has-post-thumbnail","6":"kategoria-hurtowni-perfumy","7":"kategoria-hurtowni-zapachy","8":"product_brand-rasasi","9":"product_cat-primavera","11":"first","12":"outofstock","13":"taxable","14":"shipping-taxable","15":"product-type-simple"},"acf":[],"_links":{"self":[{"href":"https:\/\/premino.pl\/index.php?rest_route=\/wp\/v2\/product\/39633","targetHints":{"allow":["GET"]}}],"collection":[{"href":"https:\/\/premino.pl\/index.php?rest_route=\/wp\/v2\/product"}],"about":[{"href":"https:\/\/premino.pl\/index.php?rest_route=\/wp\/v2\/types\/product"}],"replies":[{"embeddable":true,"href":"https:\/\/premino.pl\/index.php?rest_route=%2Fwp%2Fv2%2Fcomments&post=39633"}],"wp:featuredmedia":[{"embeddable":true,"href":"https:\/\/premino.pl\/index.php?rest_route=\/wp\/v2\/media\/39634"}],"wp:attachment":[{"href":"https:\/\/premino.pl\/index.php?rest_route=%2Fwp%2Fv2%2Fmedia&parent=39633"}],"wp:term":[{"taxonomy":"kategoria-hurtowni","embeddable":true,"href":"https:\/\/premino.pl\/index.php?rest_route=%2Fwp%2Fv2%2Fkategoria-hurtowni&post=39633"},{"taxonomy":"product_brand","embeddable":true,"href":"https:\/\/premino.pl\/index.php?rest_route=%2Fwp%2Fv2%2Fproduct_brand&post=39633"},{"taxonomy":"product_cat","embeddable":true,"href":"https:\/\/premino.pl\/index.php?rest_route=%2Fwp%2Fv2%2Fproduct_cat&post=39633"},{"taxonomy":"product_tag","embeddable":true,"href":"https:\/\/premino.pl\/index.php?rest_route=%2Fwp%2Fv2%2Fproduct_tag&post=39633"}],"curies":[{"name":"wp","href":"https:\/\/api.w.org\/{rel}","templated":true}]}}