{"id":39863,"date":"2026-04-17T16:26:07","date_gmt":"2026-04-17T14:26:07","guid":{"rendered":"https:\/\/premino.pl\/produkt\/lime-basil-mandarin-peelingujacy-zel-pod-prysznic-200ml\/"},"modified":"2026-04-17T16:26:13","modified_gmt":"2026-04-17T14:26:13","slug":"lime-basil-mandarin-peelingujacy-zel-pod-prysznic-200ml","status":"publish","type":"product","link":"https:\/\/premino.pl\/?product=lime-basil-mandarin-peelingujacy-zel-pod-prysznic-200ml","title":{"rendered":"Lime Basil &amp; Mandarin peelinguj\u0105cy \u017cel pod prysznic 200ml"},"content":{"rendered":"<p>Oczy\u015b\u0107 i od\u015bwie\u017c swoj\u0105 sk\u00f3r\u0119 w jednym, prostym kroku dzi\u0119ki peelinguj\u0105cemu \u017celowi pod prysznic Lime Basil &#038; Mandarin. Jego delikatna formu\u0142a skutecznie usuwa zanieczyszczenia i martwy nask\u00f3rek, pozostawiaj\u0105c sk\u00f3r\u0119 wyj\u0105tkowo mi\u0119kk\u0105, g\u0142adk\u0105 i gotow\u0105 na dalsz\u0105 piel\u0119gnacj\u0119. Zawiera \u0142agodne sk\u0142adniki z\u0142uszczaj\u0105ce, takie jak naturalne oleje jojoba i rycynowy oraz ekstrakt z bambusa, kt\u00f3re wspieraj\u0105 regeneracj\u0119 i nawil\u017cenie sk\u00f3ry.<\/p>\n<p>Uzupe\u0142nij sw\u00f3j rytua\u0142 piel\u0119gnacyjny tym wyj\u0105tkowym \u017celem pod prysznic od Jo Malone London. \u015awie\u017cy zapach limonki przeplata si\u0119 z aromatyczn\u0105 bazyli\u0105 i nut\u0105 bia\u0142ego tymianku, tworz\u0105c intryguj\u0105c\u0105, pobudzaj\u0105c\u0105 kompozycj\u0119, kt\u00f3ra zamienia codzienny prysznic w zmys\u0142owe do\u015bwiadczenie.<\/p>\n<p><\/p>\n<p><b>Nuty zapachowe:<br \/><\/b><br \/><b>Nuta g\u0142owy: <\/b>mandarynka, lima, bergamotka<br \/><b>Nuta serca: <\/b>tymianek, irys, bez, bazylia<br \/><b>Nuta bazy: <\/b>wetyweria, paczula<\/p>\n<p><strong>Gramatura:<\/strong> ml<br \/>\n<strong>Linia k\u0105pielowa:<\/strong> \u017cel pod prysznic<br \/>\n<strong>Nuta bazy:<\/strong> paczula, wetyweria<br \/>\n<strong>Nuta g\u0142owy:<\/strong> bergamotka, lima, mandarynka<br \/>\n<strong>Nuta g\u0142\u00f3wna:<\/strong> aromatyczne, cytrusowe<br \/>\n<strong>Nuta serca:<\/strong> bazylia, bez, irys, tymianek<br \/>\n<strong>Pojemno\u015b\u0107:<\/strong> 200<br \/>\n<strong>P\u0142e\u0107:<\/strong> unisex<\/p>\n<p><strong>Uwagi:<\/strong><\/p>\n<p>Unikaj kontaktu z oczami. Produkt do u\u017cytku zewn\u0119trznego.<\/p>\n<p><strong>Sk\u0142adniki:<\/strong><\/p>\n<p>WaterAquaEau, Sodium Laureth Sulfate, Bambusa Arundinacea (Bamboo) Stem Extract, Acrylates Copolymer, Glycerin, Ammonium Lauryl Sulfate, Peg-7 Glyceryl Cocoate, Fragrance (Parfum), Coco-Betaine, Ceteth-20, Paeonia Albiflora (Peony) Root Extract, Citrus Aurantium Dulcis (Orange) Peel Powder, Hydrogenated Jojoba Oil, Hydrogenated Castor Oil, Polysorbate 20, Butylene Glycol, Caprylyl Glycol, Potassium Sorbate, Hexylene Glycol, Sodium Hydroxide, Pentaerythrityl Tetra-Di-T-Butyl Hydroxyhydrocinnamate, Disodium Edta, Edta, Bht, Limonene, Butylphenyl Methylpropional, Alpha-Isomethyl Ionone, Citral, Hydroxycitronellal, Linalool, Methylchloroisothiazolinone, Methylisothiazolinone, Phenoxyethanol<\/p>\n","protected":false},"excerpt":{"rendered":"<p> <strong>Gramatura:<\/strong> ml<br \/>  <strong>Linia k\u0105pielowa:<\/strong> \u017cel pod prysznic<br \/>  <strong>Nuta bazy:<\/strong> paczula, wetyweria<br \/>  <strong>Nuta g\u0142owy:<\/strong> bergamotka, lima, mandarynka<br \/>  <strong>Nuta g\u0142\u00f3wna:<\/strong> aromatyczne, cytrusowe<br \/>  <strong>Nuta serca:<\/strong> bazylia, bez, irys, tymianek<br \/>  <strong>Pojemno\u015b\u0107:<\/strong> 200<br \/>  <strong>P\u0142e\u0107:<\/strong> unisex <\/p>\n","protected":false},"featured_media":39864,"comment_status":"open","ping_status":"closed","template":"","meta":{"_acf_changed":false},"kategoria-hurtowni":[120,87],"product_brand":[313],"product_cat":[76],"product_tag":[],"class_list":{"0":"post-39863","1":"product","2":"type-product","3":"status-publish","4":"has-post-thumbnail","6":"kategoria-hurtowni-linia-kapielowa","7":"kategoria-hurtowni-perfumy","8":"product_brand-jo-malone","9":"product_cat-primavera","11":"first","12":"outofstock","13":"taxable","14":"shipping-taxable","15":"product-type-simple"},"acf":[],"_links":{"self":[{"href":"https:\/\/premino.pl\/index.php?rest_route=\/wp\/v2\/product\/39863","targetHints":{"allow":["GET"]}}],"collection":[{"href":"https:\/\/premino.pl\/index.php?rest_route=\/wp\/v2\/product"}],"about":[{"href":"https:\/\/premino.pl\/index.php?rest_route=\/wp\/v2\/types\/product"}],"replies":[{"embeddable":true,"href":"https:\/\/premino.pl\/index.php?rest_route=%2Fwp%2Fv2%2Fcomments&post=39863"}],"wp:featuredmedia":[{"embeddable":true,"href":"https:\/\/premino.pl\/index.php?rest_route=\/wp\/v2\/media\/39864"}],"wp:attachment":[{"href":"https:\/\/premino.pl\/index.php?rest_route=%2Fwp%2Fv2%2Fmedia&parent=39863"}],"wp:term":[{"taxonomy":"kategoria-hurtowni","embeddable":true,"href":"https:\/\/premino.pl\/index.php?rest_route=%2Fwp%2Fv2%2Fkategoria-hurtowni&post=39863"},{"taxonomy":"product_brand","embeddable":true,"href":"https:\/\/premino.pl\/index.php?rest_route=%2Fwp%2Fv2%2Fproduct_brand&post=39863"},{"taxonomy":"product_cat","embeddable":true,"href":"https:\/\/premino.pl\/index.php?rest_route=%2Fwp%2Fv2%2Fproduct_cat&post=39863"},{"taxonomy":"product_tag","embeddable":true,"href":"https:\/\/premino.pl\/index.php?rest_route=%2Fwp%2Fv2%2Fproduct_tag&post=39863"}],"curies":[{"name":"wp","href":"https:\/\/api.w.org\/{rel}","templated":true}]}}