{"id":39887,"date":"2026-04-17T16:26:07","date_gmt":"2026-04-17T14:26:07","guid":{"rendered":"https:\/\/premino.pl\/produkt\/lime-basil-mandarin-zel-do-mycia-ciala-i-rak-500ml\/"},"modified":"2026-04-17T16:26:30","modified_gmt":"2026-04-17T14:26:30","slug":"lime-basil-mandarin-zel-do-mycia-ciala-i-rak-500ml","status":"publish","type":"product","link":"https:\/\/premino.pl\/?product=lime-basil-mandarin-zel-do-mycia-ciala-i-rak-500ml","title":{"rendered":"Lime Basil &amp; Mandarin \u017cel do mycia cia\u0142a i r\u0105k 500ml"},"content":{"rendered":"<p>Przekszta\u0142\u0107 swoj\u0105 codzienn\u0105 piel\u0119gnacj\u0119 w przyjemny rytua\u0142 dzi\u0119ki \u017celowi do mycia cia\u0142a i r\u0105k Lime Basil &#038; Mandarin! Ten produkt oczyszczaj\u0105cy zapewni Ci zmys\u0142owe doznania, kt\u00f3re otulaj\u0105 Twoj\u0105 sk\u00f3r\u0119 \u015bwie\u017cym, cytrusowym aromatem. Formu\u0142a wzbogacona o starannie dobrane sk\u0142adniki, nie tylko doskonale oczyszcza, ale r\u00f3wnie\u017c zapewnia uczucie luksusu i komfortu, sprawiaj\u0105c, \u017ce ka\u017cdy dzie\u0144 staje si\u0119 wyj\u0105tkowy.<\/p>\n<p><\/p>\n<p><b>Nuty zapachowe:<br \/><\/b><br \/><b>Nuta g\u0142owy: <\/b>mandarynka, lima, bergamotka<br \/><b>Nuta serca: <\/b>tymianek, irys, bez, bazylia<br \/><b>Nuta bazy: <\/b>wetyweria, paczula<\/p>\n<p><strong>Gramatura:<\/strong> ml<br \/>\n<strong>Linia k\u0105pielowa:<\/strong> \u017cel pod prysznic<br \/>\n<strong>Nuta bazy:<\/strong> paczula, wetyweria<br \/>\n<strong>Nuta g\u0142owy:<\/strong> bergamotka, lima, mandarynka<br \/>\n<strong>Nuta g\u0142\u00f3wna:<\/strong> aromatyczne, cytrusowe<br \/>\n<strong>Nuta serca:<\/strong> bazylia, bez, irys, tymianek<br \/>\n<strong>Pojemno\u015b\u0107:<\/strong> 500<br \/>\n<strong>P\u0142e\u0107:<\/strong> unisex<\/p>\n<p><strong>Uwagi:<\/strong><\/p>\n<p>Unikaj kontaktu z oczami. Produkt do u\u017cytku zewn\u0119trznego.<\/p>\n<p><strong>Sk\u0142adniki:<\/strong><\/p>\n<p>WaterAquaEau, Sodium Laureth Sulfate, Lauramidopropyl Betaine, Fragrance (Parfum), Peg-7 Glyceryl Cocoate, Glycerin, Limnanthes Alba (Meadowfoam) Seed Oil, Caffeine, Peg-6 Caprylic\/Capric Glycerides, Caprylyl Glycol, Ethylhexylglycerin, Sucrose, Ceteth-20, Sodium Chloride, Peg-120 Methyl Glucose Dioleate, Polysorbate 20, Peg-150 Pentaerythrityl Tetrastearate, Pentylene Glycol, Hexylene Glycol, Polyquaternium-7, Citric Acid, Magnesium Nitrate, Limonene, Linalool, Hydroxycitronellal, Alpha-Isomethyl Ionone, Evernia Prunastri (Oakmoss) Extract, Citral, Bht, Phenoxyethanol, Sodium Benzoate<\/p>\n","protected":false},"excerpt":{"rendered":"<p> <strong>Gramatura:<\/strong> ml<br \/>  <strong>Linia k\u0105pielowa:<\/strong> \u017cel pod prysznic<br \/>  <strong>Nuta bazy:<\/strong> paczula, wetyweria<br \/>  <strong>Nuta g\u0142owy:<\/strong> bergamotka, lima, mandarynka<br \/>  <strong>Nuta g\u0142\u00f3wna:<\/strong> aromatyczne, cytrusowe<br \/>  <strong>Nuta serca:<\/strong> bazylia, bez, irys, tymianek<br \/>  <strong>Pojemno\u015b\u0107:<\/strong> 500<br \/>  <strong>P\u0142e\u0107:<\/strong> unisex <\/p>\n","protected":false},"featured_media":39888,"comment_status":"open","ping_status":"closed","template":"","meta":{"_acf_changed":false},"kategoria-hurtowni":[120,87],"product_brand":[313],"product_cat":[76],"product_tag":[],"class_list":{"0":"post-39887","1":"product","2":"type-product","3":"status-publish","4":"has-post-thumbnail","6":"kategoria-hurtowni-linia-kapielowa","7":"kategoria-hurtowni-perfumy","8":"product_brand-jo-malone","9":"product_cat-primavera","11":"first","12":"outofstock","13":"taxable","14":"shipping-taxable","15":"product-type-simple"},"acf":[],"_links":{"self":[{"href":"https:\/\/premino.pl\/index.php?rest_route=\/wp\/v2\/product\/39887","targetHints":{"allow":["GET"]}}],"collection":[{"href":"https:\/\/premino.pl\/index.php?rest_route=\/wp\/v2\/product"}],"about":[{"href":"https:\/\/premino.pl\/index.php?rest_route=\/wp\/v2\/types\/product"}],"replies":[{"embeddable":true,"href":"https:\/\/premino.pl\/index.php?rest_route=%2Fwp%2Fv2%2Fcomments&post=39887"}],"wp:featuredmedia":[{"embeddable":true,"href":"https:\/\/premino.pl\/index.php?rest_route=\/wp\/v2\/media\/39888"}],"wp:attachment":[{"href":"https:\/\/premino.pl\/index.php?rest_route=%2Fwp%2Fv2%2Fmedia&parent=39887"}],"wp:term":[{"taxonomy":"kategoria-hurtowni","embeddable":true,"href":"https:\/\/premino.pl\/index.php?rest_route=%2Fwp%2Fv2%2Fkategoria-hurtowni&post=39887"},{"taxonomy":"product_brand","embeddable":true,"href":"https:\/\/premino.pl\/index.php?rest_route=%2Fwp%2Fv2%2Fproduct_brand&post=39887"},{"taxonomy":"product_cat","embeddable":true,"href":"https:\/\/premino.pl\/index.php?rest_route=%2Fwp%2Fv2%2Fproduct_cat&post=39887"},{"taxonomy":"product_tag","embeddable":true,"href":"https:\/\/premino.pl\/index.php?rest_route=%2Fwp%2Fv2%2Fproduct_tag&post=39887"}],"curies":[{"name":"wp","href":"https:\/\/api.w.org\/{rel}","templated":true}]}}