{"id":39923,"date":"2026-04-17T16:26:42","date_gmt":"2026-04-17T14:26:42","guid":{"rendered":"https:\/\/premino.pl\/produkt\/pomegranate-noir-olejek-do-kapieli-250ml\/"},"modified":"2026-04-17T16:26:57","modified_gmt":"2026-04-17T14:26:57","slug":"pomegranate-noir-olejek-do-kapieli-250ml","status":"publish","type":"product","link":"https:\/\/premino.pl\/?product=pomegranate-noir-olejek-do-kapieli-250ml","title":{"rendered":"Pomegranate Noir olejek do k\u0105pieli 250ml"},"content":{"rendered":"<p>Luksusowy olejek do k\u0105pieli, kt\u00f3ry delikatnie piel\u0119gnuje i intensywnie nawil\u017ca sk\u00f3r\u0119. Zawiera od\u017cywcze olejki ze s\u0142odkich migda\u0142\u00f3w, nasion jojoby i awokado, otulaj\u0105c cia\u0142o zmys\u0142owym aromatem soczystego granatu, malin i \u015bliwki, subtelnie podkre\u015blonym r\u00f3\u017cowym pieprzem i ciep\u0142em korzennych drzew. Idealny do chwili relaksu i aromatycznej regeneracji sk\u00f3ry.<\/p>\n<p><b>Nuty zapachowe:<br \/><\/b><br \/><b>Nuta g\u0142owy: <\/b>\u015bliwka, rabarbar, malina, granat, arbuz<br \/><b>Nuta serca: <\/b>r\u00f3\u017cowy pieprz, r\u00f3\u017ca, opoponaks, olibanum, konwalia, ja\u015bmin, go\u017adzik (przyprawa), drzewo gwajakowe<br \/><b>Nuta bazy: <\/b>bursztyn, pi\u017cmo, paczula, cedr virginia<\/p>\n<p><strong>Gramatura:<\/strong> ml<br \/>\n<strong>Linia k\u0105pielowa:<\/strong> olejek do k\u0105pieli<br \/>\n<strong>Nuta bazy:<\/strong> bursztyn, cedr virginia, paczula, pi\u017cmo<br \/>\n<strong>Nuta g\u0142owy:<\/strong> arbuz, granat, malina, rabarbar, \u015bliwka<br \/>\n<strong>Nuta g\u0142\u00f3wna:<\/strong> aromatyczne, owocowe<br \/>\n<strong>Nuta serca:<\/strong> drzewo gwajakowe, go\u017adzik (przyprawa), ja\u015bmin, konwalia, olibanum, opoponaks, r\u00f3\u017ca, r\u00f3\u017cowy pieprz<br \/>\n<strong>Pojemno\u015b\u0107:<\/strong> 250<br \/>\n<strong>P\u0142e\u0107:<\/strong> unisex<\/p>\n<p><strong>Uwagi:<\/strong><\/p>\n<p>Unika\u0107 kontaktu z oczami.<\/p>\n<p><strong>Sk\u0142adniki:<\/strong><\/p>\n<p>Prunus Amygdalus Dulcis (Sweet Almond) Oil, C12-13 Pareth -3, Isopropyl Palmitate, Fragrance (Parfum), Simmondsia Chinensis (Jojoba) Seed Oil, Polysorbate 85, Persea Gratissima (Avocado) Oil, Dipropylene Glycol, Bht, Eugenol, Limonene<\/p>\n","protected":false},"excerpt":{"rendered":"<p> <strong>Gramatura:<\/strong> ml<br \/>  <strong>Linia k\u0105pielowa:<\/strong> olejek do k\u0105pieli<br \/>  <strong>Nuta bazy:<\/strong> bursztyn, cedr virginia, paczula, pi\u017cmo<br \/>  <strong>Nuta g\u0142owy:<\/strong> arbuz, granat, malina, rabarbar, \u015bliwka<br \/>  <strong>Nuta g\u0142\u00f3wna:<\/strong> aromatyczne, owocowe<br \/>  <strong>Nuta serca:<\/strong> drzewo gwajakowe, go\u017adzik (przyprawa), ja\u015bmin, konwalia, olibanum, opoponaks, r\u00f3\u017ca, r\u00f3\u017cowy pieprz<br \/>  <strong>Pojemno\u015b\u0107:<\/strong> 250<br \/>  <strong>P\u0142e\u0107:<\/strong> unisex <\/p>\n","protected":false},"featured_media":39924,"comment_status":"open","ping_status":"closed","template":"","meta":{"_acf_changed":false},"kategoria-hurtowni":[120,87],"product_brand":[313],"product_cat":[76],"product_tag":[],"class_list":{"0":"post-39923","1":"product","2":"type-product","3":"status-publish","4":"has-post-thumbnail","6":"kategoria-hurtowni-linia-kapielowa","7":"kategoria-hurtowni-perfumy","8":"product_brand-jo-malone","9":"product_cat-primavera","11":"first","12":"outofstock","13":"taxable","14":"shipping-taxable","15":"product-type-simple"},"acf":[],"_links":{"self":[{"href":"https:\/\/premino.pl\/index.php?rest_route=\/wp\/v2\/product\/39923","targetHints":{"allow":["GET"]}}],"collection":[{"href":"https:\/\/premino.pl\/index.php?rest_route=\/wp\/v2\/product"}],"about":[{"href":"https:\/\/premino.pl\/index.php?rest_route=\/wp\/v2\/types\/product"}],"replies":[{"embeddable":true,"href":"https:\/\/premino.pl\/index.php?rest_route=%2Fwp%2Fv2%2Fcomments&post=39923"}],"wp:featuredmedia":[{"embeddable":true,"href":"https:\/\/premino.pl\/index.php?rest_route=\/wp\/v2\/media\/39924"}],"wp:attachment":[{"href":"https:\/\/premino.pl\/index.php?rest_route=%2Fwp%2Fv2%2Fmedia&parent=39923"}],"wp:term":[{"taxonomy":"kategoria-hurtowni","embeddable":true,"href":"https:\/\/premino.pl\/index.php?rest_route=%2Fwp%2Fv2%2Fkategoria-hurtowni&post=39923"},{"taxonomy":"product_brand","embeddable":true,"href":"https:\/\/premino.pl\/index.php?rest_route=%2Fwp%2Fv2%2Fproduct_brand&post=39923"},{"taxonomy":"product_cat","embeddable":true,"href":"https:\/\/premino.pl\/index.php?rest_route=%2Fwp%2Fv2%2Fproduct_cat&post=39923"},{"taxonomy":"product_tag","embeddable":true,"href":"https:\/\/premino.pl\/index.php?rest_route=%2Fwp%2Fv2%2Fproduct_tag&post=39923"}],"curies":[{"name":"wp","href":"https:\/\/api.w.org\/{rel}","templated":true}]}}