{"id":40045,"date":"2026-04-17T16:28:00","date_gmt":"2026-04-17T14:28:00","guid":{"rendered":"https:\/\/premino.pl\/produkt\/derma-ochronna-pomadka-do-ust-4-5g\/"},"modified":"2026-04-17T16:28:21","modified_gmt":"2026-04-17T14:28:21","slug":"derma-ochronna-pomadka-do-ust-4-5g","status":"publish","type":"product","link":"https:\/\/premino.pl\/?product=derma-ochronna-pomadka-do-ust-4-5g","title":{"rendered":"Derma ochronna pomadka do ust 4.5g"},"content":{"rendered":"<p>Ochronna pomadka do ust, kt\u00f3ra skutecznie piel\u0119gnuje suche i spierzchni\u0119te usta, jednocze\u015bnie zapewniaj\u0105c bardzo wysok\u0105 ochron\u0119 przed promieniowaniem UVA i UVB. Formu\u0142a zosta\u0142a wzbogacona o pantenol, wosk pszczeli oraz witamin\u0119 E, kt\u00f3re wspieraj\u0105 nawil\u017cenie, regeneracj\u0119 i ochron\u0119 delikatnej sk\u00f3ry ust. Pomadka Bepanthen\u00ae Derma to niezast\u0105piony element codziennej piel\u0119gnacji i profilaktyki \u2013 przy regularnym stosowaniu usta staj\u0105 si\u0119 mi\u0119kkie, g\u0142adkie i dobrze od\u017cywione.<\/p>\n<p>Produkt chroni usta przed szkodliwym dzia\u0142aniem promieni UVA i UVB, na kt\u00f3re s\u0105 one szczeg\u00f3lnie wra\u017cliwe. Dzi\u0119ki starannie dobranym sk\u0142adnikom aktywnym zapewnia kompleksow\u0105 ochron\u0119 i regeneracj\u0119:<br \/>\u2022 Pantenol (prowitamina B5) \u2013 wspiera naturalne procesy odnowy sk\u00f3ry, intensywnie nawil\u017ca i wzmacnia jej barier\u0119 ochronn\u0105, przywracaj\u0105c ustom mi\u0119kko\u015b\u0107 i komfort.<br \/>\u2022 Wosk pszczeli \u2013 tworzy delikatn\u0105 warstw\u0119 ochronn\u0105, zabezpieczaj\u0105c\u0105 usta przed dzia\u0142aniem wiatru, zimna i innych czynnik\u00f3w zewn\u0119trznych.<br \/>\u2022 Witamina E \u2013 dzia\u0142a jako silny antyoksydant, pomagaj\u0105c neutralizowa\u0107 wolne rodniki powstaj\u0105ce pod wp\u0142ywem promieniowania s\u0142onecznego i innych czynnik\u00f3w \u015brodowiskowych.<\/p>\n<p><b>Spos\u00f3b u\u017cycia<\/b><br \/>Pomadk\u0119 nale\u017cy stosowa\u0107 codziennie, nak\u0142adaj\u0105c cienk\u0105 warstw\u0119 w zale\u017cno\u015bci od potrzeb. Produkt doskonale sprawdza si\u0119 przez ca\u0142y rok \u2013 chroni usta przed s\u0142o\u0144cem w cieplejszych miesi\u0105cach oraz zapewnia im odpowiednie nawil\u017cenie i ochron\u0119 w okresie jesienno-zimowym.<\/p>\n<p><strong>Dzia\u0142anie:<\/strong> chroni, nawil\u017ca, regeneruje<br \/>\n<strong>Faktor SPF:<\/strong> 50<br \/>\n<strong>Gramatura:<\/strong> g<br \/>\n<strong>Konsystencja:<\/strong> sztyft<br \/>\n<strong>Linie elitarne:<\/strong> nie<br \/>\n<strong>Piel\u0119gnacja specyficzna:<\/strong> nie<br \/>\n<strong>Pojemno\u015b\u0107:<\/strong> 4.5<br \/>\n<strong>P\u0142e\u0107:<\/strong> unisex<br \/>\n<strong>S\u0142o\u0144ce:<\/strong> tak<\/p>\n<p><strong>Uwagi:<\/strong><\/p>\n<p>Tylko do u\u017cytku zewn\u0119trznego, unika\u0107 kontaktu z oczami.<\/p>\n<p><strong>Sk\u0142adniki:<\/strong><\/p>\n<p>CAPRYLIC\/CAPRIC TRIGLYCERIDE, RICINUS COMMUNIS SEED OIL, TRIBEHENIN, DIETHYLAMINO HYDROXYBENZOYL HEXYL BENZOATE, ISOAMYL P-METHOXYCINNAMATE, ORYZA SATIVA BRAN WAX, C10-18 TRIGLYCERIDES, BIS-ETHYLHEXYLOXYPHENOL METHOXYPHENYL TRIAZINE, ETHYLHEXYL TRIAZONE,\u00a0 TOCOPHERYL ACETATE, BIS-BEHENYL\/ISOSTEARYL\/PHYTOSTERYL DIMER DILINOLEYL DIMER DILINOLEATE, PANTHENOL, MICROCRYSTALLINE CELLULOSE, CERA ALBA, PARFUM, HELIANTHUS ANNUUS SEED OIL, TOCOPHEROL, VANILLIN, GLYCERYL STEARATE CITRATE, ASCORBYL TETRAISOPALMITATE, BETA-SITOSTEROL, SQUALENE, CI 77163.<\/p>\n","protected":false},"excerpt":{"rendered":"<p> <strong>Dzia\u0142anie:<\/strong> chroni, nawil\u017ca, regeneruje<br \/>  <strong>Faktor SPF:<\/strong> 50<br \/>  <strong>Gramatura:<\/strong> g<br \/>  <strong>Konsystencja:<\/strong> sztyft<br \/>  <strong>Linie elitarne:<\/strong> nie<br \/>  <strong>Piel\u0119gnacja specyficzna:<\/strong> nie<br \/>  <strong>Pojemno\u015b\u0107:<\/strong> 4.5<br \/>  <strong>P\u0142e\u0107:<\/strong> unisex<br \/>  <strong>S\u0142o\u0144ce:<\/strong> tak <\/p>\n","protected":false},"featured_media":40046,"comment_status":"open","ping_status":"closed","template":"","meta":{"_acf_changed":false},"kategoria-hurtowni":[211,214,324],"product_brand":[325],"product_cat":[76],"product_tag":[],"class_list":{"0":"post-40045","1":"product","2":"type-product","3":"status-publish","4":"has-post-thumbnail","6":"kategoria-hurtowni-dermokosmetyki","7":"kategoria-hurtowni-pielegnacja-twarzy-dermokosmetyki","8":"kategoria-hurtowni-usta-pielegnacja-twarzy-dermokosmetyki","9":"product_brand-bepanthen","10":"product_cat-primavera","12":"first","13":"outofstock","14":"taxable","15":"shipping-taxable","16":"product-type-simple"},"acf":[],"_links":{"self":[{"href":"https:\/\/premino.pl\/index.php?rest_route=\/wp\/v2\/product\/40045","targetHints":{"allow":["GET"]}}],"collection":[{"href":"https:\/\/premino.pl\/index.php?rest_route=\/wp\/v2\/product"}],"about":[{"href":"https:\/\/premino.pl\/index.php?rest_route=\/wp\/v2\/types\/product"}],"replies":[{"embeddable":true,"href":"https:\/\/premino.pl\/index.php?rest_route=%2Fwp%2Fv2%2Fcomments&post=40045"}],"wp:featuredmedia":[{"embeddable":true,"href":"https:\/\/premino.pl\/index.php?rest_route=\/wp\/v2\/media\/40046"}],"wp:attachment":[{"href":"https:\/\/premino.pl\/index.php?rest_route=%2Fwp%2Fv2%2Fmedia&parent=40045"}],"wp:term":[{"taxonomy":"kategoria-hurtowni","embeddable":true,"href":"https:\/\/premino.pl\/index.php?rest_route=%2Fwp%2Fv2%2Fkategoria-hurtowni&post=40045"},{"taxonomy":"product_brand","embeddable":true,"href":"https:\/\/premino.pl\/index.php?rest_route=%2Fwp%2Fv2%2Fproduct_brand&post=40045"},{"taxonomy":"product_cat","embeddable":true,"href":"https:\/\/premino.pl\/index.php?rest_route=%2Fwp%2Fv2%2Fproduct_cat&post=40045"},{"taxonomy":"product_tag","embeddable":true,"href":"https:\/\/premino.pl\/index.php?rest_route=%2Fwp%2Fv2%2Fproduct_tag&post=40045"}],"curies":[{"name":"wp","href":"https:\/\/api.w.org\/{rel}","templated":true}]}}