{"id":40081,"date":"2026-04-17T16:28:30","date_gmt":"2026-04-17T14:28:30","guid":{"rendered":"https:\/\/premino.pl\/produkt\/skin-food-krem-do-pielegnacji-wyjatkowo-suchej-skory-30ml\/"},"modified":"2026-04-17T16:28:46","modified_gmt":"2026-04-17T14:28:46","slug":"skin-food-krem-do-pielegnacji-wyjatkowo-suchej-skory-30ml","status":"publish","type":"product","link":"https:\/\/premino.pl\/?product=skin-food-krem-do-pielegnacji-wyjatkowo-suchej-skory-30ml","title":{"rendered":"Skin Food krem do piel\u0119gnacji wyj\u0105tkowo suchej sk\u00f3ry 30ml"},"content":{"rendered":"<p>Gdyby\u015b mog\u0142a zabra\u0107 ze sob\u0105 tylko jedn\u0105 rzecz na pustyni\u0119, by\u0142aby to niewielka, ale niezwykle skuteczna zielona tubka. Krem Skin Food to wszechstronne wsparcie dla suchej i szorstkiej sk\u00f3ry \u2013 idealny do piel\u0119gnacji twarzy, d\u0142oni, \u0142okci i st\u00f3p. Tam, gdzie sk\u00f3ra potrzebuje intensywnego nawil\u017cenia, Skin Food przywraca jej komfort i zdrowy wygl\u0105d.<\/p>\n<p>Formu\u0142a kremu zosta\u0142a wzbogacona o ekstrakty z fio\u0142ka tr\u00f3jbarwnego, nagietka lekarskiego oraz rumianku. Bogata, od\u017cywcza baza oparta na olejach i wosku pszczelim g\u0142\u0119boko regeneruje sk\u00f3r\u0119, pomagaj\u0105c przywr\u00f3ci\u0107 jej naturaln\u0105 r\u00f3wnowag\u0119 i mi\u0119kko\u015b\u0107.<\/p>\n<p><b>Dzia\u0142anie<br \/><\/b>Intensywnie nawil\u017ca sk\u00f3r\u0119, poprawia jej elastyczno\u015b\u0107, wyg\u0142adza oraz wspiera procesy regeneracyjne. Produkt przebadany dermatologicznie. Nie zawiera syntetycznych substancji zapachowych, barwnik\u00f3w, konserwant\u00f3w ani sk\u0142adnik\u00f3w pochodz\u0105cych z olej\u00f3w mineralnych.<\/p>\n<p><b>Stosowanie<\/b><br \/>Nak\u0142adaj obficie kilka razy dziennie na te partie sk\u00f3ry, kt\u00f3re potrzebuj\u0105 szczeg\u00f3lnej troski \u2013 zw\u0142aszcza na suche, szorstkie cz\u0119\u015bci cia\u0142a, takie jak: r\u0119ce, stopy i \u0142okcie.<\/p>\n<p><strong>Dzia\u0142anie:<\/strong> nawil\u017caj\u0105ce, uelastycznia, uj\u0119drnia, wyg\u0142adza<br \/>\n<strong>Gramatura:<\/strong> ml<br \/>\n<strong>Konsystencja:<\/strong> krem<br \/>\n<strong>Linie elitarne:<\/strong> nie<br \/>\n<strong>Lokalizacja:<\/strong> ca\u0142e cia\u0142o<br \/>\n<strong>Piel\u0119gnacja cia\u0142a:<\/strong> tak<br \/>\n<strong>Pojemno\u015b\u0107:<\/strong> 30<br \/>\n<strong>P\u0142e\u0107:<\/strong> damski<br \/>\n<strong>S\u0142o\u0144ce:<\/strong> nie<\/p>\n<p><strong>Uwagi:<\/strong><\/p>\n<p>Unika\u0107 kontaktu z oczami.<\/p>\n<p><strong>Sk\u0142adniki:<\/strong><\/p>\n<p>Water (Aqua), Helianthus Annuus (Sunflower) Seed Oil, Lanolin, Prunus Amygdalus Dulcis (Sweet Almond) Oil, Beeswax (Cera Alba), Alcohol, Polyglyceryl-3 Polyricinoleate, Glycerin, Limonene*, Viola Tricolor Extract, Fragrance (Parfum)*, Hydrolyzed Beeswax, Sobitan Olivate, Rosmarinus Officinalis (Rosemary) Leaf Extract, Chamomilla Recutita (Matricaria) Flower Extract, Calendula Officinalis Flower Extract, Arginine, Zinc Sulfate, Linalool*, Geraniol*, Citral*, Coumarin*. * from natural essential oils<\/p>\n","protected":false},"excerpt":{"rendered":"<p> <strong>Dzia\u0142anie:<\/strong> nawil\u017caj\u0105ce, uelastycznia, uj\u0119drnia, wyg\u0142adza<br \/>  <strong>Gramatura:<\/strong> ml<br \/>  <strong>Konsystencja:<\/strong> krem<br \/>  <strong>Linie elitarne:<\/strong> nie<br \/>  <strong>Lokalizacja:<\/strong> ca\u0142e cia\u0142o<br \/>  <strong>Piel\u0119gnacja cia\u0142a:<\/strong> tak<br \/>  <strong>Pojemno\u015b\u0107:<\/strong> 30<br \/>  <strong>P\u0142e\u0107:<\/strong> damski<br \/>  <strong>S\u0142o\u0144ce:<\/strong> nie <\/p>\n","protected":false},"featured_media":40082,"comment_status":"open","ping_status":"closed","template":"","meta":{"_acf_changed":false},"kategoria-hurtowni":[100,165],"product_brand":[329],"product_cat":[76],"product_tag":[],"class_list":{"0":"post-40081","1":"product","2":"type-product","3":"status-publish","4":"has-post-thumbnail","6":"kategoria-hurtowni-eco-bio","7":"kategoria-hurtowni-pielegnacja-ciala-eco-bio","8":"product_brand-weleda","9":"product_cat-primavera","11":"first","12":"outofstock","13":"taxable","14":"shipping-taxable","15":"product-type-simple"},"acf":[],"_links":{"self":[{"href":"https:\/\/premino.pl\/index.php?rest_route=\/wp\/v2\/product\/40081","targetHints":{"allow":["GET"]}}],"collection":[{"href":"https:\/\/premino.pl\/index.php?rest_route=\/wp\/v2\/product"}],"about":[{"href":"https:\/\/premino.pl\/index.php?rest_route=\/wp\/v2\/types\/product"}],"replies":[{"embeddable":true,"href":"https:\/\/premino.pl\/index.php?rest_route=%2Fwp%2Fv2%2Fcomments&post=40081"}],"wp:featuredmedia":[{"embeddable":true,"href":"https:\/\/premino.pl\/index.php?rest_route=\/wp\/v2\/media\/40082"}],"wp:attachment":[{"href":"https:\/\/premino.pl\/index.php?rest_route=%2Fwp%2Fv2%2Fmedia&parent=40081"}],"wp:term":[{"taxonomy":"kategoria-hurtowni","embeddable":true,"href":"https:\/\/premino.pl\/index.php?rest_route=%2Fwp%2Fv2%2Fkategoria-hurtowni&post=40081"},{"taxonomy":"product_brand","embeddable":true,"href":"https:\/\/premino.pl\/index.php?rest_route=%2Fwp%2Fv2%2Fproduct_brand&post=40081"},{"taxonomy":"product_cat","embeddable":true,"href":"https:\/\/premino.pl\/index.php?rest_route=%2Fwp%2Fv2%2Fproduct_cat&post=40081"},{"taxonomy":"product_tag","embeddable":true,"href":"https:\/\/premino.pl\/index.php?rest_route=%2Fwp%2Fv2%2Fproduct_tag&post=40081"}],"curies":[{"name":"wp","href":"https:\/\/api.w.org\/{rel}","templated":true}]}}