{"id":40135,"date":"2026-04-17T16:28:56","date_gmt":"2026-04-17T14:28:56","guid":{"rendered":"https:\/\/premino.pl\/produkt\/hydra-shine-nawilzajacy-szampon-do-wlosow-250ml\/"},"modified":"2026-04-17T16:29:21","modified_gmt":"2026-04-17T14:29:21","slug":"hydra-shine-nawilzajacy-szampon-do-wlosow-250ml","status":"publish","type":"product","link":"https:\/\/premino.pl\/?product=hydra-shine-nawilzajacy-szampon-do-wlosow-250ml","title":{"rendered":"Hydra Shine nawil\u017caj\u0105cy szampon do w\u0142os\u00f3w 250ml"},"content":{"rendered":"<p>Zadbaj o odpowiednie nawil\u017cenie swoich w\u0142os\u00f3w dzi\u0119ki szamponowi Hydra Shine! Jego wyj\u0105tkowa formu\u0142a z olejkiem lnianym (Linum Alpinum), pochodz\u0105cym z alpejskich upraw w Szwajcarii, delikatnie oczyszcza w\u0142osy normalne i suche, reguluje wydzielanie sebum oraz wspiera piel\u0119gnacj\u0119 sk\u00f3ry g\u0142owy. Dodatkowo otula zmys\u0142y subtelnym, w 100% naturalnym zapachem, zapewniaj\u0105c przyjemno\u015b\u0107 podczas ka\u017cdego u\u017cycia.<\/p>\n<p><b>Dzia\u0142anie:<\/b><br \/>\u2022 Intensywnie nawil\u017ca w\u0142osy normalne i suche<br \/>\u2022 Skutecznie usuwa zanieczyszczenia oraz nadmiar sebum<br \/>\u2022 Wspiera zdrowie i r\u00f3wnowag\u0119 sk\u00f3ry g\u0142owy<br \/>\u2022 Zapewnia przyjemne doznania dzi\u0119ki naturalnemu zapachowi<\/p>\n<p><b>Stosowanie:<\/b><br \/>Delikatnie wmasuj szampon w cebulki w\u0142os\u00f3w i dok\u0142adnie sp\u0142ucz. U\u017cyj od\u017cywki dla \u0142atwiejszego rozczesywania, a na koniec na\u0142\u00f3\u017c olejek do w\u0142os\u00f3w.<\/p>\n<p><strong>Gramatura:<\/strong> ml<br \/>\n<strong>Henna:<\/strong> nie<br \/>\n<strong>Konsystencja:<\/strong> szampon<br \/>\n<strong>Linie elitarne:<\/strong> nie<br \/>\n<strong>Pojemno\u015b\u0107:<\/strong> 250<br \/>\n<strong>P\u0142e\u0107:<\/strong> damski<br \/>\n<strong>S\u0142o\u0144ce:<\/strong> nie<\/p>\n<p><strong>Uwagi:<\/strong><\/p>\n<p>Unika\u0107 kontaktu z oczami.<\/p>\n<p><strong>Sk\u0142adniki:<\/strong><\/p>\n<p>Aqua, Sodium Coco Sulphate, Coco Glucoside, Betaine, Citric Acid, Linum Alpinum Flower\/Leaf\/Stem Extract[1], Sodium Hyaluronate, Pca Ethyl Cocoyl Arginate, Glycerin, Tocopherol, Glyceryl Oleate, Hydrogenated Palm Glycerides Citrate, Lecithin, Ascorbyl Palmitate, Sodium Chloride, Sodium Benzoate, Sodium Hydroxyde, Potassium Sorbate, Sodium Sulfate, Parfum (Fragrance), Citrus Aurantium Peel Oil, Limonene, Linalool<\/p>\n","protected":false},"excerpt":{"rendered":"<p> <strong>Gramatura:<\/strong> ml<br \/>  <strong>Henna:<\/strong> nie<br \/>  <strong>Konsystencja:<\/strong> szampon<br \/>  <strong>Linie elitarne:<\/strong> nie<br \/>  <strong>Pojemno\u015b\u0107:<\/strong> 250<br \/>  <strong>P\u0142e\u0107:<\/strong> damski<br \/>  <strong>S\u0142o\u0144ce:<\/strong> nie <\/p>\n","protected":false},"featured_media":40136,"comment_status":"open","ping_status":"closed","template":"","meta":{"_acf_changed":false},"kategoria-hurtowni":[100,166],"product_brand":[329],"product_cat":[76],"product_tag":[],"class_list":{"0":"post-40135","1":"product","2":"type-product","3":"status-publish","4":"has-post-thumbnail","6":"kategoria-hurtowni-eco-bio","7":"kategoria-hurtowni-pielegnacja-wlosy","8":"product_brand-weleda","9":"product_cat-primavera","11":"first","12":"outofstock","13":"taxable","14":"shipping-taxable","15":"product-type-simple"},"acf":[],"_links":{"self":[{"href":"https:\/\/premino.pl\/index.php?rest_route=\/wp\/v2\/product\/40135","targetHints":{"allow":["GET"]}}],"collection":[{"href":"https:\/\/premino.pl\/index.php?rest_route=\/wp\/v2\/product"}],"about":[{"href":"https:\/\/premino.pl\/index.php?rest_route=\/wp\/v2\/types\/product"}],"replies":[{"embeddable":true,"href":"https:\/\/premino.pl\/index.php?rest_route=%2Fwp%2Fv2%2Fcomments&post=40135"}],"wp:featuredmedia":[{"embeddable":true,"href":"https:\/\/premino.pl\/index.php?rest_route=\/wp\/v2\/media\/40136"}],"wp:attachment":[{"href":"https:\/\/premino.pl\/index.php?rest_route=%2Fwp%2Fv2%2Fmedia&parent=40135"}],"wp:term":[{"taxonomy":"kategoria-hurtowni","embeddable":true,"href":"https:\/\/premino.pl\/index.php?rest_route=%2Fwp%2Fv2%2Fkategoria-hurtowni&post=40135"},{"taxonomy":"product_brand","embeddable":true,"href":"https:\/\/premino.pl\/index.php?rest_route=%2Fwp%2Fv2%2Fproduct_brand&post=40135"},{"taxonomy":"product_cat","embeddable":true,"href":"https:\/\/premino.pl\/index.php?rest_route=%2Fwp%2Fv2%2Fproduct_cat&post=40135"},{"taxonomy":"product_tag","embeddable":true,"href":"https:\/\/premino.pl\/index.php?rest_route=%2Fwp%2Fv2%2Fproduct_tag&post=40135"}],"curies":[{"name":"wp","href":"https:\/\/api.w.org\/{rel}","templated":true}]}}