{"id":40143,"date":"2026-04-17T16:29:25","date_gmt":"2026-04-17T14:29:25","guid":{"rendered":"https:\/\/premino.pl\/produkt\/mama-maslo-do-ciala-na-rozstepy-150ml\/"},"modified":"2026-04-17T16:29:29","modified_gmt":"2026-04-17T14:29:29","slug":"mama-maslo-do-ciala-na-rozstepy-150ml","status":"publish","type":"product","link":"https:\/\/premino.pl\/?product=mama-maslo-do-ciala-na-rozstepy-150ml","title":{"rendered":"Mama mas\u0142o do cia\u0142a na rozst\u0119py 150ml"},"content":{"rendered":"<p>Mas\u0142o do cia\u0142a na rozst\u0119py od Weleda wspiera naturaln\u0105 elastyczno\u015b\u0107 sk\u00f3ry i pomaga zapobiega\u0107 powstawaniu rozst\u0119p\u00f3w. Dzi\u0119ki lekkiej, szybko wch\u0142aniaj\u0105cej si\u0119 formule doskonale sprawdza si\u0119 nawet wtedy, gdy masz niewiele czasu na piel\u0119gnacj\u0119 \u2013 wystarczy kr\u00f3tki masa\u017c i mo\u017cesz od razu si\u0119 ubra\u0107. Receptura zosta\u0142a opracowana we wsp\u00f3\u0142pracy z farmaceutami i po\u0142o\u017cnymi. Zawiera ekstrakt z w\u0105krotki azjatyckiej, organiczne mas\u0142o shea, od\u017cywcze mas\u0142o kakaowe oraz cenne oleje ro\u015blinne, kt\u00f3re intensywnie piel\u0119gnuj\u0105 i wzmacniaj\u0105 sk\u00f3r\u0119. Delikatny, kwiatowy zapach z nutami r\u00f3\u017cy, neroli i mirry dzia\u0142a relaksuj\u0105co i uprzyjemnia codzienny rytua\u0142 piel\u0119gnacyjny. Zadbaj o siebie i buduj blisko\u015b\u0107 z dzieckiem, piel\u0119gnuj\u0105c rosn\u0105cy brzuszek naturalnym, od\u017cywczym mas\u0142em w 100% pochodzenia naturalnego.<\/p>\n<p><b>Dzia\u0142anie:<\/b><br \/>\u2022 wspiera elastyczno\u015b\u0107 sk\u00f3ry i pomaga zapobiega\u0107 rozst\u0119pom<br \/>\u2022 zawiera w\u0105krotk\u0119 azjatyck\u0105, organiczne mas\u0142o shea i mas\u0142o kakaowe<br \/>\u2022 szybko si\u0119 wch\u0142ania, nie pozostawiaj\u0105c t\u0142ustej warstwy<br \/>\u2022 subtelny, kwiatowy zapach odpowiedni dla kobiet w ci\u0105\u017cy<br \/>\u2022 opracowane we wsp\u00f3\u0142pracy ze specjalistami<\/p>\n<p><b>Spos\u00f3b u\u017cycia:<\/b><br \/>Stosuj dwa razy dziennie. Nanie\u015b niewielk\u0105 ilo\u015b\u0107 mas\u0142a na sk\u00f3r\u0119 i delikatnie wmasuj, najlepiej wykonuj\u0105c kr\u00f3tki, relaksuj\u0105cy masa\u017c.<\/p>\n<p><strong>Dzia\u0142anie:<\/strong> nawil\u017caj\u0105ce, od\u017cywcze, przeciw rozst\u0119pom, relaksuj\u0105ce, uelastycznia, uj\u0119drnia<br \/>\n<strong>Gramatura:<\/strong> ml<br \/>\n<strong>Konsystencja:<\/strong> mas\u0142o<br \/>\n<strong>Linie elitarne:<\/strong> nie<br \/>\n<strong>Lokalizacja:<\/strong> biodra uda i po\u015bladki, talia i brzuch<br \/>\n<strong>Piel\u0119gnacja cia\u0142a:<\/strong> tak<br \/>\n<strong>Piel\u0119gnacja w ci\u0105\u017cy:<\/strong> tak<br \/>\n<strong>Pojemno\u015b\u0107:<\/strong> 150<br \/>\n<strong>P\u0142e\u0107:<\/strong> damski<br \/>\n<strong>S\u0142o\u0144ce:<\/strong> nie<\/p>\n<p><strong>Uwagi:<\/strong><\/p>\n<p>Tylko do u\u017cytku zewn\u0119trznego.<\/p>\n<p><strong>Sk\u0142adniki:<\/strong><\/p>\n<p>Water (Aqua), Butyrospermum Parkii (Shea) Butter, Glycerin, Theobroma Cacao (Cocoa) Seed Butter, Simmondsia Chinensis (Jojoba) Seed Oil, Helianthus Annuus (Sunflower) Seed Oil, Behenyl Alcohol, Cetearyl Alcohol, Triticum Vulgare (Wheat) Germ Oil, Pentylene Glycol, Sodium Cetearyl Sulfate, Arnica Montana Flower Extract, Centella Asiatica Flower\/Leaf\/Stem Extract, Crocus Chrysanthus Bulb Extract, Betaine, Acacia Senegal Gum, Citric Acid, Glyceryl Caprylate, Sodium Caproyl\/Lauroyl Lactylate, Fragrance (Parfum)*, Limonene*, Linalool*, Citronellol*, Geraniol*, Citral*, Farnesol*. *z naturalnych olejk\u00f3w eterycznych i\/lub wyci\u0105g\u00f3w ro\u015blinnych<\/p>\n","protected":false},"excerpt":{"rendered":"<p> <strong>Dzia\u0142anie:<\/strong> nawil\u017caj\u0105ce, od\u017cywcze, przeciw rozst\u0119pom, relaksuj\u0105ce, uelastycznia, uj\u0119drnia<br \/>  <strong>Gramatura:<\/strong> ml<br \/>  <strong>Konsystencja:<\/strong> mas\u0142o<br \/>  <strong>Linie elitarne:<\/strong> nie<br \/>  <strong>Lokalizacja:<\/strong> biodra uda i po\u015bladki, talia i brzuch<br \/>  <strong>Piel\u0119gnacja cia\u0142a:<\/strong> tak<br \/>  <strong>Piel\u0119gnacja w ci\u0105\u017cy:<\/strong> tak<br \/>  <strong>Pojemno\u015b\u0107:<\/strong> 150<br \/>  <strong>P\u0142e\u0107:<\/strong> damski<br \/>  <strong>S\u0142o\u0144ce:<\/strong> nie <\/p>\n","protected":false},"featured_media":40144,"comment_status":"open","ping_status":"closed","template":"","meta":{"_acf_changed":false},"kategoria-hurtowni":[100,165],"product_brand":[329],"product_cat":[76],"product_tag":[],"class_list":{"0":"post-40143","1":"product","2":"type-product","3":"status-publish","4":"has-post-thumbnail","6":"kategoria-hurtowni-eco-bio","7":"kategoria-hurtowni-pielegnacja-ciala-eco-bio","8":"product_brand-weleda","9":"product_cat-primavera","11":"first","12":"outofstock","13":"taxable","14":"shipping-taxable","15":"product-type-simple"},"acf":[],"_links":{"self":[{"href":"https:\/\/premino.pl\/index.php?rest_route=\/wp\/v2\/product\/40143","targetHints":{"allow":["GET"]}}],"collection":[{"href":"https:\/\/premino.pl\/index.php?rest_route=\/wp\/v2\/product"}],"about":[{"href":"https:\/\/premino.pl\/index.php?rest_route=\/wp\/v2\/types\/product"}],"replies":[{"embeddable":true,"href":"https:\/\/premino.pl\/index.php?rest_route=%2Fwp%2Fv2%2Fcomments&post=40143"}],"wp:featuredmedia":[{"embeddable":true,"href":"https:\/\/premino.pl\/index.php?rest_route=\/wp\/v2\/media\/40144"}],"wp:attachment":[{"href":"https:\/\/premino.pl\/index.php?rest_route=%2Fwp%2Fv2%2Fmedia&parent=40143"}],"wp:term":[{"taxonomy":"kategoria-hurtowni","embeddable":true,"href":"https:\/\/premino.pl\/index.php?rest_route=%2Fwp%2Fv2%2Fkategoria-hurtowni&post=40143"},{"taxonomy":"product_brand","embeddable":true,"href":"https:\/\/premino.pl\/index.php?rest_route=%2Fwp%2Fv2%2Fproduct_brand&post=40143"},{"taxonomy":"product_cat","embeddable":true,"href":"https:\/\/premino.pl\/index.php?rest_route=%2Fwp%2Fv2%2Fproduct_cat&post=40143"},{"taxonomy":"product_tag","embeddable":true,"href":"https:\/\/premino.pl\/index.php?rest_route=%2Fwp%2Fv2%2Fproduct_tag&post=40143"}],"curies":[{"name":"wp","href":"https:\/\/api.w.org\/{rel}","templated":true}]}}