{"id":40169,"date":"2026-04-17T16:29:25","date_gmt":"2026-04-17T14:29:25","guid":{"rendered":"https:\/\/premino.pl\/produkt\/olej-z-alg-100ml\/"},"modified":"2026-04-17T16:29:50","modified_gmt":"2026-04-17T14:29:50","slug":"olej-z-alg-100ml","status":"publish","type":"product","link":"https:\/\/premino.pl\/?product=olej-z-alg-100ml","title":{"rendered":"Olej z alg 100ml"},"content":{"rendered":"<p><b>Olej z alg \u2013 wega\u0144ska alternatywa dla tranu, naturalny suplement diety, DHA \u2013 1480 mg\/2,5 ml (592% RWS), niski TOTOX \u2013 6<\/b><\/p>\n<p><b>Bardzo wysokie st\u0119\u017cenie DHA z alg \u2013 min. 60%, kt\u00f3ry przyczynia si\u0119 do prawid\u0142owego dzia\u0142ania m\u00f3zgu i wzroku<br \/><\/b>Jeste\u015b na diecie wega\u0144skiej lub wegetaria\u0144skiej? Nie tolerujesz posmaku rybnych olej\u00f3w? Chcesz suplementowa\u0107 kwas DHA? Interesuje Ci\u0119 produkt wolny od metali ci\u0119\u017ckich, kt\u00f3ry powstaje z trosk\u0105 o \u015brodowisko? Wybierz Olej z alg od Olini!<\/p>\n<p><b>Na co dok\u0142adnie pomaga g\u0142\u00f3wny sk\u0142adnik oleju?<br \/><\/b>Olej z alg Olini ma wysok\u0105 zawarto\u015b\u0107 kwas\u00f3w omega-3, w tym:<\/p>\n<p>DHA\u00a0(dokozaheksaenowego), kt\u00f3ry:<br \/>\u2022 pomaga w utrzymaniu prawid\u0142owego\u00a0widzenia<br \/>\u2022 przyczynia si\u0119 do utrzymania prawid\u0142owego funkcjonowania\u00a0m\u00f3zgu<\/p>\n<p><b>Za co pokochasz Olej z alg Olini?<br \/><\/b>\u2022\u00a0ma\u00a0delikatny smak i subtelny zapach<br \/>\u2022\u00a0ma niski totox \u2013 6, co potwierdza jego wysok\u0105 jako\u015b\u0107 i \u015bwie\u017co\u015b\u0107<br \/>\u2022 z nim\u00a0w\u0142\u0105czysz kwasy omega-3\u00a0do swojej diety<br \/>\u2022\u00a0zaczniesz suplementowa\u0107 DHA\u00a0\u2013 5 ml oleju zawiera prawie 3 g tego kwasu<br \/>\u2022\u00a0jest w 100%\u00a0wega\u0144ski i naturalny<br \/>\u2022\u00a0powstaje\u00a0w zr\u00f3wnowa\u017cony spos\u00f3b<br \/>\u2022\u00a0b\u0119dziesz wspiera\u0107 sw\u00f3j\u00a0m\u00f3zg i wzrok<br \/>\u2022\u00a0jest czysty\u00a0\u2013 badania potwierdzaj\u0105 brak mikroorganizm\u00f3w i metali ci\u0119\u017ckich<br \/>\u2022\u00a0jest wolny od\u00a0GMO<\/p>\n<p>Olej z alg\u00a0w\u0142a\u015bciwo\u015bci zawdzi\u0119cza odmianie mikroalg (Schizochytrium sp.). To mikroskopijne organizmy, kt\u00f3re stanowi\u0105 istotne \u017ar\u00f3d\u0142o po\u017cywienia. W naturze \u017cyj\u0105 blisko brzeg\u00f3w morskich, w klimacie tropikalnym i umiarkowanym. S\u0105\u00a0niezwykle r\u00f3\u017cnorodne biochemicznie, co oznacza, \u017ce wytwarzaj\u0105 szerok\u0105 gam\u0119 zwi\u0105zk\u00f3w.<\/p>\n<p>Olej z alg Olini\u00a0powstaje w spos\u00f3b zr\u00f3wnowa\u017cony, bez ingerencji w ekosystem morza \u2013 w du\u017cych stawach ze specjaln\u0105 wod\u0105. T\u0142oczony jest mechanicznie, bez udzia\u0142u chemii.<\/p>\n<p>Mog\u0105 go przyjmowa\u0107 zar\u00f3wno\u00a0kobiety w ci\u0105\u017cy, karmi\u0105ce jak i ju\u017c\u00a03-letnie maluchy.<\/p>\n<p><b>Jak najlepiej stosowa\u0107 Olej z alg, \u017ceby by\u0142y efekty?<br \/><\/b>\u2022 regularnie, ca\u0142y rok<br \/>\u2022 w odpowiednich porcjach<br \/>\u2022 dbaj\u0105c o zr\u00f3wnowa\u017con\u0105 diet\u0119 i zdrowy styl \u017cycia<\/p>\n<p>Zalecana dzienna porcja Oleju z alg Olini<br \/>3-12 lat \u2013\u00a00,5 \u0142y\u017ceczki\u00a0(2,5 ml\/2,31 g)<br \/>powy\u017cej 12 roku \u017cycia i doro\u015bli \u2013\u00a01 \u0142y\u017ceczka\u00a0(5 ml\/4,62 g)\u00a0<\/p>\n<p>Z jedn\u0105 porcj\u0105 (2,5 ml) Oleju z alg dostarczasz organizmowi:<br \/>kwas\u00f3w t\u0142uszczowych wielonienasyconych \u2013 \u2265 1,84 g (17% RWS**) w tym:<br \/>DHA\u00a0(dokozaheksaenowego)\u00a0\u2013 1480 mg* (592% RWS**), kt\u00f3ry:<br \/>pomaga w utrzymaniu prawid\u0142owego\u00a0widzenia*<br \/>przyczynia si\u0119 do utrzymania prawid\u0142owego funkcjonowania\u00a0m\u00f3zgu*<\/p>\n<p>*Korzystne dzia\u0142anie wyst\u0119puje w przypadku spo\u017cywania 250 mg DHA dziennie.<\/p>\n<p>**Referencyjna warto\u015b\u0107 spo\u017cycia dla przeci\u0119tnej osoby doros\u0142ej\u00a0(8400 kJ\/2000 kcal)..<\/p>\n<p><b>Olej z alg do picia stosuj, jak lubisz:<\/b><br \/>na \u0142y\u017ceczce<br \/>w sosach do sa\u0142atek<br \/>w koktajlach i smoothies<br \/>z\u00a0sokami, syropami i miodami Olini \u2013 znajdziesz je na innych aukcjach<\/p>\n<p><b>Dla kogo Olej z alg?<br \/><\/b>Mo\u017ce stosowa\u0107 go ca\u0142a rodzina! Szczeg\u00f3lnie poleca si\u0119 go:<br \/>\u2022 3-latkom i starszym szkrabom<br \/>\u2022 dzieciom w wieku szkolnym<br \/>\u2022 intensywnie ucz\u0105cym si\u0119 albo pracuj\u0105cym umys\u0142owo<br \/>\u2022 pracuj\u0105cym przy komputerze<br \/>\u2022 kobietom w ci\u0105\u017cy i karmi\u0105cym<br \/>\u2022 seniorkom i seniorom<br \/>\u2022 tym, co jedz\u0105 wega\u0144sko i wegetaria\u0144sko<br \/>\u2022 osobom, kt\u00f3re dbaj\u0105 o zr\u00f3wnowa\u017con\u0105 diet\u0119 i wol\u0105 naturalne suplementy<\/p>\n<p><b>Produkt wolny od glutenu<\/b><\/p>\n<p>Przechowywa\u0107 w temperaturze 5\u00b0C-10\u00b0C (np. w lod\u00f3wce) zar\u00f3wno przed, jak i po otwarciu, w spos\u00f3b niedost\u0119pny dla ma\u0142ych dzieci. Zalecamy trzymanie oleju w oryginalnej, zamkni\u0119tej butelce, nieprzepuszczalnej dla tlenu i \u015bwiat\u0142a.<\/p>\n<p><strong>Forma podania:<\/strong> p\u0142yn<br \/>\n<strong>Gramatura:<\/strong> ml<br \/>\n<strong>Pojemno\u015b\u0107:<\/strong> 100<br \/>\n<strong>P\u0142e\u0107:<\/strong> unisex<br \/>\n<strong>Rodzaj:<\/strong> pozosta\u0142e<\/p>\n<p><strong>Uwagi:<\/strong><\/p>\n<p>Nie nale\u017cy przekracza\u0107 jego zalecanej porcji do spo\u017cycia w ci\u0105gu dnia. Suplement diety jest \u015brodkiem spo\u017cywczym, kt\u00f3rego celem jest uzupe\u0142nienie normalnej diety, nie ma w\u0142a\u015bciwo\u015bci leczniczych. Nie mo\u017ce by\u0107 stosowany jako substytut zr\u00f3\u017cnicowanej diety.<\/p>\n<p><\/p>\n<p><strong>Sk\u0142adniki:<\/strong><\/p>\n<p>99,7% algi Schizochytrium, 0,3% mieszanina tokoferoli<\/p>\n","protected":false},"excerpt":{"rendered":"<p> <strong>Forma podania:<\/strong> p\u0142yn<br \/>  <strong>Gramatura:<\/strong> ml<br \/>  <strong>Pojemno\u015b\u0107:<\/strong> 100<br \/>  <strong>P\u0142e\u0107:<\/strong> unisex<br \/>  <strong>Rodzaj:<\/strong> pozosta\u0142e <\/p>\n","protected":false},"featured_media":40170,"comment_status":"open","ping_status":"closed","template":"","meta":{"_acf_changed":false},"kategoria-hurtowni":[206,205],"product_brand":[333],"product_cat":[76],"product_tag":[],"class_list":{"0":"post-40169","1":"product","2":"type-product","3":"status-publish","4":"has-post-thumbnail","6":"kategoria-hurtowni-suplementy-diety","7":"kategoria-hurtowni-zdrowie","8":"product_brand-olini","9":"product_cat-primavera","11":"first","12":"outofstock","13":"taxable","14":"shipping-taxable","15":"product-type-simple"},"acf":[],"_links":{"self":[{"href":"https:\/\/premino.pl\/index.php?rest_route=\/wp\/v2\/product\/40169","targetHints":{"allow":["GET"]}}],"collection":[{"href":"https:\/\/premino.pl\/index.php?rest_route=\/wp\/v2\/product"}],"about":[{"href":"https:\/\/premino.pl\/index.php?rest_route=\/wp\/v2\/types\/product"}],"replies":[{"embeddable":true,"href":"https:\/\/premino.pl\/index.php?rest_route=%2Fwp%2Fv2%2Fcomments&post=40169"}],"wp:featuredmedia":[{"embeddable":true,"href":"https:\/\/premino.pl\/index.php?rest_route=\/wp\/v2\/media\/40170"}],"wp:attachment":[{"href":"https:\/\/premino.pl\/index.php?rest_route=%2Fwp%2Fv2%2Fmedia&parent=40169"}],"wp:term":[{"taxonomy":"kategoria-hurtowni","embeddable":true,"href":"https:\/\/premino.pl\/index.php?rest_route=%2Fwp%2Fv2%2Fkategoria-hurtowni&post=40169"},{"taxonomy":"product_brand","embeddable":true,"href":"https:\/\/premino.pl\/index.php?rest_route=%2Fwp%2Fv2%2Fproduct_brand&post=40169"},{"taxonomy":"product_cat","embeddable":true,"href":"https:\/\/premino.pl\/index.php?rest_route=%2Fwp%2Fv2%2Fproduct_cat&post=40169"},{"taxonomy":"product_tag","embeddable":true,"href":"https:\/\/premino.pl\/index.php?rest_route=%2Fwp%2Fv2%2Fproduct_tag&post=40169"}],"curies":[{"name":"wp","href":"https:\/\/api.w.org\/{rel}","templated":true}]}}