{"id":40175,"date":"2026-04-17T16:29:25","date_gmt":"2026-04-17T14:29:25","guid":{"rendered":"https:\/\/premino.pl\/produkt\/tran-dla-dzieci-100ml\/"},"modified":"2026-04-17T16:29:54","modified_gmt":"2026-04-17T14:29:54","slug":"tran-dla-dzieci-100ml","status":"publish","type":"product","link":"https:\/\/premino.pl\/?product=tran-dla-dzieci-100ml","title":{"rendered":"Tran dla dzieci 100ml"},"content":{"rendered":"<p>Tran dla dzieci Olini \u2013 \u015bwie\u017cy, czysty, delikatny w smaku, od 4. tygodnia \u017cycia, wysoka zawarto\u015b\u0107 kwas\u00f3w DHA i EPA oraz witamin D3 (295 \u00b5g\/100 g) i A (33200 \u00b5g\/100 g)<\/p>\n<p>Tran dla dzieci Olini \u2013 idealny w BLW<\/p>\n<p><b>Za co Ty i Tw\u00f3j szkrab pokochacie ten tran?<\/b><br \/>\u2022\u00a0dzieci go uwielbiaj\u0105\u00a0\u2013 ma delikatny zapach i smak\u00a0bez goryczki<br \/>\u2022\u00a0mo\u017cna podawa\u0107 go niemowl\u0119tom\u00a0od 4. tygodnia \u017cycia<br \/>\u2022\u00a0to\u00a0\u017ar\u00f3d\u0142o witamin D3 (295 \u00b5g\/100 g) i A (33200 \u00b5g\/100 g), kt\u00f3re pomagaj\u0105 w prawid\u0142owym funkcjono\u00adwaniu uk\u0142adu odporno\u015bcio\u00adwego<br \/>\u2022\u00a0\u0142atwe w podaniu\u00a0\u017ar\u00f3d\u0142o kwas\u00f3w t\u0142uszczowych omega-3 \u2013 EPA (8,6 g\/100 g) i DHA (11,1 g\/100 g)<br \/>\u2022\u00a0jest\u00a0bezpieczny\u00a0\u2013 wolny od metali ci\u0119\u017ckich, pestycyd\u00f3w (PCB) i dioksyn, co potwierdzaj\u0105 badania<br \/>\u2022\u00a0jest\u00a0idealny w BLW<br \/>\u2022\u00a0pochodzi\u00a0z ryb ze zr\u00f3wnowa\u017conych po\u0142ow\u00f3w, co potwierdza\u00a0certyfikat MSC<br \/>\u2022\u00a0jego wysok\u0105 jako\u015b\u0107 potwierdza niski wska\u017anik\u00a0TOTOX \u2013 5<br \/>\u2022\u00a0butelka z ciemnego szk\u0142a\u00a0chroni sk\u0142adniki przed dzia\u0142aniem \u015bwiat\u0142a<br \/>\u2022 nie zawiera zb\u0119dnych dodatk\u00f3w<\/p>\n<p><b>Tran dla dzieci \u2013 pierwszy suplement w diecie Twojej pociechy<br \/><\/b>Twoje dziecko przez dwa tygodnie chodzi do przedszkola, a reszt\u0119 miesi\u0105ca sp\u0119dza w domu? Zastanawiasz si\u0119, jak wprowadzi\u0107 do diety malucha witaminy A, D3 i kwasy omega-3 prosto i smacznie? Szukasz na to innego sposobu ni\u017c tabletki i kapsu\u0142ki? Oto Tran dla Dzieci Olini!<\/p>\n<p><b>Na co pomagaj\u0105 sk\u0142adniki Tranu dla dzieci Olini?<br \/><\/b>Z ka\u017cd\u0105 jego \u0142y\u017ceczk\u0105\u00a0(2,5 ml)\u00a0dostarczasz swojemu dziecku:<br \/>\u2022\u00a0kwas\u00f3w omega-3<br \/>\u2022\u00a0EPA\u00a0(eikozapentaenowego) \u2013 0,20 g\u00a0(200% RWS)<br \/>\u2022 kwas EPA i DHA przyczyniaj\u0105 si\u0119 do prawid\u0142owego funkcjono\u00adwania\u00a0serca*<br \/>\u2022\u00a0DHA\u00a0(dokozaheksaenowego) \u2013 0,27 g (180% RWS), kt\u00f3ry przyczynia si\u0119 do:<br \/>\u2022 utrzymania prawid\u0142owego\u00a0widzenia*<br \/>\u2022 utrzymania prawid\u0142owego funkcjonowania\u00a0m\u00f3zgu*<\/p>\n<p>\u2022\u00a0witamin:<br \/>\u2022\u00a0D3\u00a0\u2013 6,81 \u00b5g\/272 IU (136% RWS), kt\u00f3ra pomaga w:<br \/>\u2022 prawid\u0142owym funkcjono\u00adwaniu\u00a0uk\u0142adu odporno\u015bcio\u00adwego<br \/>\u2022 utrzymaniu zdrowych\u00a0ko\u015bci<br \/>\u2022 prawid\u0142owym funkcjono\u00adwaniu\u00a0mi\u0119\u015bni<br \/>\u2022 utrzymaniu zdrowych\u00a0z\u0119b\u00f3w<br \/>\u2022 prawid\u0142owym wch\u0142ania\u00adniu\/wykorzystywaniu\u00a0wapnia i fosforu<\/p>\n<p>\u2022\u00a0A\u00a0\u2013 767 \u00b5g (96% RWS), kt\u00f3ra pomaga:<br \/>\u2022 w prawid\u0142owym funkcjono\u00adwaniu\u00a0uk\u0142adu odporno\u015bcio\u00adwego<br \/>\u2022 zachowa\u0107 zdrow\u0105\u00a0sk\u00f3r\u0119<br \/>\u2022 w utrzymaniu prawid\u0142owego\u00a0widzenia<br \/>\u2022 utrzymaniu prawid\u0142owego stanu\u00a0b\u0142on \u015bluzowych<br \/>\u2022 utrzymania\u00a0prawid\u0142o\u00adwego metabolizmu \u017celaza<\/p>\n<p>*korzystne dzia\u0142anie wyst\u0119puje w przypadku spo\u017cywania 250 mg EPA i DHA dziennie<\/p>\n<p>RWS \u2013 referencyjna warto\u015b\u0107 spo\u017cycia dla przeci\u0119tnej osoby doros\u0142ej (8400 kJ\/2000 kcal)<\/p>\n<p><b>Przebadany<br \/><\/b>Badania wykaza\u0142y, \u017ce wska\u017anik TOTOX \u201emorskiego oleju\u201d jest niski \u2013 wynosi 5. To oznacza, \u017ce tran jest \u015bwie\u017cy, a zawarte w nim kwasy t\u0142uszczowe si\u0119 nie utleniaj\u0105, co potwierdza jego delikatny smak.<\/p>\n<p><b>Czysty<br \/><\/b>Tran dla dzieci to produkt poddany\u00a0delikatnemu oczyszczeniu:<br \/>\u2022\u00a0jest\u00a0czysty\u00a0\u2013 nie zawiera metali ci\u0119\u017ckich (np. rt\u0119ci, o\u0142owiu), dioksyn i pestycyd\u00f3w (PCB)<br \/>\u2022\u00a0ma\u00a0mniej alergen\u00f3w, jak np. bia\u0142ka ryb<br \/>\u2022 spe\u0142nia normy i standardy bezpiecze\u0144stwa<\/p>\n<p><b>Naturalnie, ro\u015blinnie, rodzinnie<br \/><\/b>Tran Olini pozyskiwany jest ze \u015bwie\u017cych w\u0105tr\u00f3bek dorsza atlantyckiego ze zr\u00f3wnowa\u017conych po\u0142ow\u00f3w.\u00a0One w mniejszym stopniu wp\u0142ywaj\u0105 na ekosystem morski. Zapewniaj\u0105 te\u017c bezpieczn\u0105 przysz\u0142o\u015b\u0107 spo\u0142eczno\u015bciom rybackim i ludziom z bran\u017cy rybackiej.<\/p>\n<p>Dziko \u017cyj\u0105ce ryby, z kt\u00f3rych powstaje tran, zosta\u0142y z\u0142owione zgodnie z rygorystycznymi Standardami Zr\u00f3wnowa\u017conego Rybo\u0142\u00f3wstwa. Potwierdza to\u00a0certyfikat Marine Stewardship Council (MSC), kt\u00f3ry ma producent tranu.<\/p>\n<p>MSC przyznaje si\u0119 konkretnym rybakom, kt\u00f3rzy prowadz\u0105 po\u0142owy okre\u015blonego stada, na 5 lat. Co roku musz\u0105 oni poddawa\u0107 si\u0119 audytowi i stale usprawnia\u0107 swoje dzia\u0142ania.<\/p>\n<p><b>Jak podawa\u0107 Tran dziecku?<br \/><\/b>z \u0142y\u017ceczki\/miarki i jako dodatek<br \/>codziennie, przez ca\u0142y rok, nie tylko jesieni\u0105 i zim\u0105<br \/>w odpowiednich porcjach<\/p>\n<p>Inne sposoby:<br \/>z zupk\u0105\u00a0\u2013 wystarczy doda\u0107 kilka kropel do przestudzonej zupy lub kremu<br \/>z warzywami\u00a0\u2013 zamiast oliwy lub innego oleju ro\u015blinnego<br \/>w sa\u0142atce\u00a0\u2013 jako sk\u0142adnik dressingu<\/p>\n<p>Produkt wolny od glutenu<\/p>\n<p><b>Tw\u00f3j Tran dla dzieci ma osad?<\/b><br \/>To zjawisko naturalne, kt\u00f3re nie ma wp\u0142ywu na w\u0142a\u015bciwo\u015bci tranu. Powoduje go niska temperatura, w kt\u00f3rej olej jest trzymany. Co robi\u0107, gdy go zauwa\u017cysz? Wypi\u0107 tran mimo osadu.<\/p>\n<p><strong>Forma podania:<\/strong> p\u0142yn<br \/>\n<strong>Gramatura:<\/strong> ml<br \/>\n<strong>Pojemno\u015b\u0107:<\/strong> 100<br \/>\n<strong>P\u0142e\u0107:<\/strong> unisex<br \/>\n<strong>Rodzaj:<\/strong> dla dzieci<\/p>\n<p><strong>Uwagi:<\/strong><\/p>\n<p>Przechowywa\u0107  produkt w temperaturze pokojowej, w spos\u00f3b niedost\u0119pny dla ma\u0142ych dzieci.  Chroni\u0107 przed \u015bwiat\u0142em s\u0142onecznym. Po otwarciu przechowywa\u0107 w lod\u00f3wce. Ograniczenia w piciu tranu to: alergia na ryby i skorupiaki, choroby serca i krwi, suplementacja witaminy A. Zachowaj ostro\u017cno\u015b\u0107, je\u015bli ju\u017c suplementujesz dziecku witamin\u0119 A. Warto o stosowaniu tranu porozmawia\u0107 ze swoim lekarzem.<\/p>\n<p><strong>Sk\u0142adniki:<\/strong><\/p>\n<p>100% olej  z w\u0105troby dorsza Gadus morhua Linne (ryby)<\/p>\n","protected":false},"excerpt":{"rendered":"<p> <strong>Forma podania:<\/strong> p\u0142yn<br \/>  <strong>Gramatura:<\/strong> ml<br \/>  <strong>Pojemno\u015b\u0107:<\/strong> 100<br \/>  <strong>P\u0142e\u0107:<\/strong> unisex<br \/>  <strong>Rodzaj:<\/strong> dla dzieci <\/p>\n","protected":false},"featured_media":40176,"comment_status":"open","ping_status":"closed","template":"","meta":{"_acf_changed":false},"kategoria-hurtowni":[206,205],"product_brand":[333],"product_cat":[76],"product_tag":[],"class_list":{"0":"post-40175","1":"product","2":"type-product","3":"status-publish","4":"has-post-thumbnail","6":"kategoria-hurtowni-suplementy-diety","7":"kategoria-hurtowni-zdrowie","8":"product_brand-olini","9":"product_cat-primavera","11":"first","12":"outofstock","13":"taxable","14":"shipping-taxable","15":"product-type-simple"},"acf":[],"_links":{"self":[{"href":"https:\/\/premino.pl\/index.php?rest_route=\/wp\/v2\/product\/40175","targetHints":{"allow":["GET"]}}],"collection":[{"href":"https:\/\/premino.pl\/index.php?rest_route=\/wp\/v2\/product"}],"about":[{"href":"https:\/\/premino.pl\/index.php?rest_route=\/wp\/v2\/types\/product"}],"replies":[{"embeddable":true,"href":"https:\/\/premino.pl\/index.php?rest_route=%2Fwp%2Fv2%2Fcomments&post=40175"}],"wp:featuredmedia":[{"embeddable":true,"href":"https:\/\/premino.pl\/index.php?rest_route=\/wp\/v2\/media\/40176"}],"wp:attachment":[{"href":"https:\/\/premino.pl\/index.php?rest_route=%2Fwp%2Fv2%2Fmedia&parent=40175"}],"wp:term":[{"taxonomy":"kategoria-hurtowni","embeddable":true,"href":"https:\/\/premino.pl\/index.php?rest_route=%2Fwp%2Fv2%2Fkategoria-hurtowni&post=40175"},{"taxonomy":"product_brand","embeddable":true,"href":"https:\/\/premino.pl\/index.php?rest_route=%2Fwp%2Fv2%2Fproduct_brand&post=40175"},{"taxonomy":"product_cat","embeddable":true,"href":"https:\/\/premino.pl\/index.php?rest_route=%2Fwp%2Fv2%2Fproduct_cat&post=40175"},{"taxonomy":"product_tag","embeddable":true,"href":"https:\/\/premino.pl\/index.php?rest_route=%2Fwp%2Fv2%2Fproduct_tag&post=40175"}],"curies":[{"name":"wp","href":"https:\/\/api.w.org\/{rel}","templated":true}]}}