{"id":40183,"date":"2026-04-17T16:29:58","date_gmt":"2026-04-17T14:29:58","guid":{"rendered":"https:\/\/premino.pl\/produkt\/tran-100ml\/"},"modified":"2026-04-17T16:30:05","modified_gmt":"2026-04-17T14:30:05","slug":"tran-100ml","status":"publish","type":"product","link":"https:\/\/premino.pl\/?product=tran-100ml","title":{"rendered":"Tran 100ml"},"content":{"rendered":"<p><b>Tran Olini \u2013 wysoka zawarto\u015b\u0107 kwas\u00f3w DHA i EPA oraz witamin D3 (295 \u00b5g\/100 g) i A (33200 \u00b5g\/100 g), z ryb ze zr\u00f3wnowa\u017conych po\u0142ow\u00f3w (certyfikat MSC)<\/b><\/p>\n<p>Tran Olini \u2013 \u015bwie\u017cy olej z w\u0105troby dorsza atlantyckiego, bez zanieczyszcze\u0144, niski TOTOX \u2013 5, spe\u0142nia normy i standardy bezpiecze\u0144stwa<\/p>\n<p><b>Za co pokochasz ten tran?<br \/><\/b>\u2022 jego\u00a0delikatny smak i zapach\u00a0\u015bwiadczy o jego \u015bwie\u017co\u015bci<br \/>\u2022 to\u00a0\u017ar\u00f3d\u0142o witamin D3\u00a0(295 \u00b5g\/100 g) i A (33200 \u00b5g\/100 g), kt\u00f3re pomagaj\u0105 w prawid\u0142owym funkcjono\u00adwaniu uk\u0142adu odporno\u015bcio\u00adwego<br \/>\u2022 ma\u00a0wysok\u0105 zawarto\u015b\u0107 kwas\u00f3w t\u0142uszczowych omega-3\u00a0\u2013\u00a0EPA\u00a0(8,6 g\/100 g) \u00a0i\u00a0DHA\u00a0(11,1 g\/100 g<br \/>\u2022 ma\u00a0korzystny stosunek kwas\u00f3w omega-3, omega-6 i omega-9\u00a0\u2013 12,1:1:14<br \/>\u2022 niski\u00a0TOTOX \u2013 5\u00a0potwierdza jego wysok\u0105 jako\u015b\u0107<br \/>\u2022 pochodzi z ryb ze zr\u00f3wnowa\u017conych po\u0142ow\u00f3w\u00a0(certyfikat MSC)<br \/>\u2022 jest\u00a0wolny od zanieczyszcze\u0144, co potwierdzaj\u0105 badania<br \/>\u2022 butelka z ciemnego szk\u0142a\u00a0chroni jego sk\u0142adniki przed dzia\u0142aniem \u015bwiat\u0142a<br \/>\u00a0\u2022nie zawiera zb\u0119dnych dodatk\u00f3w<\/p>\n<p><b>Tran Olini \u2013 suplement diety z witaminami i kwasami omega-3<br \/><\/b>Ze wzgl\u0119du na ma\u0142y dost\u0119p do s\u0142o\u0144ca, zw\u0142aszcza od pa\u017adziernika do maja, suplementujesz witamin\u0119 D. Do tego \u0142ykasz tabletki z witamin\u0105 A i kapsu\u0142ki z kwasami EPA i DHA. Dzi\u0119ki Tranowi Olini masz to wszystko w 1 butelce!<\/p>\n<p>Na co pomagaj\u0105 sk\u0142adniki Tranu Olini?<\/p>\n<p>Z ka\u017cd\u0105 jego \u0142y\u017ceczk\u0105\u00a0(2,5 ml)\u00a0dostarczasz swojemu organizmowi:<br \/>KWAS\u00d3W OMEGA-3<br \/>EPA (eikozapentaenowego) \u2013 0,20 g\u00a0(200% RWS)<br \/>kwas EPA i DHA przyczyniaj\u0105 si\u0119 do prawid\u0142owego funkcjono\u00adwania serca*<br \/>DHA (dokozaheksaenowego) \u2013 0,27 g\u00a0(180% RWS), kt\u00f3ry przyczynia si\u0119 do:<br \/>\u2022 utrzymania prawid\u0142owego widzenia*<br \/>\u2022 utrzymania prawid\u0142owego funkcjonowania m\u00f3zgu*<\/p>\n<p>WITAMIN<br \/>D3 \u2013 6,81 \u00b5g\/272 IU\u00a0(136% RWS), kt\u00f3ra pomaga w:<br \/>\u2022 prawid\u0142owym funkcjono\u00adwaniu uk\u0142adu odporno\u015bcio\u00adwego<br \/>\u2022 utrzymaniu zdrowych ko\u015bci<br \/>\u2022 prawid\u0142owym funkcjono\u00adwaniu mi\u0119\u015bni<br \/>\u2022 utrzymaniu zdrowych z\u0119b\u00f3w<br \/>\u2022 prawid\u0142owym wch\u0142ania\u00adniu\/wykorzystywaniu wapnia i fosforu<\/p>\n<p>A \u2013 767 \u00b5g (96% RWS), kt\u00f3ra pomaga:<br \/>w prawid\u0142owym funkcjono\u00adwaniu uk\u0142adu odporno\u015bcio\u00adwego<br \/>zachowa\u0107 zdrow\u0105 sk\u00f3r\u0119<br \/>w utrzymaniu prawid\u0142owego widzenia<br \/>utrzymaniu prawid\u0142owego stanu b\u0142on \u015bluzowych<br \/>utrzymania prawid\u0142o\u00adwego metabolizmu \u017celaza<\/p>\n<p>*korzystne dzia\u0142anie wyst\u0119puje w przypadku spo\u017cywania 250 mg EPA i DHA dziennie<\/p>\n<p>RWS \u2013 referencyjna warto\u015b\u0107 spo\u017cycia dla przeci\u0119tnej osoby doros\u0142ej (8400 kJ\/2000 kcal)<\/p>\n<p>W\u0142\u0105cz tran jako element zr\u00f3wnowa\u017conego sposobu od\u017cywiania si\u0119 i zdrowego stylu \u017cycia!<\/p>\n<p><b>Przebadany<br \/><\/b>TOTOX \u201emorskiego oleju\u201d wynosi 5, co \u015bwiadczy o jego wysokiej jako\u015bci. Oznacza, \u017ce olej jest \u015bwie\u017cy i \u017ce zawarte w nim kwasy t\u0142uszczowe nie utleniaj\u0105 si\u0119,\u00a0a Ty wyczujesz to m.in.\u00a0w jego delikatnym smaku.<\/p>\n<p><b>Czysty<br \/><\/b>Tran jest poddany delikatnemu oczyszczaniu, dzi\u0119ki czemu:<br \/>\u2022 nie zawiera zanieczyszcze\u0144\u00a0\u2013 w tym metali ci\u0119\u017ckich (np. rt\u0119ci, o\u0142owiu), dioksyn i pestycyd\u00f3w (PCB)<br \/>\u2022 ma mniej alergen\u00f3w, jak np. bia\u0142ka ryb<br \/>\u2022 spe\u0142nia normy i standardy bezpiecze\u0144stwa<\/p>\n<p>Tran Olini pozyskiwany jest ze \u015bwie\u017cych w\u0105tr\u00f3bek dorsza atlantyckiego ze zr\u00f3wnowa\u017conych po\u0142ow\u00f3w, kt\u00f3re w mniejszym stopniu wp\u0142ywaj\u0105 na ekosystem morski.\u00a0Zapewniaj\u0105 te\u017c bezpieczn\u0105 przysz\u0142o\u015b\u0107 spo\u0142eczno\u015bciom rybackim i ludziom z bran\u017cy rybackiej.\u00a0<\/p>\n<p>Dziko \u017cyj\u0105ce ryby, z kt\u00f3rych powstaje tran, zosta\u0142y z\u0142owione zgodnie z rygorystycznymi Standardami Zr\u00f3wnowa\u017conego Rybo\u0142\u00f3wstwa. Potwierdza to\u00a0certyfikat Marine Stewardship Council (MSC), kt\u00f3ry ma producent tego tranu.\u00a0<\/p>\n<p>MSC przyznaje si\u0119 konkretnym rybakom, kt\u00f3rzy prowadz\u0105 po\u0142owy okre\u015blonego stada, na 5 lat. Co roku musz\u0105 oni poddawa\u0107 si\u0119 audytowi i stale usprawnia\u0107 swoje dzia\u0142ania.<\/p>\n<p><b>Jak stosowa\u0107 TraN?<br \/><\/b>Tran mo\u017cna pi\u0107:<br \/>z \u0142y\u017ceczki\/miarki i w szocie<br \/>codziennie, przez ca\u0142y rok \u2013 nie tylko jesieni\u0105 i zim\u0105<br \/>w odpowiednich porcjach<\/p>\n<p><b>Rekomendowana dzienna porcja:<\/b><br \/>Dzieci:<br \/>dzieci od 1. roku \u017cycia &#8211; 2,5 ml\u00a0(0,5 \u0142y\u017ceczki)<br \/>Dzieci od 12. roku \u017cycia i doro\u015bli: 5ml<\/p>\n<p><strong>Forma podania:<\/strong> p\u0142yn<br \/>\n<strong>Gramatura:<\/strong> ml<br \/>\n<strong>Pojemno\u015b\u0107:<\/strong> 100<br \/>\n<strong>P\u0142e\u0107:<\/strong> unisex<br \/>\n<strong>Rodzaj:<\/strong> pozosta\u0142e<\/p>\n<p><strong>Uwagi:<\/strong><\/p>\n<p>Ograniczenia w piciu tranu to: alergia na ryby i skorupiaki , choroby serca i krwi, suplementacja witaminy A. Zachowaj ostro\u017cno\u015b\u0107, je\u015bli ju\u017c suplementujesz witamin\u0119 A. Je\u015bli przyjmiesz jej za du\u017co, mo\u017cesz mie\u0107 problemy z ko\u015b\u0107mi i nara\u017casz si\u0119 na ryzyko wyst\u0105pienia osteoporozy.\u00a0<\/p>\n<p>Nadmiar witaminy A jest szczeg\u00f3lnie niebezpieczny dla kobiet w ci\u0105\u017cy.\u00a0\u00a0<\/p>\n<p>Suplement diety jest \u015brodkiem spo\u017cywczym, kt\u00f3rego celem jest uzupe\u0142nienie normalnej diety. Nie ma w\u0142a\u015bciwo\u015bci leczniczych. Zalecana dzienna porcja Tranu to 0,5 \u0142y\u017ceczki (2,5 ml) dla dzieci od 1 roku \u017cycia i 1 \u0142y\u017cka (5 ml) dla dzieci powy\u017cej 12. roku \u017cycia i doros\u0142ych, kt\u00f3rej nie nale\u017cy przekracza\u0107. Suplement diety nie mo\u017ce by\u0107 stosowany jako substytut zr\u00f3\u017cnicowanej diety.<\/p>\n<p><strong>Sk\u0142adniki:<\/strong><\/p>\n<p>100% olej z w\u0105troby dorsza Gadus morhua Linne (ryby)<\/p>\n","protected":false},"excerpt":{"rendered":"<p> <strong>Forma podania:<\/strong> p\u0142yn<br \/>  <strong>Gramatura:<\/strong> ml<br \/>  <strong>Pojemno\u015b\u0107:<\/strong> 100<br \/>  <strong>P\u0142e\u0107:<\/strong> unisex<br \/>  <strong>Rodzaj:<\/strong> pozosta\u0142e <\/p>\n","protected":false},"featured_media":40184,"comment_status":"open","ping_status":"closed","template":"","meta":{"_acf_changed":false},"kategoria-hurtowni":[206,205],"product_brand":[333],"product_cat":[76],"product_tag":[],"class_list":{"0":"post-40183","1":"product","2":"type-product","3":"status-publish","4":"has-post-thumbnail","6":"kategoria-hurtowni-suplementy-diety","7":"kategoria-hurtowni-zdrowie","8":"product_brand-olini","9":"product_cat-primavera","11":"first","12":"outofstock","13":"taxable","14":"shipping-taxable","15":"product-type-simple"},"acf":[],"_links":{"self":[{"href":"https:\/\/premino.pl\/index.php?rest_route=\/wp\/v2\/product\/40183","targetHints":{"allow":["GET"]}}],"collection":[{"href":"https:\/\/premino.pl\/index.php?rest_route=\/wp\/v2\/product"}],"about":[{"href":"https:\/\/premino.pl\/index.php?rest_route=\/wp\/v2\/types\/product"}],"replies":[{"embeddable":true,"href":"https:\/\/premino.pl\/index.php?rest_route=%2Fwp%2Fv2%2Fcomments&post=40183"}],"wp:featuredmedia":[{"embeddable":true,"href":"https:\/\/premino.pl\/index.php?rest_route=\/wp\/v2\/media\/40184"}],"wp:attachment":[{"href":"https:\/\/premino.pl\/index.php?rest_route=%2Fwp%2Fv2%2Fmedia&parent=40183"}],"wp:term":[{"taxonomy":"kategoria-hurtowni","embeddable":true,"href":"https:\/\/premino.pl\/index.php?rest_route=%2Fwp%2Fv2%2Fkategoria-hurtowni&post=40183"},{"taxonomy":"product_brand","embeddable":true,"href":"https:\/\/premino.pl\/index.php?rest_route=%2Fwp%2Fv2%2Fproduct_brand&post=40183"},{"taxonomy":"product_cat","embeddable":true,"href":"https:\/\/premino.pl\/index.php?rest_route=%2Fwp%2Fv2%2Fproduct_cat&post=40183"},{"taxonomy":"product_tag","embeddable":true,"href":"https:\/\/premino.pl\/index.php?rest_route=%2Fwp%2Fv2%2Fproduct_tag&post=40183"}],"curies":[{"name":"wp","href":"https:\/\/api.w.org\/{rel}","templated":true}]}}