{"id":40195,"date":"2026-04-17T16:29:58","date_gmt":"2026-04-17T14:29:58","guid":{"rendered":"https:\/\/premino.pl\/produkt\/olej-dla-dziecka-100ml\/"},"modified":"2026-04-17T16:30:14","modified_gmt":"2026-04-17T14:30:14","slug":"olej-dla-dziecka-100ml","status":"publish","type":"product","link":"https:\/\/premino.pl\/?product=olej-dla-dziecka-100ml","title":{"rendered":"Olej dla dziecka 100ml"},"content":{"rendered":"<p><b>Olej dla dziecka \u2013 pierwszy olej w diecie maluszka, wzbogacony o witaminy A, D3, E i K2, t\u0142oczony z polskich ziaren<\/b><\/p>\n<p>Olej dla dziecka Olini \u2013 naturalny suplement dla najm\u0142odszych<\/p>\n<p><b>Za co Tw\u00f3j maluch pokocha Olej dla dzieci od Olini?<br \/><\/b>\u2022\u00a0tworz\u0105 go dwa pyszne, zimnot\u0142oczone oleje \u2013\u00a0rzepakowy i s\u0142onecznikowy<br \/>\u2022\u00a0wzbogacono go o\u00a0witaminy A, D3, E i K2, kt\u00f3re s\u0105 niezb\u0119dne dla prawid\u0142owego rozwoju malucha<br \/>\u2022\u00a0ma\u00a0\u0142agodny smak\u00a0\u2013 jest idealny do\u00a0rozszerzania diety<br \/>\u2022\u00a0mo\u017cesz podawa\u0107 go\u00a0na \u0142y\u017ceczce\u00a0albo\u00a0pola\u0107 nim kaszk\u0119\u00a0czy warzywa<br \/>\u2022\u00a0to\u00a0naturalny suplement\u00a0\u2013 nie zawiera konserwant\u00f3w, sztucznych barwnik\u00f3w i wzmacniaczy smaku<br \/>\u2022\u00a0t\u0142oczy si\u0119 go\u00a0z polskich ziaren\u00a0w rodzinnej olejarni<br \/>\u2022 ma\u00a0d\u0142ug\u0105 dat\u0119 minimalnej trwa\u0142o\u015bci\u00a0\u2013 mo\u017cesz trzyma\u0107 go w lod\u00f3wce przez 6 miesi\u0119cy<\/p>\n<p><b>Nowa receptura Oleju dla dziecka od Olini<br \/><\/b>Chcesz rozszerzy\u0107 diet\u0119 swojej pociechy? Szukasz oleju ro\u015blinnego, kt\u00f3ry posmakuje maluchowi? Wybierasz naturaln\u0105 \u017cywno\u015b\u0107 od lokalnych producent\u00f3w? Oto Olej dla dziecka Olini! Czysty, smaczny, idealny w BLW.\u00a0<\/p>\n<p>Do wyt\u0142oczenia wybrano najlepsze nasiona rzepaku i s\u0142onecznika. Z kolei naukowcy UMED pomogli nam ulepszy\u0107 receptur\u0119 mieszanki. Tak powsta\u0142 naturalny suplement diety, kt\u00f3ry mo\u017cesz podawa\u0107 swojemu szkrabowi ju\u017c od 6 miesi\u0105ca \u017cycia.<\/p>\n<p>Pyszny Olej dla dziecka wzbogacono o witaminy A, D3, E i K2. S\u0105 one kluczowe dla prawid\u0142owego rozwoju malucha:<br \/>\u2022 witamina A wspiera wzrok<br \/>\u2022 witamina D wspiera uk\u0142ad odporno\u015bciowy<br \/>\u2022 witamina E pomaga w ochronie kom\u00f3rek przed stresem oksydacyjnym<br \/>\u2022 witamina K pomaga w utrzymaniu zdrowych ko\u015bci<\/p>\n<p>Olej jest \u0142agodny, maluchy go uwielbiaj\u0105. Dlatego z ochot\u0105 wypij\u0105 go nawet prosto z \u0142y\u017ceczki. Po\u0142\u0105czenie oleju rzepakowego oraz s\u0142onecznikowego znakomicie uzupe\u0142ni te\u017c wiele dzieci\u0119cych posi\u0142k\u00f3w: od gotowanych warzyw po kaszki i makarony.<\/p>\n<p><b>Dla kogo?<br \/><\/b>Dla niemowl\u0105t i starszych dzieci.<\/p>\n<p><b>Przebadany<br \/><\/b>Olej dla dziecka Olini powsta\u0142 przy wsp\u00f3\u0142pracy z zespo\u0142em badawczym z Uniwersytetu Medycznego w \u0141odzi. Naukowcy pozytywnie ocenili t\u0119 mieszank\u0119.\u00a0<\/p>\n<p><b>Jak podawa\u0107 Olej dla dziecka?<br \/><\/b>Solo:<br \/>od 6 miesi\u0105ca \u017cycia\u00a0\u2013 2,5 ml (0,5 \u0142y\u017ceczki)<br \/>powy\u017cej 1 roku \u017cycia\u00a0\u2013 5 ml\u00a0 (1 \u0142y\u017ceczka)<br \/>powy\u017cej 3 roku \u017cycia\u00a0\u2013 10 ml (2 \u0142y\u017ceczki)\u00a0<\/p>\n<p>Nie nale\u017cy przekracza\u0107 zalecanej porcji do spo\u017cycia w ci\u0105gu dnia. Suplement diety jest \u015brodkiem spo\u017cywczym, kt\u00f3rego celem jest uzupe\u0142nienie normalnej diety. Suplement diety nie ma w\u0142a\u015bciwo\u015bci leczniczych. Nie mo\u017ce by\u0107 stosowany jako substytut zr\u00f3\u017cnicowanej diety.<\/p>\n<p>Przechowywa\u0107 w spos\u00f3b niedost\u0119pny dla ma\u0142ych dzieci.<\/p>\n<p><b>Olej dla dziecka Olini to uniwersalny dodatek do wielu da\u0144 i przek\u0105sek. Mo\u017cesz skropi\u0107 nim:<\/b><br \/>\u2022 gotowane warzywa<br \/>\u2022 makarony<br \/>\u2022 kaszk\u0119<br \/>\u2022 pieczywo<br \/>\u2022 jajko<br \/>\u2022 zup\u0119<\/p>\n<p>Olej dla dziecka trzymaj w lod\u00f3wce, w temperaturze od 4-10\u00b0C.<\/p>\n<p>Produkt wolny od glutenu. Vega na licencji. Polskie ziarno. Umed.<\/p>\n<p><strong>Forma podania:<\/strong> p\u0142yn<br \/>\n<strong>Gramatura:<\/strong> ml<br \/>\n<strong>Pojemno\u015b\u0107:<\/strong> 100<br \/>\n<strong>P\u0142e\u0107:<\/strong> unisex<br \/>\n<strong>Rodzaj:<\/strong> dla dzieci<\/p>\n<p><strong>Uwagi:<\/strong><\/p>\n<p>Chroni\u0107 od \u015bwiat\u0142a. Przechowywa\u0107 w temperaturze 4 &#8211; 10 oC, w spos\u00f3b niedost\u0119pny dla ma\u0142ych dzieci.<\/p>\n<p><strong>Sk\u0142adniki:<\/strong><\/p>\n<p>olej rzepakowy, olej s\u0142onecznikowy, witamina E &#8211; Octan dl-alfa tokoferolu, witamina A &#8211; Palmitynian retinylu, witamina K2 (MK-7), witamina D3 &#8211; Cholekalcyferol<\/p>\n","protected":false},"excerpt":{"rendered":"<p> <strong>Forma podania:<\/strong> p\u0142yn<br \/>  <strong>Gramatura:<\/strong> ml<br \/>  <strong>Pojemno\u015b\u0107:<\/strong> 100<br \/>  <strong>P\u0142e\u0107:<\/strong> unisex<br \/>  <strong>Rodzaj:<\/strong> dla dzieci <\/p>\n","protected":false},"featured_media":40196,"comment_status":"open","ping_status":"closed","template":"","meta":{"_acf_changed":false},"kategoria-hurtowni":[206,205],"product_brand":[333],"product_cat":[76],"product_tag":[],"class_list":{"0":"post-40195","1":"product","2":"type-product","3":"status-publish","4":"has-post-thumbnail","6":"kategoria-hurtowni-suplementy-diety","7":"kategoria-hurtowni-zdrowie","8":"product_brand-olini","9":"product_cat-primavera","11":"first","12":"outofstock","13":"taxable","14":"shipping-taxable","15":"product-type-simple"},"acf":[],"_links":{"self":[{"href":"https:\/\/premino.pl\/index.php?rest_route=\/wp\/v2\/product\/40195","targetHints":{"allow":["GET"]}}],"collection":[{"href":"https:\/\/premino.pl\/index.php?rest_route=\/wp\/v2\/product"}],"about":[{"href":"https:\/\/premino.pl\/index.php?rest_route=\/wp\/v2\/types\/product"}],"replies":[{"embeddable":true,"href":"https:\/\/premino.pl\/index.php?rest_route=%2Fwp%2Fv2%2Fcomments&post=40195"}],"wp:featuredmedia":[{"embeddable":true,"href":"https:\/\/premino.pl\/index.php?rest_route=\/wp\/v2\/media\/40196"}],"wp:attachment":[{"href":"https:\/\/premino.pl\/index.php?rest_route=%2Fwp%2Fv2%2Fmedia&parent=40195"}],"wp:term":[{"taxonomy":"kategoria-hurtowni","embeddable":true,"href":"https:\/\/premino.pl\/index.php?rest_route=%2Fwp%2Fv2%2Fkategoria-hurtowni&post=40195"},{"taxonomy":"product_brand","embeddable":true,"href":"https:\/\/premino.pl\/index.php?rest_route=%2Fwp%2Fv2%2Fproduct_brand&post=40195"},{"taxonomy":"product_cat","embeddable":true,"href":"https:\/\/premino.pl\/index.php?rest_route=%2Fwp%2Fv2%2Fproduct_cat&post=40195"},{"taxonomy":"product_tag","embeddable":true,"href":"https:\/\/premino.pl\/index.php?rest_route=%2Fwp%2Fv2%2Fproduct_tag&post=40195"}],"curies":[{"name":"wp","href":"https:\/\/api.w.org\/{rel}","templated":true}]}}