{"id":40211,"date":"2026-04-17T16:29:58","date_gmt":"2026-04-17T14:29:58","guid":{"rendered":"https:\/\/premino.pl\/produkt\/ocet-wisniowy-100ml\/"},"modified":"2026-04-17T16:30:28","modified_gmt":"2026-04-17T14:30:28","slug":"ocet-wisniowy-100ml","status":"publish","type":"product","link":"https:\/\/premino.pl\/?product=ocet-wisniowy-100ml","title":{"rendered":"Ocet wi\u015bniowy 100ml"},"content":{"rendered":"<p><b>Ocet wi\u015bniowy Olini \u2013 delikatny, aromatyczny, z polskich wi\u015bni<\/b><\/p>\n<p>Ocet wi\u015bniowy Olini \u2013 o \u0142agodnym smaku, z r\u0119cznie zbieranych wi\u015bni, z polskiego gospodarstwa<\/p>\n<p><b>Za co pokochasz ocet wi\u015bniowy?\u00a0<br \/><\/b>\u2022 jest pyszny\u00a0\u2013 Twoje kubki smakowe pokochaj\u0105 jego intensywnie wi\u015bniow\u0105 nut\u0119<br \/>\u2022\u00a0nie pachnie jak typowy ocet \u2013 kusi delikatnym\u00a0aromatem wina<br \/>\u2022\u00a0zach\u0119ca swoim apetycznym,\u00a0r\u00f3\u017cowym kolorem<br \/>\u2022\u00a0jest\u00a0niepasteryzowany i niefiltrowany\u00a0\u2013\u00a0 zachowuje najwi\u0119cej w\u0142a\u015bciwo\u015bci<br \/>\u2022\u00a0to\u00a0100% natury\u00a0\u2013 nie znajdziesz w nim konserwant\u00f3w ani barwnik\u00f3w<br \/>\u2022 jest wydajny\u00a0\u2013 potrzebujesz niewielkiej ilo\u015bci, \u017ceby poczu\u0107 jego g\u0142\u0119boki smak<br \/>\u2022 wystarczy na d\u0142ugo\u00a0\u2013 mo\u017cesz trzyma\u0107 go w lod\u00f3wce nawet 12 miesi\u0119cy<br \/>\u2022\u00a0jest\u00a0wega\u0144ski\u00a0\u2013 nadaje si\u0119 dla os\u00f3b na diecie ro\u015blinnej<br \/>\u2022\u00a0przelano go do\u00a0butelki z ciemnego, grubego szk\u0142a<\/p>\n<p><b>Ocet wi\u015bniowy \u2013 smak lata przez ca\u0142y rok<br \/><\/b>Chcesz korzysta\u0107 z w\u0142a\u015bciwo\u015bci octu, ale nie przepadasz za jego intensywnym smakiem? Szukasz alternatywy dla bezalkoholowych drink\u00f3w? Kupujesz naturalne produkty, od lokalnych producent\u00f3w? Oto Ocet wi\u015bniowy Olini! \u0141agodny, \u017cywy, z polskich owoc\u00f3w.<\/p>\n<p>Szklanka wody z wi\u015bniowym octem od razu przywo\u0142a mi\u0142e wspomnienia letnich dni.\u00a0<\/p>\n<p>Ocet ma prosty sk\u0142ad. Jego w\u0142a\u015bciwo\u015bci to zas\u0142uga wy\u0142\u0105cznie natury. Owocowy posmak, przyjemny aromat i apetyczny kolor sprawi\u0105, \u017ce picie wody z octem stanie si\u0119 Twoim nowym ulubionym rytua\u0142em.\u00a0<\/p>\n<p><b>Jak smakuje?<br \/><\/b>Jest \u0142agodniejszy ni\u017c klasyczny ocet. Po zmieszaniu z wod\u0105 przypomina delikatne, orze\u017awiaj\u0105ce wino. W ka\u017cdym \u0142yku wyczujesz s\u0142odko-kwa\u015bny smak dojrza\u0142ych wi\u015bni.<\/p>\n<p>Wi\u015bnie, z kt\u00f3rych powsta\u0142 ten ocet, ros\u0142y w starym sadzie, w gospodarstwie na Lubelszczy\u017anie. To region znany z czystej i nieska\u017conej przyrody. Dlatego natur\u0119 czu\u0107 w ka\u017cdym \u0142yku!<\/p>\n<p>Ocet powsta\u0142 z najlepszej jako\u015bci owoc\u00f3w \u2013 wolnych od GMO i alergen\u00f3w. Nie dodano do niego \u017cadnych ulepszaczy, jak barwniki czy konserwanty. Zosta\u0142 zrobiony tradycyjn\u0105 metod\u0105 dwuetapowej fermentacji. Dojrzewa\u0142 a\u017c dwa lata. Dlatego ma taki g\u0142\u0119boki smak, kt\u00f3rym mo\u017cecie cieszy\u0107 si\u0119 wraz z bliskimi.\u00a0 Ocet wi\u015bniowy dope\u0142ni porann\u0105 rutyn\u0119, ugasi pragnienie podczas rodzinnego obiadu oraz orze\u017awi w czasie dom\u00f3wki u znajomych.<\/p>\n<p><b>Jak najlepiej stosowa\u0107 ocet wi\u015bniowy?<br \/><\/b>Ocet wi\u015bniowy (1-2 \u0142y\u017cki) mo\u017cesz rozcie\u0144czy\u0107 w wodzie mineralnej lub gazowanej (250 ml).\u00a0<\/p>\n<p>Podany w pi\u0119knym kieliszku lub szklance z powodzeniem zast\u0105pi drinki podczas eleganckiego rodzinnego spotkania, lunchu z przyjaci\u00f3\u0142k\u0105 lub szalonej imprezy ze znajomymi.<\/p>\n<p>Mo\u017cesz r\u00f3wnie\u017c poda\u0107 go w daniach i przek\u0105skach, np.:<br \/>\u2022 w sa\u0142atce\u00a0\u2013 na jego bazie stworzysz apetyczny dressing<br \/>\u2022\u00a0w daniach g\u0142\u00f3wnych\u00a0\u2013 mo\u017cesz marynowa\u0107 w nim mi\u0119so lub tofu<br \/>\u2022\u00a0w switchelu<br \/>\u2022 w domowych chipsach salt &#038; vinegar<\/p>\n<p><b>Dla kogo?<br \/><\/b>Dla os\u00f3b, kt\u00f3re dbaj\u0105 o zdrowe \u017cywienie. Dla os\u00f3b, kt\u00f3re nie przepadaj\u0105 za smakiem octu jab\u0142kowego. Dla os\u00f3b szukaj\u0105cych alternatywy dla bezalkoholowych drink\u00f3w lub wina musuj\u0105cego.<\/p>\n<p>Produkt wolny od glutenu<\/p>\n<p>Tw\u00f3j ocet wi\u015bniowy ma osad?<br \/>Ocet wi\u015bniowy mo\u017ce mie\u0107 osad. Na jego powierzchni mo\u017ce te\u017c wytworzy\u0107 si\u0119 te\u017c matka octowa. To zupe\u0142nie naturalne zjawisko, kt\u00f3re \u015bwiadczy o wysokiej jako\u015bci octu.<\/p>\n<p><strong>Artyku\u0142 ekologiczny:<\/strong> tak<br \/>\n<strong>Gramatura:<\/strong> ml<br \/>\n<strong>Pojemno\u015b\u0107:<\/strong> 100<\/p>\n<p><strong>Uwagi:<\/strong><\/p>\n<p>Ocet wi\u015bniowy trzymaj w suchym i ch\u0142odnym miejscu, najlepiej w lod\u00f3wce.\u00a0Ocet wi\u015bniowy mo\u017ce mie\u0107 osad. Na jego powierzchni mo\u017ce te\u017c wytworzy\u0107 si\u0119 te\u017c matka octowa. To zupe\u0142nie naturalne zjawisko, kt\u00f3re \u015bwiadczy o wysokiej jako\u015bci octu.<\/p>\n<p><strong>Sk\u0142adniki:<\/strong><\/p>\n<p>100% ocet wi\u015bniowy<\/p>\n","protected":false},"excerpt":{"rendered":"<p> <strong>Artyku\u0142 ekologiczny:<\/strong> tak<br \/>  <strong>Gramatura:<\/strong> ml<br \/>  <strong>Pojemno\u015b\u0107:<\/strong> 100 <\/p>\n","protected":false},"featured_media":40212,"comment_status":"open","ping_status":"closed","template":"","meta":{"_acf_changed":false},"kategoria-hurtowni":[235],"product_brand":[333],"product_cat":[76],"product_tag":[],"class_list":{"0":"post-40211","1":"product","2":"type-product","3":"status-publish","4":"has-post-thumbnail","6":"kategoria-hurtowni-food","7":"product_brand-olini","8":"product_cat-primavera","10":"first","11":"outofstock","12":"taxable","13":"shipping-taxable","14":"product-type-simple"},"acf":[],"_links":{"self":[{"href":"https:\/\/premino.pl\/index.php?rest_route=\/wp\/v2\/product\/40211","targetHints":{"allow":["GET"]}}],"collection":[{"href":"https:\/\/premino.pl\/index.php?rest_route=\/wp\/v2\/product"}],"about":[{"href":"https:\/\/premino.pl\/index.php?rest_route=\/wp\/v2\/types\/product"}],"replies":[{"embeddable":true,"href":"https:\/\/premino.pl\/index.php?rest_route=%2Fwp%2Fv2%2Fcomments&post=40211"}],"wp:featuredmedia":[{"embeddable":true,"href":"https:\/\/premino.pl\/index.php?rest_route=\/wp\/v2\/media\/40212"}],"wp:attachment":[{"href":"https:\/\/premino.pl\/index.php?rest_route=%2Fwp%2Fv2%2Fmedia&parent=40211"}],"wp:term":[{"taxonomy":"kategoria-hurtowni","embeddable":true,"href":"https:\/\/premino.pl\/index.php?rest_route=%2Fwp%2Fv2%2Fkategoria-hurtowni&post=40211"},{"taxonomy":"product_brand","embeddable":true,"href":"https:\/\/premino.pl\/index.php?rest_route=%2Fwp%2Fv2%2Fproduct_brand&post=40211"},{"taxonomy":"product_cat","embeddable":true,"href":"https:\/\/premino.pl\/index.php?rest_route=%2Fwp%2Fv2%2Fproduct_cat&post=40211"},{"taxonomy":"product_tag","embeddable":true,"href":"https:\/\/premino.pl\/index.php?rest_route=%2Fwp%2Fv2%2Fproduct_tag&post=40211"}],"curies":[{"name":"wp","href":"https:\/\/api.w.org\/{rel}","templated":true}]}}