{"id":40217,"date":"2026-04-17T16:30:37","date_gmt":"2026-04-17T14:30:37","guid":{"rendered":"https:\/\/premino.pl\/produkt\/ocet-jablkowy-1000ml\/"},"modified":"2026-04-17T16:30:37","modified_gmt":"2026-04-17T14:30:37","slug":"ocet-jablkowy-1000ml","status":"publish","type":"product","link":"https:\/\/premino.pl\/?product=ocet-jablkowy-1000ml","title":{"rendered":"Ocet jab\u0142kowy 1000ml"},"content":{"rendered":"<p><b>Ocet jab\u0142kowy Olini\u00a0naturalny sk\u0142ad, z polskich jab\u0142ek, bez dodatku cukru, idealny dla diabetyk\u00f3w i os\u00f3b dbaj\u0105cych o lini\u0119\u00a0<\/b><\/p>\n<p>Ocet jab\u0142kowy Olini \u2013 w 100% naturalny, \u017cywy, pe\u0142en dobroczynnych w\u0142a\u015bciwo\u015bci<\/p>\n<p><b>Za co pokochasz Ocet jab\u0142kowy Olini?<\/b><br \/>\u2022 ma\u00a0intensywny kwaskowy smak\u00a0\u2013 od razu wyczujesz w nim dojrza\u0142e polskie jab\u0142ka<br \/>\u2022\u00a0jest lekko gazowany\u00a0\u2013 strzelaj\u0105ce b\u0105belki to zas\u0142uga procesu fermentacji<br \/>\u2022\u00a0polecany dla cukrzyk\u00f3w\u00a0\u2013 warto w\u0142\u0105czy\u0107 go do diety, \u017ceby zadba\u0107 o ni\u017csz\u0105\u00a0glikemi\u0119<br \/>\u2022\u00a0zwi\u0119ksza uczucie syto\u015bci, dzi\u0119ki czemu\u00a0pomaga w odchudzaniu<br \/>\u2022 wystarczy\u00a0na d\u0142ugo\u00a0\u2013 mo\u017cesz go pi\u0107 do 12 miesi\u0119cy od przygotowania<br \/>\u2022 jest\u00a0niepasteryzowany\u00a0\u2013 zachowuje najwi\u0119cej warto\u015bci od\u017cywczych<br \/>\u2022 to\u00a0100% natury\u00a0w buteleczce \u2013 bez dodatku konserwant\u00f3w, barwnik\u00f3w oraz cukru<br \/>\u2022 ma\u00a05% kwasu octowego\u00a0\u2013\u00a0 \u015brednia kwasowo\u015b\u0107 oznacza, \u017ce jest uniwersalny<\/p>\n<p><b>Ocet jab\u0142kowy \u2013 pyszny spos\u00f3b na zdrow\u0105 sylwetk\u0119<br \/><\/b>Jeste\u015b na diecie? Dbasz o zdrowe nawyki? Chcesz obni\u017cy\u0107 poziom glukozy we krwi? Wybierasz naturalne produkty z prostym sk\u0142adem? Oto \u201e\u017cywy\u201d Ocet jab\u0142kowy Olini! W 100% naturalny, pyszny, zrobiony z dojrza\u0142ych polskich jab\u0142ek.<\/p>\n<p><b>Jak dzia\u0142a?<br \/><\/b>Jab\u0142ka od lat uwa\u017ca si\u0119 za niezb\u0119dny sk\u0142adnik zdrowej diety. S\u0105 bogatym \u017ar\u00f3d\u0142em witamin i minera\u0142\u00f3w, kt\u00f3re wzmacniaj\u0105 odporno\u015b\u0107. Dzi\u0119ki b\u0142onnikowi zaspokajaj\u0105 ma\u0142y g\u0142\u00f3d, a zawarte w nich pektyny zmniejszaj\u0105 apetyt.\u00a0<\/p>\n<p>Ocet jab\u0142kowy to \u015bwietne uzupe\u0142nienie codziennego jad\u0142ospisu. Pij\u0105c go przed posi\u0142kiem, zwi\u0119kszysz uczucie syto\u015bci. Dzi\u0119ki temu pilnowanie odpowiedniej liczby kalorii stanie si\u0119 \u0142atwiejsze. Ocet jab\u0142kowy pomaga tak\u017ce w lepszym przyswajaniu sk\u0142adnik\u00f3w od\u017cywczych. To bardzo wa\u017cne, zw\u0142aszcza dla os\u00f3b na diecie redukcyjnej.<\/p>\n<p>Picie octu zmniejsza glikemi\u0119, dlatego poleca si\u0119 go w szczeg\u00f3lno\u015bci diabetykom. Ocet jab\u0142kowy Olini jest im przyjazny. Rekomenduje go Fundacja Insulinooporno\u015b\u0107. B\u0119dzie stanowi\u0142 doskona\u0142y dodatek do menu cukrzyk\u00f3w.<\/p>\n<p><b>Naturalnie, ro\u015blinnie, rodzinnie<br \/><\/b>Ocet jab\u0142kowy Olini powstaje z dorodnych, zdrowych, polskich jab\u0142ek. Pochodz\u0105 od zaufanych sadownik\u00f3w, z kt\u00f3rymi producent od lat buduje relacje. Proces produkcji trwa ponad dwa lata. Tyle czasu ocet potrzebuje do osi\u0105gni\u0119cia maksymalnych warto\u015bci od\u017cywczych.<\/p>\n<p>Producent nie filtruje ani nie pasteryzuje octu. Przez to jest \u201e\u017cywy\u201d i ci\u0105gle pracuje.\u00a0 Z biegiem czasu wci\u0105\u017c dojrzewa. Na jego powierzchni powstaje delikatna galaretka \u2013 matka octowa.<\/p>\n<p>Ocet jab\u0142kowy Olini to naturalny i pyszny element zdrowego stylu \u017cycia. Warto w\u0142\u0105czy\u0107 go do diety, nawet je\u015bli Twoim celem nie jest zrzucenie kilku kilogram\u00f3w. Picie octu jab\u0142kowego to pozytywny nawyk, kt\u00f3ry pomo\u017ce Tobie i Twoim bliskim zadba\u0107 o siebie od wewn\u0105trz.<\/p>\n<p><b>Dla kogo?<br \/><\/b>Dla os\u00f3b dbaj\u0105cych o szczup\u0142\u0105 sylwetk\u0119 i zdrowy styl \u017cycia, dla diabetyk\u00f3w.<\/p>\n<p><b>Jak pi\u0107?<br \/><\/b>\u2022 z wod\u0105\u00a0\u2013 rozcie\u0144cz \u0142y\u017ck\u0119 octu w szklance z wod\u0105 mineraln\u0105<br \/>\u2022 w koktajlu\u00a0\u2013 na jego bazie przygotuj orze\u017awiaj\u0105cy nap\u00f3j<br \/>\u2022 do\u00a0sa\u0142atki\u00a0\u2013 wykorzystaj go jako dressing<br \/>\u2022 do\u00a0marynat i sos\u00f3w\u00a0\u2013 podbij smak ulubionych potraw<\/p>\n<p>Ocet jab\u0142kowy wykorzystasz te\u017c do piel\u0119gnacji \u2013 zmieszany z wod\u0105 sprawdzi si\u0119 jako tonik lub p\u0142ukanka do w\u0142os\u00f3w. Tak\u0105 mieszank\u0119 mo\u017cesz u\u017cy\u0107 r\u00f3wnie\u017c jako naturalny \u015brodek sprz\u0105tania.<\/p>\n<p><b>Zero styropianu \u2013 pakowane ekologicznie!<br \/><\/b>EKO opakowania chroni\u0105 cenny sk\u0142ad oleju z czarnuszki przed \u015bwiat\u0142em podczas transportu. Wykonane s\u0105 one\u00a0z wytrzyma\u0142ej, 5-warstwowej tektury falistej, kt\u00f3ra pochodzi z zasob\u00f3w w 100% odnawialnych.\u00a0Nadaj\u0105 si\u0119\u00a0do recyklingu i s\u0105 ca\u0142kowicie biodegradowalne.\u00a0Tak samo, jak br\u0105zowa,\u00a0papierowa ta\u015bma,\u00a0kt\u00f3r\u0105 je zabezpieczamy oraz\u00a0wype\u0142nienie pude\u0142ek (papier falisty).<\/p>\n<p>Pakowane z trosk\u0105<br \/>R\u0119cznie naklejane etykiety, nabijane piecz\u0105tki z dat\u0105 wa\u017cno\u015bci, a potem starannie pakowana paczka.\u00a0<\/p>\n<p><b>Przechowywanie<br \/><\/b>Ocet jab\u0142kowy przechowuj w suchym, ch\u0142odnym i zacienionym miejscu.<\/p>\n<p>Produkt wolny od glutenu.<br \/>Przyjazny dla Vegan<\/p>\n<p>Tw\u00f3j Ocet jab\u0142kowy ma osad?<br \/>Na dnie butelki mo\u017ce pojawi\u0107 si\u0119 osad, a u g\u00f3ry matka octowa. To zupe\u0142nie naturalne!<\/p>\n<p>Rekomendowany przez Fundacj\u0119 Insulinooporno\u015b\u0107<\/p>\n<p><strong>Artyku\u0142 ekologiczny:<\/strong> tak<br \/>\n<strong>Gramatura:<\/strong> ml<br \/>\n<strong>Pojemno\u015b\u0107:<\/strong> 1000<\/p>\n<p><strong>Uwagi:<\/strong><\/p>\n<p>Przechowywa\u0107 w suchym i ch\u0142odnym miejscu z dala od \u017ar\u00f3de\u0142 \u015bwiat\u0142a. Po otwarciu przechowywa\u0107 w lod\u00f3wce.<\/p>\n<p><strong>Sk\u0142adniki:<\/strong><\/p>\n<p>100% jab\u0142ek r\u00f3\u017cnych odmian: golden, anton\u00f3wka, szara reneta<\/p>\n","protected":false},"excerpt":{"rendered":"<p> <strong>Artyku\u0142 ekologiczny:<\/strong> tak<br \/>  <strong>Gramatura:<\/strong> ml<br \/>  <strong>Pojemno\u015b\u0107:<\/strong> 1000 <\/p>\n","protected":false},"featured_media":40218,"comment_status":"open","ping_status":"closed","template":"","meta":{"_acf_changed":false},"kategoria-hurtowni":[235],"product_brand":[333],"product_cat":[76],"product_tag":[],"class_list":{"0":"post-40217","1":"product","2":"type-product","3":"status-publish","4":"has-post-thumbnail","6":"kategoria-hurtowni-food","7":"product_brand-olini","8":"product_cat-primavera","10":"first","11":"outofstock","12":"taxable","13":"shipping-taxable","14":"product-type-simple"},"acf":[],"_links":{"self":[{"href":"https:\/\/premino.pl\/index.php?rest_route=\/wp\/v2\/product\/40217","targetHints":{"allow":["GET"]}}],"collection":[{"href":"https:\/\/premino.pl\/index.php?rest_route=\/wp\/v2\/product"}],"about":[{"href":"https:\/\/premino.pl\/index.php?rest_route=\/wp\/v2\/types\/product"}],"replies":[{"embeddable":true,"href":"https:\/\/premino.pl\/index.php?rest_route=%2Fwp%2Fv2%2Fcomments&post=40217"}],"wp:featuredmedia":[{"embeddable":true,"href":"https:\/\/premino.pl\/index.php?rest_route=\/wp\/v2\/media\/40218"}],"wp:attachment":[{"href":"https:\/\/premino.pl\/index.php?rest_route=%2Fwp%2Fv2%2Fmedia&parent=40217"}],"wp:term":[{"taxonomy":"kategoria-hurtowni","embeddable":true,"href":"https:\/\/premino.pl\/index.php?rest_route=%2Fwp%2Fv2%2Fkategoria-hurtowni&post=40217"},{"taxonomy":"product_brand","embeddable":true,"href":"https:\/\/premino.pl\/index.php?rest_route=%2Fwp%2Fv2%2Fproduct_brand&post=40217"},{"taxonomy":"product_cat","embeddable":true,"href":"https:\/\/premino.pl\/index.php?rest_route=%2Fwp%2Fv2%2Fproduct_cat&post=40217"},{"taxonomy":"product_tag","embeddable":true,"href":"https:\/\/premino.pl\/index.php?rest_route=%2Fwp%2Fv2%2Fproduct_tag&post=40217"}],"curies":[{"name":"wp","href":"https:\/\/api.w.org\/{rel}","templated":true}]}}