{"id":40221,"date":"2026-04-17T16:30:37","date_gmt":"2026-04-17T14:30:37","guid":{"rendered":"https:\/\/premino.pl\/produkt\/duo-complex-skin-suplement-diety-60-kapsulek\/"},"modified":"2026-04-17T16:30:39","modified_gmt":"2026-04-17T14:30:39","slug":"duo-complex-skin-suplement-diety-60-kapsulek","status":"publish","type":"product","link":"https:\/\/premino.pl\/?product=duo-complex-skin-suplement-diety-60-kapsulek","title":{"rendered":"Duo Complex Skin suplement diety 60 kapsu\u0142ek"},"content":{"rendered":"<p>DUO COMPLEX Skin Olini \u2013 suplement diety ze sk\u0142adnikami wspieraj\u0105cymi  zdrowie sk\u00f3ry<\/p>\n<p><b>Za co pokochasz kapsu\u0142ki DUO COMPLEX Skin?<\/b><br \/>\u2714 innowacyjna  formu\u0142a \u0142\u0105czy zimnot\u0142oczone oleje i standaryzowane ekstrakty<br \/>\u2714 jest znakomitym  \u017ar\u00f3d\u0142em kwas\u00f3w GLA (85,5 mg), kt\u00f3re wspieraj\u0105 barier\u0119 hydrolipidow\u0105 sk\u00f3ry<br \/>\u2714  zawiera Curcumin C3 Reduct\u00ae (133 mg), kt\u00f3ry pomaga \u0142agodzi\u0107 stany zapalne<br \/>\u2714  dostarcza przeciwutleniaczy: polifenoli, tymochinonu i THC  (tetrahydrokurkuminy)<br \/>\u2714 to produkt clean label \u2013 zawiera wy\u0142\u0105cznie niezb\u0119dne  sk\u0142adniki<br \/>\u2714 to suplement diety w\u0142asnej produkcji \u2013 powstaje pod \u015bcis\u0142\u0105  kontrol\u0105<br \/>\u2714 nie zawiera \u017celatyny \u2013 kapsu\u0142ki s\u0105 odpowiednie r\u00f3wnie\u017c dla wegan i  wegetarian<\/p>\n<p><b>Dwufazowe kapsu\u0142ki DUO COMPLEX Skin \u2013 innowacyjna suplementacja dla  promiennej cery<\/b><br \/>Nawil\u017cona, elastyczna cera to cel Twojej piel\u0119gnacji? Chcesz  wspiera\u0107 j\u0105 od wewn\u0105trz, ale nie mo\u017cesz przekona\u0107 si\u0119 do picia zdrowych  olej\u00f3w z \u0142y\u017cki? Oto DUO COMPLEX Skin Olini! Innowacyjne kapsu\u0142ki z ekspercko  dobranymi sk\u0142adnikami aktywnymi.<\/p>\n<p>DUO COMPLEX Skin to suplement diety, kt\u00f3ry  dzia\u0142a dwufazowo. Dzi\u0119ki technologii kapsu\u0142ki w kapsu\u0142ce dostarcza zar\u00f3wno  olej\u00f3w, jak i ekstrakt\u00f3w ro\u015blinnych, kt\u00f3re wzajemnie wzmacniaj\u0105 swoje  dzia\u0142anie.<\/p>\n<p><b>Te kapsu\u0142ki wspieraj\u0105 sk\u00f3r\u0119 lipidowo i antyoksydacyjnie. Ich  synergia pomaga:<\/b><br \/>\u2022 wzmacnia\u0107 barier\u0119 hydrolipidow\u0105<br \/>\u2022 zwalcza\u0107 wolne rodniki  (odpowiedzialne za uszkodzenia kom\u00f3rek)<br \/>\u2022 zmniejsza\u0107 stany zapalne\u200d<\/p>\n<p>Jako\u015b\u0107  potwierdzona badaniami<\/p>\n<p><b>Jakich sk\u0142adnik\u00f3w aktywnych dostarcza DUO COMPLEX Skin  Olini?<\/b><br \/>\u2022 kwas GLA \u2013 min. 85,5 mg<br \/>\u2022 tetrahydrokurkumina (THC) \u2013 133 mg<br \/>\u2022 polifenole \u2013  min. 80 mg<br \/>\u2022 tymochinon (TQ) \u2013 20 mg<br \/>\u2022 witamina E \u2013 4 mg<\/p>\n<p><b>DUO COMPLEX Skin Olini \u2013 innowacyjne kapsu\u0142ki w\u0142asnej produkcji<\/b><br \/>W Olini  znaj\u0105 realia rynku suplement\u00f3w. Dlatego wiedz\u0105, \u017ce r\u00f3wnie\u017c w przypadku  tego produktu musz\u0105 wzi\u0105\u0107 sprawy we w\u0142asne r\u0119ce.<br \/>\u2022 Kapsu\u0142ki DUO COMPLEX Skin  produkuj\u0105 sami. <br \/>Wykorzystuj\u0105 do tego zaawansowane technologicznie  maszyny. Z kolei nad sam\u0105 produkcj\u0105 czuwa zaanga\u017cowany i do\u015bwiadczony zesp\u00f3\u0142.  Dzi\u0119ki temu marka wierzy, \u017ce te kapsu\u0142ki spe\u0142niaj\u0105 najwy\u017csze standardy jako\u015bci.<br \/>\u2022 Formu\u0142\u0119 DUO COMPLEX Skin opracowano wsp\u00f3lnie z ekspertk\u0105, dietetyczk\u0105 \u2013  Ma\u0142gorzat\u0105 Lenartowicz.<br \/>Ma\u0142gorzata Lenartowicz, dietetyk kliniczny: \u201e\u200b\u200bOd lat  ucz\u0119 kobiety, \u017ce piel\u0119gnacja sk\u00f3ry zaczyna si\u0119 od \u015brodka. Wiem, \u017ce dla wielu  z nich forma czystego oleju by\u0142a barier\u0105 nie do przej\u015bcia. Tak powsta\u0142 pomys\u0142  stworzenia kapsu\u0142ki. Takiej, kt\u00f3ra zachowa w\u0142a\u015bciwo\u015bci \u015bwie\u017cych olej\u00f3w, ale  b\u0119dzie wygodna, neutralna w smaku i stabilna biologicznie\u201d.<\/p>\n<p><b>Co zawieraj\u0105  kapsu\u0142ki DUO COMPLEX Skin?<\/b><br \/>\u2022 Faza olejowa &#8211; olej z wiesio\u0142ka \u2013 \u017ar\u00f3d\u0142o kwas\u00f3w  GLA i LA &#8211; olej z og\u00f3recznika \u2013 standaryzowany na min. 25% kwasu GLA &#8211; witamina  E \u2013 antyoksydant<br \/>\u2022 Faza proszkowa &#8211; ekstrakt z wiesio\u0142ka \u2013 standaryzowany na 40% polifenoli &#8211; ekstrakt z kurkumy bia\u0142ej  (Curcumin C3 Reduct\u00ae) \u2013 standaryzowany na 95% THC (tetrahydrokurkuminoid\u00f3w) &#8211; ekstrakt z czarnuszki \u2013 standaryzowany na 20% tymochinonu<\/p>\n<p><b>Dla kogo?<\/b><br \/>\u2022 Dla os\u00f3b posiadaj\u0105cych such\u0105, wymagaj\u0105c\u0105 cer\u0119.<br \/>\u2022 Dla kobiet, kt\u00f3re chc\u0105 wspiera\u0107 codzienn\u0105 piel\u0119gnacj\u0119 od wewn\u0105trz.<br \/>\u2022 Dla os\u00f3b, kt\u00f3re szukaj\u0105 kompleksowego rozwi\u0105zania w suplementacji ukierunkowanej na zdrow\u0105 sk\u00f3r\u0119.<br \/>\u2022 Dzieci: Produkt przeznaczony wy\u0142\u0105cznie dla os\u00f3b doros\u0142ych.<br \/>\u2022 Ci\u0105\u017ca i karmienie piersi\u0105: Produkt nie powinien by\u0107 stosowany w okresie ci\u0105\u017cy ani karmienia piersi\u0105.<\/p>\n<p><b>Jak stosowa\u0107 kapsu\u0142ki DUO COMPLEX Skin?<\/b><br \/>Dzienna porcja &#8211; 2 kapsu\u0142ki<\/p>\n<p>DUO COMPLEX  Skin najlepiej stosowa\u0107 rano i wieczorem \u2013 po jednej kapsu\u0142ce.<\/p>\n<p>Suplement diety  nie mo\u017ce by\u0107 stosowany jako substytut (zamiennik) zr\u00f3\u017cnicowanej diety.  Zr\u00f3wnowa\u017cony spos\u00f3b \u017cywienia oraz prowadzenie zdrowego trybu \u017cycia s\u0105 wa\u017cne  dla prawid\u0142owego funkcjonowania organizmu.<\/p>\n<p><strong>Forma podania:<\/strong> kapsu\u0142ki<br \/>\n<strong>Gramatura:<\/strong> sztuka<br \/>\n<strong>Pojemno\u015b\u0107:<\/strong> 60<br \/>\n<strong>P\u0142e\u0107:<\/strong> unisex<br \/>\n<strong>Rodzaj:<\/strong> pozosta\u0142e<\/p>\n<p><strong>Uwagi:<\/strong><\/p>\n<p>Przechowywa\u0107 w temperaturze pokojowej, w suchym i ciemnym miejscu. Suplement diety powinien by\u0107 przechowywany w spos\u00f3b niedost\u0119pny dla ma\u0142ych dzieci. Data minimalnej trwa\u0142o\u015bci 12 miesi\u0119cy od daty produkcji suplementu (znajdziesz j\u0105 na tylnej etykiecie).<\/p>\n<p><strong>Sk\u0142adniki:<\/strong><\/p>\n<p>olej z wiesio\u0142ka (Oenothera biennis), olej z og\u00f3recznika (Borago officinalis) stand. na min. 25% GLA, ekstrakt z wiesio\u0142ka (Oenothera biennis) stand. na min. 40% polifenoli, ekstrakt z kurkumy (Curcuma longa) Curcumin C3 Reduct\u00ae stand. na 95% tetrahydrokurkuminoid\u00f3w, ekstrakt z czarnuszki (Nigella sativa) stand. na 20% tymochinonu, alfa-tokoferol (witamina E). Pozosta\u0142e sk\u0142adniki: otoczka kapsu\u0142ki: substancja glazuruj\u0105ca \u2013 hydroksypropylometyloceluloza (HPMC). Curcumin C3 Reduct\u00ae jest zastrze\u017conym znakiem towarowym firmy Sabinsa. DrCaps\u00ae i VCaps\u00aePlus s\u0105 u\u017cywane na warunkach licencji.<\/p>\n","protected":false},"excerpt":{"rendered":"<p> <strong>Forma podania:<\/strong> kapsu\u0142ki<br \/>  <strong>Gramatura:<\/strong> sztuka<br \/>  <strong>Pojemno\u015b\u0107:<\/strong> 60<br \/>  <strong>P\u0142e\u0107:<\/strong> unisex<br \/>  <strong>Rodzaj:<\/strong> pozosta\u0142e <\/p>\n","protected":false},"featured_media":40222,"comment_status":"open","ping_status":"closed","template":"","meta":{"_acf_changed":false},"kategoria-hurtowni":[206,205],"product_brand":[333],"product_cat":[76],"product_tag":[],"class_list":{"0":"post-40221","1":"product","2":"type-product","3":"status-publish","4":"has-post-thumbnail","6":"kategoria-hurtowni-suplementy-diety","7":"kategoria-hurtowni-zdrowie","8":"product_brand-olini","9":"product_cat-primavera","11":"first","12":"outofstock","13":"taxable","14":"shipping-taxable","15":"product-type-simple"},"acf":[],"_links":{"self":[{"href":"https:\/\/premino.pl\/index.php?rest_route=\/wp\/v2\/product\/40221","targetHints":{"allow":["GET"]}}],"collection":[{"href":"https:\/\/premino.pl\/index.php?rest_route=\/wp\/v2\/product"}],"about":[{"href":"https:\/\/premino.pl\/index.php?rest_route=\/wp\/v2\/types\/product"}],"replies":[{"embeddable":true,"href":"https:\/\/premino.pl\/index.php?rest_route=%2Fwp%2Fv2%2Fcomments&post=40221"}],"wp:featuredmedia":[{"embeddable":true,"href":"https:\/\/premino.pl\/index.php?rest_route=\/wp\/v2\/media\/40222"}],"wp:attachment":[{"href":"https:\/\/premino.pl\/index.php?rest_route=%2Fwp%2Fv2%2Fmedia&parent=40221"}],"wp:term":[{"taxonomy":"kategoria-hurtowni","embeddable":true,"href":"https:\/\/premino.pl\/index.php?rest_route=%2Fwp%2Fv2%2Fkategoria-hurtowni&post=40221"},{"taxonomy":"product_brand","embeddable":true,"href":"https:\/\/premino.pl\/index.php?rest_route=%2Fwp%2Fv2%2Fproduct_brand&post=40221"},{"taxonomy":"product_cat","embeddable":true,"href":"https:\/\/premino.pl\/index.php?rest_route=%2Fwp%2Fv2%2Fproduct_cat&post=40221"},{"taxonomy":"product_tag","embeddable":true,"href":"https:\/\/premino.pl\/index.php?rest_route=%2Fwp%2Fv2%2Fproduct_tag&post=40221"}],"curies":[{"name":"wp","href":"https:\/\/api.w.org\/{rel}","templated":true}]}}