{"id":40229,"date":"2026-04-17T16:30:37","date_gmt":"2026-04-17T14:30:37","guid":{"rendered":"https:\/\/premino.pl\/produkt\/olej-z-ostropestu-100ml\/"},"modified":"2026-04-17T16:30:47","modified_gmt":"2026-04-17T14:30:47","slug":"olej-z-ostropestu-100ml","status":"publish","type":"product","link":"https:\/\/premino.pl\/?product=olej-z-ostropestu-100ml","title":{"rendered":"Olej z ostropestu 100ml"},"content":{"rendered":"<p><b>Olej z ostropestu Olini \u2013 czysty, t\u0142oczony na zimno, z polskiego ziarna<\/b><\/p>\n<p>Olej z ostropestu plamistego Olini \u2013 nierafinowany, niefiltrowany<\/p>\n<p><b>Za co pokochasz olej z ostropestu?<br \/><\/b>\u2022\u00a0ma korzenny,\u00a0wyrazisty, delikatnie zio\u0142owy sma<br \/>\u2022 \u017ar\u00f3d\u0142o nienasyconych kwas\u00f3w t\u0142uszczowych\u00a0omega-3 i omega-6<br \/>\u2022\u00a0jest\u00a0czysty, nierafinowany i t\u0142oczony na zimno\u00a0\u2013 dzi\u0119ki temu zachowuje swoje walory<br \/>\u2022\u00a0jego\u00a0s\u0142omkowy kolor\u00a0sprawia, \u017ce potrawy wygl\u0105daj\u0105 bardziej\u00a0apetycznie<br \/>\u2022\u00a0to\u00a0uniwersalny olej\u00a0\u2013 mo\u017cesz wykorzysta\u0107 go do sa\u0142atek, koktajli, zup i past warzywnych<br \/>\u2022\u00a0zamkni\u0119to go w\u00a0butelce z grubego, ciemnego szk\u0142a, kt\u00f3ra chroni go przed \u015bwiat\u0142em<br \/>\u2022\u00a0to\u00a0produkt lokalny\u00a0\u2013 olej wyt\u0142acza si\u0119 z polskich ziaren ostropestu<\/p>\n<p><b>Jak stosowa\u0107 Olej z ostropestu?<\/b><\/p>\n<p>Oleju z ostropestu plamistego\u00a0podkre\u015bli smak\u00a0niejednego dania. Urozmaici:<br \/>\u2022\u00a0sa\u0142atki i sur\u00f3wki<br \/>\u2022\u00a0owocowe i warzywne koktajle<br \/>\u2022\u00a0pasty do kanapek \u2013 na bazie twarogu, ciecierzycy czy fasoli<br \/>\u2022\u00a0owsianki i jaglanki<br \/>\u2022\u00a0kasze, ry\u017c oraz potrawy makaronowe<\/p>\n<p>Pami\u0119taj, \u017ceby stosowa\u0107 go\u00a0na zimno\u00a0lub jako\u00a0dodatek do ciep\u0142ych da\u0144. Nie u\u017cywaj oleju z ostropestu do gotowania, pieczenia oraz sma\u017cenia.<\/p>\n<p><b>Dla kogo?<br \/><\/b>Dla prawdziwych smakoszy!<\/p>\n<p><b>Przechowywanie<br \/><\/b>Olej trzymaj w lod\u00f3wce, w temperaturze od 4-10\u00b0C, zar\u00f3wno przed, jak i po otwarciu.<\/p>\n<p>Produkt wolny od glutenu<\/p>\n<p>Tw\u00f3j Olej z ostropestu ma osad? Olej z ostropestu mo\u017ce mie\u0107 naturalny osad. \u017beby si\u0119 go pozby\u0107, wystarczy, \u017ce przed u\u017cyciem delikatnie wstrz\u0105\u015bniesz butelk\u0105.<\/p>\n<p><strong>Forma podania:<\/strong> p\u0142yn<br \/>\n<strong>Gramatura:<\/strong> ml<br \/>\n<strong>Pojemno\u015b\u0107:<\/strong> 100<br \/>\n<strong>P\u0142e\u0107:<\/strong> unisex<br \/>\n<strong>Rodzaj:<\/strong> pozosta\u0142e<\/p>\n<p><strong>Uwagi:<\/strong><\/p>\n<p>Chroni\u0107 od \u015bwiat\u0142a. Przechowywa\u0107 w temperaturze: 5-10 oC<\/p>\n<p><strong>Sk\u0142adniki:<\/strong><\/p>\n<p>100% olej z nasion ostropestu plamistego, t\u0142oczony na zimno<\/p>\n","protected":false},"excerpt":{"rendered":"<p> <strong>Forma podania:<\/strong> p\u0142yn<br \/>  <strong>Gramatura:<\/strong> ml<br \/>  <strong>Pojemno\u015b\u0107:<\/strong> 100<br \/>  <strong>P\u0142e\u0107:<\/strong> unisex<br \/>  <strong>Rodzaj:<\/strong> pozosta\u0142e <\/p>\n","protected":false},"featured_media":40230,"comment_status":"open","ping_status":"closed","template":"","meta":{"_acf_changed":false},"kategoria-hurtowni":[206,205],"product_brand":[333],"product_cat":[76],"product_tag":[],"class_list":{"0":"post-40229","1":"product","2":"type-product","3":"status-publish","4":"has-post-thumbnail","6":"kategoria-hurtowni-suplementy-diety","7":"kategoria-hurtowni-zdrowie","8":"product_brand-olini","9":"product_cat-primavera","11":"first","12":"outofstock","13":"taxable","14":"shipping-taxable","15":"product-type-simple"},"acf":[],"_links":{"self":[{"href":"https:\/\/premino.pl\/index.php?rest_route=\/wp\/v2\/product\/40229","targetHints":{"allow":["GET"]}}],"collection":[{"href":"https:\/\/premino.pl\/index.php?rest_route=\/wp\/v2\/product"}],"about":[{"href":"https:\/\/premino.pl\/index.php?rest_route=\/wp\/v2\/types\/product"}],"replies":[{"embeddable":true,"href":"https:\/\/premino.pl\/index.php?rest_route=%2Fwp%2Fv2%2Fcomments&post=40229"}],"wp:featuredmedia":[{"embeddable":true,"href":"https:\/\/premino.pl\/index.php?rest_route=\/wp\/v2\/media\/40230"}],"wp:attachment":[{"href":"https:\/\/premino.pl\/index.php?rest_route=%2Fwp%2Fv2%2Fmedia&parent=40229"}],"wp:term":[{"taxonomy":"kategoria-hurtowni","embeddable":true,"href":"https:\/\/premino.pl\/index.php?rest_route=%2Fwp%2Fv2%2Fkategoria-hurtowni&post=40229"},{"taxonomy":"product_brand","embeddable":true,"href":"https:\/\/premino.pl\/index.php?rest_route=%2Fwp%2Fv2%2Fproduct_brand&post=40229"},{"taxonomy":"product_cat","embeddable":true,"href":"https:\/\/premino.pl\/index.php?rest_route=%2Fwp%2Fv2%2Fproduct_cat&post=40229"},{"taxonomy":"product_tag","embeddable":true,"href":"https:\/\/premino.pl\/index.php?rest_route=%2Fwp%2Fv2%2Fproduct_tag&post=40229"}],"curies":[{"name":"wp","href":"https:\/\/api.w.org\/{rel}","templated":true}]}}