{"id":40235,"date":"2026-04-17T16:30:37","date_gmt":"2026-04-17T14:30:37","guid":{"rendered":"https:\/\/premino.pl\/produkt\/olej-omega-3-250ml\/"},"modified":"2026-04-17T16:30:53","modified_gmt":"2026-04-17T14:30:53","slug":"olej-omega-3-250ml","status":"publish","type":"product","link":"https:\/\/premino.pl\/?product=olej-omega-3-250ml","title":{"rendered":"Olej Omega-3 250ml"},"content":{"rendered":"<p><b>Olej Omega-3 \u2013 naturalny suplement diety z FENACTIVE\u00ae z polifenolami (25%) i antocyjanami (15%) o dzia\u0142aniu immunomoduluj\u0105cym, przeciwwirusowym i antybakteryjnym<\/b><\/p>\n<p><b>Wspieraj odporno\u015b\u0107 ca\u0142ej rodziny i zapomnij, co to przezi\u0119bienie<br \/><\/b>Poczuj synergi\u0119 sk\u0142adnik\u00f3w Oleju Omega-3 i wspieraj\u00a0naturalne funkcje obronne organizmu!<\/p>\n<p><b>Co to jest FENACTIVE\u00ae?<br \/><\/b>Sercem mieszanki jest innowacyjny\u00a0FENACTIVE\u00ae\u00a0\u2013 bioaktywny\u00a0kompleks ekstrakt\u00f3w z owoc\u00f3w z czarnego bzu (Sambucus nigra L.) i\u00a0aronii\u00a0(Aronia melanocarpa). Jagody te bogate s\u0105\u00a0polifenole i antocyjany.<\/p>\n<p>Polifenole\u00a0to aktywne biologicznie zwi\u0105zki ro\u015blinne. Im owoce zawdzi\u0119czaj\u0105 swoje intensywne kolory. To tak\u017ce\u00a0silne antyoksydanty,\u00a0kt\u00f3re s\u0105 naszymi naturalnymi obro\u0144cami przed wolnymi rodnikami, mog\u0105cymi powodowa\u0107 choroby. Stanowi\u0105 dodatkowe wsparcie dla organizmu, zar\u00f3wno maluch\u00f3w, jak i doros\u0142ych.<\/p>\n<p>Antocyjany\u00a0(cyjanidyna, malwidyna, delfinidyna) to grupa polifenoli.<\/p>\n<p><b>Formu\u0142\u0119 Oleju Omega-3 dope\u0142niaj\u0105:<\/b><br \/>\u2022 Olej z ryb morskich\u00a0\u2013 bogatych w kwasy omega-3: dorszy, sardynek i makreli<br \/>\u2022 Tran Olini\u00a0\u2013 olej z kwasami omega-3 \u2013 EPA i DHA oraz witamin\u0105 D3 i wska\u017anikiem TOTOX \u2013 5<br \/>\u2022 Olej lniany Olini\u00a0\u2013 olej bogaty w kwasy omega-3, w tym ALA (alfa-linolenowy) oraz omega-6, w tym LA (linolowy)<br \/>\u2022 Olej z czarnuszki Olini\u00a0\u2013 olej z kwasami omega-3 i omega-6 oraz tymochinonem (sk\u0142adnik olejku eterycznego nasion czarnuszki o w\u0142a\u015bciwo\u015bciach przeciwalergicznych, przeciwzapalnych i dzia\u0142aniu immunomoduluj\u0105cym)\u00a0 \u2013 11,49 mg\/g<br \/>\u2022\u00a0Witamina D3\u00a0\u2013 wega\u0144ska<br \/>\u2022\u00a0Naturalny aromat malinowy<\/p>\n<p><b>Na co dok\u0142adnie pomagaj\u0105 sk\u0142adniki mieszanki?<br \/><\/b>Kwasy omega-3, w tym:<br \/>\u2022 ALA\u00a0(alfa-linolenowy)<br \/>pomaga w utrzymaniu prawid\u0142owego poziomu\u00a0cholesterolu we krwi<br \/>\u2022 EPA\u00a0(eikozapentaenowy)<br \/>razem z DHA przyczyniaj\u0105 si\u0119 do prawid\u0142owego funkcjono\u00adwania\u00a0serca*<br \/>\u2022 DHA\u00a0(dokozaheksaenowy)<br \/>pomaga w utrzymaniu prawid\u0142owego\u00a0widzenia*<br \/>przyczynia si\u0119 do utrzymania prawid\u0142owego funkcjonowania\u00a0m\u00f3zgu*<br \/>\u2022 Witamina D3:<br \/>pomaga w prawid\u0142owym funkcjono\u00adwaniu\u00a0uk\u0142adu odporno\u015bcio\u00adwego<br \/>pomaga w utrzymaniu\u00a0zdrowych ko\u015bci<br \/>pomaga w prawid\u0142owym funkcjono\u00adwaniu\u00a0mi\u0119\u015bni<br \/>pomaga w utrzymaniu\u00a0zdrowych z\u0119b\u00f3w<br \/>pomaga w prawid\u0142owym wch\u0142ania\u00adniu\/wykorzystywaniu\u00a0wapnia i fosforu<br \/>pomaga w utrzymaniu prawid\u0142owego poziomu\u00a0wapnia we krwi<br \/>\u2022 FENACTIVE\u00ae, czyli:<br \/>polifenole<br \/>antocyjany<br \/>ma w\u0142a\u015bciwo\u015bci\u00a0przeciwwirusowe<br \/>dzia\u0142a\u00a0immunostymuluj\u0105co<br \/>dzia\u0142a\u00a0antybakteryjnie<\/p>\n<p><b>Za co pokochasz Olej Omega-3 Olini?<br \/><\/b>\u2022\u00a0dzi\u0119ki FENACTIVE\u00ae ten olej to bogate \u017ar\u00f3d\u0142o antyoksydant\u00f3w, kt\u00f3re chroni\u0105 organizm przed wolnymi rodnikami, przez kt\u00f3re chorujemy i szybciej si\u0119 starzejemy<br \/>\u2022\u00a0mniej si\u0119 przezi\u0119biasz i szybciej zdrowiejesz\u00a0\u2013 synergia jego sk\u0142adnik\u00f3w wspiera\u00a0naturalne funkcje obronne organizmu<br \/>\u2022 dbasz o siebie kompleksowo\u00a0\u2013 jego spo\u017cywanie wspiera\u00a0nie tylko Twoj\u0105 odporno\u015b\u0107, ale te\u017c serce i uk\u0142ad kr\u0105\u017cenia, a tak\u017ce m\u00f3zg, wzrok, mi\u0119\u015bnie, ko\u015bci i z\u0119by<br \/>\u2022 mo\u017cna stosowa\u0107 go ca\u0142y rok, codziennie\u00a0<br \/>\u2022\u00a0jest bezpieczny dla ka\u017cdego\u00a0\u2013 mo\u017cna podawa\u0107 go dzieciom\u00a0od lat 3\u00a0<br \/>\u2022\u00a0ma sta\u0142\u0105 ilo\u015b\u0107 antyoksydant\u00f3w\u00a0\u2013 dzi\u0119ki podw\u00f3jnej standaryzacji w ka\u017cdej partii oleju, a wi\u0119c i w Twojej butelce, jest zawsze ten sam procent polifenoli (25%) i antocyjan\u00f3w (15%)<br \/>\u2022\u00a0zawiera to, co lubisz\u00a0\u2013 w tym zimnot\u0142oczone, niefiltrowane oleje ro\u015blinne\u00a0 \u2013 lniany i z czarnuszki z tymochinonem oraz Tran\u00a0<br \/>\u2022\u00a0\u0142\u0105czy moc natury i nauki\u00a0\u2013 jego receptura powsta\u0142a we wsp\u00f3\u0142pracy z Uniwersytetem Medycznym w \u0141odzi<br \/>\u2022\u00a0d\u0142ugo cieszy Ci\u0119 \u015bwie\u017co\u015bci\u0105 i dzia\u0142aniem\u00a0\u2013 dobrze zakr\u0119cona butelka z grubego, ciemnego szk\u0142a chroni jego zawarto\u015b\u0107 (kwasy t\u0142uszczowe, witaminy i antyoksydanty) przed utlenieniem<br \/>\u2022\u00a0zawiera tylko 7 sk\u0142adnik\u00f3w bez sztucznych dodatk\u00f3w: konserwant\u00f3w, barwnik\u00f3w czy aromat\u00f3w<br \/>\u2022\u00a0to wyb\u00f3r dobry dla Ziemi\u00a0\u2013 jego sk\u0142adniki pochodz\u0105 ze \u017ar\u00f3de\u0142, kt\u00f3re dbaj\u0105 o \u015brodowisko i dobrostan zwierz\u0105t (np. Tran Olini powstaje z ryb z certyfikowanych, zr\u00f3wnowa\u017conych po\u0142ow\u00f3w)<br \/>\u2022\u00a0mimo dodatku owoc\u00f3w nie zawiera cukru<\/p>\n<p><b>Naturalnie, ro\u015blinnie, rodzinnie\u00a0<br \/><\/b>FENACTIVE\u00ae tworzony jest z owoc\u00f3w aronii i czarnego bzu \u2013 dlaczego?<br \/>\u2022\u00a0jagody obu ro\u015blin, zw\u0142aszcza aronii, s\u0105\u00a0bogatym \u017ar\u00f3d\u0142em antyoksydant\u00f3w<br \/>\u2022\u00a0badania potwierdzaj\u0105,\u00a0\u017ce spo\u017cywanie ich skraca trwanie wirusowych lub bakteryjnych infekcji g\u00f3rnych dr\u00f3g oddechowych i zmniejsza ich nasilenie\u00a0<br \/>\u2022\u00a0maj\u0105 najwy\u017csze wska\u017aniki ORAC\u00a0(Oxygen Radical Absorbance Capacity, pol. zdolno\u015b\u0107 antyoksydant\u00f3w do absorpcji reaktywnych form tlenu)<br \/>\u2022\u00a0razem mog\u0105 wi\u0119cej\u00a0\u2013 badania udowodni\u0142y, \u017ce bardziej skuteczne jest po\u0142\u0105czeniu dw\u00f3ch, a nie jednej frakcji (typu) antyoksydant\u00f3w<br \/>\u2022\u00a0maj\u0105 ten sam mechanizm dzia\u0142ania\u00a0\u2013 stymuluj\u0105 odpowied\u017a uk\u0142adu odporno\u015bciowego\u00a0<\/p>\n<p><b>Jak smakuje i pachnie Olej Omega-3?<br \/><\/b>Wyczuwalnie malinowy i lekko kwaskowaty dzi\u0119ki obecno\u015bci owoc\u00f3w \u2013 czarnego bzu i aronii, bez rybnego posmaku.<\/p>\n<p>Jaki ma kolor i konsystencj\u0119?<br \/>Lekko fioletowy kolor oleju to zas\u0142uga dodatku ekstraktu z czarnego bzu i aronii. Po jego spo\u017cyciu na j\u0119zyku mo\u017ce pozosta\u0107 delikatny osad w postaci drobnego proszku, kt\u00f3ry \u015bwiadczy o naturalnym charakterze sk\u0142adnik\u00f3w i ich obecno\u015bci w produkcie.<\/p>\n<p><b>Jak najlepiej stosowa\u0107 Olej Omega-3, \u017ceby by\u0142y efekty?<br \/><\/b>\u2022\u00a0regularnie, ca\u0142y rok<br \/>\u2022\u00a0w odpowiednich porcjach<br \/>\u2022\u00a0dbaj\u0105c o zr\u00f3wnowa\u017con\u0105 diet\u0119 i zdrowy styl \u017cycia<\/p>\n<p><b>Dla kogo Olej Omega-3?<br \/><\/b>Mo\u017ce stosowa\u0107 go ca\u0142a rodzina: dzieci, doro\u015bli, seniorzy. Szczeg\u00f3lnie poleca si\u0119 go dla:<br \/>\u2022\u00a03-latk\u00f3w\u00a0i starszych szkrab\u00f3w<br \/>\u2022\u00a0przedszkolak\u00f3w i dzieci\u00a0w wieku szkolnym, kt\u00f3re maj\u0105 du\u017cy kontakt z r\u00f3wie\u015bnikami<br \/>\u2022\u00a0rodzic\u00f3w maluch\u00f3w, kt\u00f3re \u201eprzynosz\u0105\u201d wirusy i bakterie do domu<br \/>\u2022\u00a0os\u00f3b z wysokim poziomem cholesterolu czy problemami kardiologicznymi<br \/>\u2022\u00a0ka\u017cdego, kto\u00a0cz\u0119sto si\u0119 przezi\u0119bia<br \/>\u2022\u00a0os\u00f3b intensywnie ucz\u0105cych si\u0119\u00a0albo\u00a0pracuj\u0105cych umys\u0142owo<br \/>\u2022\u00a0seniorek i senior\u00f3w, aby przeciwdzia\u0142a\u0107 przewlek\u0142ym stanom zapalnym, kt\u00f3re powoduj\u0105 choroby<br \/>\u2022\u00a0tych, kt\u00f3rzy\u00a0dbaj\u0105 o zr\u00f3wnowa\u017con\u0105 diet\u0119 i wol\u0105 naturalne suplementy<br \/>\u2022\u00a0os\u00f3b aktywnych, uprawiaj\u0105cych sport<\/p>\n<p><b>Zalecana dzienna porcja Oleju Omega-3<br \/><\/b>dzieci:<br \/>3-5 lat \u2013\u00a00,5 \u0142y\u017ceczki (2,5 ml)<br \/>5-11 \u2013\u00a01 \u0142y\u017ceczka (5 ml)<br \/>od 12 roku \u017cycia i doro\u015bli:<br \/>2 \u0142y\u017ceczki\u00a0(10 ml)\u00a0<\/p>\n<p><strong>Forma podania:<\/strong> p\u0142yn<br \/>\n<strong>Gramatura:<\/strong> ml<br \/>\n<strong>Pojemno\u015b\u0107:<\/strong> 250<br \/>\n<strong>P\u0142e\u0107:<\/strong> unisex<br \/>\n<strong>Rodzaj:<\/strong> pozosta\u0142e<\/p>\n<p><strong>Uwagi:<\/strong><\/p>\n<p>Chroni\u0107 od \u015bwiat\u0142a. Przechowywa\u0107 w temp.: 4-10 oC. Przechowywa\u0107 w spos\u00f3b niedost\u0119pny dla ma\u0142ych dzieci. Nie nale\u017cy przekracza\u0107 jego zalecanej porcji do spo\u017cycia w ci\u0105gu dnia. Suplement diety jest \u015brodkiem spo\u017cywczym, kt\u00f3rego celem jest uzupe\u0142nienie normalnej diety. Suplement diety nie ma w\u0142a\u015bciwo\u015bci leczniczych. Nie mo\u017ce by\u0107 stosowany jako substytut zr\u00f3\u017cnicowanej diety.<\/p>\n<p><strong>Sk\u0142adniki:<\/strong><\/p>\n<p>naturalny olej rybny (z ryb), tran &#8211; olej z w\u0105troby dorsza (z ryb), olej lniany, olej z czarnuszki, Fenactive\u00ae &#8211; ekstrakt z owoc\u00f3w czarnego bzu i aronii standaryzowany na 25% polifenoli i 15% antocyjan\u00f3w, witamina D3 (Cholekalcyferol), naturalny aromat malinowy<\/p>\n","protected":false},"excerpt":{"rendered":"<p> <strong>Forma podania:<\/strong> p\u0142yn<br \/>  <strong>Gramatura:<\/strong> ml<br \/>  <strong>Pojemno\u015b\u0107:<\/strong> 250<br \/>  <strong>P\u0142e\u0107:<\/strong> unisex<br \/>  <strong>Rodzaj:<\/strong> pozosta\u0142e <\/p>\n","protected":false},"featured_media":40236,"comment_status":"open","ping_status":"closed","template":"","meta":{"_acf_changed":false},"kategoria-hurtowni":[206,205],"product_brand":[333],"product_cat":[76],"product_tag":[],"class_list":{"0":"post-40235","1":"product","2":"type-product","3":"status-publish","4":"has-post-thumbnail","6":"kategoria-hurtowni-suplementy-diety","7":"kategoria-hurtowni-zdrowie","8":"product_brand-olini","9":"product_cat-primavera","11":"first","12":"outofstock","13":"taxable","14":"shipping-taxable","15":"product-type-simple"},"acf":[],"_links":{"self":[{"href":"https:\/\/premino.pl\/index.php?rest_route=\/wp\/v2\/product\/40235","targetHints":{"allow":["GET"]}}],"collection":[{"href":"https:\/\/premino.pl\/index.php?rest_route=\/wp\/v2\/product"}],"about":[{"href":"https:\/\/premino.pl\/index.php?rest_route=\/wp\/v2\/types\/product"}],"replies":[{"embeddable":true,"href":"https:\/\/premino.pl\/index.php?rest_route=%2Fwp%2Fv2%2Fcomments&post=40235"}],"wp:featuredmedia":[{"embeddable":true,"href":"https:\/\/premino.pl\/index.php?rest_route=\/wp\/v2\/media\/40236"}],"wp:attachment":[{"href":"https:\/\/premino.pl\/index.php?rest_route=%2Fwp%2Fv2%2Fmedia&parent=40235"}],"wp:term":[{"taxonomy":"kategoria-hurtowni","embeddable":true,"href":"https:\/\/premino.pl\/index.php?rest_route=%2Fwp%2Fv2%2Fkategoria-hurtowni&post=40235"},{"taxonomy":"product_brand","embeddable":true,"href":"https:\/\/premino.pl\/index.php?rest_route=%2Fwp%2Fv2%2Fproduct_brand&post=40235"},{"taxonomy":"product_cat","embeddable":true,"href":"https:\/\/premino.pl\/index.php?rest_route=%2Fwp%2Fv2%2Fproduct_cat&post=40235"},{"taxonomy":"product_tag","embeddable":true,"href":"https:\/\/premino.pl\/index.php?rest_route=%2Fwp%2Fv2%2Fproduct_tag&post=40235"}],"curies":[{"name":"wp","href":"https:\/\/api.w.org\/{rel}","templated":true}]}}