{"id":40239,"date":"2026-04-17T16:30:37","date_gmt":"2026-04-17T14:30:37","guid":{"rendered":"https:\/\/premino.pl\/produkt\/olej-dla-mamy-250ml\/"},"modified":"2026-04-17T16:30:56","modified_gmt":"2026-04-17T14:30:56","slug":"olej-dla-mamy-250ml","status":"publish","type":"product","link":"https:\/\/premino.pl\/?product=olej-dla-mamy-250ml","title":{"rendered":"Olej dla mamy 250ml"},"content":{"rendered":"<p><b>Olej dla mamy \u2013 z aktywnym kwasem foliowym Quatrefolic\u00ae, z 5 ro\u015blinnymi olejami i ekstraktem z owoc\u00f3w dzikiej r\u00f3\u017cy<\/b><\/p>\n<p>Olej dla mamy to spos\u00f3b na kwas foliowy w diecie przysz\u0142ej mamy<br \/>Olej dla mamy to \u017ar\u00f3d\u0142o sk\u0142adnik\u00f3w bioaktywnych. S\u0105 one potrzebne planuj\u0105cym ci\u0105\u017c\u0119 kobietom, ci\u0119\u017carnym i karmi\u0105cym.\u00a0<\/p>\n<p>To pyszna kompozycja pi\u0119ciu ro\u015blinnych olej\u00f3w:\u00a0lnianego, z wiesio\u0142ka, s\u0142onecznikowego, z pestek \u017curawiny i nasion chia\u00a0oraz\u00a0ekstraktu z dzikiej r\u00f3\u017cy\u00a0i innowacyjnego sk\u0142adnika \u2013\u00a0aktywnego kwasu foliowego (Quatrefolic\u00ae).\u00a0<\/p>\n<p>Jest\u00a0\u017ar\u00f3d\u0142em r\u00f3\u017cnorodnych nienasyconych kwas\u00f3w t\u0142uszczowych, w tym omega-3 i -6. Tw\u00f3j organizm ich nie produkuje sam, a potrzebuje, aby dobrze funkcjonowa\u0107.\u00a0<\/p>\n<p>Ze wzgl\u0119du na kwas foliowy to wa\u017cny\u00a0suplement dla kobiet planuj\u0105cych ci\u0105\u017c\u0119?, ci\u0119\u017carnych i w trakcie laktacji.\u00a0Przyjmowanie tego sk\u0142adnika mo\u017ce zapobiec wadom wrodzonym p\u0142odu.<\/p>\n<p>Z nim\u00a0zadbasz o odporno\u015b\u0107 i dobr\u0105 kondycj\u0119 psychiczn\u0105, a tak\u017ce\u00a0zmniejszysz uczucie zm\u0119czenia.<\/p>\n<p><b>Za co pokochasz Olej dla mamy Olini?<br \/><\/b>\u2022\u00a0z jedn\u0105 jego \u0142y\u017ceczk\u0105\u00a0dostarczysz swojemu organizmowi\u00a0400 \u00b5g kwasu foliowego\u00a0<br \/>\u2022\u00a0zawiera\u00a0rekomendowany przez Polskie Towarzystwo Ginekolog\u00f3w i Po\u0142o\u017cnik\u00f3w\u00a0aktywny kwas foliowy \u2013 Quatrefolic\u00ae<br \/>\u2022\u00a0to\u00a0\u017ar\u00f3d\u0142o r\u00f3\u017cnorodnych kwas\u00f3w t\u0142uszczowych nienasyconych\u00a0\u2013 w tym omega-3 i -6<br \/>\u2022\u00a0zawiera\u00a05 nierafinowanych, t\u0142oczonych na zimno i niefiltrowanych olej\u00f3w ro\u015blinnych\u00a0<br \/>\u2022\u00a0ochron\u0119 przed \u015bwiat\u0142em zapewnia jego sk\u0142adnikom\u00a0butelka z grubego, ciemnego szk\u0142a<br \/>\u2022\u00a0ma\u00a0delikatny smak\u00a0\u2013 stosuje si\u0119 go \u0142atwiej i przyjemniej ni\u017c tabletki<br \/>\u2022\u00a0super\u00a0prezent na baby shower<\/p>\n<p><b>Dlaczego w Oleju dla mamy znajduje si\u0119 aktywny kwas foliowy \u2013 Quatrefolic\u00ae?<br \/><\/b>Ka\u017cda przysz\u0142a mama musi przyjmowa\u0107\u00a0kwas foliowy w ci\u0105\u017cy.\u00a0Najbardziej efektywn\u0105 form\u0105 suplementacji folian\u00f3w jest Quatrefolic\u00ae \u2013 aktywny kwas foliowy, czyli folian czwartej generacji.\u00a0<\/p>\n<p>Jakie przewagi ten innowacyjny sk\u0142adnik spo\u017cywczy ma nad nieaktywnym kwasem foliowym?\u00a0To aktywny folian (s\u00f3l glukozaminowa kwasu (6S)-5 metylotetrahydrofoliowego), kt\u00f3ry jest bezpo\u015brednio przyswajany przez organizm. W przeciwie\u0144stwie do kwasu foliowego, kt\u00f3ry jest przede wszystkim syntetyczn\u0105 form\u0105 witaminy B i wymaga przekszta\u0142cenia.<\/p>\n<p><b>Na co jeszcze pomaga Olej dla mamy?<\/b><\/p>\n<p><b>Foliany, kt\u00f3re zawiera:<\/b><br \/>przyczyniaj\u0105 si\u0119 do wzrostu tkanek matczynych w czasie ci\u0105\u017cy<br \/>pomagaj\u0105 w prawid\u00ad\u0142owej syntezie aminokwa\u00ads\u00f3w<br \/>pomagaj\u0105 w prawid\u00ad\u0142owej produkcji krwi<br \/>pomagaj\u0105 w utrzy\u00admaniu prawid\u0142owego meta\u00adbolizmu homocysteiny<br \/>pomagaj\u0105 w utrzy\u00admaniu prawid\u0142owych funkcji psychologicznych<br \/>pomagaj\u0105 w prawid\u00ad\u0142owym funkcjonowaniu uk\u0142adu odporno\u015bciowego<br \/>bior\u0105 udzia\u0142 w procesie podzia\u0142u kom\u00f3\u00adrek<br \/>przyczyniaj\u0105 si\u0119 do zmniejszenia uczucia zm\u0119czenia i znu\u017cenia<\/p>\n<p><b>Jak najlepiej stosowa\u0107 Olej dla mamy, \u017ceby by\u0142y efekty?<br \/><\/b>\u2022 regularnie<br \/>\u2022\u00a0w odpowiednich ilo\u015bciach<br \/>\u2022 zawsze na zimno<\/p>\n<p><b>Mo\u017cesz go pi\u0107:<br \/><\/b>\u2022\u00a0prosto z \u0142y\u017ceczki\/miarki<br \/>\u2022\u00a0w pysznych szotach\u00a0\u2013 z Sokiem z pigwowca Olini pe\u0142nego witaminy C<br \/>\u2022\u00a0z innymi olejami Olini\u00a0\u2013 np. z Tranem, kt\u00f3ry zawiera witaminy A i D oraz kwasy t\u0142uszczowe omega-3 \u2013 DHA i EPA<br \/>\u2022\u00a0z Zakwasem z kapusty Olini\u00a0z witamin\u0105 C<\/p>\n<p><b>Zalecana dzienna porcja Oleju dla mamy:<br \/><\/b>\u2022 Kobiety planuj\u0105ce ci\u0105\u017c\u0119\u00a0\u2013 10 ml (2 \u0142y\u017ceczki)<br \/>\u2022 Kobiet w ci\u0105\u017cy i w trakcie laktacji\u00a0\u2013 20 ml (4 \u0142y\u017ceczki)<\/p>\n<p>Nie nale\u017cy przekracza\u0107 zalecanej porcji do spo\u017cycia w ci\u0105gu dnia. Suplement diety jest \u015brodkiem spo\u017cywczym, kt\u00f3rego celem jest uzupe\u0142nienie normalnej diety. Suplement diety nie ma w\u0142a\u015bciwo\u015bci leczniczych. Nie mo\u017ce by\u0107 stosowany jako substytut zr\u00f3\u017cnicowanej diety.<\/p>\n<p><b>Kiedy zacz\u0105\u0107?<\/b><br \/>Korzystny efekt uzyskuje si\u0119 przy dodatkowym dziennym spo\u017cyciu kwasu foliowego wynosz\u0105cym 400 \u03bcg przez co najmniej jeden miesi\u0105c przed i do trzech miesi\u0119cy po pocz\u0119ciu.<\/p>\n<p>Produkt wolny od glutenu. Produkt wega\u0144ski. Produkt rekomendowany przez UMED<\/p>\n<p>Tw\u00f3j Olej dla mamy ma osad? Niefiltrowane i t\u0142oczone na zimno oleje ro\u015blinne mog\u0105 mie\u0107 osad \u2013 to zjawisko naturalne. Wystarczy, \u017ce przed u\u017cyciem delikatnie wstrz\u0105\u015bniesz butelk\u0105.<\/p>\n<p>Olej dla mamy przechowuj w lod\u00f3wce (w temperaturze oko\u0142o 4-10\u00b0C).<\/p>\n<p><strong>Forma podania:<\/strong> p\u0142yn<br \/>\n<strong>Gramatura:<\/strong> ml<br \/>\n<strong>Pojemno\u015b\u0107:<\/strong> 250<br \/>\n<strong>P\u0142e\u0107:<\/strong> damski<br \/>\n<strong>Rodzaj:<\/strong> pozosta\u0142e<\/p>\n<p><strong>Uwagi:<\/strong><\/p>\n<p>Chroni\u0107 od \u015bwiat\u0142a. Przechowywa\u0107 w temperaturze: 5-10 oC.\u00a0Olej dla mamy przechowuj w lod\u00f3wce (w temperaturze oko\u0142o 4-10\u00b0C), zar\u00f3wno przed, jak i po otwarciu. Jest przeznaczony do spo\u017cywania wy\u0142\u0105cznie na zimno. Nale\u017cy przechowywa\u0107 go w spos\u00f3b niedost\u0119pny dla ma\u0142ych dzieci.<\/p>\n<p><strong>Sk\u0142adniki:<\/strong><\/p>\n<p>olej lniany, olej z wiesio\u0142ka, olej s\u0142onecznikowy, olej z pestek \u017curawiny, olej z nasion chia, ekstrakt z owoc\u00f3w dzikiej r\u00f3\u017cy, Quatrefolic\u00ae \u2013 aktywny kwas foliowy<\/p>\n","protected":false},"excerpt":{"rendered":"<p> <strong>Forma podania:<\/strong> p\u0142yn<br \/>  <strong>Gramatura:<\/strong> ml<br \/>  <strong>Pojemno\u015b\u0107:<\/strong> 250<br \/>  <strong>P\u0142e\u0107:<\/strong> damski<br \/>  <strong>Rodzaj:<\/strong> pozosta\u0142e <\/p>\n","protected":false},"featured_media":40240,"comment_status":"open","ping_status":"closed","template":"","meta":{"_acf_changed":false},"kategoria-hurtowni":[206,205],"product_brand":[333],"product_cat":[76],"product_tag":[],"class_list":{"0":"post-40239","1":"product","2":"type-product","3":"status-publish","4":"has-post-thumbnail","6":"kategoria-hurtowni-suplementy-diety","7":"kategoria-hurtowni-zdrowie","8":"product_brand-olini","9":"product_cat-primavera","11":"first","12":"outofstock","13":"taxable","14":"shipping-taxable","15":"product-type-simple"},"acf":[],"_links":{"self":[{"href":"https:\/\/premino.pl\/index.php?rest_route=\/wp\/v2\/product\/40239","targetHints":{"allow":["GET"]}}],"collection":[{"href":"https:\/\/premino.pl\/index.php?rest_route=\/wp\/v2\/product"}],"about":[{"href":"https:\/\/premino.pl\/index.php?rest_route=\/wp\/v2\/types\/product"}],"replies":[{"embeddable":true,"href":"https:\/\/premino.pl\/index.php?rest_route=%2Fwp%2Fv2%2Fcomments&post=40239"}],"wp:featuredmedia":[{"embeddable":true,"href":"https:\/\/premino.pl\/index.php?rest_route=\/wp\/v2\/media\/40240"}],"wp:attachment":[{"href":"https:\/\/premino.pl\/index.php?rest_route=%2Fwp%2Fv2%2Fmedia&parent=40239"}],"wp:term":[{"taxonomy":"kategoria-hurtowni","embeddable":true,"href":"https:\/\/premino.pl\/index.php?rest_route=%2Fwp%2Fv2%2Fkategoria-hurtowni&post=40239"},{"taxonomy":"product_brand","embeddable":true,"href":"https:\/\/premino.pl\/index.php?rest_route=%2Fwp%2Fv2%2Fproduct_brand&post=40239"},{"taxonomy":"product_cat","embeddable":true,"href":"https:\/\/premino.pl\/index.php?rest_route=%2Fwp%2Fv2%2Fproduct_cat&post=40239"},{"taxonomy":"product_tag","embeddable":true,"href":"https:\/\/premino.pl\/index.php?rest_route=%2Fwp%2Fv2%2Fproduct_tag&post=40239"}],"curies":[{"name":"wp","href":"https:\/\/api.w.org\/{rel}","templated":true}]}}