{"id":40247,"date":"2026-04-17T16:30:37","date_gmt":"2026-04-17T14:30:37","guid":{"rendered":"https:\/\/premino.pl\/produkt\/olej-lniany-100ml\/"},"modified":"2026-04-17T16:31:04","modified_gmt":"2026-04-17T14:31:04","slug":"olej-lniany-100ml","status":"publish","type":"product","link":"https:\/\/premino.pl\/?product=olej-lniany-100ml","title":{"rendered":"Olej lniany 100ml"},"content":{"rendered":"<p><b>Olej lniany Olini \u2013 t\u0142oczony na zimno, nierafinowany, z polskich ziaren<\/b><\/p>\n<p>Olej lniany Olini t\u0142oczony na zimno, 100% natury<\/p>\n<p><b>Za co pokochasz Olej lniany Olini?<br \/><\/b>\u2022\u00a0jest\u00a0t\u0142oczony na zimno<br \/>\u2022\u00a0ma\u00a0delikatny smak\u00a0bez goryczy<br \/>\u2022\u00a0to\u00a0\u017ar\u00f3d\u0142o kwasu alfa-linolenowego, ALA \u2013 54,5 g\/100 g (omega-3)\u00a0\u2013 nienasyconego kwasu t\u0142uszczowego, niezb\u0119dnego do prawid\u0142owego funkcjonowania organizmu<br \/>\u2022\u00a0kwasy t\u0142uszczowe wielonienasycone\u00a0\u2013 70,56 g\/100 g stanowi\u0105 wi\u0119kszo\u015b\u0107 jego NNKT \u2013\u00a089,28 g\/100 g\u00a0(wysoka zawarto\u015b\u0107 omega-3!)<br \/>\u2022\u00a0ma\u00a0korzystn\u0105 proporcj\u0119 kwas\u00f3w omega-3 i omega-6\u00a0\u2013 ok. 3,5:1<br \/>\u2022\u00a0jest\u00a0nieprzetworzony, naturalny\u00a0\u2013 nie rafinuje si\u0119 go ani nie filtruje<br \/>\u2022\u00a0warto go stosowa\u0107\u00a0przy problemach z cholesterolem\u00a0\u2013 zast\u0119powanie w diecie t\u0142uszcz\u00f3w nasyconych nienasyconymi (jedno- i wielonienasyconymi), pomaga w utrzymaniu\u00a0 jego prawid\u0142owego poziomu we krwi<br \/>\u2022\u00a0zasmakujesz w jego\u00a0\u015bwie\u017co\u015bci\u00a0\u2013 powstaje w ma\u0142ych, rzemie\u015blniczych partiach i szybko trafia do Ciebie<br \/>\u2022\u00a0ciemna butelka\u00a0z grubego szk\u0142a chroni jego zawarto\u015b\u0107 przed \u015bwiat\u0142em<br \/>\u2022\u00a0powstaje ze starannie wyselekcjonowanych\u00a0ziaren polskiego lnu<br \/>\u2022\u00a0jest\u00a0pyszny\u00a0\u2013 ma delikatny, orzechowy smak<br \/>\u2022\u00a0nigdy Ci si\u0119 nie znudzi \u2013 mo\u017cesz\u00a0stosowa\u0107 go na wiele sposob\u00f3w<br \/>\u2022\u00a0przebada\u0142 go\u00a0zesp\u00f3\u0142 Uniwersytetu Medycznego w \u0141odzi<\/p>\n<p><b>Olej lniany t\u0142oczony na zimno \u2013 dodaj do zr\u00f3wnowa\u017conego sposobu od\u017cywiania si\u0119 i zdrowego stylu \u017cycia<br \/><\/b>Chcesz uzupe\u0142ni\u0107 diet\u0119 o kwasy t\u0142uszczowe omega-3? Stawiasz na naturalne, nieprzetworzone produkty lub zaczynasz przygod\u0119 ze zdrowym od\u017cywianiem? Poznaj Olej lniany!<\/p>\n<p><b>Jak dzia\u0142aj\u0105 sk\u0142adniki Oleju lnianego Olini?<br \/><\/b>Jego porcja (100 g) to:<br \/>kwasy t\u0142uszczowe nienasycone<br \/>\u2022\u00a0 wielonienasycone, w tym:<br \/>omega-3<br \/>kwas alfa-linolenowy\u00a0(ALA) \u2013 54,5 g*, kt\u00f3ry:<br \/>&#8211; pomaga w utrzymaniu prawid\u0142owego poziomu cholesterolu we krwi<\/p>\n<p>omega-6<br \/>kwas linolowy\u00a0(LA) \u2013 14,9 g**, kt\u00f3ry:<br \/>&#8211; pomaga w utrzymaniu prawid\u0142owego poziomu cholesterolu we krwi<\/p>\n<p>*Korzystne dzia\u0142anie wyst\u0119puje w przypadku spo\u017cywania 2 g ALA dziennie.<\/p>\n<p>**Korzystne dzia\u0142anie wyst\u0119puje w przypadku spo\u017cywania 10 g LA dziennie.<\/p>\n<p><b>Dla kogo?<br \/><\/b>dzieci i doro\u015bli, w tym na diecie wega\u0144skiej i wegetaria\u0144skiej (alternatywa dla olej\u00f3w rybnych z omega-3)<\/p>\n<p><b>Jak podawa\u0107?<br \/><\/b>Olej lniany mo\u017cesz przyjmowa\u0107 na kilka sposob\u00f3w:<\/p>\n<p>prosto z \u0142y\u017ceczki\u00a0\u2013 jego \u0142agodny smak polubi\u0105 nawet najm\u0142odsi<br \/>zamiast mas\u0142a i margaryny\u00a0\u2013 posmaruj nim kanapk\u0119 lub zanurz w nim pieczywo<br \/>do sa\u0142atki\u00a0\u2013 sprawdzi si\u0119 jako dressing<br \/>jako\u00a0dodatek do da\u0144\u00a0\u2013 uzupe\u0142nij nim owsiank\u0119, szejka, zup\u0119, dania warzywne czy mi\u0119sne<\/p>\n<p>Z twarogiem w diecie dr Budwig<\/p>\n<p>Wa\u017cnym elementem diety dr Budwig jest olej lniany wysokolinolenowy, a wi\u0119c taki, kt\u00f3ry zawiera du\u017co (ponad 50%) kwasu ALA (omega-3). 100 g produktu zawiera 54,5 g\u00a0ALA, a wi\u0119c Olej lniany Olini spe\u0142nia ten wym\u00f3g.<\/p>\n<p>Pami\u0119taj, \u017ce Olej lniany nale\u017cy stosowa\u0107 wy\u0142\u0105cznie na zimno. Po podgrzani utraci on swoje warto\u015bci od\u017cywcze.<\/p>\n<p><b>Przechowywanie<br \/><\/b>Olej lniany trzymaj w lod\u00f3wce, w temperaturze od 4\u00b0C do 10\u00b0C, zar\u00f3wno przed, jak i po otwarciu.<br \/>Produkt wolny od glutenu. Produkt wega\u0144ski\u00a0<\/p>\n<p>Tw\u00f3j Olej lniany ma osad? Olej lniany mo\u017ce mie\u0107 naturalny osad. Wystarczy, \u017ce przed u\u017cyciem delikatnie wstrz\u0105\u015bniesz butelk\u0105.<\/p>\n<p><strong>Forma podania:<\/strong> p\u0142yn<br \/>\n<strong>Gramatura:<\/strong> ml<br \/>\n<strong>Pojemno\u015b\u0107:<\/strong> 1000<br \/>\n<strong>P\u0142e\u0107:<\/strong> unisex<br \/>\n<strong>Rodzaj:<\/strong> pozosta\u0142e<\/p>\n<p><strong>Uwagi:<\/strong><\/p>\n<p>Pami\u0119taj, \u017ce Olej lniany nale\u017cy stosowa\u0107 wy\u0142\u0105cznie na zimno.\u00a0Chroni\u0107 od \u015bwiat\u0142a. Przechowywa\u0107 w temperaturze: 5-10 oC<\/p>\n<p><strong>Sk\u0142adniki:<\/strong><\/p>\n<p>100% olej z nasion lnu t\u0142oczony na zimno<\/p>\n","protected":false},"excerpt":{"rendered":"<p> <strong>Forma podania:<\/strong> p\u0142yn<br \/>  <strong>Gramatura:<\/strong> ml<br \/>  <strong>Pojemno\u015b\u0107:<\/strong> 1000<br \/>  <strong>P\u0142e\u0107:<\/strong> unisex<br \/>  <strong>Rodzaj:<\/strong> pozosta\u0142e <\/p>\n","protected":false},"featured_media":40248,"comment_status":"open","ping_status":"closed","template":"","meta":{"_acf_changed":false},"kategoria-hurtowni":[206,205],"product_brand":[333],"product_cat":[76],"product_tag":[],"class_list":{"0":"post-40247","1":"product","2":"type-product","3":"status-publish","4":"has-post-thumbnail","6":"kategoria-hurtowni-suplementy-diety","7":"kategoria-hurtowni-zdrowie","8":"product_brand-olini","9":"product_cat-primavera","11":"first","12":"outofstock","13":"taxable","14":"shipping-taxable","15":"product-type-simple"},"acf":[],"_links":{"self":[{"href":"https:\/\/premino.pl\/index.php?rest_route=\/wp\/v2\/product\/40247","targetHints":{"allow":["GET"]}}],"collection":[{"href":"https:\/\/premino.pl\/index.php?rest_route=\/wp\/v2\/product"}],"about":[{"href":"https:\/\/premino.pl\/index.php?rest_route=\/wp\/v2\/types\/product"}],"replies":[{"embeddable":true,"href":"https:\/\/premino.pl\/index.php?rest_route=%2Fwp%2Fv2%2Fcomments&post=40247"}],"wp:featuredmedia":[{"embeddable":true,"href":"https:\/\/premino.pl\/index.php?rest_route=\/wp\/v2\/media\/40248"}],"wp:attachment":[{"href":"https:\/\/premino.pl\/index.php?rest_route=%2Fwp%2Fv2%2Fmedia&parent=40247"}],"wp:term":[{"taxonomy":"kategoria-hurtowni","embeddable":true,"href":"https:\/\/premino.pl\/index.php?rest_route=%2Fwp%2Fv2%2Fkategoria-hurtowni&post=40247"},{"taxonomy":"product_brand","embeddable":true,"href":"https:\/\/premino.pl\/index.php?rest_route=%2Fwp%2Fv2%2Fproduct_brand&post=40247"},{"taxonomy":"product_cat","embeddable":true,"href":"https:\/\/premino.pl\/index.php?rest_route=%2Fwp%2Fv2%2Fproduct_cat&post=40247"},{"taxonomy":"product_tag","embeddable":true,"href":"https:\/\/premino.pl\/index.php?rest_route=%2Fwp%2Fv2%2Fproduct_tag&post=40247"}],"curies":[{"name":"wp","href":"https:\/\/api.w.org\/{rel}","templated":true}]}}