{"id":40313,"date":"2026-04-17T16:31:56","date_gmt":"2026-04-17T14:31:56","guid":{"rendered":"https:\/\/premino.pl\/produkt\/zakwasik-z-marchewki-250ml\/"},"modified":"2026-04-17T16:32:09","modified_gmt":"2026-04-17T14:32:09","slug":"zakwasik-z-marchewki-250ml","status":"publish","type":"product","link":"https:\/\/premino.pl\/?product=zakwasik-z-marchewki-250ml","title":{"rendered":"Zakwasik z marchewki 250ml"},"content":{"rendered":"<p><b>Pij zakwasy, aby mie\u0107 zapasy: witamin, minera\u0142\u00f3w i dobrych bakterii. I duuu\u017co energii!<br \/><\/b>Zakwas z marchewki Olini to\u00a0smaczny eliksir na zdrowie i odporno\u015b\u0107 dla Twojego malucha. Gwiazdami tego zakwasu s\u0105 marchewka oraz burak, pe\u0142ne cennych dla zdrowia w\u0142a\u015bciwo\u015bci, doprawione przyprawami.<\/p>\n<p>Ten\u00a0\u017cywy, probiotyczny nap\u00f3j, pe\u0142en witamin, mikroelement\u00f3w\u00a0i\u2026 b\u0105belk\u00f3w (jest lekko gazowany), powstaje w Polsce, z lokalnych warzyw. To 100% dobra z natury dla Twojego dziecka!<\/p>\n<p><b>Zakwasik marchewkowy pokochasz za:<br \/><\/b>\u2022 \u0142agodny s\u0142odko-kwa\u015bny smak,\u00a0kt\u00f3ry podbije podniebienia dzieci<br \/>\u2022 jarz\u0119binowo-rubinowy kolor,\u00a0uzyskany dzi\u0119ki burakom<br \/>\u2022 naturalno\u015b\u0107\u00a0&#8211; to same warzywa, woda, s\u00f3l i przyprawy<br \/>\u2022 bogactwo witamin i mikroelement\u00f3w\u00a0z lokalnych warzyw<br \/>\u2022 dost\u0119p przez ca\u0142y rok do tego, co\u00a0najlepsze w warzywach<br \/>\u2022 \u015bliczn\u0105 etykiet\u0119 z kr\u00f3liczkiem,\u00a0kt\u00f3ra zach\u0119ca dzieci do picia zakwasu<br \/>\u2022 za\u00a0b\u0105belki\u00a0&#8211; to \u017cywy biologiczne, lekko musuj\u0105cy nap\u00f3j<br \/>\u2022 mo\u017cliwo\u015b\u0107 d\u0142ugiego przechowywania\u00a0&#8211; nawet do kilku tygodni<\/p>\n<p><b>Naturalnie, ro\u015blinnie i rodzinnie<br \/><\/b>Zakwasik marchewkowy to codzienna porcja witamin i mikroelement\u00f3w, dzi\u0119ki kt\u00f3rym Twojemu maluchowi\u00a0wystarczy energii na ca\u0142y dzie\u0144. A dzi\u0119ki \u201edobrym bakteriom\u201d \u00a0&#8211; jego\u00a0brzuszek b\u0119dzie \u201eszcz\u0119\u015bliwy\u201d.<\/p>\n<p>Kolorowa etykieta z kr\u00f3liczkiem\u00a0sprawi, \u017ce Twoje dziecko b\u0119dzie go ch\u0119tniej pi\u0142o. W ko\u0144cu te\u017c\u00a0b\u0119dzie mia\u0142o sw\u00f3j zakwas! Przechowywany w szklanej butelce z ciemnego szk\u0142a i w lod\u00f3wce, b\u0119dzie cieszy\u0142 smakiem nawet kilka tygodni.<\/p>\n<p>Do Ciebie dotrze zakwas \u015bwie\u017cy, wyprodukowany z rodzimych warzyw, z ma\u0142ej partii.<\/p>\n<p><b>Przechowywanie<br \/><\/b>Zakwasik marchewkowy trzeba przechowywa\u0107 w lod\u00f3wce (w temperaturze oko\u0142o 4-10 stopni), zar\u00f3wno przed, jak i po otwarciu.<\/p>\n<p><b>Zakwasik ma osad?<br \/><\/b>Spokojnie, to naturalne zjawisko! Wystarczy, \u017ce przed otwarciem wstrz\u0105\u015bniesz buteleczk\u0105.<\/p>\n<p><strong>Forma podania:<\/strong> p\u0142yn<br \/>\n<strong>Gramatura:<\/strong> ml<br \/>\n<strong>Pojemno\u015b\u0107:<\/strong> 250<br \/>\n<strong>P\u0142e\u0107:<\/strong> unisex<br \/>\n<strong>Rodzaj:<\/strong> dla dzieci<\/p>\n<p><strong>Uwagi:<\/strong><\/p>\n<p>Chroni\u0107 od \u015bwiat\u0142a. Przechowywa\u0107 w temperaturze: 5-10 oC<\/p>\n<p><strong>Sk\u0142adniki:<\/strong><\/p>\n<p>marchew (80%), buraki (20%), woda, s\u00f3l k\u0142odawska, li\u015b\u0107 laurowy, ziele angielskie, czosnek<\/p>\n","protected":false},"excerpt":{"rendered":"<p> <strong>Forma podania:<\/strong> p\u0142yn<br \/>  <strong>Gramatura:<\/strong> ml<br \/>  <strong>Pojemno\u015b\u0107:<\/strong> 250<br \/>  <strong>P\u0142e\u0107:<\/strong> unisex<br \/>  <strong>Rodzaj:<\/strong> dla dzieci <\/p>\n","protected":false},"featured_media":40314,"comment_status":"open","ping_status":"closed","template":"","meta":{"_acf_changed":false},"kategoria-hurtowni":[206,205],"product_brand":[333],"product_cat":[76],"product_tag":[],"class_list":{"0":"post-40313","1":"product","2":"type-product","3":"status-publish","4":"has-post-thumbnail","6":"kategoria-hurtowni-suplementy-diety","7":"kategoria-hurtowni-zdrowie","8":"product_brand-olini","9":"product_cat-primavera","11":"first","12":"outofstock","13":"taxable","14":"shipping-taxable","15":"product-type-simple"},"acf":[],"_links":{"self":[{"href":"https:\/\/premino.pl\/index.php?rest_route=\/wp\/v2\/product\/40313","targetHints":{"allow":["GET"]}}],"collection":[{"href":"https:\/\/premino.pl\/index.php?rest_route=\/wp\/v2\/product"}],"about":[{"href":"https:\/\/premino.pl\/index.php?rest_route=\/wp\/v2\/types\/product"}],"replies":[{"embeddable":true,"href":"https:\/\/premino.pl\/index.php?rest_route=%2Fwp%2Fv2%2Fcomments&post=40313"}],"wp:featuredmedia":[{"embeddable":true,"href":"https:\/\/premino.pl\/index.php?rest_route=\/wp\/v2\/media\/40314"}],"wp:attachment":[{"href":"https:\/\/premino.pl\/index.php?rest_route=%2Fwp%2Fv2%2Fmedia&parent=40313"}],"wp:term":[{"taxonomy":"kategoria-hurtowni","embeddable":true,"href":"https:\/\/premino.pl\/index.php?rest_route=%2Fwp%2Fv2%2Fkategoria-hurtowni&post=40313"},{"taxonomy":"product_brand","embeddable":true,"href":"https:\/\/premino.pl\/index.php?rest_route=%2Fwp%2Fv2%2Fproduct_brand&post=40313"},{"taxonomy":"product_cat","embeddable":true,"href":"https:\/\/premino.pl\/index.php?rest_route=%2Fwp%2Fv2%2Fproduct_cat&post=40313"},{"taxonomy":"product_tag","embeddable":true,"href":"https:\/\/premino.pl\/index.php?rest_route=%2Fwp%2Fv2%2Fproduct_tag&post=40313"}],"curies":[{"name":"wp","href":"https:\/\/api.w.org\/{rel}","templated":true}]}}