{"id":40319,"date":"2026-04-17T16:31:56","date_gmt":"2026-04-17T14:31:56","guid":{"rendered":"https:\/\/premino.pl\/produkt\/zakwas-z-kapusty-250ml\/"},"modified":"2026-04-17T16:32:13","modified_gmt":"2026-04-17T14:32:13","slug":"zakwas-z-kapusty-250ml","status":"publish","type":"product","link":"https:\/\/premino.pl\/?product=zakwas-z-kapusty-250ml","title":{"rendered":"Zakwas z kapusty 250ml"},"content":{"rendered":"<p><b>Zakwas z kapusty Olini \u2013 pyszny i naturalny probiotyk, przebadany przez UMED, \u017ar\u00f3d\u0142o b\u0142onnika<\/b><\/p>\n<p>Zakwas z kapusty Olini \u2013 w 100% naturalny nap\u00f3j probiotyczny z inulin\u0105<\/p>\n<p>Za co pokochasz Zakwas z kapusty od Olini?<br \/>\u2022 smakuje jak domowy\u00a0\u2013 jego pyszny kwaskowy smak przypadnie do gustu r\u00f3wnie\u017c starszym dzieciom<br \/>\u2022 zawiera \u017cywe kultury bakterii Lactobacillus i Bifidobacterium\u00a0(1,2 x 105 CFU\/ml) \u2013 potwierdzi\u0142 to zesp\u00f3\u0142 badawczy UMED<br \/>\u2022 jest \u017ar\u00f3d\u0142em witaminy C (36,3 ml\/100 ml), co potwierdzaj\u0105 badania<br \/>\u2022 to\u00a0\u017ar\u00f3d\u0142o b\u0142onnika\u00a0\u2013 ka\u017cda porcja dostarcza inuliny (2,13 g\/100 g)<br \/>\u2022 ma\u00a0niski indeks glikemiczny\u00a0\u2013 mog\u0105 go pi\u0107 osoby na diecie cukrzycowej<br \/>\u2022 jest\u00a0lekko gazowany\u00a0\u2013 ten zakwas jest \u201e\u017cywy\u201d i wci\u0105\u017c pracuje<br \/>\u2022 to\u00a0rzemie\u015blniczy produkt\u00a0\u2013 powstaje w niewielkich partiach<br \/>\u2022 100% natury w butelce\u00a0\u2013 bez sztucznych konserwant\u00f3w czy barwnik\u00f3w<\/p>\n<p><b>Co daje picie Zakwasu z kapusty?<br \/><\/b>Szukasz naturalnego napoju probiotycznego? Zastanawiasz si\u0119 czym zast\u0105pi\u0107 kiszonki w diecie? Chcesz urozmaici\u0107 swoje menu i zadba\u0107 o jelita w naturalny spos\u00f3b? Wybierasz produkty z prostym sk\u0142adem? Oto zakwas z kapusty Olini! Pyszny, zdrowy i w 100% naturalny.\u00a0<\/p>\n<p>Witamina C w zakwasie z kapusty<\/p>\n<p>Zakwas z kapusty Olini to znakomite \u017ar\u00f3d\u0142o witaminy C. Badania naukowc\u00f3w UMED potwierdzaj\u0105, \u017ce jest jej w nim a\u017c 36,3 ml na 100 ml.\u00a0<\/p>\n<p>Powszechnie wiadomo, \u017ce witamina C pozytywnie wp\u0142ywa na odporno\u015b\u0107. Jednak ma ona wiele innych dobroczynnych w\u0142a\u015bciwo\u015bci. Witamina C bierze udzia\u0142 w produkcji kolagenu. Pomaga przez to w zapewnieniu prawid\u0142owego funkcjonowania ko\u015bci, nerek, z\u0119b\u00f3w, dzi\u0105se\u0142 oraz sk\u00f3ry. Dzi\u0119ki niej lepiej te\u017c przyswaja si\u0119 \u017celazo.<\/p>\n<p><b>Dbaj o jelita \u2013 dlaczego to takie wa\u017cne?<br \/><\/b>Prawid\u0142owa, zr\u00f3\u017cnicowana mikrobiota jelitowa jest niezb\u0119dna do w\u0142a\u015bciwego funkcjonowania organizmu. To przede wszystkim od niej zale\u017cy poziom naszej odporno\u015bci. Je\u015bli r\u00f3wnowaga mikrobioty zostanie zachwiana \u2013 istnieje wi\u0119ksze ryzyko wyst\u0105pienia infekcji, alergii lub nasilenia ich objaw\u00f3w.<\/p>\n<p>Jak zadba\u0107 o mikrobiot\u0119? Opr\u00f3cz zr\u00f3\u017cnicowanej diety i aktywno\u015bci fizycznej, najlepszym rozwi\u0105zaniem jest wprowadzenie do jad\u0142ospisu kiszonek. To wygodny spos\u00f3b na zdrowe jelita. Fermentowane warzywa takie, jak kapusta czy buraki, kimchi czy kombucha, s\u0105 pe\u0142ne probiotycznych bakterii i witamin. Warto je spo\u017cywa\u0107 codziennie! Zakwas z kapusty mo\u017ce by\u0107 jedn\u0105 z nich.<\/p>\n<p><b>B\u0142onnik w zakwasie z kapusty<br \/><\/b>Receptur\u0119 zakwasu wzbogacili\u015bmy o inulin\u0119. To naturalny prebiotyk pochodzenia ro\u015blinnego, najcz\u0119\u015bciej pozyskiwany z cykorii. Wspiera zdrow\u0105 flor\u0119 jelitow\u0105, trawienie i wp\u0142ywa na poziom cukru we krwi.<\/p>\n<p>Zakwas z kapusty Olini dostarcza 5,5 g\/100 g b\u0142onnika, w tym 2,13 g\/100 g inuliny.<\/p>\n<p><b>Jak smakuje zakwas z kapusty?<br \/><\/b>Zakwas z kapusty Olini ma intensywny kwaskowy smak. Jest te\u017c nieco s\u0142ony. Frajdy przy ka\u017cdym \u0142yku dodaj\u0105 strzelaj\u0105ce b\u0105belki. To zas\u0142uga procesu fermentacji. Je\u015bli chcesz zmniejszy\u0107 efekt gazowania \u2013 pij mocno sch\u0142odzony zakwas.<\/p>\n<p><b>Naturalnie, ro\u015blinnie, rodzinnie \u2013 fragment o tym, jak produkujemy dany produkt\u00a0<br \/><\/b>Zakwas z kapusty powstaje wed\u0142ug tradycyjnego przepisu. To dlatego smakuje zupe\u0142nie jak ten, kt\u00f3ry robi\u0142y nasze babcie. Nie ma w nim \u017cadnych sztucznych sk\u0142adnik\u00f3w czy konserwant\u00f3w. Tworz\u0105 go wy\u0142\u0105cznie naturalne sk\u0142adniki. To bia\u0142a kapusta z gospodarstwa w Puszczy Knyszy\u0144skiej na Podlasiu, woda oraz s\u00f3l.<\/p>\n<p><b>Kiedy najlepiej stosowa\u0107 zakwas z kapusty, \u017ceby by\u0142y efekty?<\/b><\/p>\n<p>Mo\u017cesz go pi\u0107:<br \/>na czczo \u2013 ju\u017c o poranku dostarczysz organizmowi cenne sk\u0142adniki od\u017cywcze; niekt\u00f3rzy uwa\u017caj\u0105, \u017ce zakwas pobudza lepiej ni\u017c kawa<br \/>w trakcie, przed lub po posi\u0142ku \u2013 wspomaga trawienie i poprawia wch\u0142anianie cennych sk\u0142adnik\u00f3w<br \/>przed snem \u2013 jest korzystne dla zdrowia jelit oraz poprawia jako\u015b\u0107 snu<\/p>\n<p>Bez wzgl\u0119du na to, kt\u00f3r\u0105 por\u0119 wybierzesz, najwa\u017cniejsz\u0105 zasad\u0105 w piciu zakwasu z kapusty jest regularno\u015b\u0107.<b>\u00a0<\/b><\/p>\n<p><b>Dla kogo?<br \/><\/b>Dla os\u00f3b dbaj\u0105cych o zdrowe \u017cywienie. Dla os\u00f3b na diecie cukrzycowej. Dla os\u00f3b chc\u0105cych odbudowa\u0107 mikrobiot\u0119 jelitow\u0105 (np. po antybiotykoterapii).<\/p>\n<p>Produkt wolny od glutenu. Produkt wega\u0144ski.\u00a0<\/p>\n<p><b>Tw\u00f3j zakwas z kapusty ma osad?<br \/><\/b>W butelce mo\u017ce zebra\u0107 si\u0119 troch\u0119 osadu \u2013 to zupe\u0142nie naturalne!\u00a0<\/p>\n<p><strong>Forma podania:<\/strong> p\u0142yn<br \/>\n<strong>Gramatura:<\/strong> ml<br \/>\n<strong>Pojemno\u015b\u0107:<\/strong> 250<br \/>\n<strong>P\u0142e\u0107:<\/strong> m\u0119ski<br \/>\n<strong>Rodzaj:<\/strong> pozosta\u0142e<\/p>\n<p><strong>Uwagi:<\/strong><\/p>\n<p>Chroni\u0107 od \u015bwiat\u0142a. Przechowywa\u0107 w temperaturze: 5-10 oC.<\/p>\n<p><strong>Sk\u0142adniki:<\/strong><\/p>\n<p>Kapusta bia\u0142a, woda, s\u00f3l k\u0142odawska niejodowana<\/p>\n","protected":false},"excerpt":{"rendered":"<p> <strong>Forma podania:<\/strong> p\u0142yn<br \/>  <strong>Gramatura:<\/strong> ml<br \/>  <strong>Pojemno\u015b\u0107:<\/strong> 250<br \/>  <strong>P\u0142e\u0107:<\/strong> m\u0119ski<br \/>  <strong>Rodzaj:<\/strong> pozosta\u0142e <\/p>\n","protected":false},"featured_media":40320,"comment_status":"open","ping_status":"closed","template":"","meta":{"_acf_changed":false},"kategoria-hurtowni":[206,205],"product_brand":[333],"product_cat":[76],"product_tag":[],"class_list":{"0":"post-40319","1":"product","2":"type-product","3":"status-publish","4":"has-post-thumbnail","6":"kategoria-hurtowni-suplementy-diety","7":"kategoria-hurtowni-zdrowie","8":"product_brand-olini","9":"product_cat-primavera","11":"first","12":"outofstock","13":"taxable","14":"shipping-taxable","15":"product-type-simple"},"acf":[],"_links":{"self":[{"href":"https:\/\/premino.pl\/index.php?rest_route=\/wp\/v2\/product\/40319","targetHints":{"allow":["GET"]}}],"collection":[{"href":"https:\/\/premino.pl\/index.php?rest_route=\/wp\/v2\/product"}],"about":[{"href":"https:\/\/premino.pl\/index.php?rest_route=\/wp\/v2\/types\/product"}],"replies":[{"embeddable":true,"href":"https:\/\/premino.pl\/index.php?rest_route=%2Fwp%2Fv2%2Fcomments&post=40319"}],"wp:featuredmedia":[{"embeddable":true,"href":"https:\/\/premino.pl\/index.php?rest_route=\/wp\/v2\/media\/40320"}],"wp:attachment":[{"href":"https:\/\/premino.pl\/index.php?rest_route=%2Fwp%2Fv2%2Fmedia&parent=40319"}],"wp:term":[{"taxonomy":"kategoria-hurtowni","embeddable":true,"href":"https:\/\/premino.pl\/index.php?rest_route=%2Fwp%2Fv2%2Fkategoria-hurtowni&post=40319"},{"taxonomy":"product_brand","embeddable":true,"href":"https:\/\/premino.pl\/index.php?rest_route=%2Fwp%2Fv2%2Fproduct_brand&post=40319"},{"taxonomy":"product_cat","embeddable":true,"href":"https:\/\/premino.pl\/index.php?rest_route=%2Fwp%2Fv2%2Fproduct_cat&post=40319"},{"taxonomy":"product_tag","embeddable":true,"href":"https:\/\/premino.pl\/index.php?rest_route=%2Fwp%2Fv2%2Fproduct_tag&post=40319"}],"curies":[{"name":"wp","href":"https:\/\/api.w.org\/{rel}","templated":true}]}}